{"id":22320,"date":"2020-01-20T12:11:08","date_gmt":"2020-01-20T11:11:08","guid":{"rendered":"https:\/\/eauto.si\/metron-shop\/o-nas\/"},"modified":"2024-05-29T10:18:35","modified_gmt":"2024-05-29T08:18:35","slug":"o-nas","status":"publish","type":"page","link":"https:\/\/eauto.si\/metron-shop\/o-nas\/?lang=sl","title":{"rendered":"O nas"},"content":{"rendered":"\n<hr class=\"wp-block-separator has-text-color has-background has-cyan-bluish-gray-background-color has-cyan-bluish-gray-color\"\/>\n\n<ul class=\"wp-block-list\"><li><a href=\"https:\/\/eauto.si\/metron-shop\/production\/\">Na\u0161 proizvodni obrat<\/a><\/li><li><a href=\"https:\/\/eauto.si\/\">Metronova doma\u010da stran<\/a><\/li><\/ul>\n\n<hr class=\"wp-block-separator has-text-color has-background has-cyan-bluish-gray-background-color has-cyan-bluish-gray-color\"\/>\n<p>Spo\u0161tovane stranke,<\/p>\n<p>Pozorno spremljamo razmere v zvezi z virusom COVID-19 oz. t.i. koronavirusom. V podjetju Metron smo sprejeli vse potrebne previdnostne ukrepe, da bi za\u0161\u010ditili svoje zaposlene, hkrati pa zagotovili neprekinjene storitve za na\u0161e stranke.<\/p>\n<p>Zato bodite prepri\u010dani, da bodo vsa naro\u010dila obdelana, izdelana in poslana pravo\u010dasno. \u010ce se bo v zvezi s tem kaj spremenilo, vas bomo o tem seveda obvestili in v najslab\u0161em primeru v celoti povrnili kupnino.<\/p>\n<p>ekipa Metron<\/p>\n\n<figure class=\"wp-block-image size-full\"><img loading=\"lazy\" decoding=\"async\" width=\"960\" height=\"1280\" src=\"https:\/\/eauto.si\/metron-shop\/wp-content\/uploads\/Tadeja_maska.png\" alt=\"\" class=\"wp-image-14601\" srcset=\"https:\/\/eauto.si\/metron-shop\/wp-content\/uploads\/Tadeja_maska.png 960w, https:\/\/eauto.si\/metron-shop\/wp-content\/uploads\/Tadeja_maska-225x300.png 225w, https:\/\/eauto.si\/metron-shop\/wp-content\/uploads\/Tadeja_maska-768x1024.png 768w, https:\/\/eauto.si\/metron-shop\/wp-content\/uploads\/Tadeja_maska-555x740.png 555w\" sizes=\"auto, (max-width: 960px) 100vw, 960px\" \/><\/figure>\n","protected":false},"excerpt":{"rendered":"<p>Na\u0161 proizvodni obrat Metronova doma\u010da stran Spo\u0161tovane stranke, Pozorno spremljamo razmere v zvezi z virusom COVID-19 oz. t.i. koronavirusom. V podjetju Metron smo sprejeli vse potrebne previdnostne ukrepe, da bi za\u0161\u010ditili svoje zaposlene, hkrati pa zagotovili neprekinjene storitve za na\u0161e stranke. Zato bodite prepri\u010dani, da bodo vsa naro\u010dila obdelana, izdelana in poslana pravo\u010dasno. \u010ce se [&hellip;]<\/p>\n","protected":false},"author":7,"featured_media":0,"parent":0,"menu_order":0,"comment_status":"closed","ping_status":"closed","template":"","meta":{"ngg_post_thumbnail":0,"footnotes":""},"class_list":["post-22320","page","type-page","status-publish","hentry"],"yoast_head":"<!-- This site is optimized with the Yoast SEO Premium plugin v27.6 (Yoast SEO v27.6) - https:\/\/yoast.com\/product\/yoast-seo-premium-wordpress\/ -->\n<title>O nas - Metron Shop<\/title>\n<meta name=\"robots\" content=\"index, follow, max-snippet:-1, max-image-preview:large, max-video-preview:-1\" \/>\n<link rel=\"canonical\" href=\"https:\/\/eauto.si\/metron-shop\/o-nas\/\" \/>\n<meta property=\"og:locale\" content=\"en_US\" \/>\n<meta property=\"og:type\" content=\"article\" \/>\n<meta property=\"og:title\" content=\"O nas\" \/>\n<meta property=\"og:description\" content=\"Na\u0161 proizvodni obrat Metronova doma\u010da stran Spo\u0161tovane stranke, Pozorno spremljamo razmere v zvezi z virusom COVID-19 oz. t.i. koronavirusom. V podjetju Metron smo sprejeli vse potrebne previdnostne ukrepe, da bi za\u0161\u010ditili svoje zaposlene, hkrati pa zagotovili neprekinjene storitve za na\u0161e stranke. Zato bodite prepri\u010dani, da bodo vsa naro\u010dila obdelana, izdelana in poslana pravo\u010dasno. \u010ce se [&hellip;]\" \/>\n<meta property=\"og:url\" content=\"https:\/\/eauto.si\/metron-shop\/o-nas\/?lang=sl\" \/>\n<meta property=\"og:site_name\" content=\"Metron Shop\" \/>\n<meta property=\"article:publisher\" content=\"https:\/\/www.facebook.com\/MetronInstitut\/\" \/>\n<meta property=\"article:modified_time\" content=\"2024-05-29T08:18:35+00:00\" \/>\n<meta property=\"og:image\" content=\"https:\/\/eauto.si\/metron-shop\/wp-content\/uploads\/Tadeja_maska.png\" \/>\n<meta name=\"twitter:card\" content=\"summary_large_image\" \/>\n<script type=\"application\/ld+json\" class=\"yoast-schema-graph\">{\"@context\":\"https:\\\/\\\/schema.org\",\"@graph\":[{\"@type\":\"WebPage\",\"@id\":\"https:\\\/\\\/eauto.si\\\/metron-shop\\\/o-nas\\\/?lang=sl\",\"url\":\"https:\\\/\\\/eauto.si\\\/metron-shop\\\/o-nas\\\/?lang=sl\",\"name\":\"O nas - Metron Shop\",\"isPartOf\":{\"@id\":\"https:\\\/\\\/eauto.si\\\/metron-shop\\\/#website\"},\"primaryImageOfPage\":{\"@id\":\"https:\\\/\\\/eauto.si\\\/metron-shop\\\/o-nas\\\/?lang=sl#primaryimage\"},\"image\":{\"@id\":\"https:\\\/\\\/eauto.si\\\/metron-shop\\\/o-nas\\\/?lang=sl#primaryimage\"},\"thumbnailUrl\":\"https:\\\/\\\/eauto.si\\\/metron-shop\\\/wp-content\\\/uploads\\\/Tadeja_maska.png\",\"datePublished\":\"2020-01-20T11:11:08+00:00\",\"dateModified\":\"2024-05-29T08:18:35+00:00\",\"breadcrumb\":{\"@id\":\"https:\\\/\\\/eauto.si\\\/metron-shop\\\/o-nas\\\/?lang=sl#breadcrumb\"},\"inLanguage\":\"en-US\",\"potentialAction\":[{\"@type\":\"ReadAction\",\"target\":[\"https:\\\/\\\/eauto.si\\\/metron-shop\\\/o-nas\\\/?lang=sl\"]}]},{\"@type\":\"ImageObject\",\"inLanguage\":\"en-US\",\"@id\":\"https:\\\/\\\/eauto.si\\\/metron-shop\\\/o-nas\\\/?lang=sl#primaryimage\",\"url\":\"https:\\\/\\\/eauto.si\\\/metron-shop\\\/wp-content\\\/uploads\\\/Tadeja_maska.png\",\"contentUrl\":\"https:\\\/\\\/eauto.si\\\/metron-shop\\\/wp-content\\\/uploads\\\/Tadeja_maska.png\",\"width\":960,\"height\":1280},{\"@type\":\"BreadcrumbList\",\"@id\":\"https:\\\/\\\/eauto.si\\\/metron-shop\\\/o-nas\\\/?lang=sl#breadcrumb\",\"itemListElement\":[{\"@type\":\"ListItem\",\"position\":1,\"name\":\"Home\",\"item\":\"https:\\\/\\\/eauto.si\\\/metron-shop\\\/\"},{\"@type\":\"ListItem\",\"position\":2,\"name\":\"O nas\"}]},{\"@type\":\"WebSite\",\"@id\":\"https:\\\/\\\/eauto.si\\\/metron-shop\\\/#website\",\"url\":\"https:\\\/\\\/eauto.si\\\/metron-shop\\\/\",\"name\":\"Metron Shop\",\"description\":\"EV charging cables and more ...\",\"publisher\":{\"@id\":\"https:\\\/\\\/eauto.si\\\/metron-shop\\\/#organization\"},\"potentialAction\":[{\"@type\":\"SearchAction\",\"target\":{\"@type\":\"EntryPoint\",\"urlTemplate\":\"https:\\\/\\\/eauto.si\\\/metron-shop\\\/?s={search_term_string}\"},\"query-input\":{\"@type\":\"PropertyValueSpecification\",\"valueRequired\":true,\"valueName\":\"search_term_string\"}}],\"inLanguage\":\"en-US\"},{\"@type\":\"Organization\",\"@id\":\"https:\\\/\\\/eauto.si\\\/metron-shop\\\/#organization\",\"name\":\"Metron institute\",\"url\":\"https:\\\/\\\/eauto.si\\\/metron-shop\\\/\",\"logo\":{\"@type\":\"ImageObject\",\"inLanguage\":\"en-US\",\"@id\":\"https:\\\/\\\/eauto.si\\\/metron-shop\\\/#\\\/schema\\\/logo\\\/image\\\/\",\"url\":\"https:\\\/\\\/eauto.si\\\/metron-shop\\\/wp-content\\\/uploads\\\/LOGO-ENG.png\",\"contentUrl\":\"https:\\\/\\\/eauto.si\\\/metron-shop\\\/wp-content\\\/uploads\\\/LOGO-ENG.png\",\"width\":590,\"height\":272,\"caption\":\"Metron institute\"},\"image\":{\"@id\":\"https:\\\/\\\/eauto.si\\\/metron-shop\\\/#\\\/schema\\\/logo\\\/image\\\/\"},\"sameAs\":[\"https:\\\/\\\/www.facebook.com\\\/MetronInstitut\\\/\",\"https:\\\/\\\/www.youtube.com\\\/channel\\\/UCkD45nHDQdTv1poqTrWhWxA\"]}]}<\/script>\n<!-- \/ Yoast SEO Premium plugin. -->","yoast_head_json":{"title":"O nas - Metron Shop","robots":{"index":"index","follow":"follow","max-snippet":"max-snippet:-1","max-image-preview":"max-image-preview:large","max-video-preview":"max-video-preview:-1"},"canonical":"https:\/\/eauto.si\/metron-shop\/o-nas\/","og_locale":"en_US","og_type":"article","og_title":"O nas","og_description":"Na\u0161 proizvodni obrat Metronova doma\u010da stran Spo\u0161tovane stranke, Pozorno spremljamo razmere v zvezi z virusom COVID-19 oz. t.i. koronavirusom. V podjetju Metron smo sprejeli vse potrebne previdnostne ukrepe, da bi za\u0161\u010ditili svoje zaposlene, hkrati pa zagotovili neprekinjene storitve za na\u0161e stranke. Zato bodite prepri\u010dani, da bodo vsa naro\u010dila obdelana, izdelana in poslana pravo\u010dasno. \u010ce se [&hellip;]","og_url":"https:\/\/eauto.si\/metron-shop\/o-nas\/?lang=sl","og_site_name":"Metron Shop","article_publisher":"https:\/\/www.facebook.com\/MetronInstitut\/","article_modified_time":"2024-05-29T08:18:35+00:00","og_image":[{"url":"https:\/\/eauto.si\/metron-shop\/wp-content\/uploads\/Tadeja_maska.png","type":"","width":"","height":""}],"twitter_card":"summary_large_image","schema":{"@context":"https:\/\/schema.org","@graph":[{"@type":"WebPage","@id":"https:\/\/eauto.si\/metron-shop\/o-nas\/?lang=sl","url":"https:\/\/eauto.si\/metron-shop\/o-nas\/?lang=sl","name":"O nas - Metron Shop","isPartOf":{"@id":"https:\/\/eauto.si\/metron-shop\/#website"},"primaryImageOfPage":{"@id":"https:\/\/eauto.si\/metron-shop\/o-nas\/?lang=sl#primaryimage"},"image":{"@id":"https:\/\/eauto.si\/metron-shop\/o-nas\/?lang=sl#primaryimage"},"thumbnailUrl":"https:\/\/eauto.si\/metron-shop\/wp-content\/uploads\/Tadeja_maska.png","datePublished":"2020-01-20T11:11:08+00:00","dateModified":"2024-05-29T08:18:35+00:00","breadcrumb":{"@id":"https:\/\/eauto.si\/metron-shop\/o-nas\/?lang=sl#breadcrumb"},"inLanguage":"en-US","potentialAction":[{"@type":"ReadAction","target":["https:\/\/eauto.si\/metron-shop\/o-nas\/?lang=sl"]}]},{"@type":"ImageObject","inLanguage":"en-US","@id":"https:\/\/eauto.si\/metron-shop\/o-nas\/?lang=sl#primaryimage","url":"https:\/\/eauto.si\/metron-shop\/wp-content\/uploads\/Tadeja_maska.png","contentUrl":"https:\/\/eauto.si\/metron-shop\/wp-content\/uploads\/Tadeja_maska.png","width":960,"height":1280},{"@type":"BreadcrumbList","@id":"https:\/\/eauto.si\/metron-shop\/o-nas\/?lang=sl#breadcrumb","itemListElement":[{"@type":"ListItem","position":1,"name":"Home","item":"https:\/\/eauto.si\/metron-shop\/"},{"@type":"ListItem","position":2,"name":"O nas"}]},{"@type":"WebSite","@id":"https:\/\/eauto.si\/metron-shop\/#website","url":"https:\/\/eauto.si\/metron-shop\/","name":"Metron Shop","description":"EV charging cables and more ...","publisher":{"@id":"https:\/\/eauto.si\/metron-shop\/#organization"},"potentialAction":[{"@type":"SearchAction","target":{"@type":"EntryPoint","urlTemplate":"https:\/\/eauto.si\/metron-shop\/?s={search_term_string}"},"query-input":{"@type":"PropertyValueSpecification","valueRequired":true,"valueName":"search_term_string"}}],"inLanguage":"en-US"},{"@type":"Organization","@id":"https:\/\/eauto.si\/metron-shop\/#organization","name":"Metron institute","url":"https:\/\/eauto.si\/metron-shop\/","logo":{"@type":"ImageObject","inLanguage":"en-US","@id":"https:\/\/eauto.si\/metron-shop\/#\/schema\/logo\/image\/","url":"https:\/\/eauto.si\/metron-shop\/wp-content\/uploads\/LOGO-ENG.png","contentUrl":"https:\/\/eauto.si\/metron-shop\/wp-content\/uploads\/LOGO-ENG.png","width":590,"height":272,"caption":"Metron institute"},"image":{"@id":"https:\/\/eauto.si\/metron-shop\/#\/schema\/logo\/image\/"},"sameAs":["https:\/\/www.facebook.com\/MetronInstitut\/","https:\/\/www.youtube.com\/channel\/UCkD45nHDQdTv1poqTrWhWxA"]}]}},"_links":{"self":[{"href":"https:\/\/eauto.si\/metron-shop\/wp-json\/wp\/v2\/pages\/22320","targetHints":{"allow":["GET"]}}],"collection":[{"href":"https:\/\/eauto.si\/metron-shop\/wp-json\/wp\/v2\/pages"}],"about":[{"href":"https:\/\/eauto.si\/metron-shop\/wp-json\/wp\/v2\/types\/page"}],"author":[{"embeddable":true,"href":"https:\/\/eauto.si\/metron-shop\/wp-json\/wp\/v2\/users\/7"}],"replies":[{"embeddable":true,"href":"https:\/\/eauto.si\/metron-shop\/wp-json\/wp\/v2\/comments?post=22320"}],"version-history":[{"count":0,"href":"https:\/\/eauto.si\/metron-shop\/wp-json\/wp\/v2\/pages\/22320\/revisions"}],"wp:attachment":[{"href":"https:\/\/eauto.si\/metron-shop\/wp-json\/wp\/v2\/media?parent=22320"}],"curies":[{"name":"wp","href":"https:\/\/api.w.org\/{rel}","templated":true}]}}