{"id":22322,"date":"2020-01-14T08:28:41","date_gmt":"2020-01-14T07:28:41","guid":{"rendered":"https:\/\/eauto.si\/metron-shop\/o-nas\/trajnostna-proizvodnja\/"},"modified":"2024-05-29T10:34:07","modified_gmt":"2024-05-29T08:34:07","slug":"trajnostna-proizvodnja","status":"publish","type":"page","link":"https:\/\/eauto.si\/metron-shop\/o-nas\/trajnostna-proizvodnja\/?lang=sl","title":{"rendered":"trajnostna proizvodnja"},"content":{"rendered":"\n<p><strong>Proizvodni obrat, v katerem izdelujemo polnilne kable in prenosne polnilne postaje, je popolnoma trajnosten. <\/strong> Vso energijo, potrebno za stavbo ter prevoz blaga in zaposlenih (razen dostave te\u017ekih materialov s tovornjaki), proizvaja fotovoltai\u010dna elektrarna, shranjuje pa se v centralnem zalogovniku in enem elektri\u010dnem vozilu Smart Fortwo EV z mo\u017enostjo V2B (sistem polnjenja baterije iz vozila). Celoten projekt sta financirala Metron in na\u0161 partner GENi, brez kakr\u0161nih koli dr\u017eavnih subvencij\/spodbud. Ve\u010dino sestavin, ki jih uporabljamo (kabli, vti\u010di), izdelujemo v EU, da bi skraj\u0161ali dobavne poti in podprli lokalno gospodarstvo. <strong>Nakup na\u0161ih izdelkov prispeva k razvoju trajnostnega gospodarstva.<\/strong><\/p>\n<div class=\"wp-block-image\">\n<figure class=\"aligncenter size-large\"><img loading=\"lazy\" decoding=\"async\" width=\"1024\" height=\"768\" src=\"https:\/\/eauto.si\/metron-shop\/wp-content\/uploads\/\/DJI_0985-1024x768.jpg\" alt=\"\" class=\"wp-image-20586\" srcset=\"https:\/\/eauto.si\/metron-shop\/wp-content\/uploads\/DJI_0985-1024x768.jpg 1024w, https:\/\/eauto.si\/metron-shop\/wp-content\/uploads\/DJI_0985-300x225.jpg 300w, https:\/\/eauto.si\/metron-shop\/wp-content\/uploads\/DJI_0985-768x576.jpg 768w, https:\/\/eauto.si\/metron-shop\/wp-content\/uploads\/DJI_0985-1536x1152.jpg 1536w, https:\/\/eauto.si\/metron-shop\/wp-content\/uploads\/DJI_0985-2048x1536.jpg 2048w, https:\/\/eauto.si\/metron-shop\/wp-content\/uploads\/DJI_0985-555x416.jpg 555w, https:\/\/eauto.si\/metron-shop\/wp-content\/uploads\/DJI_0985-120x90.jpg 120w\" sizes=\"auto, (max-width: 1024px) 100vw, 1024px\" \/><\/figure>\n<\/div>\n<hr class=\"wp-block-separator has-alpha-channel-opacity\"\/>\n<div class=\"wp-block-image\">\n<figure class=\"aligncenter size-large\"><img loading=\"lazy\" decoding=\"async\" width=\"1024\" height=\"711\" src=\"https:\/\/eauto.si\/metron-shop\/wp-content\/uploads\/\/DJI_0977-1024x711.jpg\" alt=\"\" class=\"wp-image-20583\" srcset=\"https:\/\/eauto.si\/metron-shop\/wp-content\/uploads\/DJI_0977-1024x711.jpg 1024w, https:\/\/eauto.si\/metron-shop\/wp-content\/uploads\/DJI_0977-300x208.jpg 300w, https:\/\/eauto.si\/metron-shop\/wp-content\/uploads\/DJI_0977-768x534.jpg 768w, https:\/\/eauto.si\/metron-shop\/wp-content\/uploads\/DJI_0977-1536x1067.jpg 1536w, https:\/\/eauto.si\/metron-shop\/wp-content\/uploads\/DJI_0977-2048x1423.jpg 2048w, https:\/\/eauto.si\/metron-shop\/wp-content\/uploads\/DJI_0977-555x386.jpg 555w, https:\/\/eauto.si\/metron-shop\/wp-content\/uploads\/DJI_0977-130x90.jpg 130w\" sizes=\"auto, (max-width: 1024px) 100vw, 1024px\" \/><\/figure>\n<\/div>\n<hr class=\"wp-block-separator has-alpha-channel-opacity\"\/>\n<div class=\"wp-block-image\">\n<figure class=\"aligncenter size-large\"><img loading=\"lazy\" decoding=\"async\" width=\"1024\" height=\"577\" src=\"https:\/\/eauto.si\/metron-shop\/wp-content\/uploads\/\/TEK2-1024x577.jpg\" alt=\"\" class=\"wp-image-13960\" srcset=\"https:\/\/eauto.si\/metron-shop\/wp-content\/uploads\/TEK2-1024x577.jpg 1024w, https:\/\/eauto.si\/metron-shop\/wp-content\/uploads\/TEK2-300x169.jpg 300w, https:\/\/eauto.si\/metron-shop\/wp-content\/uploads\/TEK2-768x433.jpg 768w, https:\/\/eauto.si\/metron-shop\/wp-content\/uploads\/TEK2-1536x866.jpg 1536w, https:\/\/eauto.si\/metron-shop\/wp-content\/uploads\/TEK2-2048x1155.jpg 2048w, https:\/\/eauto.si\/metron-shop\/wp-content\/uploads\/TEK2-555x313.jpg 555w\" sizes=\"auto, (max-width: 1024px) 100vw, 1024px\" \/><figcaption class=\"wp-element-caption\">Trajnostni energetski cikel v praksi: 60 kWh baterijski zalogovnik, 20 kW PV elektrarna, 5 polnilnih postaj z dinami\u010dnim nadzorom polnjenja, 1 polnilna postaja V2B&#8230;.<\/figcaption><\/figure>\n<\/div><div class=\"wp-block-image\">\n<figure class=\"aligncenter size-large\"><img loading=\"lazy\" decoding=\"async\" width=\"1024\" height=\"506\" src=\"https:\/\/eauto.si\/metron-shop\/wp-content\/uploads\/\/Tabla-TEK-Obrezje_Power-Point-1024x506.jpg\" alt=\"\" class=\"wp-image-13999\" srcset=\"https:\/\/eauto.si\/metron-shop\/wp-content\/uploads\/Tabla-TEK-Obrezje_Power-Point-1024x506.jpg 1024w, https:\/\/eauto.si\/metron-shop\/wp-content\/uploads\/Tabla-TEK-Obrezje_Power-Point-300x148.jpg 300w, https:\/\/eauto.si\/metron-shop\/wp-content\/uploads\/Tabla-TEK-Obrezje_Power-Point-768x379.jpg 768w, https:\/\/eauto.si\/metron-shop\/wp-content\/uploads\/Tabla-TEK-Obrezje_Power-Point-1536x759.jpg 1536w, https:\/\/eauto.si\/metron-shop\/wp-content\/uploads\/Tabla-TEK-Obrezje_Power-Point-2048x1012.jpg 2048w, https:\/\/eauto.si\/metron-shop\/wp-content\/uploads\/Tabla-TEK-Obrezje_Power-Point-555x274.jpg 555w\" sizes=\"auto, (max-width: 1024px) 100vw, 1024px\" \/><\/figure>\n<\/div>","protected":false},"excerpt":{"rendered":"<p>Proizvodni obrat, v katerem izdelujemo polnilne kable in prenosne polnilne postaje, je popolnoma trajnosten. Vso energijo, potrebno za stavbo ter prevoz blaga in zaposlenih (razen dostave te\u017ekih materialov s tovornjaki), proizvaja fotovoltai\u010dna elektrarna, shranjuje pa se v centralnem zalogovniku in enem elektri\u010dnem vozilu Smart Fortwo EV z mo\u017enostjo V2B (sistem polnjenja baterije iz vozila). Celoten [&hellip;]<\/p>\n","protected":false},"author":7,"featured_media":0,"parent":22320,"menu_order":0,"comment_status":"closed","ping_status":"closed","template":"template-fullwidth.php","meta":{"ngg_post_thumbnail":0,"footnotes":""},"class_list":["post-22322","page","type-page","status-publish","hentry"],"yoast_head":"<!-- This site is optimized with the Yoast SEO Premium plugin v27.6 (Yoast SEO v27.6) - https:\/\/yoast.com\/product\/yoast-seo-premium-wordpress\/ -->\n<title>trajnostna proizvodnja - Metron Shop<\/title>\n<meta name=\"robots\" content=\"index, follow, max-snippet:-1, max-image-preview:large, max-video-preview:-1\" \/>\n<link rel=\"canonical\" href=\"https:\/\/eauto.si\/metron-shop\/o-nas\/trajnostna-proizvodnja\/\" \/>\n<meta property=\"og:locale\" content=\"en_US\" \/>\n<meta property=\"og:type\" content=\"article\" \/>\n<meta property=\"og:title\" content=\"trajnostna proizvodnja\" \/>\n<meta property=\"og:description\" content=\"Proizvodni obrat, v katerem izdelujemo polnilne kable in prenosne polnilne postaje, je popolnoma trajnosten. Vso energijo, potrebno za stavbo ter prevoz blaga in zaposlenih (razen dostave te\u017ekih materialov s tovornjaki), proizvaja fotovoltai\u010dna elektrarna, shranjuje pa se v centralnem zalogovniku in enem elektri\u010dnem vozilu Smart Fortwo EV z mo\u017enostjo V2B (sistem polnjenja baterije iz vozila). Celoten [&hellip;]\" \/>\n<meta property=\"og:url\" content=\"https:\/\/eauto.si\/metron-shop\/o-nas\/trajnostna-proizvodnja\/?lang=sl\" \/>\n<meta property=\"og:site_name\" content=\"Metron Shop\" \/>\n<meta property=\"article:publisher\" content=\"https:\/\/www.facebook.com\/MetronInstitut\/\" \/>\n<meta property=\"article:modified_time\" content=\"2024-05-29T08:34:07+00:00\" \/>\n<meta property=\"og:image\" content=\"https:\/\/eauto.si\/metron-shop\/wp-content\/uploads\/DJI_0985-1024x768.jpg\" \/>\n<meta name=\"twitter:card\" content=\"summary_large_image\" \/>\n<meta name=\"twitter:label1\" content=\"Est. reading time\" \/>\n\t<meta name=\"twitter:data1\" content=\"1 minute\" \/>\n<script type=\"application\/ld+json\" class=\"yoast-schema-graph\">{\"@context\":\"https:\\\/\\\/schema.org\",\"@graph\":[{\"@type\":\"WebPage\",\"@id\":\"https:\\\/\\\/eauto.si\\\/metron-shop\\\/o-nas\\\/trajnostna-proizvodnja\\\/?lang=sl\",\"url\":\"https:\\\/\\\/eauto.si\\\/metron-shop\\\/o-nas\\\/trajnostna-proizvodnja\\\/?lang=sl\",\"name\":\"trajnostna proizvodnja - Metron Shop\",\"isPartOf\":{\"@id\":\"https:\\\/\\\/eauto.si\\\/metron-shop\\\/#website\"},\"primaryImageOfPage\":{\"@id\":\"https:\\\/\\\/eauto.si\\\/metron-shop\\\/o-nas\\\/trajnostna-proizvodnja\\\/?lang=sl#primaryimage\"},\"image\":{\"@id\":\"https:\\\/\\\/eauto.si\\\/metron-shop\\\/o-nas\\\/trajnostna-proizvodnja\\\/?lang=sl#primaryimage\"},\"thumbnailUrl\":\"https:\\\/\\\/eauto.si\\\/metron-shop\\\/wp-content\\\/uploads\\\/\\\/DJI_0985-1024x768.jpg\",\"datePublished\":\"2020-01-14T07:28:41+00:00\",\"dateModified\":\"2024-05-29T08:34:07+00:00\",\"breadcrumb\":{\"@id\":\"https:\\\/\\\/eauto.si\\\/metron-shop\\\/o-nas\\\/trajnostna-proizvodnja\\\/?lang=sl#breadcrumb\"},\"inLanguage\":\"en-US\",\"potentialAction\":[{\"@type\":\"ReadAction\",\"target\":[\"https:\\\/\\\/eauto.si\\\/metron-shop\\\/o-nas\\\/trajnostna-proizvodnja\\\/?lang=sl\"]}]},{\"@type\":\"ImageObject\",\"inLanguage\":\"en-US\",\"@id\":\"https:\\\/\\\/eauto.si\\\/metron-shop\\\/o-nas\\\/trajnostna-proizvodnja\\\/?lang=sl#primaryimage\",\"url\":\"https:\\\/\\\/eauto.si\\\/metron-shop\\\/wp-content\\\/uploads\\\/DJI_0985-scaled.jpg\",\"contentUrl\":\"https:\\\/\\\/eauto.si\\\/metron-shop\\\/wp-content\\\/uploads\\\/DJI_0985-scaled.jpg\",\"width\":2560,\"height\":1920,\"caption\":\"default\"},{\"@type\":\"BreadcrumbList\",\"@id\":\"https:\\\/\\\/eauto.si\\\/metron-shop\\\/o-nas\\\/trajnostna-proizvodnja\\\/?lang=sl#breadcrumb\",\"itemListElement\":[{\"@type\":\"ListItem\",\"position\":1,\"name\":\"Home\",\"item\":\"https:\\\/\\\/eauto.si\\\/metron-shop\\\/\"},{\"@type\":\"ListItem\",\"position\":2,\"name\":\"O nas\",\"item\":\"https:\\\/\\\/eauto.si\\\/metron-shop\\\/o-nas\\\/\"},{\"@type\":\"ListItem\",\"position\":3,\"name\":\"trajnostna proizvodnja\"}]},{\"@type\":\"WebSite\",\"@id\":\"https:\\\/\\\/eauto.si\\\/metron-shop\\\/#website\",\"url\":\"https:\\\/\\\/eauto.si\\\/metron-shop\\\/\",\"name\":\"Metron Shop\",\"description\":\"EV charging cables and more ...\",\"publisher\":{\"@id\":\"https:\\\/\\\/eauto.si\\\/metron-shop\\\/#organization\"},\"potentialAction\":[{\"@type\":\"SearchAction\",\"target\":{\"@type\":\"EntryPoint\",\"urlTemplate\":\"https:\\\/\\\/eauto.si\\\/metron-shop\\\/?s={search_term_string}\"},\"query-input\":{\"@type\":\"PropertyValueSpecification\",\"valueRequired\":true,\"valueName\":\"search_term_string\"}}],\"inLanguage\":\"en-US\"},{\"@type\":\"Organization\",\"@id\":\"https:\\\/\\\/eauto.si\\\/metron-shop\\\/#organization\",\"name\":\"Metron institute\",\"url\":\"https:\\\/\\\/eauto.si\\\/metron-shop\\\/\",\"logo\":{\"@type\":\"ImageObject\",\"inLanguage\":\"en-US\",\"@id\":\"https:\\\/\\\/eauto.si\\\/metron-shop\\\/#\\\/schema\\\/logo\\\/image\\\/\",\"url\":\"https:\\\/\\\/eauto.si\\\/metron-shop\\\/wp-content\\\/uploads\\\/LOGO-ENG.png\",\"contentUrl\":\"https:\\\/\\\/eauto.si\\\/metron-shop\\\/wp-content\\\/uploads\\\/LOGO-ENG.png\",\"width\":590,\"height\":272,\"caption\":\"Metron institute\"},\"image\":{\"@id\":\"https:\\\/\\\/eauto.si\\\/metron-shop\\\/#\\\/schema\\\/logo\\\/image\\\/\"},\"sameAs\":[\"https:\\\/\\\/www.facebook.com\\\/MetronInstitut\\\/\",\"https:\\\/\\\/www.youtube.com\\\/channel\\\/UCkD45nHDQdTv1poqTrWhWxA\"]}]}<\/script>\n<!-- \/ Yoast SEO Premium plugin. -->","yoast_head_json":{"title":"trajnostna proizvodnja - Metron Shop","robots":{"index":"index","follow":"follow","max-snippet":"max-snippet:-1","max-image-preview":"max-image-preview:large","max-video-preview":"max-video-preview:-1"},"canonical":"https:\/\/eauto.si\/metron-shop\/o-nas\/trajnostna-proizvodnja\/","og_locale":"en_US","og_type":"article","og_title":"trajnostna proizvodnja","og_description":"Proizvodni obrat, v katerem izdelujemo polnilne kable in prenosne polnilne postaje, je popolnoma trajnosten. Vso energijo, potrebno za stavbo ter prevoz blaga in zaposlenih (razen dostave te\u017ekih materialov s tovornjaki), proizvaja fotovoltai\u010dna elektrarna, shranjuje pa se v centralnem zalogovniku in enem elektri\u010dnem vozilu Smart Fortwo EV z mo\u017enostjo V2B (sistem polnjenja baterije iz vozila). Celoten [&hellip;]","og_url":"https:\/\/eauto.si\/metron-shop\/o-nas\/trajnostna-proizvodnja\/?lang=sl","og_site_name":"Metron Shop","article_publisher":"https:\/\/www.facebook.com\/MetronInstitut\/","article_modified_time":"2024-05-29T08:34:07+00:00","og_image":[{"url":"https:\/\/eauto.si\/metron-shop\/wp-content\/uploads\/DJI_0985-1024x768.jpg","type":"","width":"","height":""}],"twitter_card":"summary_large_image","twitter_misc":{"Est. reading time":"1 minute"},"schema":{"@context":"https:\/\/schema.org","@graph":[{"@type":"WebPage","@id":"https:\/\/eauto.si\/metron-shop\/o-nas\/trajnostna-proizvodnja\/?lang=sl","url":"https:\/\/eauto.si\/metron-shop\/o-nas\/trajnostna-proizvodnja\/?lang=sl","name":"trajnostna proizvodnja - Metron Shop","isPartOf":{"@id":"https:\/\/eauto.si\/metron-shop\/#website"},"primaryImageOfPage":{"@id":"https:\/\/eauto.si\/metron-shop\/o-nas\/trajnostna-proizvodnja\/?lang=sl#primaryimage"},"image":{"@id":"https:\/\/eauto.si\/metron-shop\/o-nas\/trajnostna-proizvodnja\/?lang=sl#primaryimage"},"thumbnailUrl":"https:\/\/eauto.si\/metron-shop\/wp-content\/uploads\/\/DJI_0985-1024x768.jpg","datePublished":"2020-01-14T07:28:41+00:00","dateModified":"2024-05-29T08:34:07+00:00","breadcrumb":{"@id":"https:\/\/eauto.si\/metron-shop\/o-nas\/trajnostna-proizvodnja\/?lang=sl#breadcrumb"},"inLanguage":"en-US","potentialAction":[{"@type":"ReadAction","target":["https:\/\/eauto.si\/metron-shop\/o-nas\/trajnostna-proizvodnja\/?lang=sl"]}]},{"@type":"ImageObject","inLanguage":"en-US","@id":"https:\/\/eauto.si\/metron-shop\/o-nas\/trajnostna-proizvodnja\/?lang=sl#primaryimage","url":"https:\/\/eauto.si\/metron-shop\/wp-content\/uploads\/DJI_0985-scaled.jpg","contentUrl":"https:\/\/eauto.si\/metron-shop\/wp-content\/uploads\/DJI_0985-scaled.jpg","width":2560,"height":1920,"caption":"default"},{"@type":"BreadcrumbList","@id":"https:\/\/eauto.si\/metron-shop\/o-nas\/trajnostna-proizvodnja\/?lang=sl#breadcrumb","itemListElement":[{"@type":"ListItem","position":1,"name":"Home","item":"https:\/\/eauto.si\/metron-shop\/"},{"@type":"ListItem","position":2,"name":"O nas","item":"https:\/\/eauto.si\/metron-shop\/o-nas\/"},{"@type":"ListItem","position":3,"name":"trajnostna proizvodnja"}]},{"@type":"WebSite","@id":"https:\/\/eauto.si\/metron-shop\/#website","url":"https:\/\/eauto.si\/metron-shop\/","name":"Metron Shop","description":"EV charging cables and more ...","publisher":{"@id":"https:\/\/eauto.si\/metron-shop\/#organization"},"potentialAction":[{"@type":"SearchAction","target":{"@type":"EntryPoint","urlTemplate":"https:\/\/eauto.si\/metron-shop\/?s={search_term_string}"},"query-input":{"@type":"PropertyValueSpecification","valueRequired":true,"valueName":"search_term_string"}}],"inLanguage":"en-US"},{"@type":"Organization","@id":"https:\/\/eauto.si\/metron-shop\/#organization","name":"Metron institute","url":"https:\/\/eauto.si\/metron-shop\/","logo":{"@type":"ImageObject","inLanguage":"en-US","@id":"https:\/\/eauto.si\/metron-shop\/#\/schema\/logo\/image\/","url":"https:\/\/eauto.si\/metron-shop\/wp-content\/uploads\/LOGO-ENG.png","contentUrl":"https:\/\/eauto.si\/metron-shop\/wp-content\/uploads\/LOGO-ENG.png","width":590,"height":272,"caption":"Metron institute"},"image":{"@id":"https:\/\/eauto.si\/metron-shop\/#\/schema\/logo\/image\/"},"sameAs":["https:\/\/www.facebook.com\/MetronInstitut\/","https:\/\/www.youtube.com\/channel\/UCkD45nHDQdTv1poqTrWhWxA"]}]}},"_links":{"self":[{"href":"https:\/\/eauto.si\/metron-shop\/wp-json\/wp\/v2\/pages\/22322","targetHints":{"allow":["GET"]}}],"collection":[{"href":"https:\/\/eauto.si\/metron-shop\/wp-json\/wp\/v2\/pages"}],"about":[{"href":"https:\/\/eauto.si\/metron-shop\/wp-json\/wp\/v2\/types\/page"}],"author":[{"embeddable":true,"href":"https:\/\/eauto.si\/metron-shop\/wp-json\/wp\/v2\/users\/7"}],"replies":[{"embeddable":true,"href":"https:\/\/eauto.si\/metron-shop\/wp-json\/wp\/v2\/comments?post=22322"}],"version-history":[{"count":0,"href":"https:\/\/eauto.si\/metron-shop\/wp-json\/wp\/v2\/pages\/22322\/revisions"}],"up":[{"embeddable":true,"href":"https:\/\/eauto.si\/metron-shop\/wp-json\/wp\/v2\/pages\/22320"}],"wp:attachment":[{"href":"https:\/\/eauto.si\/metron-shop\/wp-json\/wp\/v2\/media?parent=22322"}],"curies":[{"name":"wp","href":"https:\/\/api.w.org\/{rel}","templated":true}]}}