{"id":22416,"date":"2015-03-26T09:31:22","date_gmt":"2015-03-26T08:31:22","guid":{"rendered":"https:\/\/eauto.si\/metron-shop\/product\/ac01-tip-2-na-tip-e-f-1-x-16a\/"},"modified":"2025-09-11T12:06:43","modified_gmt":"2025-09-11T10:06:43","slug":"ac01-tip-2-na-tip-e-f-1-x-16a","status":"publish","type":"product","link":"https:\/\/eauto.si\/metron-shop\/product\/ac01-tip-2-na-tip-e-f-1-x-16a\/?lang=sl","title":{"rendered":"[AC01] Tip 2 na Tip E \/ F (1 x 16A)"},"content":{"rendered":"<h3><strong>Glavne zna\u010dilnosti:<\/strong><\/h3>\n<ul>\n<li>Priklju\u010dek <span style=\"color: #027a9f;\">Tip 2 (Mennekes) \u2013 na doma\u010do vti\u010dnico, 16 A eno fazno, vklju\u010dno z elektroniko.<\/span><\/li>\n<\/ul>\n<p><a class=\"mb-button mb-style-raised mb-size-small mb-corners-default mb-text-style-heavy \" style=\"background-color: #8a5189;\" href=\"https:\/\/eauto.si\/metron-shop\/wp-content\/uploads\/Declaration-of-conformity-AC09042020-CE-mark.pdf\"> <i class=\"fa fa-edit\"><\/i>IZJAVA O SKLADNOSTI EU<\/a><br \/>\n<a class=\"mb-button mb-style-raised mb-size-small mb-corners-default mb-text-style-heavy \" style=\"background-color: #8a5189;\" href=\"https:\/\/eauto.si\/metron-shop\/wp-content\/uploads\/AC01_04_T211-0210_20_METRON-SHORT.pdf\"> <i class=\"fa fa-edit\"><\/i>PORO\u010cILO O TESTIRANJU SIQ &#8211; PREDOGLED<\/a><\/p>\n<h3><strong>Tehni\u010dne specifikacije:<\/strong><\/h3>\n<ul>\n<li>Najve\u010dji trajni tok [A]: 16<\/li>\n<li>Stopnja za\u0161\u010dite [IP]: 44 (odpornost na vlago)<\/li>\n<li>Temperaturno obmo\u010dje delovanja [C\u00b0]: od -40 do +50<\/li>\n<li>UV odpornost: DA<\/li>\n<li>Temperaturna za\u0161\u010dita hi\u0161ne vti\u010dnice: DA<\/li>\n<li>Dimenzije [najve\u010dji \u03a6 \/ dol\u017eina]: 58 mm \/ 184 mm<\/li>\n<li>Te\u017ea: 215 g<\/li>\n<li><strong>Garancija: 3 leta<\/strong><\/li>\n<\/ul>\n<hr>\n<h3><strong>Zelena proizvodnja<\/strong><\/h3>\n<p>Vsi na\u0161i izdelki so proizvedeni na oglji\u010dno nevtralen na\u010din z uporabo metode <a href=\"https:\/\/eauto.si\/en\/projects\/sustainable-energy-cycle\/\">&#8220;trajnostnega energetskega cikla&#8221;<\/a>. <a href=\"https:\/\/eauto.si\/en\/about-us\/sustainable-production\/\">Proizvodni obrat, v katerem izdelujemo polnilne kable<\/a> in prenosne polnilne postaje, je prvi popolnoma trajnostni proizvodni obrat za polnilne kable za elektri\u010dna vozila.  Vso energijo, ki je potrebna za ogrevanje in hlajenje stavbe, proizvodni proces ter prevoz blaga in zaposlene (razen dostave te\u017ekih materialov s tovornjaki), proizvajata dve fotovoltai\u010dni elektrarni, shranjuje pa se v \u0161tirih baterijskih zalogovnikih. Da bi skraj\u0161ali dobavne poti in podprli lokalno gospodarstvo, so skoraj vse sestavine, ki jih uporabljamo (kabli, vti\u010di), proizvedene v EU. <strong>Z nakupom na\u0161ih izdelkov prispevate k razvoju trajnostnega gospodarstva.<\/strong><\/p>\n<h4>Fotografije AC01 v praksi, ki so jih posredovale na\u0161e stranke:<\/h4>\nngg_shortcode_0_placeholder\n<hr>\n<p><iframe loading=\"lazy\" title=\"Typ2-Schuko Lade-Adapter &quot;Metron AC01&quot; : e-Kleinfahrzeuge mit Schuko-Stecker \u00f6ffentlich aufladen\" width=\"980\" height=\"551\" src=\"https:\/\/www.youtube.com\/embed\/R35zh4X2tFU?feature=oembed&#038;enablejsapi=1&#038;origin=https:\/\/eauto.si\" frameborder=\"0\" allow=\"accelerometer; autoplay; clipboard-write; encrypted-media; gyroscope; picture-in-picture; web-share\" referrerpolicy=\"strict-origin-when-cross-origin\" allowfullscreen><\/iframe><\/p>\n","protected":false},"excerpt":{"rendered":"<p><strong>Ta priklju\u010dek se lahko uporablja samo <strong>na polnilnih postajah<\/strong> <strong>z Tip 2 <\/strong><span style=\"text-decoration: underline;\"><strong>vti\u010dnico<\/strong><\/span> za napajanje naprav z doma\u010dim &#8220;\u0161uko&#8221; vtika\u010dem (kot so e-skuterji, e-motorna kolesa, &#8230;). Novo zasnovani AC01 ima temperaturni senzor, ki prepre\u010duje pregrevanje morebitnega \u0161ibkega \/ po\u0161kodovanega doma\u010dega vtika\u010da, zato je povsem varno priklju\u010diti bremena z mo\u010djo do 3,7 kW \/ 16 A.<\/strong><\/p>\n<p><a class=\"mb-button mb-style-traditional mb-size-default mb-corners-default mb-text-style-default \" style=\"background-color: #2ba3c4;\" href=\"https:\/\/eauto.si\/metron-shop\/wp-content\/uploads\/Metron_Charging_connector_AC01_User_Manual_SLO_web.pdf\">&nbsp;<i class=\"fa fa-arrow-circle-o-down\"><\/i>&nbsp; Navodila za uporabo &#8211; SI<\/a><\/p>\n<p><a class=\"mb-button mb-style-traditional mb-size-default mb-corners-default mb-text-style-default \" style=\"background-color: #2ba3c4;\" href=\"https:\/\/eauto.si\/metron-shop\/wp-content\/uploads\/Metron_Charging_connector_AC01_User_Manual_ENG.pdf\">&nbsp;<i class=\"fa fa-arrow-circle-o-down\"><\/i>&nbsp; User manual &#8211; ENG<\/a><\/p>\n<p><a class=\"mb-button mb-style-traditional mb-size-default mb-corners-default mb-text-style-default \" style=\"background-color: #2ba3c4;\" href=\"https:\/\/eauto.si\/metron-shop\/wp-content\/uploads\/Metron_Charging_connector_AC01_User_Manual_DE.pdf\">&nbsp;<i class=\"fa fa-arrow-circle-o-down\"><\/i>&nbsp; Bedienungsanleitung &#8211; DE<\/a><\/p>\n<p><a class=\"mb-button mb-style-traditional mb-size-default mb-corners-default mb-text-style-default \" style=\"background-color: #2ba3c4;\" href=\"https:\/\/eauto.si\/metron-shop\/wp-content\/uploads\/Metron_Charging_connector_AC01_User_Manual_SE.pdf\">&nbsp;<i class=\"fa fa-arrow-circle-o-down\"><\/i>&nbsp; Anv\u00e4ndarmanual &#8211; SWE<\/a><\/p>\n<p><a class=\"mb-button mb-style-traditional mb-size-default mb-corners-default mb-text-style-default \" style=\"background-color: #2ba3c4;\" href=\"https:\/\/eauto.si\/metron-shop\/wp-content\/uploads\/Metron_Charging_connector_AC01_User_Manual_FR_web.pdf\">&nbsp;<i class=\"fa fa-arrow-circle-o-down\"><\/i>&nbsp; Manuel d\u2019utilisation &#8211; FR<\/a><\/p>\n","protected":false},"featured_media":24656,"comment_status":"closed","ping_status":"closed","template":"","meta":{"ngg_post_thumbnail":0},"product_brand":[],"product_cat":[1018,1028],"product_tag":[1034,1054,1091,1156,1160,1161],"class_list":{"0":"post-22416","1":"product","2":"type-product","3":"status-publish","4":"has-post-thumbnail","6":"product_cat-adapterji-za-polnjenje-ev","7":"product_cat-izdelki-za-elektricne-motocikle","8":"product_tag-1-x-suko","9":"product_tag-16a-sl","10":"product_tag-adapterji-za-polnjenje-ev","11":"product_tag-tip-2-sl-2","12":"product_tag-tip-e","13":"product_tag-tip-f","14":"product_shipping_class-ev-adapters","16":"first","17":"instock","18":"featured","19":"taxable","20":"shipping-taxable","21":"purchasable","22":"product-type-variable"},"yoast_head":"<!-- This site is optimized with the Yoast SEO Premium plugin v27.4 (Yoast SEO v27.4) - https:\/\/yoast.com\/product\/yoast-seo-premium-wordpress\/ -->\n<title>[AC01] Tip 2 na Tip E \/ F (1 x 16A) - Metron Shop<\/title>\n<meta name=\"description\" content=\"Priklju\u010dek AC01 za uporabo na polnilnih postajah z vti\u010dnico Tip 2, za napajanje naprav z doma\u010dim vti\u010dem (kot so elektri\u010dni skuterji, elektri\u010dna motorna kolesa, elektri\u010dna \u0161tirikolesa).\" \/>\n<meta name=\"robots\" content=\"index, follow, max-snippet:-1, max-image-preview:large, max-video-preview:-1\" \/>\n<link rel=\"canonical\" href=\"https:\/\/eauto.si\/metron-shop\/product\/ac01-tip-2-na-tip-e-f-1-x-16a\/\" \/>\n<meta property=\"og:locale\" content=\"en_US\" \/>\n<meta property=\"og:type\" content=\"article\" \/>\n<meta property=\"og:title\" content=\"[AC01] Tip 2 na Tip E \/ F (1 x 16A)\" \/>\n<meta property=\"og:description\" content=\"Priklju\u010dek AC01 za uporabo na polnilnih postajah z vti\u010dnico Tip 2, za napajanje naprav z doma\u010dim vti\u010dem (kot so elektri\u010dni skuterji, elektri\u010dna motorna kolesa, elektri\u010dna \u0161tirikolesa).\" \/>\n<meta property=\"og:url\" content=\"https:\/\/eauto.si\/metron-shop\/product\/ac01-tip-2-na-tip-e-f-1-x-16a\/?lang=sl\" \/>\n<meta property=\"og:site_name\" content=\"Metron Shop\" \/>\n<meta property=\"article:publisher\" content=\"https:\/\/www.facebook.com\/MetronInstitut\/\" \/>\n<meta property=\"article:modified_time\" content=\"2025-09-11T10:06:43+00:00\" \/>\n<meta property=\"og:image\" content=\"https:\/\/eauto.si\/metron-shop\/wp-content\/uploads\/AC01_2025-8.jpg\" \/>\n\t<meta property=\"og:image:width\" content=\"800\" \/>\n\t<meta property=\"og:image:height\" content=\"800\" \/>\n\t<meta property=\"og:image:type\" content=\"image\/jpeg\" \/>\n<meta name=\"twitter:card\" content=\"summary_large_image\" \/>\n<meta name=\"twitter:label1\" content=\"Est. reading time\" \/>\n\t<meta name=\"twitter:data1\" content=\"2 minutes\" \/>\n<script type=\"application\/ld+json\" class=\"yoast-schema-graph\">{\"@context\":\"https:\\\/\\\/schema.org\",\"@graph\":[{\"@type\":\"WebPage\",\"@id\":\"https:\\\/\\\/eauto.si\\\/metron-shop\\\/product\\\/ac01-tip-2-na-tip-e-f-1-x-16a\\\/?lang=sl\",\"url\":\"https:\\\/\\\/eauto.si\\\/metron-shop\\\/product\\\/ac01-tip-2-na-tip-e-f-1-x-16a\\\/?lang=sl\",\"name\":\"[AC01] Tip 2 na Tip E \\\/ F (1 x 16A) - Metron Shop\",\"isPartOf\":{\"@id\":\"https:\\\/\\\/eauto.si\\\/metron-shop\\\/#website\"},\"primaryImageOfPage\":{\"@id\":\"https:\\\/\\\/eauto.si\\\/metron-shop\\\/product\\\/ac01-tip-2-na-tip-e-f-1-x-16a\\\/?lang=sl#primaryimage\"},\"image\":{\"@id\":\"https:\\\/\\\/eauto.si\\\/metron-shop\\\/product\\\/ac01-tip-2-na-tip-e-f-1-x-16a\\\/?lang=sl#primaryimage\"},\"thumbnailUrl\":\"https:\\\/\\\/eauto.si\\\/metron-shop\\\/wp-content\\\/uploads\\\/AC01_2025-8.jpg\",\"datePublished\":\"2015-03-26T08:31:22+00:00\",\"dateModified\":\"2025-09-11T10:06:43+00:00\",\"description\":\"Priklju\u010dek AC01 za uporabo na polnilnih postajah z vti\u010dnico Tip 2, za napajanje naprav z doma\u010dim vti\u010dem (kot so elektri\u010dni skuterji, elektri\u010dna motorna kolesa, elektri\u010dna \u0161tirikolesa).\",\"breadcrumb\":{\"@id\":\"https:\\\/\\\/eauto.si\\\/metron-shop\\\/product\\\/ac01-tip-2-na-tip-e-f-1-x-16a\\\/?lang=sl#breadcrumb\"},\"inLanguage\":\"en-US\",\"potentialAction\":[{\"@type\":\"ReadAction\",\"target\":[\"https:\\\/\\\/eauto.si\\\/metron-shop\\\/product\\\/ac01-tip-2-na-tip-e-f-1-x-16a\\\/?lang=sl\"]}]},{\"@type\":\"ImageObject\",\"inLanguage\":\"en-US\",\"@id\":\"https:\\\/\\\/eauto.si\\\/metron-shop\\\/product\\\/ac01-tip-2-na-tip-e-f-1-x-16a\\\/?lang=sl#primaryimage\",\"url\":\"https:\\\/\\\/eauto.si\\\/metron-shop\\\/wp-content\\\/uploads\\\/AC01_2025-8.jpg\",\"contentUrl\":\"https:\\\/\\\/eauto.si\\\/metron-shop\\\/wp-content\\\/uploads\\\/AC01_2025-8.jpg\",\"width\":800,\"height\":800},{\"@type\":\"BreadcrumbList\",\"@id\":\"https:\\\/\\\/eauto.si\\\/metron-shop\\\/product\\\/ac01-tip-2-na-tip-e-f-1-x-16a\\\/?lang=sl#breadcrumb\",\"itemListElement\":[{\"@type\":\"ListItem\",\"position\":1,\"name\":\"Home\",\"item\":\"https:\\\/\\\/eauto.si\\\/metron-shop\\\/\"},{\"@type\":\"ListItem\",\"position\":2,\"name\":\"Shop\",\"item\":\"https:\\\/\\\/eauto.si\\\/metron-shop\\\/\"},{\"@type\":\"ListItem\",\"position\":3,\"name\":\"[AC01] Tip 2 na Tip E \\\/ F (1 x 16A)\"}]},{\"@type\":\"WebSite\",\"@id\":\"https:\\\/\\\/eauto.si\\\/metron-shop\\\/#website\",\"url\":\"https:\\\/\\\/eauto.si\\\/metron-shop\\\/\",\"name\":\"Metron Shop\",\"description\":\"EV charging cables and more ...\",\"publisher\":{\"@id\":\"https:\\\/\\\/eauto.si\\\/metron-shop\\\/#organization\"},\"potentialAction\":[{\"@type\":\"SearchAction\",\"target\":{\"@type\":\"EntryPoint\",\"urlTemplate\":\"https:\\\/\\\/eauto.si\\\/metron-shop\\\/?s={search_term_string}\"},\"query-input\":{\"@type\":\"PropertyValueSpecification\",\"valueRequired\":true,\"valueName\":\"search_term_string\"}}],\"inLanguage\":\"en-US\"},{\"@type\":\"Organization\",\"@id\":\"https:\\\/\\\/eauto.si\\\/metron-shop\\\/#organization\",\"name\":\"Metron institute\",\"url\":\"https:\\\/\\\/eauto.si\\\/metron-shop\\\/\",\"logo\":{\"@type\":\"ImageObject\",\"inLanguage\":\"en-US\",\"@id\":\"https:\\\/\\\/eauto.si\\\/metron-shop\\\/#\\\/schema\\\/logo\\\/image\\\/\",\"url\":\"https:\\\/\\\/eauto.si\\\/metron-shop\\\/wp-content\\\/uploads\\\/LOGO-ENG.png\",\"contentUrl\":\"https:\\\/\\\/eauto.si\\\/metron-shop\\\/wp-content\\\/uploads\\\/LOGO-ENG.png\",\"width\":590,\"height\":272,\"caption\":\"Metron institute\"},\"image\":{\"@id\":\"https:\\\/\\\/eauto.si\\\/metron-shop\\\/#\\\/schema\\\/logo\\\/image\\\/\"},\"sameAs\":[\"https:\\\/\\\/www.facebook.com\\\/MetronInstitut\\\/\",\"https:\\\/\\\/www.youtube.com\\\/channel\\\/UCkD45nHDQdTv1poqTrWhWxA\"]}]}<\/script>\n<!-- \/ Yoast SEO Premium plugin. -->","yoast_head_json":{"title":"[AC01] Tip 2 na Tip E \/ F (1 x 16A) - Metron Shop","description":"Priklju\u010dek AC01 za uporabo na polnilnih postajah z vti\u010dnico Tip 2, za napajanje naprav z doma\u010dim vti\u010dem (kot so elektri\u010dni skuterji, elektri\u010dna motorna kolesa, elektri\u010dna \u0161tirikolesa).","robots":{"index":"index","follow":"follow","max-snippet":"max-snippet:-1","max-image-preview":"max-image-preview:large","max-video-preview":"max-video-preview:-1"},"canonical":"https:\/\/eauto.si\/metron-shop\/product\/ac01-tip-2-na-tip-e-f-1-x-16a\/","og_locale":"en_US","og_type":"article","og_title":"[AC01] Tip 2 na Tip E \/ F (1 x 16A)","og_description":"Priklju\u010dek AC01 za uporabo na polnilnih postajah z vti\u010dnico Tip 2, za napajanje naprav z doma\u010dim vti\u010dem (kot so elektri\u010dni skuterji, elektri\u010dna motorna kolesa, elektri\u010dna \u0161tirikolesa).","og_url":"https:\/\/eauto.si\/metron-shop\/product\/ac01-tip-2-na-tip-e-f-1-x-16a\/?lang=sl","og_site_name":"Metron Shop","article_publisher":"https:\/\/www.facebook.com\/MetronInstitut\/","article_modified_time":"2025-09-11T10:06:43+00:00","og_image":[{"width":800,"height":800,"url":"https:\/\/eauto.si\/metron-shop\/wp-content\/uploads\/AC01_2025-8.jpg","type":"image\/jpeg"}],"twitter_card":"summary_large_image","twitter_misc":{"Est. reading time":"2 minutes"},"schema":{"@context":"https:\/\/schema.org","@graph":[{"@type":"WebPage","@id":"https:\/\/eauto.si\/metron-shop\/product\/ac01-tip-2-na-tip-e-f-1-x-16a\/?lang=sl","url":"https:\/\/eauto.si\/metron-shop\/product\/ac01-tip-2-na-tip-e-f-1-x-16a\/?lang=sl","name":"[AC01] Tip 2 na Tip E \/ F (1 x 16A) - Metron Shop","isPartOf":{"@id":"https:\/\/eauto.si\/metron-shop\/#website"},"primaryImageOfPage":{"@id":"https:\/\/eauto.si\/metron-shop\/product\/ac01-tip-2-na-tip-e-f-1-x-16a\/?lang=sl#primaryimage"},"image":{"@id":"https:\/\/eauto.si\/metron-shop\/product\/ac01-tip-2-na-tip-e-f-1-x-16a\/?lang=sl#primaryimage"},"thumbnailUrl":"https:\/\/eauto.si\/metron-shop\/wp-content\/uploads\/AC01_2025-8.jpg","datePublished":"2015-03-26T08:31:22+00:00","dateModified":"2025-09-11T10:06:43+00:00","description":"Priklju\u010dek AC01 za uporabo na polnilnih postajah z vti\u010dnico Tip 2, za napajanje naprav z doma\u010dim vti\u010dem (kot so elektri\u010dni skuterji, elektri\u010dna motorna kolesa, elektri\u010dna \u0161tirikolesa).","breadcrumb":{"@id":"https:\/\/eauto.si\/metron-shop\/product\/ac01-tip-2-na-tip-e-f-1-x-16a\/?lang=sl#breadcrumb"},"inLanguage":"en-US","potentialAction":[{"@type":"ReadAction","target":["https:\/\/eauto.si\/metron-shop\/product\/ac01-tip-2-na-tip-e-f-1-x-16a\/?lang=sl"]}]},{"@type":"ImageObject","inLanguage":"en-US","@id":"https:\/\/eauto.si\/metron-shop\/product\/ac01-tip-2-na-tip-e-f-1-x-16a\/?lang=sl#primaryimage","url":"https:\/\/eauto.si\/metron-shop\/wp-content\/uploads\/AC01_2025-8.jpg","contentUrl":"https:\/\/eauto.si\/metron-shop\/wp-content\/uploads\/AC01_2025-8.jpg","width":800,"height":800},{"@type":"BreadcrumbList","@id":"https:\/\/eauto.si\/metron-shop\/product\/ac01-tip-2-na-tip-e-f-1-x-16a\/?lang=sl#breadcrumb","itemListElement":[{"@type":"ListItem","position":1,"name":"Home","item":"https:\/\/eauto.si\/metron-shop\/"},{"@type":"ListItem","position":2,"name":"Shop","item":"https:\/\/eauto.si\/metron-shop\/"},{"@type":"ListItem","position":3,"name":"[AC01] Tip 2 na Tip E \/ F (1 x 16A)"}]},{"@type":"WebSite","@id":"https:\/\/eauto.si\/metron-shop\/#website","url":"https:\/\/eauto.si\/metron-shop\/","name":"Metron Shop","description":"EV charging cables and more ...","publisher":{"@id":"https:\/\/eauto.si\/metron-shop\/#organization"},"potentialAction":[{"@type":"SearchAction","target":{"@type":"EntryPoint","urlTemplate":"https:\/\/eauto.si\/metron-shop\/?s={search_term_string}"},"query-input":{"@type":"PropertyValueSpecification","valueRequired":true,"valueName":"search_term_string"}}],"inLanguage":"en-US"},{"@type":"Organization","@id":"https:\/\/eauto.si\/metron-shop\/#organization","name":"Metron institute","url":"https:\/\/eauto.si\/metron-shop\/","logo":{"@type":"ImageObject","inLanguage":"en-US","@id":"https:\/\/eauto.si\/metron-shop\/#\/schema\/logo\/image\/","url":"https:\/\/eauto.si\/metron-shop\/wp-content\/uploads\/LOGO-ENG.png","contentUrl":"https:\/\/eauto.si\/metron-shop\/wp-content\/uploads\/LOGO-ENG.png","width":590,"height":272,"caption":"Metron institute"},"image":{"@id":"https:\/\/eauto.si\/metron-shop\/#\/schema\/logo\/image\/"},"sameAs":["https:\/\/www.facebook.com\/MetronInstitut\/","https:\/\/www.youtube.com\/channel\/UCkD45nHDQdTv1poqTrWhWxA"]}]}},"_links":{"self":[{"href":"https:\/\/eauto.si\/metron-shop\/wp-json\/wp\/v2\/product\/22416","targetHints":{"allow":["GET"]}}],"collection":[{"href":"https:\/\/eauto.si\/metron-shop\/wp-json\/wp\/v2\/product"}],"about":[{"href":"https:\/\/eauto.si\/metron-shop\/wp-json\/wp\/v2\/types\/product"}],"replies":[{"embeddable":true,"href":"https:\/\/eauto.si\/metron-shop\/wp-json\/wp\/v2\/comments?post=22416"}],"wp:featuredmedia":[{"embeddable":true,"href":"https:\/\/eauto.si\/metron-shop\/wp-json\/wp\/v2\/media\/24656"}],"wp:attachment":[{"href":"https:\/\/eauto.si\/metron-shop\/wp-json\/wp\/v2\/media?parent=22416"}],"wp:term":[{"taxonomy":"product_brand","embeddable":true,"href":"https:\/\/eauto.si\/metron-shop\/wp-json\/wp\/v2\/product_brand?post=22416"},{"taxonomy":"product_cat","embeddable":true,"href":"https:\/\/eauto.si\/metron-shop\/wp-json\/wp\/v2\/product_cat?post=22416"},{"taxonomy":"product_tag","embeddable":true,"href":"https:\/\/eauto.si\/metron-shop\/wp-json\/wp\/v2\/product_tag?post=22416"}],"curies":[{"name":"wp","href":"https:\/\/api.w.org\/{rel}","templated":true}]}}