{"id":22678,"date":"2024-03-01T11:46:03","date_gmt":"2024-03-01T10:46:03","guid":{"rendered":"https:\/\/eauto.si\/metron-shop\/product\/pc05yt-3x16a-3-fazno\/"},"modified":"2026-01-26T11:20:34","modified_gmt":"2026-01-26T10:20:34","slug":"pc05yt-3x16a-3-fazno","status":"publish","type":"product","link":"https:\/\/eauto.si\/metron-shop\/product\/pc05yt-3x16a-3-fazno\/?lang=sl","title":{"rendered":"PC05YT 3x16A \/ 3-fazno"},"content":{"rendered":"<h3><strong>Glavne zna\u010dilnosti:<\/strong><\/h3>\n<ul>\n<li><strong>Zasnova ALL-IN-A PLUG &#8211; brez nerodne \u0161katle na kablu<\/strong><\/li>\n<li><strong>Notranji miniaturni SMART komunikacijski modul za vozila (Micro EVSE 4+), ki je v celoti razvit v na\u0161em podjetju.<\/strong><\/li>\n<li>Zasnovan za <strong>3-fazno<\/strong> in 1-fazno polnjenje EV (na\u010din 2) s tokovi do <strong>3x16A<\/strong><\/li>\n<li><strong>Prilagodljiv polnilni tok (od 6A do 16A)<\/strong><\/li>\n<li>Vgrajena <strong>samodejna temperaturna za\u0161\u010dita<\/strong><\/li>\n<li>Vgrajeno za\u0161\u010ditno tokovno stikalo <b><strong>(RCD, 30mA AC + 6mA DC) s samodejnim testiranjem<\/strong><\/b><\/li>\n<li><strong>Kabel, zasnovan za elektri\u010dna vozila,<\/strong> <strong>VRHUNSKA kakovost<\/strong> (narejeno v Nem\u010diji)<\/li>\n<li>Mo\u017ena izbira dol\u017eine kabla od 3m do 30m<\/li>\n<li><strong>Odpornost na vse vremenske pogoje (IP67)<\/strong><strong><span style=\"color: #993366;\"><em><br \/>\n<\/em><\/span><\/strong><\/li>\n<\/ul>\n<h3><strong>Prikaz delovanja namenskega Tesla gumba:<\/strong><\/h3>\n<div style=\"width: 640px;\" class=\"wp-video\"><video class=\"wp-video-shortcode\" id=\"video-22678-1\" width=\"640\" height=\"360\" preload=\"metadata\" controls=\"controls\"><source type=\"video\/mp4\" src=\"https:\/\/eauto.si\/Video\/Metron-Tesla-EN.mp4?_=1\" \/><a href=\"https:\/\/eauto.si\/Video\/Metron-Tesla-EN.mp4\">https:\/\/eauto.si\/Video\/Metron-Tesla-EN.mp4<\/a><\/video><\/div>\n<h3><strong>Lastnosti kabla * :<\/strong><\/h3>\n<ul>\n<li>Odpornost na mikrobe, olje, prah in vodo<\/li>\n<li>Posebna zasnova kabla za dalj\u0161o \u017eivljenjsko dobo<\/li>\n<li>Pro\u017een pri nizkih temperaturah (popolnoma pro\u017een pri temperaturah od -25 \u00b0C do 80 \u00b0C)<\/li>\n<li>Odpornost na ve\u010dje mehanske obremenitve, zlasti na drgnjenje in drsenje.<\/li>\n<\/ul>\n<p><em>[<strong>*<\/strong>] Velja samo za izolirani del kabla, ne za elektroniko<\/em><\/p>\n<p><a class=\"mb-button mb-style-raised mb-size-small mb-corners-default mb-text-style-heavy \" style=\"background-color: #8a5189;\" href=\"https:\/\/eauto.si\/metron-shop\/wp-content\/uploads\/Declaration-of-conformity-PC15102020-CE-mark.pdf\"> <i class=\"fa fa-edit\"><\/i>IZJAVA O SKLADNOSTI EU<\/a><\/p>\n<h3> <a class=\"mb-button mb-style-raised mb-size-small mb-corners-default mb-text-style-heavy \" style=\"background-color: #8a5189;\" href=\"https:\/\/eauto.si\/metron-shop\/wp-content\/uploads\/SIQ-TEST-REPORT-IEC-61851-1-2017.pdf\"> <i class=\"fa fa-edit\"><\/i>PORO\u010cILO O PREIZKUSU SIQ &#8211; PREDOGLED<\/a><br \/>\n<strong>Tehni\u010dne specifikacije:<\/strong><\/h3>\n<ul>\n<li><strong>Tip vti\u010dnice (stran vozila): Tip&nbsp; 2<\/strong> (IEC 62196) \u017eenski vtika\u010d<\/li>\n<li><strong>Tip stenskega vtika\u010da (stran omre\u017eja): CEE 16A <\/strong> (3-fazni\/3P N E)<\/li>\n<li>Najve\u010dja Polnilni tok: <strong>3x16A (3-fazni)<\/strong> ali 1x16A (1-fazni &#8211; z uporabo ustreznega nastavka) <\/li>\n<li><strong>Polnilni tok lahko prilagodite s tipko: 6 A, 8 A, 10 A, 13 A ali 16 A (pametni telefon ni potreben).<\/strong><\/li>\n<li>Najve\u010dja polnilna mo\u010d (1-fazna\/3-fazna): 3,7 kW \/ 11 kW<\/li>\n<li>Nazivna napetost (1-fazna\/3-fazna): 230V\/400V<\/li>\n<li>Obmo\u010dje delovne napetosti (1-fazno\/3-fazno): od 90V \/ 155V do 270V \/ 470V (50\/60Hz)<\/li>\n<li>Poraba v mirovanju: 4W<\/li>\n<li>Notranji miniaturni SMART komunikacijski modul za vozila (<strong>Micro EVSE 4+<\/strong>), v celoti razvit v na\u0161em podjetju.<\/li>\n<li>Informacije za uporabnika prek dveh modrih LED (osnovna verzija) in Charge Control aplikacije (napredno)<\/li>\n<li>Zaznava in sporo\u010da vsa normalna stanja polnjenja (preko LED)<\/li>\n<li><strong>Zaznava\/javlja vse napake<\/strong> (prek LED)<\/li>\n<li><strong>Samodejno se povrne po vsaki napaki,<\/strong> razen po napaki ozemljitve<\/li>\n<li><b>Vgrajeno za\u0161\u010ditno tokovno stikalo (RCD, 30mA AC + 6mA DC) <\/b><\/li>\n<li><strong>Vgrajeno samodejno testiranje RCD<\/strong><\/li>\n<li><strong>Zaznava zvarjenega polnilnega kontakta (zelo mala verjetnost pojava zaradi posebne za\u0161\u010dite kontaktov)<\/strong><\/li>\n<li><strong>Stenski vtika\u010d z vgrajeno TEMPERATURNO ZA\u0160\u010cITO (na zahtevo)<\/strong><\/li>\n<li>Temperaturno obmo\u010dje delovanja: -30 \u00b0C do 50 \u00b0C (pri polni izpostavljenosti soncu)<\/li>\n<li>Vgrajena samodejna temperaturna za\u0161\u010dita z zmo\u017enostjo &#8220;mehkega&#8221; izklopa<\/li>\n<li><strong>IP stopnja za\u0161\u010dite: IP67<\/strong><\/li>\n<li><strong>IK stopnja za\u0161\u010dite: IK10 (odpornost na udarce) + protipovozna za\u0161\u010dita<\/strong><\/li>\n<li><strong>UV odpornost<\/strong><\/li>\n<li>Barva kabla: \u010drna ali oran\u017ena<\/li>\n<li>Dol\u017eina kabla: po \u017eelji stranke<\/li>\n<li>Te\u017ea: odvisna od dol\u017eine kabla<\/li>\n<li>Skladno z IEC 61851<\/li>\n<li>CE certifikat<\/li>\n<li>Garancija: 2 leti<\/li>\n<\/ul>\n<h3 style=\"text-align: justify;\"><strong>Skladnost<\/strong><\/h3>\n<p style=\"text-align: justify;\">Poleg evropskih verzij vozil Tesla Model S, Model X, Model Y in Model 3 je ta prenosni polnilec skladen tudi z ostalimi elektri\u010dnimi vozili, ki imajo Tip 2 polnilno vti\u010dnico.<\/p>\n<h3 style=\"text-align: justify;\"><strong>Zelena proizvodnja<\/strong><\/h3>\n<p style=\"text-align: justify;\">Vsi na\u0161i izdelki so narejeni na oglji\u010dno nevtralen na\u010din s pomo\u010djo <a href=\"https:\/\/eauto.si\/en\/projects\/sustainable-energy-cycle\/\">\u201ctrajnostnega energetskega kroga\u201d<\/a>. <a href=\"https:\/\/eauto.si\/en\/about-us\/sustainable-production\/\">Proizvodni obrat, kjer izdelujemo polnilne kable<\/a> in prenosne polnilne postaje je prvi popolnoma trajnostni proizvodni obrat polnilnih kablov za elektri\u010dna vozila. Vso energijo, ki je potrebna za ogrevanje in hlajenje stavbe, proizvodni proces ter prevoz blaga in zaposlene (razen dostave te\u017ekih materialov s tovornjaki), proizvajata dve fotovoltai\u010dni elektrarni, shranjuje pa se v \u0161tirih baterijskih zalogovnikih. Da bi skraj\u0161ali dobavne poti in podprli lokalno gospodarstvo, so skoraj vse komponente, ki jih uporabljamo (kabli, vtika\u010di), proizvedene v EU. Z nakupom na\u0161ih izdelkov prispevate k razvoju trajnostnega gospodarstva.<\/p>\n<h3 style=\"text-align: justify;\"><strong>Opombe za Tesla Model 3 in Model Y:<\/strong><\/h3>\n<p style=\"text-align: justify;\"><a id=\"RCD-5\"><\/a><br \/>\nPolnilnik v vozilih Tesla Model 3 in Y, je ob\u010dutljiv na zaporedje faz, kar pomeni, da morajo biti faze stenske vti\u010dnice v pravilnem vrstnem redu. V nasprotnem primeru se vozilo ne bo polnilo. Za preverjanje delovanja in zaporedja posameznih faz lahko uporabite <strong><a href=\"https:\/\/eauto.si\/metron-shop\/product\/tester-faz-in-polnilnih-postaj\/?lang=sl\">TESTER FAZ POLNILNIH POSTAJ<\/a><\/strong>.<\/p>\n<h3 style=\"text-align: justify;\"><strong>Kaj je RCD in kako deluje?<\/strong><\/h3>\n<p style=\"text-align: justify;\">RCD je kratica za residual current device oz. za za\u0161\u010ditno stikalo na diferen\u010dni tok. Namen naprave je prepre\u010diti smrtno nevaren elektri\u010dni udar, \u010de se dotaknete dela pod napetostjo, na primer gole bakrene \u017eice pod visoko napetostjo. Odklopniki RCD zagotavljajo raven osebne za\u0161\u010dite, ki je obi\u010dajne varovalke ali odklopniki ne morejo zagotoviti. RCD stalno spremlja elektri\u010dni tok, ki te\u010de skozi enega ali ve\u010d tokokrogov, ki jih \u0161\u010diti. \u010ce zazna, da elektrika te\u010de po nenamerni poti, na primer prek osebe, ki se je dotaknila dela pod napetostjo, RCD zelo hitro izklopi tokokrog, kar znatno zmanj\u0161a tveganje za smrt ali resne po\u0161kodbe.<br \/>\nNaprava je opremljena z napravo Metron RCD tipa A+B, imenovano RCDB1-316CEE, ki predstavlja najvi\u0161jo mo\u017eno raven osebne za\u0161\u010dite, saj uporabnike \u0161\u010diti pred izmeni\u010dnim tokom, pulzirajo\u010dim enosmernim tokom, \u010distim enosmernim tokom in tudi visokofrekven\u010dnim izmeni\u010dnim uhajajo\u010dim tokom. Da smo lahko oblikovali enoto brez vmesne \u0161katle, je bilo potrebno RCD za\u0161\u010dito vgraditi v 3-fazni 32A CEE vtika\u010d, s \u010dimer smo se izognili tudi najmanj\u0161im neza\u0161\u010ditenim delom, ki jih obi\u010dajno najdete na ostalih prenosnih polnilcih, kjer je vsaj 30 cm neza\u0161\u010ditenega kabla med stensko vti\u010dnico in vmesno krmilno \u0161katlo.<\/p>\n<h3 style=\"text-align: justify;\"><strong>Opomba:<\/strong><\/h3>\n<p style=\"text-align: justify;\">Metron\u00ae na nikakr\u0161en na\u010din ni povezan s podjetjem Tesla. Nikakor ne navajamo ali namigujemo, da so proizvodi, ki jih prodaja Metron\u00ae odobreni s strani ali povezani s podjetjem Tesla. Vsa uporabljena proizvodna imena, simboli in opis na na\u0161ih slikah in besedilih se uporabljajo le v prepoznavne namene. Tesla Model S, Model X, Model 3, Supercharger in Destination charger so blagovne znamke podjetja Tesla.<\/p>\n","protected":false},"excerpt":{"rendered":"<p style=\"text-align: justify;\"><strong>METRON PC05YT je izredno kompakten in lahek 3-fazni \/ 11 kW PAMETNI prenosni EV polnilec narejen za varno polnjenje elektri\u010dnega vozila iz vsake <\/strong><strong>hi\u0161ne ali industrijske vti\u010dnice.<\/strong><\/p>\n<p><strong>Vgrajeni sta dve pomembni Tesla funkciji <\/strong>(enako kot pri Tesla Supercharger in Destination charger)<strong>:<\/strong><\/p>\n<ol>\n<li><strong>Daljinsko odpiranje vrat polnilne vti\u010dnice<\/strong><\/li>\n<li><strong>Odklepanje zaklepa polnilnega kabla<\/strong><\/li>\n<\/ol>\n<p><strong>Skladen z evropskimi verzijami Tesla model S, 3, X in Y.<\/strong><\/p>\n<p><a class=\"mb-button mb-style-traditional mb-size-default mb-corners-default mb-text-style-default \" style=\"background-color: #2ba3c4;\" href=\"https:\/\/eauto.si\/metron-shop\/wp-content\/uploads\/Metron_PC02Y_PC04Y_PC04YT_PC05Y_PC05YT_User_Manual_SLO_web.pdf\">&nbsp;<i class=\"fa fa-arrow-circle-o-down\"><\/i>&nbsp; Navodila za uporabnike &#8211; SI<\/a><br \/>\n<a class=\"mb-button mb-style-traditional mb-size-default mb-corners-default mb-text-style-default \" style=\"background-color: #2ba3c4;\" href=\"https:\/\/eauto.si\/metron-shop\/wp-content\/uploads\/Metron_PC02Y_PC04Y_PC04YT_PC05Y_PC05YT_User_Manual_web.pdf\">&nbsp;<i class=\"fa fa-arrow-circle-o-down\"><\/i>&nbsp; User manual &#8211; ENG<\/a><br \/>\n<a class=\"mb-button mb-style-traditional mb-size-default mb-corners-default mb-text-style-default \" style=\"background-color: #2ba3c4;\" href=\"https:\/\/eauto.si\/metron-shop\/wp-content\/uploads\/Metron_PC02Y_PC04Y_PC04YT_PC05Y_PC05YT_User_Manual_DE_web.pdf\">&nbsp;<i class=\"fa fa-arrow-circle-o-down\"><\/i>&nbsp; Bedienungsanleitung &#8211; DE<\/a><\/p>\n","protected":false},"featured_media":22248,"comment_status":"closed","ping_status":"closed","template":"","meta":{"ngg_post_thumbnail":0},"product_brand":[],"product_cat":[1006,1295],"product_tag":[1039,1038,1092,1090,1151,1156],"class_list":{"0":"post-22678","1":"product","2":"type-product","3":"status-publish","4":"has-post-thumbnail","6":"product_cat-dodatki-za-model-s-y-x-3","7":"product_cat-prenosne-polnilnice-za-ev","8":"product_tag-3-x-16a-sl","9":"product_tag-3-fazno","10":"product_tag-polnilni-kabel-za-ev","11":"product_tag-prenosni-polnilec-za-ev","12":"product_tag-tesla-vehicles-sl","13":"product_tag-tip-2-sl-2","14":"product_shipping_class-ev-port-chargers","16":"first","17":"instock","18":"featured","19":"taxable","20":"shipping-taxable","21":"purchasable","22":"product-type-variable","23":"has-default-attributes"},"yoast_head":"<!-- This site is optimized with the Yoast SEO Premium plugin v27.6 (Yoast SEO v27.6) - https:\/\/yoast.com\/product\/yoast-seo-premium-wordpress\/ -->\n<title>PC05YT 3x16A \/ 3-fazno - Metron Shop<\/title>\n<meta name=\"description\" content=\"PC05YT je prenosni polnilec za elektri\u010dna vozila z mo\u010djo 11 kW (3-fazni, 16 A) CEE do tipa 2, z vgrajeno za\u0161\u010dito RCD in funkcijo odpiranja polnilnih vratic na Tesla vozilih.\" \/>\n<meta name=\"robots\" content=\"index, follow, max-snippet:-1, max-image-preview:large, max-video-preview:-1\" \/>\n<link rel=\"canonical\" href=\"https:\/\/eauto.si\/metron-shop\/product\/pc05yt-3x16a-3-fazno\/\" \/>\n<meta property=\"og:locale\" content=\"en_US\" \/>\n<meta property=\"og:type\" content=\"article\" \/>\n<meta property=\"og:title\" content=\"PC05YT 3x16A \/ 3-fazno\" \/>\n<meta property=\"og:description\" content=\"PC05YT je prenosni polnilec za elektri\u010dna vozila z mo\u010djo 11 kW (3-fazni, 16 A) CEE do tipa 2, z vgrajeno za\u0161\u010dito RCD in funkcijo odpiranja polnilnih vratic na Tesla vozilih.\" \/>\n<meta property=\"og:url\" content=\"https:\/\/eauto.si\/metron-shop\/product\/pc05yt-3x16a-3-fazno\/?lang=sl\" \/>\n<meta property=\"og:site_name\" content=\"Metron Shop\" \/>\n<meta property=\"article:publisher\" content=\"https:\/\/www.facebook.com\/MetronInstitut\/\" \/>\n<meta property=\"article:modified_time\" content=\"2026-01-26T10:20:34+00:00\" \/>\n<meta property=\"og:image\" content=\"https:\/\/eauto.si\/metron-shop\/wp-content\/uploads\/PC05YT_profile_.jpg\" \/>\n\t<meta property=\"og:image:width\" content=\"800\" \/>\n\t<meta property=\"og:image:height\" content=\"800\" \/>\n\t<meta property=\"og:image:type\" content=\"image\/jpeg\" \/>\n<meta name=\"twitter:card\" content=\"summary_large_image\" \/>\n<meta name=\"twitter:label1\" content=\"Est. reading time\" \/>\n\t<meta name=\"twitter:data1\" content=\"4 minutes\" \/>\n<script type=\"application\/ld+json\" class=\"yoast-schema-graph\">{\"@context\":\"https:\\\/\\\/schema.org\",\"@graph\":[{\"@type\":\"WebPage\",\"@id\":\"https:\\\/\\\/eauto.si\\\/metron-shop\\\/product\\\/pc05yt-3x16a-3-fazno\\\/?lang=sl\",\"url\":\"https:\\\/\\\/eauto.si\\\/metron-shop\\\/product\\\/pc05yt-3x16a-3-fazno\\\/?lang=sl\",\"name\":\"PC05YT 3x16A \\\/ 3-fazno - Metron Shop\",\"isPartOf\":{\"@id\":\"https:\\\/\\\/eauto.si\\\/metron-shop\\\/#website\"},\"primaryImageOfPage\":{\"@id\":\"https:\\\/\\\/eauto.si\\\/metron-shop\\\/product\\\/pc05yt-3x16a-3-fazno\\\/?lang=sl#primaryimage\"},\"image\":{\"@id\":\"https:\\\/\\\/eauto.si\\\/metron-shop\\\/product\\\/pc05yt-3x16a-3-fazno\\\/?lang=sl#primaryimage\"},\"thumbnailUrl\":\"https:\\\/\\\/eauto.si\\\/metron-shop\\\/wp-content\\\/uploads\\\/PC05YT_profile_.jpg\",\"datePublished\":\"2024-03-01T10:46:03+00:00\",\"dateModified\":\"2026-01-26T10:20:34+00:00\",\"description\":\"PC05YT je prenosni polnilec za elektri\u010dna vozila z mo\u010djo 11 kW (3-fazni, 16 A) CEE do tipa 2, z vgrajeno za\u0161\u010dito RCD in funkcijo odpiranja polnilnih vratic na Tesla vozilih.\",\"breadcrumb\":{\"@id\":\"https:\\\/\\\/eauto.si\\\/metron-shop\\\/product\\\/pc05yt-3x16a-3-fazno\\\/?lang=sl#breadcrumb\"},\"inLanguage\":\"en-US\",\"potentialAction\":[{\"@type\":\"ReadAction\",\"target\":[\"https:\\\/\\\/eauto.si\\\/metron-shop\\\/product\\\/pc05yt-3x16a-3-fazno\\\/?lang=sl\"]}]},{\"@type\":\"ImageObject\",\"inLanguage\":\"en-US\",\"@id\":\"https:\\\/\\\/eauto.si\\\/metron-shop\\\/product\\\/pc05yt-3x16a-3-fazno\\\/?lang=sl#primaryimage\",\"url\":\"https:\\\/\\\/eauto.si\\\/metron-shop\\\/wp-content\\\/uploads\\\/PC05YT_profile_.jpg\",\"contentUrl\":\"https:\\\/\\\/eauto.si\\\/metron-shop\\\/wp-content\\\/uploads\\\/PC05YT_profile_.jpg\",\"width\":800,\"height\":800},{\"@type\":\"BreadcrumbList\",\"@id\":\"https:\\\/\\\/eauto.si\\\/metron-shop\\\/product\\\/pc05yt-3x16a-3-fazno\\\/?lang=sl#breadcrumb\",\"itemListElement\":[{\"@type\":\"ListItem\",\"position\":1,\"name\":\"Home\",\"item\":\"https:\\\/\\\/eauto.si\\\/metron-shop\\\/\"},{\"@type\":\"ListItem\",\"position\":2,\"name\":\"Shop\",\"item\":\"https:\\\/\\\/eauto.si\\\/metron-shop\\\/\"},{\"@type\":\"ListItem\",\"position\":3,\"name\":\"PC05YT 3x16A \\\/ 3-fazno\"}]},{\"@type\":\"WebSite\",\"@id\":\"https:\\\/\\\/eauto.si\\\/metron-shop\\\/#website\",\"url\":\"https:\\\/\\\/eauto.si\\\/metron-shop\\\/\",\"name\":\"Metron Shop\",\"description\":\"EV charging cables and more ...\",\"publisher\":{\"@id\":\"https:\\\/\\\/eauto.si\\\/metron-shop\\\/#organization\"},\"potentialAction\":[{\"@type\":\"SearchAction\",\"target\":{\"@type\":\"EntryPoint\",\"urlTemplate\":\"https:\\\/\\\/eauto.si\\\/metron-shop\\\/?s={search_term_string}\"},\"query-input\":{\"@type\":\"PropertyValueSpecification\",\"valueRequired\":true,\"valueName\":\"search_term_string\"}}],\"inLanguage\":\"en-US\"},{\"@type\":\"Organization\",\"@id\":\"https:\\\/\\\/eauto.si\\\/metron-shop\\\/#organization\",\"name\":\"Metron institute\",\"url\":\"https:\\\/\\\/eauto.si\\\/metron-shop\\\/\",\"logo\":{\"@type\":\"ImageObject\",\"inLanguage\":\"en-US\",\"@id\":\"https:\\\/\\\/eauto.si\\\/metron-shop\\\/#\\\/schema\\\/logo\\\/image\\\/\",\"url\":\"https:\\\/\\\/eauto.si\\\/metron-shop\\\/wp-content\\\/uploads\\\/LOGO-ENG.png\",\"contentUrl\":\"https:\\\/\\\/eauto.si\\\/metron-shop\\\/wp-content\\\/uploads\\\/LOGO-ENG.png\",\"width\":590,\"height\":272,\"caption\":\"Metron institute\"},\"image\":{\"@id\":\"https:\\\/\\\/eauto.si\\\/metron-shop\\\/#\\\/schema\\\/logo\\\/image\\\/\"},\"sameAs\":[\"https:\\\/\\\/www.facebook.com\\\/MetronInstitut\\\/\",\"https:\\\/\\\/www.youtube.com\\\/channel\\\/UCkD45nHDQdTv1poqTrWhWxA\"]}]}<\/script>\n<!-- \/ Yoast SEO Premium plugin. -->","yoast_head_json":{"title":"PC05YT 3x16A \/ 3-fazno - Metron Shop","description":"PC05YT je prenosni polnilec za elektri\u010dna vozila z mo\u010djo 11 kW (3-fazni, 16 A) CEE do tipa 2, z vgrajeno za\u0161\u010dito RCD in funkcijo odpiranja polnilnih vratic na Tesla vozilih.","robots":{"index":"index","follow":"follow","max-snippet":"max-snippet:-1","max-image-preview":"max-image-preview:large","max-video-preview":"max-video-preview:-1"},"canonical":"https:\/\/eauto.si\/metron-shop\/product\/pc05yt-3x16a-3-fazno\/","og_locale":"en_US","og_type":"article","og_title":"PC05YT 3x16A \/ 3-fazno","og_description":"PC05YT je prenosni polnilec za elektri\u010dna vozila z mo\u010djo 11 kW (3-fazni, 16 A) CEE do tipa 2, z vgrajeno za\u0161\u010dito RCD in funkcijo odpiranja polnilnih vratic na Tesla vozilih.","og_url":"https:\/\/eauto.si\/metron-shop\/product\/pc05yt-3x16a-3-fazno\/?lang=sl","og_site_name":"Metron Shop","article_publisher":"https:\/\/www.facebook.com\/MetronInstitut\/","article_modified_time":"2026-01-26T10:20:34+00:00","og_image":[{"width":800,"height":800,"url":"https:\/\/eauto.si\/metron-shop\/wp-content\/uploads\/PC05YT_profile_.jpg","type":"image\/jpeg"}],"twitter_card":"summary_large_image","twitter_misc":{"Est. reading time":"4 minutes"},"schema":{"@context":"https:\/\/schema.org","@graph":[{"@type":"WebPage","@id":"https:\/\/eauto.si\/metron-shop\/product\/pc05yt-3x16a-3-fazno\/?lang=sl","url":"https:\/\/eauto.si\/metron-shop\/product\/pc05yt-3x16a-3-fazno\/?lang=sl","name":"PC05YT 3x16A \/ 3-fazno - Metron Shop","isPartOf":{"@id":"https:\/\/eauto.si\/metron-shop\/#website"},"primaryImageOfPage":{"@id":"https:\/\/eauto.si\/metron-shop\/product\/pc05yt-3x16a-3-fazno\/?lang=sl#primaryimage"},"image":{"@id":"https:\/\/eauto.si\/metron-shop\/product\/pc05yt-3x16a-3-fazno\/?lang=sl#primaryimage"},"thumbnailUrl":"https:\/\/eauto.si\/metron-shop\/wp-content\/uploads\/PC05YT_profile_.jpg","datePublished":"2024-03-01T10:46:03+00:00","dateModified":"2026-01-26T10:20:34+00:00","description":"PC05YT je prenosni polnilec za elektri\u010dna vozila z mo\u010djo 11 kW (3-fazni, 16 A) CEE do tipa 2, z vgrajeno za\u0161\u010dito RCD in funkcijo odpiranja polnilnih vratic na Tesla vozilih.","breadcrumb":{"@id":"https:\/\/eauto.si\/metron-shop\/product\/pc05yt-3x16a-3-fazno\/?lang=sl#breadcrumb"},"inLanguage":"en-US","potentialAction":[{"@type":"ReadAction","target":["https:\/\/eauto.si\/metron-shop\/product\/pc05yt-3x16a-3-fazno\/?lang=sl"]}]},{"@type":"ImageObject","inLanguage":"en-US","@id":"https:\/\/eauto.si\/metron-shop\/product\/pc05yt-3x16a-3-fazno\/?lang=sl#primaryimage","url":"https:\/\/eauto.si\/metron-shop\/wp-content\/uploads\/PC05YT_profile_.jpg","contentUrl":"https:\/\/eauto.si\/metron-shop\/wp-content\/uploads\/PC05YT_profile_.jpg","width":800,"height":800},{"@type":"BreadcrumbList","@id":"https:\/\/eauto.si\/metron-shop\/product\/pc05yt-3x16a-3-fazno\/?lang=sl#breadcrumb","itemListElement":[{"@type":"ListItem","position":1,"name":"Home","item":"https:\/\/eauto.si\/metron-shop\/"},{"@type":"ListItem","position":2,"name":"Shop","item":"https:\/\/eauto.si\/metron-shop\/"},{"@type":"ListItem","position":3,"name":"PC05YT 3x16A \/ 3-fazno"}]},{"@type":"WebSite","@id":"https:\/\/eauto.si\/metron-shop\/#website","url":"https:\/\/eauto.si\/metron-shop\/","name":"Metron Shop","description":"EV charging cables and more ...","publisher":{"@id":"https:\/\/eauto.si\/metron-shop\/#organization"},"potentialAction":[{"@type":"SearchAction","target":{"@type":"EntryPoint","urlTemplate":"https:\/\/eauto.si\/metron-shop\/?s={search_term_string}"},"query-input":{"@type":"PropertyValueSpecification","valueRequired":true,"valueName":"search_term_string"}}],"inLanguage":"en-US"},{"@type":"Organization","@id":"https:\/\/eauto.si\/metron-shop\/#organization","name":"Metron institute","url":"https:\/\/eauto.si\/metron-shop\/","logo":{"@type":"ImageObject","inLanguage":"en-US","@id":"https:\/\/eauto.si\/metron-shop\/#\/schema\/logo\/image\/","url":"https:\/\/eauto.si\/metron-shop\/wp-content\/uploads\/LOGO-ENG.png","contentUrl":"https:\/\/eauto.si\/metron-shop\/wp-content\/uploads\/LOGO-ENG.png","width":590,"height":272,"caption":"Metron institute"},"image":{"@id":"https:\/\/eauto.si\/metron-shop\/#\/schema\/logo\/image\/"},"sameAs":["https:\/\/www.facebook.com\/MetronInstitut\/","https:\/\/www.youtube.com\/channel\/UCkD45nHDQdTv1poqTrWhWxA"]}]}},"_links":{"self":[{"href":"https:\/\/eauto.si\/metron-shop\/wp-json\/wp\/v2\/product\/22678","targetHints":{"allow":["GET"]}}],"collection":[{"href":"https:\/\/eauto.si\/metron-shop\/wp-json\/wp\/v2\/product"}],"about":[{"href":"https:\/\/eauto.si\/metron-shop\/wp-json\/wp\/v2\/types\/product"}],"replies":[{"embeddable":true,"href":"https:\/\/eauto.si\/metron-shop\/wp-json\/wp\/v2\/comments?post=22678"}],"wp:featuredmedia":[{"embeddable":true,"href":"https:\/\/eauto.si\/metron-shop\/wp-json\/wp\/v2\/media\/22248"}],"wp:attachment":[{"href":"https:\/\/eauto.si\/metron-shop\/wp-json\/wp\/v2\/media?parent=22678"}],"wp:term":[{"taxonomy":"product_brand","embeddable":true,"href":"https:\/\/eauto.si\/metron-shop\/wp-json\/wp\/v2\/product_brand?post=22678"},{"taxonomy":"product_cat","embeddable":true,"href":"https:\/\/eauto.si\/metron-shop\/wp-json\/wp\/v2\/product_cat?post=22678"},{"taxonomy":"product_tag","embeddable":true,"href":"https:\/\/eauto.si\/metron-shop\/wp-json\/wp\/v2\/product_tag?post=22678"}],"curies":[{"name":"wp","href":"https:\/\/api.w.org\/{rel}","templated":true}]}}