{"id":22791,"date":"2022-07-19T09:52:03","date_gmt":"2022-07-19T07:52:03","guid":{"rendered":"https:\/\/eauto.si\/metron-shop\/product\/v2l-hk-3-vehicle-to-load-tip-2-na-3-x-tip-f-za-kia-hyundai-16a-230v\/"},"modified":"2025-06-19T11:01:54","modified_gmt":"2025-06-19T09:01:54","slug":"v2l-hk-3-vehicle-to-load-tip-2-na-3-x-tip-f-za-kia-hyundai-16a-230v","status":"publish","type":"product","link":"https:\/\/eauto.si\/metron-shop\/product\/v2l-hk-3-vehicle-to-load-tip-2-na-3-x-tip-f-za-kia-hyundai-16a-230v\/?lang=sl","title":{"rendered":"[V2L-HK-3] Vehicle-to-load Tip 2 na 3x Tip F za KIA\/Hyundai (16A 230V)"},"content":{"rendered":"<p><strong>Produkt je na voljo do razprodaje zalog! Nova vrsta adapterja V2L je zdaj v proizvodnji.<br \/>\nTa tip 2 adapter se obi\u010dajno uporablja pri vozilih <strong>KIA in Hyundai, ki imajo omogo\u010den V2L sistem (KIA EV6, Hyundai Ioniq in novi KIA e-Niro-model 2023)<\/strong>, za napajanje naprav iz doma\u010de 3 x Tip F (\u0161uko) vti\u010dnice. Do 3,5 kW pri 230V skupne izhodne mo\u010di (skupna mo\u010d na vseh treh vti\u010dnicah je 3,5 kW). Adapter V2L-HK-3 ima vgrajen temperaturni senzor, ki prepre\u010di pregrevanje po\u0161kodovanega\/slabega vtika\u010da, zato lahko nanj varno priklju\u010dite bremena do 3,5 kW mo\u010di.<\/strong><\/p>\n<p>Garancija: 3 leta<\/p>\n<p><a class=\"mb-button mb-style-raised mb-size-small mb-corners-default mb-text-style-heavy \" style=\"background-color: #8a5189;\" href=\"https:\/\/eauto.si\/metron-shop\/wp-content\/uploads\/Declaration-of-conformity-AC09042020-CE-mark.pdf\"> <i class=\"fa fa-edit\"><\/i>IZJAVA O SKLADNOSTI EU<\/a><br \/>\n<a class=\"mb-button mb-style-raised mb-size-small mb-corners-default mb-text-style-heavy \" style=\"background-color: #8a5189;\" href=\"https:\/\/eauto.si\/metron-shop\/wp-content\/uploads\/AC01_04_T211-0210_20_METRON-SHORT.pdf\"> <i class=\"fa fa-edit\"><\/i>PORO\u010cILO O TESTIRANJU SIQ &#8211; PREDOGLED<\/a><\/p>\n<hr>\n<p><iframe loading=\"lazy\" title=\"Metron Vehicle To Load adapter - example of practical use\" width=\"980\" height=\"551\" src=\"https:\/\/www.youtube.com\/embed\/u_oNHIoJEhA?feature=oembed&#038;enablejsapi=1&#038;origin=https:\/\/eauto.si\" frameborder=\"0\" allow=\"accelerometer; autoplay; clipboard-write; encrypted-media; gyroscope; picture-in-picture; web-share\" referrerpolicy=\"strict-origin-when-cross-origin\" allowfullscreen><\/iframe><\/p>\n<hr>\n<h3><strong>Zelena proizvodnja<\/strong><\/h3>\n<p>Vsi na\u0161i izdelki so proizvedeni na oglji\u010dno nevtralen na\u010din z uporabo metode <a href=\"https:\/\/eauto.si\/en\/projects\/sustainable-energy-cycle\/\">&#8220;trajnostnega energetskega cikla&#8221;<\/a>. <a href=\"https:\/\/eauto.si\/en\/about-us\/sustainable-production\/\">Proizvodni obrat, v katerem izdelujemo polnilne kable<\/a> in prenosne polnilne postaje, je prvi popolnoma trajnostni proizvodni obrat za polnilne kable za elektri\u010dna vozila.  Vso energijo, ki je potrebna za ogrevanje in hlajenje stavbe, proizvodni proces ter prevoz blaga in zaposlene (razen dostave te\u017ekih materialov s tovornjaki), proizvajata dve fotovoltai\u010dni elektrarni, shranjuje pa se v \u0161tirih baterijskih zalogovnikih. Da bi skraj\u0161ali dobavne poti in podprli lokalno gospodarstvo, so skoraj vse komponente, ki jih uporabljamo (kabli, vtika\u010di), proizvedene v EU. Z nakupom na\u0161ih izdelkov prispevate k razvoju trajnostnega gospodarstva.<\/p>\n","protected":false},"excerpt":{"rendered":"<p><span style=\"color: #555555;\">Adapter za napajanje iz vozila, iz Tip 2<\/span> <span style=\"color: #027a9f;\">(Mennekes) \u2013 na 3 x Tip F (\u0161uko)<\/span> 16A 1-fazni, za elektri\u010dna vozila Kia EV6 in Hyundai IONIQ.<span style=\"color: #027a9f;\"> <\/span><\/p>\n<p><a class=\"mb-button mb-style-traditional mb-size-default mb-corners-default mb-text-style-default \" style=\"background-color: #2ba3c4;\" href=\"https:\/\/eauto.si\/metron-shop\/wp-content\/uploads\/Metron_Adapter_AC02V2L_User_Manual_rev.1_ANG_web.pdf\">&nbsp;<i class=\"fa fa-arrow-circle-o-down\"><\/i>&nbsp; Navodila za uporabo &#8211; ENG<\/a><\/p>\n","protected":false},"featured_media":21988,"comment_status":"closed","ping_status":"closed","template":"","meta":{"ngg_post_thumbnail":0},"product_brand":[],"product_cat":[1031],"product_tag":[1054,1041,1091,1167,1156,1160,1161],"class_list":{"0":"post-22791","1":"product","2":"type-product","3":"status-publish","4":"has-post-thumbnail","6":"product_cat-napajanje-iz-vozila","7":"product_tag-16a-sl","8":"product_tag-3-x-suko","9":"product_tag-adapterji-za-polnjenje-ev","10":"product_tag-napajanje-iz-vozila","11":"product_tag-tip-2-sl-2","12":"product_tag-tip-e","13":"product_tag-tip-f","14":"product_shipping_class-ev-adapters","16":"first","17":"instock","18":"featured","19":"taxable","20":"shipping-taxable","21":"purchasable","22":"product-type-simple"},"yoast_head":"<!-- This site is optimized with the Yoast SEO Premium plugin v27.5 (Yoast SEO v27.5) - https:\/\/yoast.com\/product\/yoast-seo-premium-wordpress\/ -->\n<title>[V2L-HK-3] Vehicle-to-load Tip 2 na 3x Tip F za KIA\/Hyundai (16A 230V) - Metron Shop<\/title>\n<meta name=\"description\" content=\"Vehicle to load adapter, ki se uporablja za napajanje naprav iz va\u0161ega vozila. Trenutno so tak\u0161na vozila KIA EV6 in Hyundai Ioniq\" \/>\n<meta name=\"robots\" content=\"index, follow, max-snippet:-1, max-image-preview:large, max-video-preview:-1\" \/>\n<link rel=\"canonical\" href=\"https:\/\/eauto.si\/metron-shop\/product\/v2l-hk-3-vehicle-to-load-tip-2-na-3-x-tip-f-za-kia-hyundai-16a-230v\/\" \/>\n<meta property=\"og:locale\" content=\"en_US\" \/>\n<meta property=\"og:type\" content=\"article\" \/>\n<meta property=\"og:title\" content=\"[V2L-HK-3] Vehicle-to-load Tip 2 na 3x Tip F za KIA\/Hyundai (16A 230V)\" \/>\n<meta property=\"og:description\" content=\"Vehicle to load adapter, ki se uporablja za napajanje naprav iz va\u0161ega vozila. Trenutno so tak\u0161na vozila KIA EV6 in Hyundai Ioniq\" \/>\n<meta property=\"og:url\" content=\"https:\/\/eauto.si\/metron-shop\/product\/v2l-hk-3-vehicle-to-load-tip-2-na-3-x-tip-f-za-kia-hyundai-16a-230v\/?lang=sl\" \/>\n<meta property=\"og:site_name\" content=\"Metron Shop\" \/>\n<meta property=\"article:publisher\" content=\"https:\/\/www.facebook.com\/MetronInstitut\/\" \/>\n<meta property=\"article:modified_time\" content=\"2025-06-19T09:01:54+00:00\" \/>\n<meta property=\"og:image\" content=\"https:\/\/eauto.si\/metron-shop\/wp-content\/uploads\/AC02V2L_2_thumb.jpg\" \/>\n\t<meta property=\"og:image:width\" content=\"1200\" \/>\n\t<meta property=\"og:image:height\" content=\"1200\" \/>\n\t<meta property=\"og:image:type\" content=\"image\/jpeg\" \/>\n<meta name=\"twitter:card\" content=\"summary_large_image\" \/>\n<meta name=\"twitter:label1\" content=\"Est. reading time\" \/>\n\t<meta name=\"twitter:data1\" content=\"1 minute\" \/>\n<script type=\"application\/ld+json\" class=\"yoast-schema-graph\">{\"@context\":\"https:\\\/\\\/schema.org\",\"@graph\":[{\"@type\":\"WebPage\",\"@id\":\"https:\\\/\\\/eauto.si\\\/metron-shop\\\/product\\\/v2l-hk-3-vehicle-to-load-tip-2-na-3-x-tip-f-za-kia-hyundai-16a-230v\\\/?lang=sl\",\"url\":\"https:\\\/\\\/eauto.si\\\/metron-shop\\\/product\\\/v2l-hk-3-vehicle-to-load-tip-2-na-3-x-tip-f-za-kia-hyundai-16a-230v\\\/?lang=sl\",\"name\":\"[V2L-HK-3] Vehicle-to-load Tip 2 na 3x Tip F za KIA\\\/Hyundai (16A 230V) - Metron Shop\",\"isPartOf\":{\"@id\":\"https:\\\/\\\/eauto.si\\\/metron-shop\\\/#website\"},\"primaryImageOfPage\":{\"@id\":\"https:\\\/\\\/eauto.si\\\/metron-shop\\\/product\\\/v2l-hk-3-vehicle-to-load-tip-2-na-3-x-tip-f-za-kia-hyundai-16a-230v\\\/?lang=sl#primaryimage\"},\"image\":{\"@id\":\"https:\\\/\\\/eauto.si\\\/metron-shop\\\/product\\\/v2l-hk-3-vehicle-to-load-tip-2-na-3-x-tip-f-za-kia-hyundai-16a-230v\\\/?lang=sl#primaryimage\"},\"thumbnailUrl\":\"https:\\\/\\\/eauto.si\\\/metron-shop\\\/wp-content\\\/uploads\\\/AC02V2L_2_thumb.jpg\",\"datePublished\":\"2022-07-19T07:52:03+00:00\",\"dateModified\":\"2025-06-19T09:01:54+00:00\",\"description\":\"Vehicle to load adapter, ki se uporablja za napajanje naprav iz va\u0161ega vozila. Trenutno so tak\u0161na vozila KIA EV6 in Hyundai Ioniq\",\"breadcrumb\":{\"@id\":\"https:\\\/\\\/eauto.si\\\/metron-shop\\\/product\\\/v2l-hk-3-vehicle-to-load-tip-2-na-3-x-tip-f-za-kia-hyundai-16a-230v\\\/?lang=sl#breadcrumb\"},\"inLanguage\":\"en-US\",\"potentialAction\":[{\"@type\":\"ReadAction\",\"target\":[\"https:\\\/\\\/eauto.si\\\/metron-shop\\\/product\\\/v2l-hk-3-vehicle-to-load-tip-2-na-3-x-tip-f-za-kia-hyundai-16a-230v\\\/?lang=sl\"]}]},{\"@type\":\"ImageObject\",\"inLanguage\":\"en-US\",\"@id\":\"https:\\\/\\\/eauto.si\\\/metron-shop\\\/product\\\/v2l-hk-3-vehicle-to-load-tip-2-na-3-x-tip-f-za-kia-hyundai-16a-230v\\\/?lang=sl#primaryimage\",\"url\":\"https:\\\/\\\/eauto.si\\\/metron-shop\\\/wp-content\\\/uploads\\\/AC02V2L_2_thumb.jpg\",\"contentUrl\":\"https:\\\/\\\/eauto.si\\\/metron-shop\\\/wp-content\\\/uploads\\\/AC02V2L_2_thumb.jpg\",\"width\":1200,\"height\":1200},{\"@type\":\"BreadcrumbList\",\"@id\":\"https:\\\/\\\/eauto.si\\\/metron-shop\\\/product\\\/v2l-hk-3-vehicle-to-load-tip-2-na-3-x-tip-f-za-kia-hyundai-16a-230v\\\/?lang=sl#breadcrumb\",\"itemListElement\":[{\"@type\":\"ListItem\",\"position\":1,\"name\":\"Home\",\"item\":\"https:\\\/\\\/eauto.si\\\/metron-shop\\\/\"},{\"@type\":\"ListItem\",\"position\":2,\"name\":\"Shop\",\"item\":\"https:\\\/\\\/eauto.si\\\/metron-shop\\\/\"},{\"@type\":\"ListItem\",\"position\":3,\"name\":\"[V2L-HK-3] Vehicle-to-load Tip 2 na 3x Tip F za KIA\\\/Hyundai (16A 230V)\"}]},{\"@type\":\"WebSite\",\"@id\":\"https:\\\/\\\/eauto.si\\\/metron-shop\\\/#website\",\"url\":\"https:\\\/\\\/eauto.si\\\/metron-shop\\\/\",\"name\":\"Metron Shop\",\"description\":\"EV charging cables and more ...\",\"publisher\":{\"@id\":\"https:\\\/\\\/eauto.si\\\/metron-shop\\\/#organization\"},\"potentialAction\":[{\"@type\":\"SearchAction\",\"target\":{\"@type\":\"EntryPoint\",\"urlTemplate\":\"https:\\\/\\\/eauto.si\\\/metron-shop\\\/?s={search_term_string}\"},\"query-input\":{\"@type\":\"PropertyValueSpecification\",\"valueRequired\":true,\"valueName\":\"search_term_string\"}}],\"inLanguage\":\"en-US\"},{\"@type\":\"Organization\",\"@id\":\"https:\\\/\\\/eauto.si\\\/metron-shop\\\/#organization\",\"name\":\"Metron institute\",\"url\":\"https:\\\/\\\/eauto.si\\\/metron-shop\\\/\",\"logo\":{\"@type\":\"ImageObject\",\"inLanguage\":\"en-US\",\"@id\":\"https:\\\/\\\/eauto.si\\\/metron-shop\\\/#\\\/schema\\\/logo\\\/image\\\/\",\"url\":\"https:\\\/\\\/eauto.si\\\/metron-shop\\\/wp-content\\\/uploads\\\/LOGO-ENG.png\",\"contentUrl\":\"https:\\\/\\\/eauto.si\\\/metron-shop\\\/wp-content\\\/uploads\\\/LOGO-ENG.png\",\"width\":590,\"height\":272,\"caption\":\"Metron institute\"},\"image\":{\"@id\":\"https:\\\/\\\/eauto.si\\\/metron-shop\\\/#\\\/schema\\\/logo\\\/image\\\/\"},\"sameAs\":[\"https:\\\/\\\/www.facebook.com\\\/MetronInstitut\\\/\",\"https:\\\/\\\/www.youtube.com\\\/channel\\\/UCkD45nHDQdTv1poqTrWhWxA\"]}]}<\/script>\n<!-- \/ Yoast SEO Premium plugin. -->","yoast_head_json":{"title":"[V2L-HK-3] Vehicle-to-load Tip 2 na 3x Tip F za KIA\/Hyundai (16A 230V) - Metron Shop","description":"Vehicle to load adapter, ki se uporablja za napajanje naprav iz va\u0161ega vozila. Trenutno so tak\u0161na vozila KIA EV6 in Hyundai Ioniq","robots":{"index":"index","follow":"follow","max-snippet":"max-snippet:-1","max-image-preview":"max-image-preview:large","max-video-preview":"max-video-preview:-1"},"canonical":"https:\/\/eauto.si\/metron-shop\/product\/v2l-hk-3-vehicle-to-load-tip-2-na-3-x-tip-f-za-kia-hyundai-16a-230v\/","og_locale":"en_US","og_type":"article","og_title":"[V2L-HK-3] Vehicle-to-load Tip 2 na 3x Tip F za KIA\/Hyundai (16A 230V)","og_description":"Vehicle to load adapter, ki se uporablja za napajanje naprav iz va\u0161ega vozila. Trenutno so tak\u0161na vozila KIA EV6 in Hyundai Ioniq","og_url":"https:\/\/eauto.si\/metron-shop\/product\/v2l-hk-3-vehicle-to-load-tip-2-na-3-x-tip-f-za-kia-hyundai-16a-230v\/?lang=sl","og_site_name":"Metron Shop","article_publisher":"https:\/\/www.facebook.com\/MetronInstitut\/","article_modified_time":"2025-06-19T09:01:54+00:00","og_image":[{"width":1200,"height":1200,"url":"https:\/\/eauto.si\/metron-shop\/wp-content\/uploads\/AC02V2L_2_thumb.jpg","type":"image\/jpeg"}],"twitter_card":"summary_large_image","twitter_misc":{"Est. reading time":"1 minute"},"schema":{"@context":"https:\/\/schema.org","@graph":[{"@type":"WebPage","@id":"https:\/\/eauto.si\/metron-shop\/product\/v2l-hk-3-vehicle-to-load-tip-2-na-3-x-tip-f-za-kia-hyundai-16a-230v\/?lang=sl","url":"https:\/\/eauto.si\/metron-shop\/product\/v2l-hk-3-vehicle-to-load-tip-2-na-3-x-tip-f-za-kia-hyundai-16a-230v\/?lang=sl","name":"[V2L-HK-3] Vehicle-to-load Tip 2 na 3x Tip F za KIA\/Hyundai (16A 230V) - Metron Shop","isPartOf":{"@id":"https:\/\/eauto.si\/metron-shop\/#website"},"primaryImageOfPage":{"@id":"https:\/\/eauto.si\/metron-shop\/product\/v2l-hk-3-vehicle-to-load-tip-2-na-3-x-tip-f-za-kia-hyundai-16a-230v\/?lang=sl#primaryimage"},"image":{"@id":"https:\/\/eauto.si\/metron-shop\/product\/v2l-hk-3-vehicle-to-load-tip-2-na-3-x-tip-f-za-kia-hyundai-16a-230v\/?lang=sl#primaryimage"},"thumbnailUrl":"https:\/\/eauto.si\/metron-shop\/wp-content\/uploads\/AC02V2L_2_thumb.jpg","datePublished":"2022-07-19T07:52:03+00:00","dateModified":"2025-06-19T09:01:54+00:00","description":"Vehicle to load adapter, ki se uporablja za napajanje naprav iz va\u0161ega vozila. Trenutno so tak\u0161na vozila KIA EV6 in Hyundai Ioniq","breadcrumb":{"@id":"https:\/\/eauto.si\/metron-shop\/product\/v2l-hk-3-vehicle-to-load-tip-2-na-3-x-tip-f-za-kia-hyundai-16a-230v\/?lang=sl#breadcrumb"},"inLanguage":"en-US","potentialAction":[{"@type":"ReadAction","target":["https:\/\/eauto.si\/metron-shop\/product\/v2l-hk-3-vehicle-to-load-tip-2-na-3-x-tip-f-za-kia-hyundai-16a-230v\/?lang=sl"]}]},{"@type":"ImageObject","inLanguage":"en-US","@id":"https:\/\/eauto.si\/metron-shop\/product\/v2l-hk-3-vehicle-to-load-tip-2-na-3-x-tip-f-za-kia-hyundai-16a-230v\/?lang=sl#primaryimage","url":"https:\/\/eauto.si\/metron-shop\/wp-content\/uploads\/AC02V2L_2_thumb.jpg","contentUrl":"https:\/\/eauto.si\/metron-shop\/wp-content\/uploads\/AC02V2L_2_thumb.jpg","width":1200,"height":1200},{"@type":"BreadcrumbList","@id":"https:\/\/eauto.si\/metron-shop\/product\/v2l-hk-3-vehicle-to-load-tip-2-na-3-x-tip-f-za-kia-hyundai-16a-230v\/?lang=sl#breadcrumb","itemListElement":[{"@type":"ListItem","position":1,"name":"Home","item":"https:\/\/eauto.si\/metron-shop\/"},{"@type":"ListItem","position":2,"name":"Shop","item":"https:\/\/eauto.si\/metron-shop\/"},{"@type":"ListItem","position":3,"name":"[V2L-HK-3] Vehicle-to-load Tip 2 na 3x Tip F za KIA\/Hyundai (16A 230V)"}]},{"@type":"WebSite","@id":"https:\/\/eauto.si\/metron-shop\/#website","url":"https:\/\/eauto.si\/metron-shop\/","name":"Metron Shop","description":"EV charging cables and more ...","publisher":{"@id":"https:\/\/eauto.si\/metron-shop\/#organization"},"potentialAction":[{"@type":"SearchAction","target":{"@type":"EntryPoint","urlTemplate":"https:\/\/eauto.si\/metron-shop\/?s={search_term_string}"},"query-input":{"@type":"PropertyValueSpecification","valueRequired":true,"valueName":"search_term_string"}}],"inLanguage":"en-US"},{"@type":"Organization","@id":"https:\/\/eauto.si\/metron-shop\/#organization","name":"Metron institute","url":"https:\/\/eauto.si\/metron-shop\/","logo":{"@type":"ImageObject","inLanguage":"en-US","@id":"https:\/\/eauto.si\/metron-shop\/#\/schema\/logo\/image\/","url":"https:\/\/eauto.si\/metron-shop\/wp-content\/uploads\/LOGO-ENG.png","contentUrl":"https:\/\/eauto.si\/metron-shop\/wp-content\/uploads\/LOGO-ENG.png","width":590,"height":272,"caption":"Metron institute"},"image":{"@id":"https:\/\/eauto.si\/metron-shop\/#\/schema\/logo\/image\/"},"sameAs":["https:\/\/www.facebook.com\/MetronInstitut\/","https:\/\/www.youtube.com\/channel\/UCkD45nHDQdTv1poqTrWhWxA"]}]}},"_links":{"self":[{"href":"https:\/\/eauto.si\/metron-shop\/wp-json\/wp\/v2\/product\/22791","targetHints":{"allow":["GET"]}}],"collection":[{"href":"https:\/\/eauto.si\/metron-shop\/wp-json\/wp\/v2\/product"}],"about":[{"href":"https:\/\/eauto.si\/metron-shop\/wp-json\/wp\/v2\/types\/product"}],"replies":[{"embeddable":true,"href":"https:\/\/eauto.si\/metron-shop\/wp-json\/wp\/v2\/comments?post=22791"}],"wp:featuredmedia":[{"embeddable":true,"href":"https:\/\/eauto.si\/metron-shop\/wp-json\/wp\/v2\/media\/21988"}],"wp:attachment":[{"href":"https:\/\/eauto.si\/metron-shop\/wp-json\/wp\/v2\/media?parent=22791"}],"wp:term":[{"taxonomy":"product_brand","embeddable":true,"href":"https:\/\/eauto.si\/metron-shop\/wp-json\/wp\/v2\/product_brand?post=22791"},{"taxonomy":"product_cat","embeddable":true,"href":"https:\/\/eauto.si\/metron-shop\/wp-json\/wp\/v2\/product_cat?post=22791"},{"taxonomy":"product_tag","embeddable":true,"href":"https:\/\/eauto.si\/metron-shop\/wp-json\/wp\/v2\/product_tag?post=22791"}],"curies":[{"name":"wp","href":"https:\/\/api.w.org\/{rel}","templated":true}]}}