{"id":22800,"date":"2020-02-04T14:05:51","date_gmt":"2020-02-04T13:05:51","guid":{"rendered":"https:\/\/eauto.si\/metron-shop\/product\/cs0xt-tip-2-pigtail\/"},"modified":"2026-01-15T11:48:36","modified_gmt":"2026-01-15T10:48:36","slug":"cs0xt-tip-2-pigtail","status":"publish","type":"product","link":"https:\/\/eauto.si\/metron-shop\/product\/cs0xt-tip-2-pigtail\/?lang=sl","title":{"rendered":"[CS0XT] Tip 2 &#8220;pigtail &#8220;"},"content":{"rendered":"<h3><strong>Glavne zna\u010dilnosti:<\/strong><\/h3>\n<ul>\n<li>Zasnovan za <strong>1-fazno ali 3-fazno<\/strong> polnjenje elektri\u010dnih vozil s tokovi do 3 x 32 A (22 kW), odvisno od izbire kabla.<\/li>\n<li><strong>Vgrajena funkcija daljinskega odpiranja vrat polnilne vti\u010dnice in odklepanja polnilnega vtika\u010da na Teslinih vozilih<\/strong><\/li>\n<li><strong>Kabel, zasnovan za elektri\u010dna vozila,<\/strong> <strong>VRHUNSKA kakovost<\/strong> (narejeno v Nem\u010diji)<\/li>\n<li>Spremenljive dol\u017eine kablov od 3 m do 10 m<\/li>\n<li><strong>SPIRALNI kabel<\/strong> na voljo<\/li>\n<li><strong>3-LETNA GARANCIJA<\/strong><\/li>\n<\/ul>\n<h3><strong>Prikaz delovanja namenskega Tesla gumba:<\/strong><\/h3>\n<div style=\"width: 640px;\" class=\"wp-video\"><video class=\"wp-video-shortcode\" id=\"video-22800-1\" width=\"640\" height=\"360\" preload=\"metadata\" controls=\"controls\"><source type=\"video\/mp4\" src=\"https:\/\/eauto.si\/Video\/Metron-Tesla-EN.mp4?_=1\" \/><a href=\"https:\/\/eauto.si\/Video\/Metron-Tesla-EN.mp4\">https:\/\/eauto.si\/Video\/Metron-Tesla-EN.mp4<\/a><\/video><\/div>\n<h3><strong>Tehni\u010dne specifikacije:<span id=\"transmark\"><\/span><\/strong><\/h3>\n<ul>\n<li>Vrsta vtika\u010da (na strani EV): Tip 2 (IEC 62196) \u017denski vtika\u010d<\/li>\n<li>Vrsta vtika\u010da (na strani polnilne postaje): brez<\/li>\n<li>Najve\u010dja Polnilni tok: 32 A (1-fazni ali 3-fazni), odvisno od izbranega kabla <\/li>\n<li>Najve\u010dja Polnilna mo\u010d: 7,4 (1-fazno) do 22 kW (3-fazno), odvisno od izbranega kabla <\/li>\n<li>Nazivna napetost: 230 V (1-fazna) do 400 V (3-fazna), odvisno od izbranega kabla<\/li>\n<li>Vgrajena baterija za daljinsko odpiranje polnilnih vrat in odklepanje vtika\u010da Tesla (predvidena \u017eivljenjska doba baterije: 5 let; mo\u017enost zamenjave)<\/li>\n<li>Dol\u017eina kabla: po \u017eelji stranke<\/li>\n<li>Izolacija kabla z odpornostjo na UV \u017earke, olje in ogenj<\/li>\n<li>Temperaturno obmo\u010dje delovanja: -30 \u00b0C do +50 \u00b0C<\/li>\n<li>IP stopnja za\u0161\u010dite: IP55<\/li>\n<li>Barva kabla: \u010drna ali oran\u017ena<\/li>\n<li>Te\u017ea: odvisna od dol\u017eine kabla<\/li>\n<li>Posebej razvito za polnjenje evropskih razli\u010dic elektri\u010dnih vozil Tesla, ki imajo polnilne vti\u010dnice Tip 2 in vgrajene 3-fazne polnilce (Model 3, Model S, Model X).<\/li>\n<li>Deluje z vsemi elektri\u010dnimi vozili, ki imajo polnilne vti\u010dnice Tip 2 in 1-fazne ali 3-fazne integrirane on-board polnilce, vendar polnilna mo\u010d v nobenem primeru ne bo ve\u010dja od 7,4 kW (32A\/1-fazno) ali 22 kW (32A\/3-fazno).<\/li>\n<li>Vsebuje 3V baterijo CR2032, ki jo je potrebno zamenjati na 2-4 leta. Baterija ni zajeta v garanciji! Baterija ni zajeta v garanciji!<\/li>\n<\/ul>\n","protected":false},"excerpt":{"rendered":"<div>\n<h4><strong>Ta \u201cpigtail\u201d kabel Tip 2 <em>(z vtika\u010dem na enem koncu kabla in odprtim koncem na drugi strani)<\/em>, se uporablja za vgradnjo v zidne ali samostoje\u010de polnilne postaje za polnjenje elektri\u010dnih vozil s polnilnimi vti\u010dnicami Tip 2.<\/strong><\/h4>\n<h4><strong>Vgrajeni sta dve pomembni Tesla funkciji <\/strong> (enako kot pri Tesla Supercharger in Destination charger):<\/h4>\n<ol>\n<li>\n<h4><strong>Daljinsko odpiranje vrat polnilne vti\u010dnice<\/strong><\/h4>\n<\/li>\n<li>\n<h4><strong>Odklepanje zaklepa polnilnega kabla<\/strong><\/h4>\n<\/li>\n<\/ol>\n<h4><strong>Zdru\u017eljiv z evropskimi razli\u010dicami elektri\u010dnih vozil TESLA Model 3, Model S, Model Y in Model X.<\/strong><\/h4>\n<\/div>\n<p><a class=\"mb-button mb-style-traditional mb-size-default mb-corners-default mb-text-style-default \" style=\"background-color: #2ba3c4;\" href=\"https:\/\/eauto.si\/metron-shop\/wp-content\/uploads\/Metron_Charging-cable_CC_User_Manual_SLO.pdf\">&nbsp;<i class=\"fa fa-arrow-circle-o-down\"><\/i>&nbsp; Navodila za uporabo &#8211; SI<\/a><br \/>\n<a class=\"mb-button mb-style-traditional mb-size-default mb-corners-default mb-text-style-default \" style=\"background-color: #2ba3c4;\" href=\"https:\/\/eauto.si\/metron-shop\/wp-content\/uploads\/Metron_Charging-cable_CC_User_Manual_ENG.pdf\">&nbsp;<i class=\"fa fa-arrow-circle-o-down\"><\/i>&nbsp; User manual &#8211; ENG<\/a><br \/>\n<a class=\"mb-button mb-style-traditional mb-size-default mb-corners-default mb-text-style-default \" style=\"background-color: #2ba3c4;\" href=\"https:\/\/eauto.si\/metron-shop\/wp-content\/uploads\/Metron_Charging-cable_CC_User_Manual_DE.pdf\">&nbsp;<i class=\"fa fa-arrow-circle-o-down\"><\/i>&nbsp; Bedienungsanleitungen \u2013 DE<\/a><\/p>\n","protected":false},"featured_media":22236,"comment_status":"closed","ping_status":"closed","template":"","meta":{"ngg_post_thumbnail":0},"product_brand":[],"product_cat":[1006,1019,1021],"product_tag":[1038,1057,1216,1092,1146,1156],"class_list":{"0":"post-22800","1":"product","2":"type-product","3":"status-publish","4":"has-post-thumbnail","6":"product_cat-dodatki-za-model-s-y-x-3","7":"product_cat-kabli-za-polnjenje-ev","8":"product_cat-standardni-polnilni-kabli-za-ev","9":"product_tag-3-fazno","10":"product_tag-32-a-sl-2","11":"product_tag-nadomestni-kabel-za-polnilne-postaje","12":"product_tag-polnilni-kabel-za-ev","13":"product_tag-tesla-sl","14":"product_tag-tip-2-sl-2","15":"product_shipping_class-ev-port-chargers","17":"first","18":"instock","19":"taxable","20":"shipping-taxable","21":"purchasable","22":"product-type-variable"},"yoast_head":"<!-- This site is optimized with the Yoast SEO Premium plugin v27.4 (Yoast SEO v27.4) - https:\/\/yoast.com\/product\/yoast-seo-premium-wordpress\/ -->\n<title>[CS0XT] Tip 2 &quot;pigtail &quot; - Metron Shop<\/title>\n<meta name=\"description\" content=\"Polnilni kabel Tip 2 &quot;pigtail&quot; s funkcijo daljinskega odpiranja vrat polnilne vti\u010dnice in odklepanja polnilnega vtika\u010da Teslinih vozil Namenjen za zamenjavo ali vgradnjo v zidne in samostoje\u010de polnilne postaje za polnjenje elektri\u010dnih vozil s polnilnimi vti\u010dnicami Tip 2.\" \/>\n<meta name=\"robots\" content=\"index, follow, max-snippet:-1, max-image-preview:large, max-video-preview:-1\" \/>\n<link rel=\"canonical\" href=\"https:\/\/eauto.si\/metron-shop\/product\/cs0xt-tip-2-pigtail\/\" \/>\n<meta property=\"og:locale\" content=\"en_US\" \/>\n<meta property=\"og:type\" content=\"article\" \/>\n<meta property=\"og:title\" content=\"[CS0XT] Tip 2 &quot;pigtail &quot;\" \/>\n<meta property=\"og:description\" content=\"Polnilni kabel Tip 2 &quot;pigtail&quot; s funkcijo daljinskega odpiranja vrat polnilne vti\u010dnice in odklepanja polnilnega vtika\u010da Teslinih vozil Namenjen za zamenjavo ali vgradnjo v zidne in samostoje\u010de polnilne postaje za polnjenje elektri\u010dnih vozil s polnilnimi vti\u010dnicami Tip 2.\" \/>\n<meta property=\"og:url\" content=\"https:\/\/eauto.si\/metron-shop\/product\/cs0xt-tip-2-pigtail\/?lang=sl\" \/>\n<meta property=\"og:site_name\" content=\"Metron Shop\" \/>\n<meta property=\"article:publisher\" content=\"https:\/\/www.facebook.com\/MetronInstitut\/\" \/>\n<meta property=\"article:modified_time\" content=\"2026-01-15T10:48:36+00:00\" \/>\n<meta property=\"og:image\" content=\"https:\/\/eauto.si\/metron-shop\/wp-content\/uploads\/CS05-thumb.jpg\" \/>\n\t<meta property=\"og:image:width\" content=\"1000\" \/>\n\t<meta property=\"og:image:height\" content=\"1000\" \/>\n\t<meta property=\"og:image:type\" content=\"image\/jpeg\" \/>\n<meta name=\"twitter:card\" content=\"summary_large_image\" \/>\n<meta name=\"twitter:label1\" content=\"Est. reading time\" \/>\n\t<meta name=\"twitter:data1\" content=\"1 minute\" \/>\n<script type=\"application\/ld+json\" class=\"yoast-schema-graph\">{\"@context\":\"https:\\\/\\\/schema.org\",\"@graph\":[{\"@type\":\"WebPage\",\"@id\":\"https:\\\/\\\/eauto.si\\\/metron-shop\\\/product\\\/cs0xt-tip-2-pigtail\\\/?lang=sl\",\"url\":\"https:\\\/\\\/eauto.si\\\/metron-shop\\\/product\\\/cs0xt-tip-2-pigtail\\\/?lang=sl\",\"name\":\"[CS0XT] Tip 2 \\\"pigtail \\\" - Metron Shop\",\"isPartOf\":{\"@id\":\"https:\\\/\\\/eauto.si\\\/metron-shop\\\/#website\"},\"primaryImageOfPage\":{\"@id\":\"https:\\\/\\\/eauto.si\\\/metron-shop\\\/product\\\/cs0xt-tip-2-pigtail\\\/?lang=sl#primaryimage\"},\"image\":{\"@id\":\"https:\\\/\\\/eauto.si\\\/metron-shop\\\/product\\\/cs0xt-tip-2-pigtail\\\/?lang=sl#primaryimage\"},\"thumbnailUrl\":\"https:\\\/\\\/eauto.si\\\/metron-shop\\\/wp-content\\\/uploads\\\/CS05-thumb.jpg\",\"datePublished\":\"2020-02-04T13:05:51+00:00\",\"dateModified\":\"2026-01-15T10:48:36+00:00\",\"description\":\"Polnilni kabel Tip 2 \\\"pigtail\\\" s funkcijo daljinskega odpiranja vrat polnilne vti\u010dnice in odklepanja polnilnega vtika\u010da Teslinih vozil Namenjen za zamenjavo ali vgradnjo v zidne in samostoje\u010de polnilne postaje za polnjenje elektri\u010dnih vozil s polnilnimi vti\u010dnicami Tip 2.\",\"breadcrumb\":{\"@id\":\"https:\\\/\\\/eauto.si\\\/metron-shop\\\/product\\\/cs0xt-tip-2-pigtail\\\/?lang=sl#breadcrumb\"},\"inLanguage\":\"en-US\",\"potentialAction\":[{\"@type\":\"ReadAction\",\"target\":[\"https:\\\/\\\/eauto.si\\\/metron-shop\\\/product\\\/cs0xt-tip-2-pigtail\\\/?lang=sl\"]}]},{\"@type\":\"ImageObject\",\"inLanguage\":\"en-US\",\"@id\":\"https:\\\/\\\/eauto.si\\\/metron-shop\\\/product\\\/cs0xt-tip-2-pigtail\\\/?lang=sl#primaryimage\",\"url\":\"https:\\\/\\\/eauto.si\\\/metron-shop\\\/wp-content\\\/uploads\\\/CS05-thumb.jpg\",\"contentUrl\":\"https:\\\/\\\/eauto.si\\\/metron-shop\\\/wp-content\\\/uploads\\\/CS05-thumb.jpg\",\"width\":1000,\"height\":1000},{\"@type\":\"BreadcrumbList\",\"@id\":\"https:\\\/\\\/eauto.si\\\/metron-shop\\\/product\\\/cs0xt-tip-2-pigtail\\\/?lang=sl#breadcrumb\",\"itemListElement\":[{\"@type\":\"ListItem\",\"position\":1,\"name\":\"Home\",\"item\":\"https:\\\/\\\/eauto.si\\\/metron-shop\\\/\"},{\"@type\":\"ListItem\",\"position\":2,\"name\":\"Shop\",\"item\":\"https:\\\/\\\/eauto.si\\\/metron-shop\\\/\"},{\"@type\":\"ListItem\",\"position\":3,\"name\":\"[CS0XT] Tip 2 &#8220;pigtail &#8220;\"}]},{\"@type\":\"WebSite\",\"@id\":\"https:\\\/\\\/eauto.si\\\/metron-shop\\\/#website\",\"url\":\"https:\\\/\\\/eauto.si\\\/metron-shop\\\/\",\"name\":\"Metron Shop\",\"description\":\"EV charging cables and more ...\",\"publisher\":{\"@id\":\"https:\\\/\\\/eauto.si\\\/metron-shop\\\/#organization\"},\"potentialAction\":[{\"@type\":\"SearchAction\",\"target\":{\"@type\":\"EntryPoint\",\"urlTemplate\":\"https:\\\/\\\/eauto.si\\\/metron-shop\\\/?s={search_term_string}\"},\"query-input\":{\"@type\":\"PropertyValueSpecification\",\"valueRequired\":true,\"valueName\":\"search_term_string\"}}],\"inLanguage\":\"en-US\"},{\"@type\":\"Organization\",\"@id\":\"https:\\\/\\\/eauto.si\\\/metron-shop\\\/#organization\",\"name\":\"Metron institute\",\"url\":\"https:\\\/\\\/eauto.si\\\/metron-shop\\\/\",\"logo\":{\"@type\":\"ImageObject\",\"inLanguage\":\"en-US\",\"@id\":\"https:\\\/\\\/eauto.si\\\/metron-shop\\\/#\\\/schema\\\/logo\\\/image\\\/\",\"url\":\"https:\\\/\\\/eauto.si\\\/metron-shop\\\/wp-content\\\/uploads\\\/LOGO-ENG.png\",\"contentUrl\":\"https:\\\/\\\/eauto.si\\\/metron-shop\\\/wp-content\\\/uploads\\\/LOGO-ENG.png\",\"width\":590,\"height\":272,\"caption\":\"Metron institute\"},\"image\":{\"@id\":\"https:\\\/\\\/eauto.si\\\/metron-shop\\\/#\\\/schema\\\/logo\\\/image\\\/\"},\"sameAs\":[\"https:\\\/\\\/www.facebook.com\\\/MetronInstitut\\\/\",\"https:\\\/\\\/www.youtube.com\\\/channel\\\/UCkD45nHDQdTv1poqTrWhWxA\"]}]}<\/script>\n<!-- \/ Yoast SEO Premium plugin. -->","yoast_head_json":{"title":"[CS0XT] Tip 2 \"pigtail \" - Metron Shop","description":"Polnilni kabel Tip 2 \"pigtail\" s funkcijo daljinskega odpiranja vrat polnilne vti\u010dnice in odklepanja polnilnega vtika\u010da Teslinih vozil Namenjen za zamenjavo ali vgradnjo v zidne in samostoje\u010de polnilne postaje za polnjenje elektri\u010dnih vozil s polnilnimi vti\u010dnicami Tip 2.","robots":{"index":"index","follow":"follow","max-snippet":"max-snippet:-1","max-image-preview":"max-image-preview:large","max-video-preview":"max-video-preview:-1"},"canonical":"https:\/\/eauto.si\/metron-shop\/product\/cs0xt-tip-2-pigtail\/","og_locale":"en_US","og_type":"article","og_title":"[CS0XT] Tip 2 \"pigtail \"","og_description":"Polnilni kabel Tip 2 \"pigtail\" s funkcijo daljinskega odpiranja vrat polnilne vti\u010dnice in odklepanja polnilnega vtika\u010da Teslinih vozil Namenjen za zamenjavo ali vgradnjo v zidne in samostoje\u010de polnilne postaje za polnjenje elektri\u010dnih vozil s polnilnimi vti\u010dnicami Tip 2.","og_url":"https:\/\/eauto.si\/metron-shop\/product\/cs0xt-tip-2-pigtail\/?lang=sl","og_site_name":"Metron Shop","article_publisher":"https:\/\/www.facebook.com\/MetronInstitut\/","article_modified_time":"2026-01-15T10:48:36+00:00","og_image":[{"width":1000,"height":1000,"url":"https:\/\/eauto.si\/metron-shop\/wp-content\/uploads\/CS05-thumb.jpg","type":"image\/jpeg"}],"twitter_card":"summary_large_image","twitter_misc":{"Est. reading time":"1 minute"},"schema":{"@context":"https:\/\/schema.org","@graph":[{"@type":"WebPage","@id":"https:\/\/eauto.si\/metron-shop\/product\/cs0xt-tip-2-pigtail\/?lang=sl","url":"https:\/\/eauto.si\/metron-shop\/product\/cs0xt-tip-2-pigtail\/?lang=sl","name":"[CS0XT] Tip 2 \"pigtail \" - Metron Shop","isPartOf":{"@id":"https:\/\/eauto.si\/metron-shop\/#website"},"primaryImageOfPage":{"@id":"https:\/\/eauto.si\/metron-shop\/product\/cs0xt-tip-2-pigtail\/?lang=sl#primaryimage"},"image":{"@id":"https:\/\/eauto.si\/metron-shop\/product\/cs0xt-tip-2-pigtail\/?lang=sl#primaryimage"},"thumbnailUrl":"https:\/\/eauto.si\/metron-shop\/wp-content\/uploads\/CS05-thumb.jpg","datePublished":"2020-02-04T13:05:51+00:00","dateModified":"2026-01-15T10:48:36+00:00","description":"Polnilni kabel Tip 2 \"pigtail\" s funkcijo daljinskega odpiranja vrat polnilne vti\u010dnice in odklepanja polnilnega vtika\u010da Teslinih vozil Namenjen za zamenjavo ali vgradnjo v zidne in samostoje\u010de polnilne postaje za polnjenje elektri\u010dnih vozil s polnilnimi vti\u010dnicami Tip 2.","breadcrumb":{"@id":"https:\/\/eauto.si\/metron-shop\/product\/cs0xt-tip-2-pigtail\/?lang=sl#breadcrumb"},"inLanguage":"en-US","potentialAction":[{"@type":"ReadAction","target":["https:\/\/eauto.si\/metron-shop\/product\/cs0xt-tip-2-pigtail\/?lang=sl"]}]},{"@type":"ImageObject","inLanguage":"en-US","@id":"https:\/\/eauto.si\/metron-shop\/product\/cs0xt-tip-2-pigtail\/?lang=sl#primaryimage","url":"https:\/\/eauto.si\/metron-shop\/wp-content\/uploads\/CS05-thumb.jpg","contentUrl":"https:\/\/eauto.si\/metron-shop\/wp-content\/uploads\/CS05-thumb.jpg","width":1000,"height":1000},{"@type":"BreadcrumbList","@id":"https:\/\/eauto.si\/metron-shop\/product\/cs0xt-tip-2-pigtail\/?lang=sl#breadcrumb","itemListElement":[{"@type":"ListItem","position":1,"name":"Home","item":"https:\/\/eauto.si\/metron-shop\/"},{"@type":"ListItem","position":2,"name":"Shop","item":"https:\/\/eauto.si\/metron-shop\/"},{"@type":"ListItem","position":3,"name":"[CS0XT] Tip 2 &#8220;pigtail &#8220;"}]},{"@type":"WebSite","@id":"https:\/\/eauto.si\/metron-shop\/#website","url":"https:\/\/eauto.si\/metron-shop\/","name":"Metron Shop","description":"EV charging cables and more ...","publisher":{"@id":"https:\/\/eauto.si\/metron-shop\/#organization"},"potentialAction":[{"@type":"SearchAction","target":{"@type":"EntryPoint","urlTemplate":"https:\/\/eauto.si\/metron-shop\/?s={search_term_string}"},"query-input":{"@type":"PropertyValueSpecification","valueRequired":true,"valueName":"search_term_string"}}],"inLanguage":"en-US"},{"@type":"Organization","@id":"https:\/\/eauto.si\/metron-shop\/#organization","name":"Metron institute","url":"https:\/\/eauto.si\/metron-shop\/","logo":{"@type":"ImageObject","inLanguage":"en-US","@id":"https:\/\/eauto.si\/metron-shop\/#\/schema\/logo\/image\/","url":"https:\/\/eauto.si\/metron-shop\/wp-content\/uploads\/LOGO-ENG.png","contentUrl":"https:\/\/eauto.si\/metron-shop\/wp-content\/uploads\/LOGO-ENG.png","width":590,"height":272,"caption":"Metron institute"},"image":{"@id":"https:\/\/eauto.si\/metron-shop\/#\/schema\/logo\/image\/"},"sameAs":["https:\/\/www.facebook.com\/MetronInstitut\/","https:\/\/www.youtube.com\/channel\/UCkD45nHDQdTv1poqTrWhWxA"]}]}},"_links":{"self":[{"href":"https:\/\/eauto.si\/metron-shop\/wp-json\/wp\/v2\/product\/22800","targetHints":{"allow":["GET"]}}],"collection":[{"href":"https:\/\/eauto.si\/metron-shop\/wp-json\/wp\/v2\/product"}],"about":[{"href":"https:\/\/eauto.si\/metron-shop\/wp-json\/wp\/v2\/types\/product"}],"replies":[{"embeddable":true,"href":"https:\/\/eauto.si\/metron-shop\/wp-json\/wp\/v2\/comments?post=22800"}],"wp:featuredmedia":[{"embeddable":true,"href":"https:\/\/eauto.si\/metron-shop\/wp-json\/wp\/v2\/media\/22236"}],"wp:attachment":[{"href":"https:\/\/eauto.si\/metron-shop\/wp-json\/wp\/v2\/media?parent=22800"}],"wp:term":[{"taxonomy":"product_brand","embeddable":true,"href":"https:\/\/eauto.si\/metron-shop\/wp-json\/wp\/v2\/product_brand?post=22800"},{"taxonomy":"product_cat","embeddable":true,"href":"https:\/\/eauto.si\/metron-shop\/wp-json\/wp\/v2\/product_cat?post=22800"},{"taxonomy":"product_tag","embeddable":true,"href":"https:\/\/eauto.si\/metron-shop\/wp-json\/wp\/v2\/product_tag?post=22800"}],"curies":[{"name":"wp","href":"https:\/\/api.w.org\/{rel}","templated":true}]}}