{"id":22864,"date":"2023-10-19T10:48:25","date_gmt":"2023-10-19T08:48:25","guid":{"rendered":"https:\/\/eauto.si\/metron-shop\/product\/v2l-hk-vehicle-to-load-v2l-adapter-za-elektricna-vozila-kia\/"},"modified":"2025-09-02T11:44:40","modified_gmt":"2025-09-02T09:44:40","slug":"v2l-hk-vehicle-to-load-v2l-adapter-za-elektricna-vozila-kia","status":"publish","type":"product","link":"https:\/\/eauto.si\/metron-shop\/product\/v2l-hk-vehicle-to-load-v2l-adapter-za-elektricna-vozila-kia\/?lang=sl","title":{"rendered":"[V2L-HK] Vehicle-To-Load (V2L) adapter za elektri\u010dna vozila Hyundai \/ Kia"},"content":{"rendered":"<h3><strong>Glavne zna\u010dilnosti:<\/strong><\/h3>\n<ul>\n<li><strong>KOMPAKTNA ALL-IN-A PLUG oblika &#8211; BREZ kabla med vozilom in izhodno vti\u010dnico<\/strong><\/li>\n<li><strong>Najvi\u0161ja izhodna mo\u010d do 3.7 kW<\/strong> (odvisno od izhodne vti\u010dnice)<\/li>\n<li><strong>Vgrajena LED za enostavno obve\u0161\u010danje uporabnika o prisotni napetosti v izhodni vti\u010dnici<\/strong><\/li>\n<li><strong>\u010ce uporabljate V2L-HK skupaj z Metron prenosnim EV polnilcem, lahko iz va\u0161ega Hyundai\/Kia vozila, polnite tudi druga elektri\u010dna vozila.<\/strong><\/li>\n<li>Odporen na vse vremenske pogoje<\/li>\n<\/ul>\n<h3><strong>Tehni\u010dne specifikacije:<\/strong><\/h3>\n<ul>\n<li><strong>Tip vti\u010dnice (stran vozila): Tip&nbsp; 2<\/strong> (IEC 62196) \u017eenski vtika\u010d<\/li>\n<li><strong>Vrste izhodne vti\u010dnice (stran porabnika): tip F<\/strong> (\u0161uko) ali <strong>tip G<\/strong> (UK) ali ostale na zahtevo<\/li>\n<li>Najvi\u0161ji stalni izhodni tok: <strong>16 A (13 A pri tip G)<\/strong><\/li>\n<li>Najve\u010dja izhodna mo\u010d (1-fazno): 3,7 kW<strong><\/strong> <\/li>\n<li>Nazivna napetost (1-fazna): 230 V<\/li>\n<li>Vgrajena LED za prikaz prisotnosti izhodne napetosti<\/li>\n<li>Barva: \u010crna (pri ve\u010djih koli\u010dinah lahko ponudimo tudi druge barve)<\/li>\n<li>UV odpornost<\/li>\n<li>Temperaturno obmo\u010dje delovanja: -40 \u00b0C do 50 \u00b0C (izpostavljeno soncu)<\/li>\n<li>IP stopnja za\u0161\u010dite: IP44<\/li>\n<li>Dimenzije [max. premer \/ dol\u017eina]: 70 mm \/ 280 mm<\/li>\n<li>Masa: 440 g<\/li>\n<li>Skladno z IEC 61851<\/li>\n<li>CE certifikat<\/li>\n<li>Garancija: 3 leta<\/li>\n<\/ul>\n<h3><a class=\"mb-button mb-style-raised mb-size-small mb-corners-default mb-text-style-heavy \" style=\"background-color: #8a5189;\" href=\"https:\/\/eauto.si\/metron-shop\/wp-content\/uploads\/Declaration-of-conformity-V2L19102023-CE-mark.pdf\"><i class=\"fa fa-edit\"><\/i>IZJAVA O SKLADNOSTI EU<\/a><\/h3>\n<h3><strong>Skladnost<\/strong><\/h3>\n<p>V2L-HK adapter lahko deluje le z elektri\u010dnimi vozili Hyundai\/Kia. Ne bo delovali pri ostalih elektri\u010dnih vozilih.<\/p>\n<h3><strong>Zelena proizvodnja<\/strong><\/h3>\n<p>Vsi na\u0161i izdelki so narejeni na oglji\u010dno nevtralen na\u010din s pomo\u010djo <a href=\"https:\/\/eauto.si\/en\/projects\/sustainable-energy-cycle\/\">\u201ctrajnostnega energetskega kroga\u201d<\/a>. <a href=\"https:\/\/eauto.si\/en\/about-us\/sustainable-production\/\">Proizvodni obrat, kjer izdelujemo polnilne kable<\/a> in prenosne polnilne postaje je prvi popolnoma trajnostni proizvodni obrat polnilnih kablov za elektri\u010dna vozila.  Vso energijo, ki je potrebna za ogrevanje in hlajenje stavbe, proizvodni proces ter prevoz blaga in zaposlene (razen dostave te\u017ekih materialov s tovornjaki), proizvajata dve fotovoltai\u010dni elektrarni, shranjuje pa se v \u0161tirih baterijskih zalogovnikih. Da bi skraj\u0161ali dobavne poti in podprli lokalno gospodarstvo, so skoraj vse komponente, ki jih uporabljamo (kabli, vtika\u010di), proizvedene v EU. Z nakupom na\u0161ih izdelkov prispevate k razvoju trajnostnega gospodarstva.<\/p>\n<h3><strong>OPOZORILO:<\/strong><\/h3>\n<p>Metron\u00ae na nikakr\u0161en na\u010din ni povezan s podjetjem Hyundai ali Kia. Nikakor ne navajamo ali namigujemo, da so proizvodi, ki jih prodaja Metron\u00ae odobreni s strani ali povezani s podjetjem Hyundai ali Kia. Vsa uporabljena proizvodna imena, simboli in opis na na\u0161ih slikah in besedilih se uporabljajo le v prepoznavne namene.<\/p>\n<p>&nbsp;<\/p>\n","protected":false},"excerpt":{"rendered":"<p class=\"ai-optimize-31\"><span style=\"color: #027a9f;\">Adapter V2L-HK je zasnovan za napajanje razli\u010dnih standardnih elektri\u010dnih naprav s standardnimi gospodinjskimi vti\u010di (elektri\u010dno orodje, \u0161tedilniki, pe\u010dice, hladilniki, lu\u010di, ra\u010dunalniki, polnjenje elektri\u010dnih koles\/skuterjev\/itd. in druge elektri\u010dne naprave) iz elektri\u010dnih vozil Hyundai in Kia, ki imajo vgrajen sistem V2L (vehicle-to-load).<\/span><\/p>\n<p class=\"ai-optimize-32\">\n <a class=\"mb-button mb-style-traditional mb-size-default mb-corners-default mb-text-style-default \" style=\"background-color: #2ba3c4;\" href=\"https:\/\/eauto.si\/metron-shop\/wp-content\/uploads\/Metron_Adapter_V2L-HK_User_Manual_SLO.pdf\">&nbsp;<i class=\"fa fa-arrow-circle-o-down\"><\/i>&nbsp; Uporabni\u0161ki priro\u010dnik &#8211; SI<\/a><br \/>\n<a class=\"mb-button mb-style-traditional mb-size-default mb-corners-default mb-text-style-default \" style=\"background-color: #2ba3c4;\" href=\"https:\/\/eauto.si\/metron-shop\/wp-content\/uploads\/Metron_Adapter_V2L-HK_User_Manual_ENG.pdf\">&nbsp;<i class=\"fa fa-arrow-circle-o-down\"><\/i>&nbsp; User manual &#8211; ENG<\/a><br \/>\n<a class=\"mb-button mb-style-traditional mb-size-default mb-corners-default mb-text-style-default \" style=\"background-color: #2ba3c4;\" href=\"https:\/\/eauto.si\/metron-shop\/wp-content\/uploads\/Metron_Adapter_V2L-HK_User_Manual_DE.pdf\">&nbsp;<i class=\"fa fa-arrow-circle-o-down\"><\/i>&nbsp; Bedienungsanleitung &#8211; DE<\/a><\/p>\n","protected":false},"featured_media":25075,"comment_status":"closed","ping_status":"closed","template":"","meta":{"ngg_post_thumbnail":0},"product_brand":[],"product_cat":[1031],"product_tag":[1034,1054,1167,1156,1160,1161],"class_list":{"0":"post-22864","1":"product","2":"type-product","3":"status-publish","4":"has-post-thumbnail","6":"product_cat-napajanje-iz-vozila","7":"product_tag-1-x-suko","8":"product_tag-16a-sl","9":"product_tag-napajanje-iz-vozila","10":"product_tag-tip-2-sl-2","11":"product_tag-tip-e","12":"product_tag-tip-f","13":"product_shipping_class-ev-adapters","15":"first","16":"instock","17":"featured","18":"taxable","19":"shipping-taxable","20":"purchasable","21":"product-type-variable"},"yoast_head":"<!-- This site is optimized with the Yoast SEO Premium plugin v27.6 (Yoast SEO v27.6) - https:\/\/yoast.com\/product\/yoast-seo-premium-wordpress\/ -->\n<title>[V2L-HK] Vehicle-To-Load (V2L) adapter za elektri\u010dna vozila Hyundai \/ Kia - Metron Shop<\/title>\n<meta name=\"description\" content=\"Vehicle to load adapter, ki se uporablja za napajanje naprav iz va\u0161ega vozila. Trenutno so tak\u0161na vozila KIA EV6 in Hyundai Ioniq\" \/>\n<meta name=\"robots\" content=\"index, follow, max-snippet:-1, max-image-preview:large, max-video-preview:-1\" \/>\n<link rel=\"canonical\" href=\"https:\/\/eauto.si\/metron-shop\/product\/v2l-hk-vehicle-to-load-v2l-adapter-za-elektricna-vozila-kia\/\" \/>\n<meta property=\"og:locale\" content=\"en_US\" \/>\n<meta property=\"og:type\" content=\"article\" \/>\n<meta property=\"og:title\" content=\"[V2L-HK] Vehicle-To-Load (V2L) adapter za elektri\u010dna vozila Hyundai \/ Kia\" \/>\n<meta property=\"og:description\" content=\"Vehicle to load adapter, ki se uporablja za napajanje naprav iz va\u0161ega vozila. Trenutno so tak\u0161na vozila KIA EV6 in Hyundai Ioniq\" \/>\n<meta property=\"og:url\" content=\"https:\/\/eauto.si\/metron-shop\/product\/v2l-hk-vehicle-to-load-v2l-adapter-za-elektricna-vozila-kia\/?lang=sl\" \/>\n<meta property=\"og:site_name\" content=\"Metron Shop\" \/>\n<meta property=\"article:publisher\" content=\"https:\/\/www.facebook.com\/MetronInstitut\/\" \/>\n<meta property=\"article:modified_time\" content=\"2025-09-02T09:44:40+00:00\" \/>\n<meta property=\"og:image\" content=\"https:\/\/eauto.si\/metron-shop\/wp-content\/uploads\/V2L-HK-2.jpg\" \/>\n\t<meta property=\"og:image:width\" content=\"800\" \/>\n\t<meta property=\"og:image:height\" content=\"800\" \/>\n\t<meta property=\"og:image:type\" content=\"image\/jpeg\" \/>\n<meta name=\"twitter:card\" content=\"summary_large_image\" \/>\n<meta name=\"twitter:label1\" content=\"Est. reading time\" \/>\n\t<meta name=\"twitter:data1\" content=\"2 minutes\" \/>\n<script type=\"application\/ld+json\" class=\"yoast-schema-graph\">{\"@context\":\"https:\\\/\\\/schema.org\",\"@graph\":[{\"@type\":\"WebPage\",\"@id\":\"https:\\\/\\\/eauto.si\\\/metron-shop\\\/product\\\/v2l-hk-vehicle-to-load-v2l-adapter-za-elektricna-vozila-kia\\\/?lang=sl\",\"url\":\"https:\\\/\\\/eauto.si\\\/metron-shop\\\/product\\\/v2l-hk-vehicle-to-load-v2l-adapter-za-elektricna-vozila-kia\\\/?lang=sl\",\"name\":\"[V2L-HK] Vehicle-To-Load (V2L) adapter za elektri\u010dna vozila Hyundai \\\/ Kia - Metron Shop\",\"isPartOf\":{\"@id\":\"https:\\\/\\\/eauto.si\\\/metron-shop\\\/#website\"},\"primaryImageOfPage\":{\"@id\":\"https:\\\/\\\/eauto.si\\\/metron-shop\\\/product\\\/v2l-hk-vehicle-to-load-v2l-adapter-za-elektricna-vozila-kia\\\/?lang=sl#primaryimage\"},\"image\":{\"@id\":\"https:\\\/\\\/eauto.si\\\/metron-shop\\\/product\\\/v2l-hk-vehicle-to-load-v2l-adapter-za-elektricna-vozila-kia\\\/?lang=sl#primaryimage\"},\"thumbnailUrl\":\"https:\\\/\\\/eauto.si\\\/metron-shop\\\/wp-content\\\/uploads\\\/V2L-HK-2.jpg\",\"datePublished\":\"2023-10-19T08:48:25+00:00\",\"dateModified\":\"2025-09-02T09:44:40+00:00\",\"description\":\"Vehicle to load adapter, ki se uporablja za napajanje naprav iz va\u0161ega vozila. Trenutno so tak\u0161na vozila KIA EV6 in Hyundai Ioniq\",\"breadcrumb\":{\"@id\":\"https:\\\/\\\/eauto.si\\\/metron-shop\\\/product\\\/v2l-hk-vehicle-to-load-v2l-adapter-za-elektricna-vozila-kia\\\/?lang=sl#breadcrumb\"},\"inLanguage\":\"en-US\",\"potentialAction\":[{\"@type\":\"ReadAction\",\"target\":[\"https:\\\/\\\/eauto.si\\\/metron-shop\\\/product\\\/v2l-hk-vehicle-to-load-v2l-adapter-za-elektricna-vozila-kia\\\/?lang=sl\"]}]},{\"@type\":\"ImageObject\",\"inLanguage\":\"en-US\",\"@id\":\"https:\\\/\\\/eauto.si\\\/metron-shop\\\/product\\\/v2l-hk-vehicle-to-load-v2l-adapter-za-elektricna-vozila-kia\\\/?lang=sl#primaryimage\",\"url\":\"https:\\\/\\\/eauto.si\\\/metron-shop\\\/wp-content\\\/uploads\\\/V2L-HK-2.jpg\",\"contentUrl\":\"https:\\\/\\\/eauto.si\\\/metron-shop\\\/wp-content\\\/uploads\\\/V2L-HK-2.jpg\",\"width\":800,\"height\":800},{\"@type\":\"BreadcrumbList\",\"@id\":\"https:\\\/\\\/eauto.si\\\/metron-shop\\\/product\\\/v2l-hk-vehicle-to-load-v2l-adapter-za-elektricna-vozila-kia\\\/?lang=sl#breadcrumb\",\"itemListElement\":[{\"@type\":\"ListItem\",\"position\":1,\"name\":\"Home\",\"item\":\"https:\\\/\\\/eauto.si\\\/metron-shop\\\/\"},{\"@type\":\"ListItem\",\"position\":2,\"name\":\"Shop\",\"item\":\"https:\\\/\\\/eauto.si\\\/metron-shop\\\/\"},{\"@type\":\"ListItem\",\"position\":3,\"name\":\"[V2L-HK] Vehicle-To-Load (V2L) adapter za elektri\u010dna vozila Hyundai \\\/ Kia\"}]},{\"@type\":\"WebSite\",\"@id\":\"https:\\\/\\\/eauto.si\\\/metron-shop\\\/#website\",\"url\":\"https:\\\/\\\/eauto.si\\\/metron-shop\\\/\",\"name\":\"Metron Shop\",\"description\":\"EV charging cables and more ...\",\"publisher\":{\"@id\":\"https:\\\/\\\/eauto.si\\\/metron-shop\\\/#organization\"},\"potentialAction\":[{\"@type\":\"SearchAction\",\"target\":{\"@type\":\"EntryPoint\",\"urlTemplate\":\"https:\\\/\\\/eauto.si\\\/metron-shop\\\/?s={search_term_string}\"},\"query-input\":{\"@type\":\"PropertyValueSpecification\",\"valueRequired\":true,\"valueName\":\"search_term_string\"}}],\"inLanguage\":\"en-US\"},{\"@type\":\"Organization\",\"@id\":\"https:\\\/\\\/eauto.si\\\/metron-shop\\\/#organization\",\"name\":\"Metron institute\",\"url\":\"https:\\\/\\\/eauto.si\\\/metron-shop\\\/\",\"logo\":{\"@type\":\"ImageObject\",\"inLanguage\":\"en-US\",\"@id\":\"https:\\\/\\\/eauto.si\\\/metron-shop\\\/#\\\/schema\\\/logo\\\/image\\\/\",\"url\":\"https:\\\/\\\/eauto.si\\\/metron-shop\\\/wp-content\\\/uploads\\\/LOGO-ENG.png\",\"contentUrl\":\"https:\\\/\\\/eauto.si\\\/metron-shop\\\/wp-content\\\/uploads\\\/LOGO-ENG.png\",\"width\":590,\"height\":272,\"caption\":\"Metron institute\"},\"image\":{\"@id\":\"https:\\\/\\\/eauto.si\\\/metron-shop\\\/#\\\/schema\\\/logo\\\/image\\\/\"},\"sameAs\":[\"https:\\\/\\\/www.facebook.com\\\/MetronInstitut\\\/\",\"https:\\\/\\\/www.youtube.com\\\/channel\\\/UCkD45nHDQdTv1poqTrWhWxA\"]}]}<\/script>\n<!-- \/ Yoast SEO Premium plugin. -->","yoast_head_json":{"title":"[V2L-HK] Vehicle-To-Load (V2L) adapter za elektri\u010dna vozila Hyundai \/ Kia - Metron Shop","description":"Vehicle to load adapter, ki se uporablja za napajanje naprav iz va\u0161ega vozila. Trenutno so tak\u0161na vozila KIA EV6 in Hyundai Ioniq","robots":{"index":"index","follow":"follow","max-snippet":"max-snippet:-1","max-image-preview":"max-image-preview:large","max-video-preview":"max-video-preview:-1"},"canonical":"https:\/\/eauto.si\/metron-shop\/product\/v2l-hk-vehicle-to-load-v2l-adapter-za-elektricna-vozila-kia\/","og_locale":"en_US","og_type":"article","og_title":"[V2L-HK] Vehicle-To-Load (V2L) adapter za elektri\u010dna vozila Hyundai \/ Kia","og_description":"Vehicle to load adapter, ki se uporablja za napajanje naprav iz va\u0161ega vozila. Trenutno so tak\u0161na vozila KIA EV6 in Hyundai Ioniq","og_url":"https:\/\/eauto.si\/metron-shop\/product\/v2l-hk-vehicle-to-load-v2l-adapter-za-elektricna-vozila-kia\/?lang=sl","og_site_name":"Metron Shop","article_publisher":"https:\/\/www.facebook.com\/MetronInstitut\/","article_modified_time":"2025-09-02T09:44:40+00:00","og_image":[{"width":800,"height":800,"url":"https:\/\/eauto.si\/metron-shop\/wp-content\/uploads\/V2L-HK-2.jpg","type":"image\/jpeg"}],"twitter_card":"summary_large_image","twitter_misc":{"Est. reading time":"2 minutes"},"schema":{"@context":"https:\/\/schema.org","@graph":[{"@type":"WebPage","@id":"https:\/\/eauto.si\/metron-shop\/product\/v2l-hk-vehicle-to-load-v2l-adapter-za-elektricna-vozila-kia\/?lang=sl","url":"https:\/\/eauto.si\/metron-shop\/product\/v2l-hk-vehicle-to-load-v2l-adapter-za-elektricna-vozila-kia\/?lang=sl","name":"[V2L-HK] Vehicle-To-Load (V2L) adapter za elektri\u010dna vozila Hyundai \/ Kia - Metron Shop","isPartOf":{"@id":"https:\/\/eauto.si\/metron-shop\/#website"},"primaryImageOfPage":{"@id":"https:\/\/eauto.si\/metron-shop\/product\/v2l-hk-vehicle-to-load-v2l-adapter-za-elektricna-vozila-kia\/?lang=sl#primaryimage"},"image":{"@id":"https:\/\/eauto.si\/metron-shop\/product\/v2l-hk-vehicle-to-load-v2l-adapter-za-elektricna-vozila-kia\/?lang=sl#primaryimage"},"thumbnailUrl":"https:\/\/eauto.si\/metron-shop\/wp-content\/uploads\/V2L-HK-2.jpg","datePublished":"2023-10-19T08:48:25+00:00","dateModified":"2025-09-02T09:44:40+00:00","description":"Vehicle to load adapter, ki se uporablja za napajanje naprav iz va\u0161ega vozila. Trenutno so tak\u0161na vozila KIA EV6 in Hyundai Ioniq","breadcrumb":{"@id":"https:\/\/eauto.si\/metron-shop\/product\/v2l-hk-vehicle-to-load-v2l-adapter-za-elektricna-vozila-kia\/?lang=sl#breadcrumb"},"inLanguage":"en-US","potentialAction":[{"@type":"ReadAction","target":["https:\/\/eauto.si\/metron-shop\/product\/v2l-hk-vehicle-to-load-v2l-adapter-za-elektricna-vozila-kia\/?lang=sl"]}]},{"@type":"ImageObject","inLanguage":"en-US","@id":"https:\/\/eauto.si\/metron-shop\/product\/v2l-hk-vehicle-to-load-v2l-adapter-za-elektricna-vozila-kia\/?lang=sl#primaryimage","url":"https:\/\/eauto.si\/metron-shop\/wp-content\/uploads\/V2L-HK-2.jpg","contentUrl":"https:\/\/eauto.si\/metron-shop\/wp-content\/uploads\/V2L-HK-2.jpg","width":800,"height":800},{"@type":"BreadcrumbList","@id":"https:\/\/eauto.si\/metron-shop\/product\/v2l-hk-vehicle-to-load-v2l-adapter-za-elektricna-vozila-kia\/?lang=sl#breadcrumb","itemListElement":[{"@type":"ListItem","position":1,"name":"Home","item":"https:\/\/eauto.si\/metron-shop\/"},{"@type":"ListItem","position":2,"name":"Shop","item":"https:\/\/eauto.si\/metron-shop\/"},{"@type":"ListItem","position":3,"name":"[V2L-HK] Vehicle-To-Load (V2L) adapter za elektri\u010dna vozila Hyundai \/ Kia"}]},{"@type":"WebSite","@id":"https:\/\/eauto.si\/metron-shop\/#website","url":"https:\/\/eauto.si\/metron-shop\/","name":"Metron Shop","description":"EV charging cables and more ...","publisher":{"@id":"https:\/\/eauto.si\/metron-shop\/#organization"},"potentialAction":[{"@type":"SearchAction","target":{"@type":"EntryPoint","urlTemplate":"https:\/\/eauto.si\/metron-shop\/?s={search_term_string}"},"query-input":{"@type":"PropertyValueSpecification","valueRequired":true,"valueName":"search_term_string"}}],"inLanguage":"en-US"},{"@type":"Organization","@id":"https:\/\/eauto.si\/metron-shop\/#organization","name":"Metron institute","url":"https:\/\/eauto.si\/metron-shop\/","logo":{"@type":"ImageObject","inLanguage":"en-US","@id":"https:\/\/eauto.si\/metron-shop\/#\/schema\/logo\/image\/","url":"https:\/\/eauto.si\/metron-shop\/wp-content\/uploads\/LOGO-ENG.png","contentUrl":"https:\/\/eauto.si\/metron-shop\/wp-content\/uploads\/LOGO-ENG.png","width":590,"height":272,"caption":"Metron institute"},"image":{"@id":"https:\/\/eauto.si\/metron-shop\/#\/schema\/logo\/image\/"},"sameAs":["https:\/\/www.facebook.com\/MetronInstitut\/","https:\/\/www.youtube.com\/channel\/UCkD45nHDQdTv1poqTrWhWxA"]}]}},"_links":{"self":[{"href":"https:\/\/eauto.si\/metron-shop\/wp-json\/wp\/v2\/product\/22864","targetHints":{"allow":["GET"]}}],"collection":[{"href":"https:\/\/eauto.si\/metron-shop\/wp-json\/wp\/v2\/product"}],"about":[{"href":"https:\/\/eauto.si\/metron-shop\/wp-json\/wp\/v2\/types\/product"}],"replies":[{"embeddable":true,"href":"https:\/\/eauto.si\/metron-shop\/wp-json\/wp\/v2\/comments?post=22864"}],"wp:featuredmedia":[{"embeddable":true,"href":"https:\/\/eauto.si\/metron-shop\/wp-json\/wp\/v2\/media\/25075"}],"wp:attachment":[{"href":"https:\/\/eauto.si\/metron-shop\/wp-json\/wp\/v2\/media?parent=22864"}],"wp:term":[{"taxonomy":"product_brand","embeddable":true,"href":"https:\/\/eauto.si\/metron-shop\/wp-json\/wp\/v2\/product_brand?post=22864"},{"taxonomy":"product_cat","embeddable":true,"href":"https:\/\/eauto.si\/metron-shop\/wp-json\/wp\/v2\/product_cat?post=22864"},{"taxonomy":"product_tag","embeddable":true,"href":"https:\/\/eauto.si\/metron-shop\/wp-json\/wp\/v2\/product_tag?post=22864"}],"curies":[{"name":"wp","href":"https:\/\/api.w.org\/{rel}","templated":true}]}}