{"id":22874,"date":"2022-12-02T14:12:28","date_gmt":"2022-12-02T13:12:28","guid":{"rendered":"https:\/\/eauto.si\/metron-shop\/product\/r-3fd-3-brezzicna-enota-za-dinamicno-polnjenje-ev\/"},"modified":"2025-03-07T14:06:43","modified_gmt":"2025-03-07T13:06:43","slug":"r-3fd-3-brezzicna-enota-za-dinamicno-polnjenje-ev","status":"publish","type":"product","link":"https:\/\/eauto.si\/metron-shop\/product\/r-3fd-3-brezzicna-enota-za-dinamicno-polnjenje-ev\/?lang=sl","title":{"rendered":"3FD-3 brez\u017ei\u010dna enota za dinami\u010dno polnjenje EV"},"content":{"rendered":"<h3><strong>Glavne zna\u010dilnosti:<\/strong><\/h3>\n<ul>\n<li style=\"text-align: justify;\"><strong>\u0160\u010diti glavne hi\u0161ne varovalke z BREZ\u017dI\u010cNIM dinami\u010dnim nadzorom mo\u010di\/hitrosti polenjenja elektri\u010dnega vozila<\/strong><\/li>\n<li style=\"text-align: justify;\"><strong>Dodaja mo\u010d son\u010dne elektrarne, da pove\u010da mo\u010d\/hitrost polnjenja<\/strong><\/li>\n<li style=\"text-align: justify;\"><strong>Upravlja polnjenje ob VI\u0160KIH SON\u010cNE ELEKTRARNE<\/strong><\/li>\n<li style=\"text-align: justify;\"><strong>Upravlja polnilne prioritete<\/strong> nadzorovanih polnilnih postaj<\/li>\n<li style=\"text-align: justify;\"><strong>Po\u0161ilja trenutne podatke o tokovih\/mo\u010deh objekta in son\u010dne elektrarne<\/strong> vsem nadzorovanim polnilnim postajam<\/li>\n<li style=\"text-align: justify;\"><strong>ENA 3FD-3<\/strong> enota lahko nadzoruje <strong> do 150 Metronovih pametnih polnilnih postaj z vgrajenimi sprejemniki<\/strong>&nbsp; (prenosne ali zidne)<\/li>\n<li style=\"text-align: justify;\"><strong>Univerzalen &#8211; <\/strong>narejen za <strong>1-fazne in 3-fazne<\/strong> sisteme<\/li>\n<li style=\"text-align: justify;\"><strong>Poseben 100% lasten Metronov <\/strong><strong>algoritem za dinami\u010den nadzor polnilne mo\u010di<\/strong><\/li>\n<li style=\"text-align: justify;\"><strong>WiFi<\/strong> dostopna to\u010dka s prednalo\u017eeno <strong>METRON aplikacijo za dinami\u010dni nadzor polnjenja<\/strong> (spreminjanje nastavitev, ogled trenute mo\u010di in porabe objekta ter son\u010dne elektrarne, povezava z WiFi mre\u017eo,\u2026)<\/li>\n<li style=\"text-align: justify;\"><strong>OTA <\/strong> (over-the-air) <strong>posodobitve <\/strong> (preko WiFi) za <strong>aplikacijo za dinami\u010den nadzor polnjenja<\/strong><\/li>\n<\/ul>\n<h3>&nbsp;<\/h3>\n<h3><strong>POSEBNA lastnost:<\/strong><\/h3>\n<p style=\"text-align: justify;\">\u010ce uporabljate<strong> SMART PORTABLE CHARGING STATION(s)<\/strong> PC03X+ \/ PC04X+ \/ PC05X+ na dveh ali ve\u010d razli\u010dnih lokacijah (npr. imate dve hi\u0161i), lahko namestite <strong>3FD-3 DYNAMIC EV CHARGING UNITs<\/strong> na dveh ali ve\u010d razli\u010dnih lokacijah (npr. dve hi\u0161i) z razli\u010dnimi glavnimi varovalkami in nato samo premaknete\/uporabite isto SMART PORTABLE CHARGING STATION na teh razli\u010dnih lokacijah in imate povsod <strong>varno brez\u017ei\u010dno DYNAMIC CHARGING FUSE za\u0161\u010dito. <\/strong> <strong>Pametna prenosna polnilna postaja se na<\/strong> <strong>vsaki lokaciji<\/strong> <strong>samodejno pove\u017ee z<\/strong> <strong>enoto za dinami\u010dno polnjenje elektri\u010dnih vozil 3FD-3 DYNAMIC EV CHARGING UNIT<\/strong>.<\/p>\n<p>&nbsp;<\/p>\n<h3><strong>Tehni\u010dne specifikacije:<\/strong><\/h3>\n<ul>\n<li><strong>Podprte glavne hi\u0161ne varovalke: do 1000A <\/strong>(pri varovalkah nad 100A je potrebno uporabite druga\u010dne tokovne senzorje, za ve\u010d informacij nas prosim kontaktirajte)<\/li>\n<li style=\"text-align: justify;\">Nazivna napetost (1-fazno): 230V<\/li>\n<li style=\"text-align: justify;\">Napetostno obmo\u010dje delovanja (1-fazno): od 90V do 270V (50\/60Hz)<\/li>\n<li style=\"text-align: justify;\">Poraba v mirovanju: 2 W<\/li>\n<li style=\"text-align: justify;\"><strong>Poleg dobite tudi tokovne senzorje: 4 enote<\/strong> z mo\u017enostjo meritve tokov do 100A (v primeru vi\u0161jih tokov nas kontaktirajte)<\/li>\n<li style=\"text-align: justify;\">Za\u0161\u010dita pred visoko napetostnimi odprtimi sponkami na tokovnih senzorjih: DA, popolnoma varno za monterje<\/li>\n<li style=\"text-align: justify;\"><strong>Domet brez\u017ei\u010dnega signala: do 500m<\/strong> z vgrajeno anteno in <strong>do 2000m<\/strong> z dodatnimi antenami (prosim pokli\u010dite nas, \u010de potrebujete dodatne antene)<\/li>\n<li style=\"text-align: justify;\">Delovna frekvenca: 433 MHz<\/li>\n<li style=\"text-align: justify;\">\u0160tevilo mo\u017enih radio frekven\u010dnih (RF) kanalov: 25<\/li>\n<li style=\"text-align: justify;\"><strong>Podpira OTA (over-the-air) posodobitve sistemske programske opreme aplikacije za dinami\u010dni nadzor polnjenja<\/strong><\/li>\n<li style=\"text-align: justify;\">Podprti WiFi standardi: IEEE 802.11b\/g\/n<\/li>\n<li style=\"text-align: justify;\"><strong>WiFi hitrost: do 150 Mbit\/s<\/strong><\/li>\n<li style=\"text-align: justify;\">WiFi varnost: WPA2<\/li>\n<li style=\"text-align: justify;\">Domet WiFi signala: do 20 m<\/li>\n<li style=\"text-align: justify;\"><strong>Omogo\u010da povezavo 3FD-3 enote z lokalno WiFi mre\u017eo in omogo\u010da 3FD-3 enoti internetni dostop v WiFi routerju<\/strong> (napredni uporabniki)<\/li>\n<li style=\"text-align: justify;\">Monta\u017ea 3FD-3 enote: skladno z DIN letvijo<\/li>\n<li style=\"text-align: justify;\">Temperaturno obmo\u010dje delovanja: -30 \u00b0C do 50 \u00b0C<\/li>\n<li style=\"text-align: justify;\">CE certifikat<\/li>\n<li style=\"text-align: justify;\">Garancija: 2 leti<\/li>\n<\/ul>\n<h3><strong>Postopek posodabljanja programske opreme prek spleta (OTA):<\/strong><\/h3>\n<p><strong>Za brez\u017ei\u010dni dinami\u010dni modul 3FD-3 ali 3DF-3.1:<\/strong><\/p>\n<ul>\n<li>V aplikaciji Metron Dynamic Power Control pojdite v meni &#8220;Settings&#8221; (Nastavitve).<\/li>\n<li>v oknu za posodobitev OTA pritisnite gumb &#8220;Start OTA update&#8221;<\/li>\n<li>za uporabni\u0161ko ime vnesite &#8220;metron&#8221;, za geslo pa &#8220;20dgfh11&#8221;.<\/li>\n<li>Najnovej\u0161a razli\u010dica vdelane programske opreme je na voljo tukaj: <a href=\"https:\/\/eauto.si\/OTA\/3FD-3_WiFi_Dynamic_Power_Control.bin\">https:\/\/eauto.si\/OTA\/3FD-3_WiFi_Dynamic_Power_Control.bin<\/a><\/li>\n<\/ul>\n<p><strong><span style=\"color: #ff0000;\">POZOR<\/span>: <\/strong>Posodobitev OTA je na voljo samo z aplikacijo Metron Dynamic Power Control razli\u010dice v3.20 ali vi\u0161je. Za posodobitev starej\u0161ih razli\u010dic brez\u017ei\u010dnih dinami\u010dnih modulov 3FD-3 ali 3FD-3.1 morate enoto le prinesti ali poslati na naslov Metron, Podnart 33, 4244 Podnart, Slovenija. Posodobitev je brezpla\u010dna.  <\/p>\n<h3 style=\"text-align: justify;\"><strong>Zelena proizvodnja<\/strong><\/h3>\n<p style=\"text-align: justify;\">Vsi na\u0161i izdelki so proizvedeni na oglji\u010dno nevtralen na\u010din z uporabo metode <a href=\"https:\/\/eauto.si\/en\/projects\/sustainable-energy-cycle\/\">&#8220;trajnostnega energetskega cikla&#8221;<\/a>. <a href=\"https:\/\/eauto.si\/en\/about-us\/sustainable-production\/\">Proizvodni obrat, v katerem izdelujemo polnilne kable<\/a> in prenosne polnilce, je prvi popolnoma trajnostni proizvodni obrat za polnilne kable za elektri\u010dna vozila. Vso energijo, ki je potrebna za ogrevanje in hlajenje stavbe, proizvodni proces ter prevoz blaga in zaposlene (razen dostave te\u017ekih materialov s tovornjaki), proizvajata dve fotovoltai\u010dni elektrarni, shranjuje pa se v \u0161tirih baterijskih zalogovnikih. Da bi skraj\u0161ali dobavne poti in podprli lokalno gospodarstvo, so skoraj vse komponente, ki jih uporabljamo (kabli, vtika\u010di), proizvedene v EU. Z nakupom na\u0161ih izdelkov prispevate k razvoju trajnostnega gospodarstva.<\/p>\n","protected":false},"excerpt":{"rendered":"<p style=\"text-align: justify;\"><strong>METRON 3FD-3 enota za dinami\u010dno polnjenje EV v povezavi s PAMETNO METRON prenosno ali stensko polnilno postajo omogo\u010da brez\u017ei\u010dno DINAMI\u010cNO UPRAVLJANJE POLNJENJA (DLM) za za\u0161\u010dito GLAVNIH VAROVALK pri polnjenju va\u0161ega elektri\u010dnega vozila. Poleg tega doda<\/strong> <strong>mo\u010d son\u010dne elektrarne, da pove\u010da polnilno mo\u010d\/hitrost,<\/strong><strong> upravlja polnjenje z VI\u0160KI SON\u010cNE ELEKTRARNE in<\/strong><strong> polnilne prioritete na nadzorovanih polnilnih postajah.<\/strong><\/p>\n<p><strong>&nbsp; &nbsp; &nbsp;<\/strong><a class=\"mb-button mb-style-traditional mb-size-default mb-corners-default mb-text-style-default \" style=\"background-color: #2ba3c4;\" href=\"https:\/\/eauto.si\/metron-shop\/wp-content\/uploads\/Metron-CHARGING-STATION-WiFi-QUICK-INSTALLATION-GUIDE-SLO.pdf\">Navodila za monta\u017eo<\/a><\/p>\n","protected":false},"featured_media":22071,"comment_status":"closed","ping_status":"closed","template":"","meta":{"ngg_post_thumbnail":0},"product_brand":[],"product_cat":[1027,1032],"product_tag":[1038,1090,1156],"class_list":{"0":"post-22874","1":"product","2":"type-product","3":"status-publish","4":"has-post-thumbnail","6":"product_cat-pametni-prenosni-polnilci-za-ev","7":"product_cat-stenske-polnilne-postaje-za-ev","8":"product_tag-3-fazno","9":"product_tag-prenosni-polnilec-za-ev","10":"product_tag-tip-2-sl-2","11":"product_shipping_class-ev-port-chargers","13":"first","14":"instock","15":"featured","16":"taxable","17":"shipping-taxable","18":"purchasable","19":"product-type-simple"},"yoast_head":"<!-- This site is optimized with the Yoast SEO Premium plugin v27.6 (Yoast SEO v27.6) - https:\/\/yoast.com\/product\/yoast-seo-premium-wordpress\/ -->\n<title>3FD-3 brez\u017ei\u010dna enota za dinami\u010dno polnjenje EV - Metron Shop<\/title>\n<meta name=\"robots\" content=\"index, follow, max-snippet:-1, max-image-preview:large, max-video-preview:-1\" \/>\n<link rel=\"canonical\" href=\"https:\/\/eauto.si\/metron-shop\/product\/r-3fd-3-brezzicna-enota-za-dinamicno-polnjenje-ev\/\" \/>\n<meta property=\"og:locale\" content=\"en_US\" \/>\n<meta property=\"og:type\" content=\"article\" \/>\n<meta property=\"og:title\" content=\"3FD-3 brez\u017ei\u010dna enota za dinami\u010dno polnjenje EV\" \/>\n<meta property=\"og:description\" content=\"METRON 3FD-3 enota za dinami\u010dno polnjenje EV v povezavi s PAMETNO METRON prenosno ali stensko polnilno postajo omogo\u010da brez\u017ei\u010dno DINAMI\u010cNO UPRAVLJANJE POLNJENJA (DLM) za za\u0161\u010dito GLAVNIH VAROVALK pri polnjenju va\u0161ega elektri\u010dnega vozila. Poleg tega doda mo\u010d son\u010dne elektrarne, da pove\u010da polnilno mo\u010d\/hitrost, upravlja polnjenje z VI\u0160KI SON\u010cNE ELEKTRARNE in polnilne prioritete na nadzorovanih polnilnih postajah. &nbsp; &nbsp; &nbsp;Navodila za monta\u017eo\" \/>\n<meta property=\"og:url\" content=\"https:\/\/eauto.si\/metron-shop\/product\/r-3fd-3-brezzicna-enota-za-dinamicno-polnjenje-ev\/?lang=sl\" \/>\n<meta property=\"og:site_name\" content=\"Metron Shop\" \/>\n<meta property=\"article:publisher\" content=\"https:\/\/www.facebook.com\/MetronInstitut\/\" \/>\n<meta property=\"article:modified_time\" content=\"2025-03-07T13:06:43+00:00\" \/>\n<meta property=\"og:image\" content=\"https:\/\/eauto.si\/metron-shop\/wp-content\/uploads\/R-3FD-2-current_sensors_naslovna.jpg\" \/>\n\t<meta property=\"og:image:width\" content=\"800\" \/>\n\t<meta property=\"og:image:height\" content=\"800\" \/>\n\t<meta property=\"og:image:type\" content=\"image\/jpeg\" \/>\n<meta name=\"twitter:card\" content=\"summary_large_image\" \/>\n<meta name=\"twitter:label1\" content=\"Est. reading time\" \/>\n\t<meta name=\"twitter:data1\" content=\"3 minutes\" \/>\n<script type=\"application\/ld+json\" class=\"yoast-schema-graph\">{\"@context\":\"https:\\\/\\\/schema.org\",\"@graph\":[{\"@type\":\"WebPage\",\"@id\":\"https:\\\/\\\/eauto.si\\\/metron-shop\\\/product\\\/r-3fd-3-brezzicna-enota-za-dinamicno-polnjenje-ev\\\/?lang=sl\",\"url\":\"https:\\\/\\\/eauto.si\\\/metron-shop\\\/product\\\/r-3fd-3-brezzicna-enota-za-dinamicno-polnjenje-ev\\\/?lang=sl\",\"name\":\"3FD-3 brez\u017ei\u010dna enota za dinami\u010dno polnjenje EV - Metron Shop\",\"isPartOf\":{\"@id\":\"https:\\\/\\\/eauto.si\\\/metron-shop\\\/#website\"},\"primaryImageOfPage\":{\"@id\":\"https:\\\/\\\/eauto.si\\\/metron-shop\\\/product\\\/r-3fd-3-brezzicna-enota-za-dinamicno-polnjenje-ev\\\/?lang=sl#primaryimage\"},\"image\":{\"@id\":\"https:\\\/\\\/eauto.si\\\/metron-shop\\\/product\\\/r-3fd-3-brezzicna-enota-za-dinamicno-polnjenje-ev\\\/?lang=sl#primaryimage\"},\"thumbnailUrl\":\"https:\\\/\\\/eauto.si\\\/metron-shop\\\/wp-content\\\/uploads\\\/R-3FD-2-current_sensors_naslovna.jpg\",\"datePublished\":\"2022-12-02T13:12:28+00:00\",\"dateModified\":\"2025-03-07T13:06:43+00:00\",\"breadcrumb\":{\"@id\":\"https:\\\/\\\/eauto.si\\\/metron-shop\\\/product\\\/r-3fd-3-brezzicna-enota-za-dinamicno-polnjenje-ev\\\/?lang=sl#breadcrumb\"},\"inLanguage\":\"en-US\",\"potentialAction\":[{\"@type\":\"ReadAction\",\"target\":[\"https:\\\/\\\/eauto.si\\\/metron-shop\\\/product\\\/r-3fd-3-brezzicna-enota-za-dinamicno-polnjenje-ev\\\/?lang=sl\"]}]},{\"@type\":\"ImageObject\",\"inLanguage\":\"en-US\",\"@id\":\"https:\\\/\\\/eauto.si\\\/metron-shop\\\/product\\\/r-3fd-3-brezzicna-enota-za-dinamicno-polnjenje-ev\\\/?lang=sl#primaryimage\",\"url\":\"https:\\\/\\\/eauto.si\\\/metron-shop\\\/wp-content\\\/uploads\\\/R-3FD-2-current_sensors_naslovna.jpg\",\"contentUrl\":\"https:\\\/\\\/eauto.si\\\/metron-shop\\\/wp-content\\\/uploads\\\/R-3FD-2-current_sensors_naslovna.jpg\",\"width\":800,\"height\":800},{\"@type\":\"BreadcrumbList\",\"@id\":\"https:\\\/\\\/eauto.si\\\/metron-shop\\\/product\\\/r-3fd-3-brezzicna-enota-za-dinamicno-polnjenje-ev\\\/?lang=sl#breadcrumb\",\"itemListElement\":[{\"@type\":\"ListItem\",\"position\":1,\"name\":\"Home\",\"item\":\"https:\\\/\\\/eauto.si\\\/metron-shop\\\/\"},{\"@type\":\"ListItem\",\"position\":2,\"name\":\"Shop\",\"item\":\"https:\\\/\\\/eauto.si\\\/metron-shop\\\/\"},{\"@type\":\"ListItem\",\"position\":3,\"name\":\"3FD-3 brez\u017ei\u010dna enota za dinami\u010dno polnjenje EV\"}]},{\"@type\":\"WebSite\",\"@id\":\"https:\\\/\\\/eauto.si\\\/metron-shop\\\/#website\",\"url\":\"https:\\\/\\\/eauto.si\\\/metron-shop\\\/\",\"name\":\"Metron Shop\",\"description\":\"EV charging cables and more ...\",\"publisher\":{\"@id\":\"https:\\\/\\\/eauto.si\\\/metron-shop\\\/#organization\"},\"potentialAction\":[{\"@type\":\"SearchAction\",\"target\":{\"@type\":\"EntryPoint\",\"urlTemplate\":\"https:\\\/\\\/eauto.si\\\/metron-shop\\\/?s={search_term_string}\"},\"query-input\":{\"@type\":\"PropertyValueSpecification\",\"valueRequired\":true,\"valueName\":\"search_term_string\"}}],\"inLanguage\":\"en-US\"},{\"@type\":\"Organization\",\"@id\":\"https:\\\/\\\/eauto.si\\\/metron-shop\\\/#organization\",\"name\":\"Metron institute\",\"url\":\"https:\\\/\\\/eauto.si\\\/metron-shop\\\/\",\"logo\":{\"@type\":\"ImageObject\",\"inLanguage\":\"en-US\",\"@id\":\"https:\\\/\\\/eauto.si\\\/metron-shop\\\/#\\\/schema\\\/logo\\\/image\\\/\",\"url\":\"https:\\\/\\\/eauto.si\\\/metron-shop\\\/wp-content\\\/uploads\\\/LOGO-ENG.png\",\"contentUrl\":\"https:\\\/\\\/eauto.si\\\/metron-shop\\\/wp-content\\\/uploads\\\/LOGO-ENG.png\",\"width\":590,\"height\":272,\"caption\":\"Metron institute\"},\"image\":{\"@id\":\"https:\\\/\\\/eauto.si\\\/metron-shop\\\/#\\\/schema\\\/logo\\\/image\\\/\"},\"sameAs\":[\"https:\\\/\\\/www.facebook.com\\\/MetronInstitut\\\/\",\"https:\\\/\\\/www.youtube.com\\\/channel\\\/UCkD45nHDQdTv1poqTrWhWxA\"]}]}<\/script>\n<!-- \/ Yoast SEO Premium plugin. -->","yoast_head_json":{"title":"3FD-3 brez\u017ei\u010dna enota za dinami\u010dno polnjenje EV - Metron Shop","robots":{"index":"index","follow":"follow","max-snippet":"max-snippet:-1","max-image-preview":"max-image-preview:large","max-video-preview":"max-video-preview:-1"},"canonical":"https:\/\/eauto.si\/metron-shop\/product\/r-3fd-3-brezzicna-enota-za-dinamicno-polnjenje-ev\/","og_locale":"en_US","og_type":"article","og_title":"3FD-3 brez\u017ei\u010dna enota za dinami\u010dno polnjenje EV","og_description":"METRON 3FD-3 enota za dinami\u010dno polnjenje EV v povezavi s PAMETNO METRON prenosno ali stensko polnilno postajo omogo\u010da brez\u017ei\u010dno DINAMI\u010cNO UPRAVLJANJE POLNJENJA (DLM) za za\u0161\u010dito GLAVNIH VAROVALK pri polnjenju va\u0161ega elektri\u010dnega vozila. Poleg tega doda mo\u010d son\u010dne elektrarne, da pove\u010da polnilno mo\u010d\/hitrost, upravlja polnjenje z VI\u0160KI SON\u010cNE ELEKTRARNE in polnilne prioritete na nadzorovanih polnilnih postajah. &nbsp; &nbsp; &nbsp;Navodila za monta\u017eo","og_url":"https:\/\/eauto.si\/metron-shop\/product\/r-3fd-3-brezzicna-enota-za-dinamicno-polnjenje-ev\/?lang=sl","og_site_name":"Metron Shop","article_publisher":"https:\/\/www.facebook.com\/MetronInstitut\/","article_modified_time":"2025-03-07T13:06:43+00:00","og_image":[{"width":800,"height":800,"url":"https:\/\/eauto.si\/metron-shop\/wp-content\/uploads\/R-3FD-2-current_sensors_naslovna.jpg","type":"image\/jpeg"}],"twitter_card":"summary_large_image","twitter_misc":{"Est. reading time":"3 minutes"},"schema":{"@context":"https:\/\/schema.org","@graph":[{"@type":"WebPage","@id":"https:\/\/eauto.si\/metron-shop\/product\/r-3fd-3-brezzicna-enota-za-dinamicno-polnjenje-ev\/?lang=sl","url":"https:\/\/eauto.si\/metron-shop\/product\/r-3fd-3-brezzicna-enota-za-dinamicno-polnjenje-ev\/?lang=sl","name":"3FD-3 brez\u017ei\u010dna enota za dinami\u010dno polnjenje EV - Metron Shop","isPartOf":{"@id":"https:\/\/eauto.si\/metron-shop\/#website"},"primaryImageOfPage":{"@id":"https:\/\/eauto.si\/metron-shop\/product\/r-3fd-3-brezzicna-enota-za-dinamicno-polnjenje-ev\/?lang=sl#primaryimage"},"image":{"@id":"https:\/\/eauto.si\/metron-shop\/product\/r-3fd-3-brezzicna-enota-za-dinamicno-polnjenje-ev\/?lang=sl#primaryimage"},"thumbnailUrl":"https:\/\/eauto.si\/metron-shop\/wp-content\/uploads\/R-3FD-2-current_sensors_naslovna.jpg","datePublished":"2022-12-02T13:12:28+00:00","dateModified":"2025-03-07T13:06:43+00:00","breadcrumb":{"@id":"https:\/\/eauto.si\/metron-shop\/product\/r-3fd-3-brezzicna-enota-za-dinamicno-polnjenje-ev\/?lang=sl#breadcrumb"},"inLanguage":"en-US","potentialAction":[{"@type":"ReadAction","target":["https:\/\/eauto.si\/metron-shop\/product\/r-3fd-3-brezzicna-enota-za-dinamicno-polnjenje-ev\/?lang=sl"]}]},{"@type":"ImageObject","inLanguage":"en-US","@id":"https:\/\/eauto.si\/metron-shop\/product\/r-3fd-3-brezzicna-enota-za-dinamicno-polnjenje-ev\/?lang=sl#primaryimage","url":"https:\/\/eauto.si\/metron-shop\/wp-content\/uploads\/R-3FD-2-current_sensors_naslovna.jpg","contentUrl":"https:\/\/eauto.si\/metron-shop\/wp-content\/uploads\/R-3FD-2-current_sensors_naslovna.jpg","width":800,"height":800},{"@type":"BreadcrumbList","@id":"https:\/\/eauto.si\/metron-shop\/product\/r-3fd-3-brezzicna-enota-za-dinamicno-polnjenje-ev\/?lang=sl#breadcrumb","itemListElement":[{"@type":"ListItem","position":1,"name":"Home","item":"https:\/\/eauto.si\/metron-shop\/"},{"@type":"ListItem","position":2,"name":"Shop","item":"https:\/\/eauto.si\/metron-shop\/"},{"@type":"ListItem","position":3,"name":"3FD-3 brez\u017ei\u010dna enota za dinami\u010dno polnjenje EV"}]},{"@type":"WebSite","@id":"https:\/\/eauto.si\/metron-shop\/#website","url":"https:\/\/eauto.si\/metron-shop\/","name":"Metron Shop","description":"EV charging cables and more ...","publisher":{"@id":"https:\/\/eauto.si\/metron-shop\/#organization"},"potentialAction":[{"@type":"SearchAction","target":{"@type":"EntryPoint","urlTemplate":"https:\/\/eauto.si\/metron-shop\/?s={search_term_string}"},"query-input":{"@type":"PropertyValueSpecification","valueRequired":true,"valueName":"search_term_string"}}],"inLanguage":"en-US"},{"@type":"Organization","@id":"https:\/\/eauto.si\/metron-shop\/#organization","name":"Metron institute","url":"https:\/\/eauto.si\/metron-shop\/","logo":{"@type":"ImageObject","inLanguage":"en-US","@id":"https:\/\/eauto.si\/metron-shop\/#\/schema\/logo\/image\/","url":"https:\/\/eauto.si\/metron-shop\/wp-content\/uploads\/LOGO-ENG.png","contentUrl":"https:\/\/eauto.si\/metron-shop\/wp-content\/uploads\/LOGO-ENG.png","width":590,"height":272,"caption":"Metron institute"},"image":{"@id":"https:\/\/eauto.si\/metron-shop\/#\/schema\/logo\/image\/"},"sameAs":["https:\/\/www.facebook.com\/MetronInstitut\/","https:\/\/www.youtube.com\/channel\/UCkD45nHDQdTv1poqTrWhWxA"]}]}},"_links":{"self":[{"href":"https:\/\/eauto.si\/metron-shop\/wp-json\/wp\/v2\/product\/22874","targetHints":{"allow":["GET"]}}],"collection":[{"href":"https:\/\/eauto.si\/metron-shop\/wp-json\/wp\/v2\/product"}],"about":[{"href":"https:\/\/eauto.si\/metron-shop\/wp-json\/wp\/v2\/types\/product"}],"replies":[{"embeddable":true,"href":"https:\/\/eauto.si\/metron-shop\/wp-json\/wp\/v2\/comments?post=22874"}],"wp:featuredmedia":[{"embeddable":true,"href":"https:\/\/eauto.si\/metron-shop\/wp-json\/wp\/v2\/media\/22071"}],"wp:attachment":[{"href":"https:\/\/eauto.si\/metron-shop\/wp-json\/wp\/v2\/media?parent=22874"}],"wp:term":[{"taxonomy":"product_brand","embeddable":true,"href":"https:\/\/eauto.si\/metron-shop\/wp-json\/wp\/v2\/product_brand?post=22874"},{"taxonomy":"product_cat","embeddable":true,"href":"https:\/\/eauto.si\/metron-shop\/wp-json\/wp\/v2\/product_cat?post=22874"},{"taxonomy":"product_tag","embeddable":true,"href":"https:\/\/eauto.si\/metron-shop\/wp-json\/wp\/v2\/product_tag?post=22874"}],"curies":[{"name":"wp","href":"https:\/\/api.w.org\/{rel}","templated":true}]}}