{"id":22942,"date":"2021-11-12T14:21:21","date_gmt":"2021-11-12T13:21:21","guid":{"rendered":"https:\/\/eauto.si\/metron-shop\/product\/pc03c-13a-1-fazna-kompaktna-prenosna-polnilna-postaja\/"},"modified":"2026-02-04T13:40:33","modified_gmt":"2026-02-04T12:40:33","slug":"pc03c-13a-1-fazna-kompaktna-prenosna-polnilna-postaja","status":"publish","type":"product","link":"https:\/\/eauto.si\/metron-shop\/product\/pc03c-13a-1-fazna-kompaktna-prenosna-polnilna-postaja\/?lang=sl","title":{"rendered":"PC03C &#8211; 13A \/ 1-fazni"},"content":{"rendered":"<h1><strong>Glavne zna\u010dilnosti:<\/strong><\/h1>\n<ul>\n<li>Kompaktna oblika z vgrajeno RCD enoto v vtika\u010du<\/li>\n<li>ALL-IN-A PLUG oblika \u2013 BREZ velike \u0161katle na kablu<\/li>\n<li>100% lasten Metron &nbsp;komunikacijski modul EVSE<\/li>\n<li>Zasnovan za 1-fazno polnjenje elektri\u010dnih vozil v Mode 2 na\u010dinu s tokovi do 13A<\/li>\n<li>Prilagodljiv polnilni tok (6A, 8A, 10A in 13A)<\/li>\n<li>Polnilni tok se lahko spreminja &nbsp;tudi med polnjenjem<\/li>\n<li>Vrhunska kakovost kabla (narejen v Nem\u010diji)<\/li>\n<li>Mo\u017enost izbire vrste vtika\u010da z vgrajeno RCD za\u0161\u010dito&nbsp;<\/li>\n<li>Razli\u010dne dol\u017eine kabla: od 3m do 20m<\/li>\n<li>Odporen proti de\u017eju<strong><span style=\"color: #993366;\"><em><br \/>\n<\/em><\/span><\/strong><\/li>\n<\/ul>\n<h1><strong>Lastnosti kabla:<\/strong><\/h1>\n<ul>\n<li>Odpornost na mikrobe, olje, prah in vodo<\/li>\n<li>Posebna zasnova kabla za dalj\u0161o \u017eivljenjsko dobo<\/li>\n<li>Gibljiv pri nizkih temperaturah (temp. obmo\u010dje: -25\u00b0C do 80\u00b0C)<\/li>\n<li>Odpornost na ve\u010dje mehanske obremenitve, zlasti na drgnjenje in drsenje.<\/li>\n<\/ul>\n<p><em>Opomba: Velja samo za izolirani kabel, ne za elektroniko.<\/em><\/p>\n<p><a class=\"mb-button mb-style-raised mb-size-small mb-corners-default mb-text-style-heavy \" style=\"background-color: #8a5189;\" href=\"https:\/\/eauto.si\/metron-shop\/wp-content\/uploads\/Declaration-of-conformity-PC15102020-CE-mark.pdf\"> <i class=\"fa fa-edit\"><\/i>IZJAVA O SKLADNOSTI EU<\/a><\/p>\n<h1> <a class=\"mb-button mb-style-raised mb-size-small mb-corners-default mb-text-style-heavy \" style=\"background-color: #8a5189;\" href=\"https:\/\/eauto.si\/metron-shop\/wp-content\/uploads\/SIQ-TEST-REPORT-IEC-61851-1-2017.pdf\"> <i class=\"fa fa-edit\"><\/i>PORO\u010cILO O PREIZKUSU SIQ &#8211; PREDOGLED<\/a><br \/>\n<strong>Tehni\u010dne specifikacije:<\/strong><\/h1>\n<ul>\n<li>Tip vtika\u010da (stran vozila): Tip 2 (IEC 62196) \u017eenski vtika\u010d<\/li>\n<li>Vrsta vtika\u010da (stenska vti\u010dnica\/stran omre\u017eja): po \u017eelji (tip G, tip F)<\/li>\n<li>Najve\u010dja polnilna mo\u010d: 13 A \/ 3.0 kW (1-fazno) <\/li>\n<li>Nastavljiv polnilni tok: 6A, 8A, 10A ali13A<\/li>\n<li>Nastavljeni polnilni tok ostane&nbsp;shranjen v notranjem spominu tudi, ko&nbsp; je naprava izklju\u010dena iz vti\u010dnice&nbsp;<\/li>\n<li>Nazivna napetost: 230V (1-fazno)<\/li>\n<li>Obratovalna napetost: od 180V do 270V (50\/60Hz)<\/li>\n<li>Mikro EVSE v vtika\u010du &#8211; METRON komunikacijski modul<\/li>\n<li>Izredno natan\u010dna in temperaturno neodvisna kvar\u010dno krmiljena komunikacijska frekvenca&nbsp;&nbsp;<\/li>\n<li>Informacije za uporabnika preko modre LED<\/li>\n<li>Dol\u017eina kabla: po \u017eelji stranke<\/li>\n<li>Izolacija kabla z odpornostjo na UV \u017earke, olje in ogenj<\/li>\n<li>Diferen\u010dna za\u0161\u010dita: RCD 30mA Type A<\/li>\n<li>RCD je potrebno vklju\u010diti vsaki\u010d, ko se vstavi v vti\u010dnico<\/li>\n<li>PC03C ni na voljo brez RCD!<\/li>\n<li>Temperaturno obmo\u010dje delovanja: -30 \u00b0C do 50 \u00b0C (pri polni izpostavljenosti soncu)<\/li>\n<li>Izbirna integrirana samodejna za\u0161\u010dita pred pregrevanjem s funkcijo SOFT-OFF, ki \u0161\u010diti doma\u010do vti\u010dnico pred pregrevanjem.<\/li>\n<li>Stopnja za\u0161\u010dite IP: IP54 (odporno na de\u017eevnico)<\/li>\n<li>Barva kabla: oran\u017ena ali \u010drna<\/li>\n<li>Te\u017ea: odvisna od dol\u017eine kabla<\/li>\n<li>Opomba za Renault Zoe: Obi\u010dajno deluje tudi z Renault Zoe, vendar je ta avtomobil ob\u010dutljiv na omre\u017eje, zato ne moremo zagotoviti 100-odstotne zdru\u017eljivosti s starej\u0161imi modeli.<\/li>\n<li>Skladno z IEC 61851<\/li>\n<li>CE certifikat<\/li>\n<li>Garancija: 2 leti<\/li>\n<\/ul>\n","protected":false},"excerpt":{"rendered":"<p><strong>KOMPAKTEN PRENOSNI EV POLNILEC za polnjenje elektri\u010dnih vozil s tip 2 vti\u010dnico iz vsake klasi\u010dne hi\u0161ne ali industrijske vti\u010dnice (230V napetost) &#8211; podpira polnjenje s tokovi do 13A (do 3.0kW polnilne mo\u010di). Vsebuje RCD (30 mA, tip A) vgrajen v stenskem vtika\u010du.<\/strong><\/p>\n<p>&nbsp;<br \/>\n <a class=\"mb-button mb-style-traditional mb-size-default mb-corners-default mb-text-style-default \" style=\"background-color: #2ba3c4;\" href=\"https:\/\/eauto.si\/metron-shop\/wp-content\/uploads\/Metron_PC03_Navodila_za_uporabo_SLO.pdf\">&nbsp;<i class=\"fa fa-arrow-circle-o-down\"><\/i>&nbsp; Navodila za uporabo &#8211; SI<\/a> <a class=\"mb-button mb-style-traditional mb-size-default mb-corners-default mb-text-style-default \" style=\"background-color: #2ba3c4;\" href=\"https:\/\/eauto.si\/metron-shop\/wp-content\/uploads\/Metron_PC03_User_Manual_ENG.pdf\">&nbsp;<i class=\"fa fa-arrow-circle-o-down\"><\/i>&nbsp; User manual &#8211; ENG<\/a> <a class=\"mb-button mb-style-traditional mb-size-default mb-corners-default mb-text-style-default \" style=\"background-color: #2ba3c4;\" href=\"https:\/\/eauto.si\/metron-shop\/wp-content\/uploads\/Metron_PC03_User_Manual_DE.pdf\">&nbsp;<i class=\"fa fa-arrow-circle-o-down\"><\/i>&nbsp; Bedienungsanleitungen &#8211; DE<\/a><br \/>\n <a class=\"mb-button mb-style-traditional mb-size-default mb-corners-default mb-text-style-default \" style=\"background-color: #2ba3c4;\" href=\"https:\/\/eauto.si\/metron-shop\/wp-content\/uploads\/Metron_PC03_PC04-in-PC05_Upute_za_uporabo_rev.0_WEB.pdf\">&nbsp;<i class=\"fa fa-arrow-circle-o-down\"><\/i>&nbsp; Upute za uporabu &#8211; HR<\/a> <a class=\"mb-button mb-style-traditional mb-size-default mb-corners-default mb-text-style-default \" style=\"background-color: #2ba3c4;\" href=\"https:\/\/eauto.si\/metron-shop\/wp-content\/uploads\/Metron_PC03_PC04-in-PC05_Istruzini-duso_rev.2_WEB.pdf\">&nbsp;<i class=\"fa fa-arrow-circle-o-down\"><\/i>&nbsp; Istruzini d&#8217;uso &#8211; ITA<\/a><\/p>\n","protected":false},"featured_media":22092,"comment_status":"closed","ping_status":"closed","template":"","meta":{"ngg_post_thumbnail":0},"product_brand":[],"product_cat":[1295],"product_tag":[1035,1051,1294,1106,1092,1090,1156],"class_list":{"0":"post-22942","1":"product","2":"type-product","3":"status-publish","4":"has-post-thumbnail","6":"product_cat-prenosne-polnilnice-za-ev","7":"product_tag-1-fazno","8":"product_tag-13-a-sl","9":"product_tag-ev-prenosna-polnilna-postaja","10":"product_tag-integriran-rcd","11":"product_tag-polnilni-kabel-za-ev","12":"product_tag-prenosni-polnilec-za-ev","13":"product_tag-tip-2-sl-2","14":"product_shipping_class-ev-port-chargers","16":"first","17":"instock","18":"taxable","19":"shipping-taxable","20":"purchasable","21":"product-type-variable"},"yoast_head":"<!-- This site is optimized with the Yoast SEO Premium plugin v27.6 (Yoast SEO v27.6) - https:\/\/yoast.com\/product\/yoast-seo-premium-wordpress\/ -->\n<title>PC03C - 13A \/ 1-fazni - Metron Shop<\/title>\n<meta name=\"description\" content=\"Tip 2 EV prenosni polnilec, omejen na 13A in z vgrajeno RCD za\u0161\u010dito tipa A. Na voljo s tip F (EU) ali tip G (UK) vtika\u010dem.\" \/>\n<meta name=\"robots\" content=\"index, follow, max-snippet:-1, max-image-preview:large, max-video-preview:-1\" \/>\n<link rel=\"canonical\" href=\"https:\/\/eauto.si\/metron-shop\/product\/pc03c-13a-1-fazna-kompaktna-prenosna-polnilna-postaja\/\" \/>\n<meta property=\"og:locale\" content=\"en_US\" \/>\n<meta property=\"og:type\" content=\"article\" \/>\n<meta property=\"og:title\" content=\"PC03C - 13A \/ 1-fazni\" \/>\n<meta property=\"og:description\" content=\"Tip 2 EV prenosni polnilec, omejen na 13A in z vgrajeno RCD za\u0161\u010dito tipa A. Na voljo s tip F (EU) ali tip G (UK) vtika\u010dem.\" \/>\n<meta property=\"og:url\" content=\"https:\/\/eauto.si\/metron-shop\/product\/pc03c-13a-1-fazna-kompaktna-prenosna-polnilna-postaja\/?lang=sl\" \/>\n<meta property=\"og:site_name\" content=\"Metron Shop\" \/>\n<meta property=\"article:publisher\" content=\"https:\/\/www.facebook.com\/MetronInstitut\/\" \/>\n<meta property=\"article:modified_time\" content=\"2026-02-04T12:40:33+00:00\" \/>\n<meta property=\"og:image\" content=\"https:\/\/eauto.si\/metron-shop\/wp-content\/uploads\/PC03C_thumbnail.jpg\" \/>\n\t<meta property=\"og:image:width\" content=\"800\" \/>\n\t<meta property=\"og:image:height\" content=\"800\" \/>\n\t<meta property=\"og:image:type\" content=\"image\/jpeg\" \/>\n<meta name=\"twitter:card\" content=\"summary_large_image\" \/>\n<meta name=\"twitter:label1\" content=\"Est. reading time\" \/>\n\t<meta name=\"twitter:data1\" content=\"3 minutes\" \/>\n<script type=\"application\/ld+json\" class=\"yoast-schema-graph\">{\"@context\":\"https:\\\/\\\/schema.org\",\"@graph\":[{\"@type\":\"WebPage\",\"@id\":\"https:\\\/\\\/eauto.si\\\/metron-shop\\\/product\\\/pc03c-13a-1-fazna-kompaktna-prenosna-polnilna-postaja\\\/?lang=sl\",\"url\":\"https:\\\/\\\/eauto.si\\\/metron-shop\\\/product\\\/pc03c-13a-1-fazna-kompaktna-prenosna-polnilna-postaja\\\/?lang=sl\",\"name\":\"PC03C - 13A \\\/ 1-fazni - Metron Shop\",\"isPartOf\":{\"@id\":\"https:\\\/\\\/eauto.si\\\/metron-shop\\\/#website\"},\"primaryImageOfPage\":{\"@id\":\"https:\\\/\\\/eauto.si\\\/metron-shop\\\/product\\\/pc03c-13a-1-fazna-kompaktna-prenosna-polnilna-postaja\\\/?lang=sl#primaryimage\"},\"image\":{\"@id\":\"https:\\\/\\\/eauto.si\\\/metron-shop\\\/product\\\/pc03c-13a-1-fazna-kompaktna-prenosna-polnilna-postaja\\\/?lang=sl#primaryimage\"},\"thumbnailUrl\":\"https:\\\/\\\/eauto.si\\\/metron-shop\\\/wp-content\\\/uploads\\\/PC03C_thumbnail.jpg\",\"datePublished\":\"2021-11-12T13:21:21+00:00\",\"dateModified\":\"2026-02-04T12:40:33+00:00\",\"description\":\"Tip 2 EV prenosni polnilec, omejen na 13A in z vgrajeno RCD za\u0161\u010dito tipa A. Na voljo s tip F (EU) ali tip G (UK) vtika\u010dem.\",\"breadcrumb\":{\"@id\":\"https:\\\/\\\/eauto.si\\\/metron-shop\\\/product\\\/pc03c-13a-1-fazna-kompaktna-prenosna-polnilna-postaja\\\/?lang=sl#breadcrumb\"},\"inLanguage\":\"en-US\",\"potentialAction\":[{\"@type\":\"ReadAction\",\"target\":[\"https:\\\/\\\/eauto.si\\\/metron-shop\\\/product\\\/pc03c-13a-1-fazna-kompaktna-prenosna-polnilna-postaja\\\/?lang=sl\"]}]},{\"@type\":\"ImageObject\",\"inLanguage\":\"en-US\",\"@id\":\"https:\\\/\\\/eauto.si\\\/metron-shop\\\/product\\\/pc03c-13a-1-fazna-kompaktna-prenosna-polnilna-postaja\\\/?lang=sl#primaryimage\",\"url\":\"https:\\\/\\\/eauto.si\\\/metron-shop\\\/wp-content\\\/uploads\\\/PC03C_thumbnail.jpg\",\"contentUrl\":\"https:\\\/\\\/eauto.si\\\/metron-shop\\\/wp-content\\\/uploads\\\/PC03C_thumbnail.jpg\",\"width\":800,\"height\":800},{\"@type\":\"BreadcrumbList\",\"@id\":\"https:\\\/\\\/eauto.si\\\/metron-shop\\\/product\\\/pc03c-13a-1-fazna-kompaktna-prenosna-polnilna-postaja\\\/?lang=sl#breadcrumb\",\"itemListElement\":[{\"@type\":\"ListItem\",\"position\":1,\"name\":\"Home\",\"item\":\"https:\\\/\\\/eauto.si\\\/metron-shop\\\/\"},{\"@type\":\"ListItem\",\"position\":2,\"name\":\"Shop\",\"item\":\"https:\\\/\\\/eauto.si\\\/metron-shop\\\/\"},{\"@type\":\"ListItem\",\"position\":3,\"name\":\"PC03C &#8211; 13A \\\/ 1-fazni\"}]},{\"@type\":\"WebSite\",\"@id\":\"https:\\\/\\\/eauto.si\\\/metron-shop\\\/#website\",\"url\":\"https:\\\/\\\/eauto.si\\\/metron-shop\\\/\",\"name\":\"Metron Shop\",\"description\":\"EV charging cables and more ...\",\"publisher\":{\"@id\":\"https:\\\/\\\/eauto.si\\\/metron-shop\\\/#organization\"},\"potentialAction\":[{\"@type\":\"SearchAction\",\"target\":{\"@type\":\"EntryPoint\",\"urlTemplate\":\"https:\\\/\\\/eauto.si\\\/metron-shop\\\/?s={search_term_string}\"},\"query-input\":{\"@type\":\"PropertyValueSpecification\",\"valueRequired\":true,\"valueName\":\"search_term_string\"}}],\"inLanguage\":\"en-US\"},{\"@type\":\"Organization\",\"@id\":\"https:\\\/\\\/eauto.si\\\/metron-shop\\\/#organization\",\"name\":\"Metron institute\",\"url\":\"https:\\\/\\\/eauto.si\\\/metron-shop\\\/\",\"logo\":{\"@type\":\"ImageObject\",\"inLanguage\":\"en-US\",\"@id\":\"https:\\\/\\\/eauto.si\\\/metron-shop\\\/#\\\/schema\\\/logo\\\/image\\\/\",\"url\":\"https:\\\/\\\/eauto.si\\\/metron-shop\\\/wp-content\\\/uploads\\\/LOGO-ENG.png\",\"contentUrl\":\"https:\\\/\\\/eauto.si\\\/metron-shop\\\/wp-content\\\/uploads\\\/LOGO-ENG.png\",\"width\":590,\"height\":272,\"caption\":\"Metron institute\"},\"image\":{\"@id\":\"https:\\\/\\\/eauto.si\\\/metron-shop\\\/#\\\/schema\\\/logo\\\/image\\\/\"},\"sameAs\":[\"https:\\\/\\\/www.facebook.com\\\/MetronInstitut\\\/\",\"https:\\\/\\\/www.youtube.com\\\/channel\\\/UCkD45nHDQdTv1poqTrWhWxA\"]}]}<\/script>\n<!-- \/ Yoast SEO Premium plugin. -->","yoast_head_json":{"title":"PC03C - 13A \/ 1-fazni - Metron Shop","description":"Tip 2 EV prenosni polnilec, omejen na 13A in z vgrajeno RCD za\u0161\u010dito tipa A. Na voljo s tip F (EU) ali tip G (UK) vtika\u010dem.","robots":{"index":"index","follow":"follow","max-snippet":"max-snippet:-1","max-image-preview":"max-image-preview:large","max-video-preview":"max-video-preview:-1"},"canonical":"https:\/\/eauto.si\/metron-shop\/product\/pc03c-13a-1-fazna-kompaktna-prenosna-polnilna-postaja\/","og_locale":"en_US","og_type":"article","og_title":"PC03C - 13A \/ 1-fazni","og_description":"Tip 2 EV prenosni polnilec, omejen na 13A in z vgrajeno RCD za\u0161\u010dito tipa A. Na voljo s tip F (EU) ali tip G (UK) vtika\u010dem.","og_url":"https:\/\/eauto.si\/metron-shop\/product\/pc03c-13a-1-fazna-kompaktna-prenosna-polnilna-postaja\/?lang=sl","og_site_name":"Metron Shop","article_publisher":"https:\/\/www.facebook.com\/MetronInstitut\/","article_modified_time":"2026-02-04T12:40:33+00:00","og_image":[{"width":800,"height":800,"url":"https:\/\/eauto.si\/metron-shop\/wp-content\/uploads\/PC03C_thumbnail.jpg","type":"image\/jpeg"}],"twitter_card":"summary_large_image","twitter_misc":{"Est. reading time":"3 minutes"},"schema":{"@context":"https:\/\/schema.org","@graph":[{"@type":"WebPage","@id":"https:\/\/eauto.si\/metron-shop\/product\/pc03c-13a-1-fazna-kompaktna-prenosna-polnilna-postaja\/?lang=sl","url":"https:\/\/eauto.si\/metron-shop\/product\/pc03c-13a-1-fazna-kompaktna-prenosna-polnilna-postaja\/?lang=sl","name":"PC03C - 13A \/ 1-fazni - Metron Shop","isPartOf":{"@id":"https:\/\/eauto.si\/metron-shop\/#website"},"primaryImageOfPage":{"@id":"https:\/\/eauto.si\/metron-shop\/product\/pc03c-13a-1-fazna-kompaktna-prenosna-polnilna-postaja\/?lang=sl#primaryimage"},"image":{"@id":"https:\/\/eauto.si\/metron-shop\/product\/pc03c-13a-1-fazna-kompaktna-prenosna-polnilna-postaja\/?lang=sl#primaryimage"},"thumbnailUrl":"https:\/\/eauto.si\/metron-shop\/wp-content\/uploads\/PC03C_thumbnail.jpg","datePublished":"2021-11-12T13:21:21+00:00","dateModified":"2026-02-04T12:40:33+00:00","description":"Tip 2 EV prenosni polnilec, omejen na 13A in z vgrajeno RCD za\u0161\u010dito tipa A. Na voljo s tip F (EU) ali tip G (UK) vtika\u010dem.","breadcrumb":{"@id":"https:\/\/eauto.si\/metron-shop\/product\/pc03c-13a-1-fazna-kompaktna-prenosna-polnilna-postaja\/?lang=sl#breadcrumb"},"inLanguage":"en-US","potentialAction":[{"@type":"ReadAction","target":["https:\/\/eauto.si\/metron-shop\/product\/pc03c-13a-1-fazna-kompaktna-prenosna-polnilna-postaja\/?lang=sl"]}]},{"@type":"ImageObject","inLanguage":"en-US","@id":"https:\/\/eauto.si\/metron-shop\/product\/pc03c-13a-1-fazna-kompaktna-prenosna-polnilna-postaja\/?lang=sl#primaryimage","url":"https:\/\/eauto.si\/metron-shop\/wp-content\/uploads\/PC03C_thumbnail.jpg","contentUrl":"https:\/\/eauto.si\/metron-shop\/wp-content\/uploads\/PC03C_thumbnail.jpg","width":800,"height":800},{"@type":"BreadcrumbList","@id":"https:\/\/eauto.si\/metron-shop\/product\/pc03c-13a-1-fazna-kompaktna-prenosna-polnilna-postaja\/?lang=sl#breadcrumb","itemListElement":[{"@type":"ListItem","position":1,"name":"Home","item":"https:\/\/eauto.si\/metron-shop\/"},{"@type":"ListItem","position":2,"name":"Shop","item":"https:\/\/eauto.si\/metron-shop\/"},{"@type":"ListItem","position":3,"name":"PC03C &#8211; 13A \/ 1-fazni"}]},{"@type":"WebSite","@id":"https:\/\/eauto.si\/metron-shop\/#website","url":"https:\/\/eauto.si\/metron-shop\/","name":"Metron Shop","description":"EV charging cables and more ...","publisher":{"@id":"https:\/\/eauto.si\/metron-shop\/#organization"},"potentialAction":[{"@type":"SearchAction","target":{"@type":"EntryPoint","urlTemplate":"https:\/\/eauto.si\/metron-shop\/?s={search_term_string}"},"query-input":{"@type":"PropertyValueSpecification","valueRequired":true,"valueName":"search_term_string"}}],"inLanguage":"en-US"},{"@type":"Organization","@id":"https:\/\/eauto.si\/metron-shop\/#organization","name":"Metron institute","url":"https:\/\/eauto.si\/metron-shop\/","logo":{"@type":"ImageObject","inLanguage":"en-US","@id":"https:\/\/eauto.si\/metron-shop\/#\/schema\/logo\/image\/","url":"https:\/\/eauto.si\/metron-shop\/wp-content\/uploads\/LOGO-ENG.png","contentUrl":"https:\/\/eauto.si\/metron-shop\/wp-content\/uploads\/LOGO-ENG.png","width":590,"height":272,"caption":"Metron institute"},"image":{"@id":"https:\/\/eauto.si\/metron-shop\/#\/schema\/logo\/image\/"},"sameAs":["https:\/\/www.facebook.com\/MetronInstitut\/","https:\/\/www.youtube.com\/channel\/UCkD45nHDQdTv1poqTrWhWxA"]}]}},"_links":{"self":[{"href":"https:\/\/eauto.si\/metron-shop\/wp-json\/wp\/v2\/product\/22942","targetHints":{"allow":["GET"]}}],"collection":[{"href":"https:\/\/eauto.si\/metron-shop\/wp-json\/wp\/v2\/product"}],"about":[{"href":"https:\/\/eauto.si\/metron-shop\/wp-json\/wp\/v2\/types\/product"}],"replies":[{"embeddable":true,"href":"https:\/\/eauto.si\/metron-shop\/wp-json\/wp\/v2\/comments?post=22942"}],"wp:featuredmedia":[{"embeddable":true,"href":"https:\/\/eauto.si\/metron-shop\/wp-json\/wp\/v2\/media\/22092"}],"wp:attachment":[{"href":"https:\/\/eauto.si\/metron-shop\/wp-json\/wp\/v2\/media?parent=22942"}],"wp:term":[{"taxonomy":"product_brand","embeddable":true,"href":"https:\/\/eauto.si\/metron-shop\/wp-json\/wp\/v2\/product_brand?post=22942"},{"taxonomy":"product_cat","embeddable":true,"href":"https:\/\/eauto.si\/metron-shop\/wp-json\/wp\/v2\/product_cat?post=22942"},{"taxonomy":"product_tag","embeddable":true,"href":"https:\/\/eauto.si\/metron-shop\/wp-json\/wp\/v2\/product_tag?post=22942"}],"curies":[{"name":"wp","href":"https:\/\/api.w.org\/{rel}","templated":true}]}}