{"id":22981,"date":"2021-05-03T12:18:55","date_gmt":"2021-05-03T10:18:55","guid":{"rendered":"https:\/\/eauto.si\/metron-shop\/product\/ac01-tip-2-na-tip-e-f-1-x-16a-wifi\/"},"modified":"2026-04-28T07:49:35","modified_gmt":"2026-04-28T05:49:35","slug":"ac01-tip-2-na-tip-e-f-1-x-16a-wifi","status":"publish","type":"product","link":"https:\/\/eauto.si\/metron-shop\/product\/ac01-tip-2-na-tip-e-f-1-x-16a-wifi\/?lang=sl","title":{"rendered":"[AC01+] Tip 2 na Tip E \/ F (1 x 16A) + WiFi"},"content":{"rendered":"<p>Ta priklju\u010dek se lahko uporablja <strong>samo na polnilnih postajah<\/strong><strong> s Tip 2 vti\u010dnico<\/strong> za napajanje naprav z doma\u010dim \u201c\u0161uko\u201d vtika\u010dem (kot so e-skuterji, e-motorna kolesa, \u2026).<\/p>\n<p>Adapter AC01+ ima vgrajen temperaturni senzor, ki prepre\u010di pregrevanje v primeru slabih ali po\u0161kodovanih doma\u010dih vtika\u010dev, kar pomeni, da lahko varno priklju\u010dite bremena do 3,7 kW\/16A. Poleg tega ima AC01+ vgrajeno napredno <strong>WiFi dostopno to\u010dko s spletnim stre\u017enikom<\/strong>, ki omogo\u010da brez\u017ei\u010dno povezavo preko WiFi na va\u0161em <strong>pametnem telefonu, tablici ali ra\u010dunalniku.<\/strong> Ker je prisoten <strong>spletni stre\u017enik z nam\u0161\u010deno aplikacijo METRON CONNECTOR CONTROL, name\u0161\u010danje dodatnih programov ali aplikacij ni potrebno<\/strong>, saj aplikacija METRON Connector Control deluje na va\u0161em izbranem spletnem brskalniku (Google Chrome, Microsoft Edge, Mozilla Firefox,\u2026) na vseh operacijskih sistemih (Google Android, Apple iOS, Microsoft Windows, Huawei HarmonyOS, Linux,\u2026), ki so lahko prisotni na va\u0161em pametnem telefonu, tablici ali ra\u010dunalniku. <\/p>\n<p><strong>Funkcije aplikacije METRON Connector Control so:<\/strong><\/p>\n<ul>\n<li><strong>ZAKLEPANJE AC01+ v vti\u010dnici polnilne postaje, s \u010dimer se prepre\u010di KRAJO AC01+<\/strong> in namerno\/nenamerno prekinitev polnjenja.<\/li>\n<li>Obve\u0161\u010da uporabnika o trenutnem <strong>polnilnem toku, mo\u010di, porabi in \u010dasu.<\/strong><\/li>\n<li>Uporabniku omogo\u010da, da spremeni Wi-Fi geslo in ime (SSID).<\/li>\n<li>Na voljo je tudi celoten uporabni\u0161ki priro\u010dnik za AC01+.<\/li>\n<\/ul>\n<p>&nbsp;<\/p>\n<p>Garancija: 3 leta<\/p>\n<p><a class=\"mb-button mb-style-raised mb-size-small mb-corners-default mb-text-style-heavy \" style=\"background-color: #8a5189;\" href=\"https:\/\/eauto.si\/metron-shop\/wp-content\/uploads\/Declaration-of-conformity-AC09042020-CE-mark.pdf\"> <i class=\"fa fa-edit\"><\/i> IZJAVA O SKLADNOSTI EU<\/a><\/p>\n<p><a class=\"mb-button mb-style-raised mb-size-small mb-corners-default mb-text-style-heavy \" style=\"background-color: #8a5189;\" href=\"https:\/\/eauto.si\/metron-shop\/wp-content\/uploads\/AC01_04_T211-0210_20_METRON-SHORT.pdf\"> <i class=\"fa fa-edit\"><\/i> PORO\u010cILO O TESTIRANJU SIQ &#8211; PREDOGLED<\/a><\/p>\n<hr>\n","protected":false},"excerpt":{"rendered":"<p><span style=\"color: #555555;\">Priklju\u010dek<\/span> <span style=\"color: #027a9f;\">Tip 2 (Mennekes) \u2013 na \u0161uko<\/span> 16A, enofazni, vklju\u010dena elektronika in Wi-Fi.<\/p>\n<p>&nbsp;<\/p>\n<p><a class=\"mb-button mb-style-traditional mb-size-default mb-corners-default mb-text-style-default \" style=\"background-color: #2ba3c4;\" href=\"https:\/\/eauto.si\/metron-shop\/wp-content\/uploads\/Metron_Polnilni_adapter_AC01+_navodila_za_uporabo_SI.pdf\">&nbsp;<i class=\"fa fa-arrow-circle-o-down\"><\/i>&nbsp; Navodila za uporabo &#8211; SI<\/a><\/p>\n<p><a class=\"mb-button mb-style-traditional mb-size-default mb-corners-default mb-text-style-default \" style=\"background-color: #2ba3c4;\" href=\"https:\/\/eauto.si\/metron-shop\/wp-content\/uploads\/Metron_Charging_connector_AC01+_User_Manual_ENG.pdf\">&nbsp;<i class=\"fa fa-arrow-circle-o-down\"><\/i>&nbsp; User manual &#8211; ENG<\/a><\/p>\n<p><a class=\"mb-button mb-style-traditional mb-size-default mb-corners-default mb-text-style-default \" style=\"background-color: #2ba3c4;\" href=\"https:\/\/eauto.si\/metron-shop\/wp-content\/uploads\/Metron_Charging_connector_AC01+_User_Manual_DE.pdf\">&nbsp;<i class=\"fa fa-arrow-circle-o-down\"><\/i>&nbsp; Bedienungsanleitung &#8211; DE<\/a><\/p>\n","protected":false},"featured_media":23954,"comment_status":"closed","ping_status":"closed","template":"","meta":{"ngg_post_thumbnail":0},"product_brand":[],"product_cat":[1018,1028],"product_tag":[1034,1054,1091,1156,1160,1161,1168],"class_list":{"0":"post-22981","1":"product","2":"type-product","3":"status-publish","4":"has-post-thumbnail","6":"product_cat-adapterji-za-polnjenje-ev","7":"product_cat-izdelki-za-elektricne-motocikle","8":"product_tag-1-x-suko","9":"product_tag-16a-sl","10":"product_tag-adapterji-za-polnjenje-ev","11":"product_tag-tip-2-sl-2","12":"product_tag-tip-e","13":"product_tag-tip-f","14":"product_tag-wifi-app-sl","15":"product_shipping_class-ev-adapters","17":"first","18":"instock","19":"featured","20":"taxable","21":"shipping-taxable","22":"purchasable","23":"product-type-variable","24":"has-default-attributes"},"yoast_head":"<!-- This site is optimized with the Yoast SEO Premium plugin v27.6 (Yoast SEO v27.6) - https:\/\/yoast.com\/product\/yoast-seo-premium-wordpress\/ -->\n<title>[AC01+] Tip 2 na Tip E \/ F (1 x 16A) + WiFi - Metron Shop<\/title>\n<meta name=\"description\" content=\"Priklju\u010dek Tip 2 z Wi-Fi povezljivostjo, za uporabo na polnilnih postajah z vti\u010dnico Tip 2 za napajanje naprav (elektri\u010dni skuterji, elektri\u010dna kolesa itd.).\" \/>\n<meta name=\"robots\" content=\"index, follow, max-snippet:-1, max-image-preview:large, max-video-preview:-1\" \/>\n<link rel=\"canonical\" href=\"https:\/\/eauto.si\/metron-shop\/product\/ac01-tip-2-na-tip-e-f-1-x-16a-wifi\/\" \/>\n<meta property=\"og:locale\" content=\"en_US\" \/>\n<meta property=\"og:type\" content=\"article\" \/>\n<meta property=\"og:title\" content=\"[AC01+] Tip 2 na Tip E \/ F (1 x 16A) + WiFi\" \/>\n<meta property=\"og:description\" content=\"Priklju\u010dek Tip 2 z Wi-Fi povezljivostjo, za uporabo na polnilnih postajah z vti\u010dnico Tip 2 za napajanje naprav (elektri\u010dni skuterji, elektri\u010dna kolesa itd.).\" \/>\n<meta property=\"og:url\" content=\"https:\/\/eauto.si\/metron-shop\/product\/ac01-tip-2-na-tip-e-f-1-x-16a-wifi\/?lang=sl\" \/>\n<meta property=\"og:site_name\" content=\"Metron Shop\" \/>\n<meta property=\"article:publisher\" content=\"https:\/\/www.facebook.com\/MetronInstitut\/\" \/>\n<meta property=\"article:modified_time\" content=\"2026-04-28T05:49:35+00:00\" \/>\n<meta property=\"og:image\" content=\"https:\/\/eauto.si\/metron-shop\/wp-content\/uploads\/AC01_2024_profile-1.jpg\" \/>\n\t<meta property=\"og:image:width\" content=\"800\" \/>\n\t<meta property=\"og:image:height\" content=\"800\" \/>\n\t<meta property=\"og:image:type\" content=\"image\/jpeg\" \/>\n<meta name=\"twitter:card\" content=\"summary_large_image\" \/>\n<meta name=\"twitter:label1\" content=\"Est. reading time\" \/>\n\t<meta name=\"twitter:data1\" content=\"2 minutes\" \/>\n<script type=\"application\/ld+json\" class=\"yoast-schema-graph\">{\"@context\":\"https:\\\/\\\/schema.org\",\"@graph\":[{\"@type\":\"WebPage\",\"@id\":\"https:\\\/\\\/eauto.si\\\/metron-shop\\\/product\\\/ac01-tip-2-na-tip-e-f-1-x-16a-wifi\\\/?lang=sl\",\"url\":\"https:\\\/\\\/eauto.si\\\/metron-shop\\\/product\\\/ac01-tip-2-na-tip-e-f-1-x-16a-wifi\\\/?lang=sl\",\"name\":\"[AC01+] Tip 2 na Tip E \\\/ F (1 x 16A) + WiFi - Metron Shop\",\"isPartOf\":{\"@id\":\"https:\\\/\\\/eauto.si\\\/metron-shop\\\/#website\"},\"primaryImageOfPage\":{\"@id\":\"https:\\\/\\\/eauto.si\\\/metron-shop\\\/product\\\/ac01-tip-2-na-tip-e-f-1-x-16a-wifi\\\/?lang=sl#primaryimage\"},\"image\":{\"@id\":\"https:\\\/\\\/eauto.si\\\/metron-shop\\\/product\\\/ac01-tip-2-na-tip-e-f-1-x-16a-wifi\\\/?lang=sl#primaryimage\"},\"thumbnailUrl\":\"https:\\\/\\\/eauto.si\\\/metron-shop\\\/wp-content\\\/uploads\\\/AC01_2024_profile-1.jpg\",\"datePublished\":\"2021-05-03T10:18:55+00:00\",\"dateModified\":\"2026-04-28T05:49:35+00:00\",\"description\":\"Priklju\u010dek Tip 2 z Wi-Fi povezljivostjo, za uporabo na polnilnih postajah z vti\u010dnico Tip 2 za napajanje naprav (elektri\u010dni skuterji, elektri\u010dna kolesa itd.).\",\"breadcrumb\":{\"@id\":\"https:\\\/\\\/eauto.si\\\/metron-shop\\\/product\\\/ac01-tip-2-na-tip-e-f-1-x-16a-wifi\\\/?lang=sl#breadcrumb\"},\"inLanguage\":\"en-US\",\"potentialAction\":[{\"@type\":\"ReadAction\",\"target\":[\"https:\\\/\\\/eauto.si\\\/metron-shop\\\/product\\\/ac01-tip-2-na-tip-e-f-1-x-16a-wifi\\\/?lang=sl\"]}]},{\"@type\":\"ImageObject\",\"inLanguage\":\"en-US\",\"@id\":\"https:\\\/\\\/eauto.si\\\/metron-shop\\\/product\\\/ac01-tip-2-na-tip-e-f-1-x-16a-wifi\\\/?lang=sl#primaryimage\",\"url\":\"https:\\\/\\\/eauto.si\\\/metron-shop\\\/wp-content\\\/uploads\\\/AC01_2024_profile-1.jpg\",\"contentUrl\":\"https:\\\/\\\/eauto.si\\\/metron-shop\\\/wp-content\\\/uploads\\\/AC01_2024_profile-1.jpg\",\"width\":800,\"height\":800},{\"@type\":\"BreadcrumbList\",\"@id\":\"https:\\\/\\\/eauto.si\\\/metron-shop\\\/product\\\/ac01-tip-2-na-tip-e-f-1-x-16a-wifi\\\/?lang=sl#breadcrumb\",\"itemListElement\":[{\"@type\":\"ListItem\",\"position\":1,\"name\":\"Home\",\"item\":\"https:\\\/\\\/eauto.si\\\/metron-shop\\\/\"},{\"@type\":\"ListItem\",\"position\":2,\"name\":\"Shop\",\"item\":\"https:\\\/\\\/eauto.si\\\/metron-shop\\\/\"},{\"@type\":\"ListItem\",\"position\":3,\"name\":\"[AC01+] Tip 2 na Tip E \\\/ F (1 x 16A) + WiFi\"}]},{\"@type\":\"WebSite\",\"@id\":\"https:\\\/\\\/eauto.si\\\/metron-shop\\\/#website\",\"url\":\"https:\\\/\\\/eauto.si\\\/metron-shop\\\/\",\"name\":\"Metron Shop\",\"description\":\"EV charging cables and more ...\",\"publisher\":{\"@id\":\"https:\\\/\\\/eauto.si\\\/metron-shop\\\/#organization\"},\"potentialAction\":[{\"@type\":\"SearchAction\",\"target\":{\"@type\":\"EntryPoint\",\"urlTemplate\":\"https:\\\/\\\/eauto.si\\\/metron-shop\\\/?s={search_term_string}\"},\"query-input\":{\"@type\":\"PropertyValueSpecification\",\"valueRequired\":true,\"valueName\":\"search_term_string\"}}],\"inLanguage\":\"en-US\"},{\"@type\":\"Organization\",\"@id\":\"https:\\\/\\\/eauto.si\\\/metron-shop\\\/#organization\",\"name\":\"Metron institute\",\"url\":\"https:\\\/\\\/eauto.si\\\/metron-shop\\\/\",\"logo\":{\"@type\":\"ImageObject\",\"inLanguage\":\"en-US\",\"@id\":\"https:\\\/\\\/eauto.si\\\/metron-shop\\\/#\\\/schema\\\/logo\\\/image\\\/\",\"url\":\"https:\\\/\\\/eauto.si\\\/metron-shop\\\/wp-content\\\/uploads\\\/LOGO-ENG.png\",\"contentUrl\":\"https:\\\/\\\/eauto.si\\\/metron-shop\\\/wp-content\\\/uploads\\\/LOGO-ENG.png\",\"width\":590,\"height\":272,\"caption\":\"Metron institute\"},\"image\":{\"@id\":\"https:\\\/\\\/eauto.si\\\/metron-shop\\\/#\\\/schema\\\/logo\\\/image\\\/\"},\"sameAs\":[\"https:\\\/\\\/www.facebook.com\\\/MetronInstitut\\\/\",\"https:\\\/\\\/www.youtube.com\\\/channel\\\/UCkD45nHDQdTv1poqTrWhWxA\"]}]}<\/script>\n<!-- \/ Yoast SEO Premium plugin. -->","yoast_head_json":{"title":"[AC01+] Tip 2 na Tip E \/ F (1 x 16A) + WiFi - Metron Shop","description":"Priklju\u010dek Tip 2 z Wi-Fi povezljivostjo, za uporabo na polnilnih postajah z vti\u010dnico Tip 2 za napajanje naprav (elektri\u010dni skuterji, elektri\u010dna kolesa itd.).","robots":{"index":"index","follow":"follow","max-snippet":"max-snippet:-1","max-image-preview":"max-image-preview:large","max-video-preview":"max-video-preview:-1"},"canonical":"https:\/\/eauto.si\/metron-shop\/product\/ac01-tip-2-na-tip-e-f-1-x-16a-wifi\/","og_locale":"en_US","og_type":"article","og_title":"[AC01+] Tip 2 na Tip E \/ F (1 x 16A) + WiFi","og_description":"Priklju\u010dek Tip 2 z Wi-Fi povezljivostjo, za uporabo na polnilnih postajah z vti\u010dnico Tip 2 za napajanje naprav (elektri\u010dni skuterji, elektri\u010dna kolesa itd.).","og_url":"https:\/\/eauto.si\/metron-shop\/product\/ac01-tip-2-na-tip-e-f-1-x-16a-wifi\/?lang=sl","og_site_name":"Metron Shop","article_publisher":"https:\/\/www.facebook.com\/MetronInstitut\/","article_modified_time":"2026-04-28T05:49:35+00:00","og_image":[{"width":800,"height":800,"url":"https:\/\/eauto.si\/metron-shop\/wp-content\/uploads\/AC01_2024_profile-1.jpg","type":"image\/jpeg"}],"twitter_card":"summary_large_image","twitter_misc":{"Est. reading time":"2 minutes"},"schema":{"@context":"https:\/\/schema.org","@graph":[{"@type":"WebPage","@id":"https:\/\/eauto.si\/metron-shop\/product\/ac01-tip-2-na-tip-e-f-1-x-16a-wifi\/?lang=sl","url":"https:\/\/eauto.si\/metron-shop\/product\/ac01-tip-2-na-tip-e-f-1-x-16a-wifi\/?lang=sl","name":"[AC01+] Tip 2 na Tip E \/ F (1 x 16A) + WiFi - Metron Shop","isPartOf":{"@id":"https:\/\/eauto.si\/metron-shop\/#website"},"primaryImageOfPage":{"@id":"https:\/\/eauto.si\/metron-shop\/product\/ac01-tip-2-na-tip-e-f-1-x-16a-wifi\/?lang=sl#primaryimage"},"image":{"@id":"https:\/\/eauto.si\/metron-shop\/product\/ac01-tip-2-na-tip-e-f-1-x-16a-wifi\/?lang=sl#primaryimage"},"thumbnailUrl":"https:\/\/eauto.si\/metron-shop\/wp-content\/uploads\/AC01_2024_profile-1.jpg","datePublished":"2021-05-03T10:18:55+00:00","dateModified":"2026-04-28T05:49:35+00:00","description":"Priklju\u010dek Tip 2 z Wi-Fi povezljivostjo, za uporabo na polnilnih postajah z vti\u010dnico Tip 2 za napajanje naprav (elektri\u010dni skuterji, elektri\u010dna kolesa itd.).","breadcrumb":{"@id":"https:\/\/eauto.si\/metron-shop\/product\/ac01-tip-2-na-tip-e-f-1-x-16a-wifi\/?lang=sl#breadcrumb"},"inLanguage":"en-US","potentialAction":[{"@type":"ReadAction","target":["https:\/\/eauto.si\/metron-shop\/product\/ac01-tip-2-na-tip-e-f-1-x-16a-wifi\/?lang=sl"]}]},{"@type":"ImageObject","inLanguage":"en-US","@id":"https:\/\/eauto.si\/metron-shop\/product\/ac01-tip-2-na-tip-e-f-1-x-16a-wifi\/?lang=sl#primaryimage","url":"https:\/\/eauto.si\/metron-shop\/wp-content\/uploads\/AC01_2024_profile-1.jpg","contentUrl":"https:\/\/eauto.si\/metron-shop\/wp-content\/uploads\/AC01_2024_profile-1.jpg","width":800,"height":800},{"@type":"BreadcrumbList","@id":"https:\/\/eauto.si\/metron-shop\/product\/ac01-tip-2-na-tip-e-f-1-x-16a-wifi\/?lang=sl#breadcrumb","itemListElement":[{"@type":"ListItem","position":1,"name":"Home","item":"https:\/\/eauto.si\/metron-shop\/"},{"@type":"ListItem","position":2,"name":"Shop","item":"https:\/\/eauto.si\/metron-shop\/"},{"@type":"ListItem","position":3,"name":"[AC01+] Tip 2 na Tip E \/ F (1 x 16A) + WiFi"}]},{"@type":"WebSite","@id":"https:\/\/eauto.si\/metron-shop\/#website","url":"https:\/\/eauto.si\/metron-shop\/","name":"Metron Shop","description":"EV charging cables and more ...","publisher":{"@id":"https:\/\/eauto.si\/metron-shop\/#organization"},"potentialAction":[{"@type":"SearchAction","target":{"@type":"EntryPoint","urlTemplate":"https:\/\/eauto.si\/metron-shop\/?s={search_term_string}"},"query-input":{"@type":"PropertyValueSpecification","valueRequired":true,"valueName":"search_term_string"}}],"inLanguage":"en-US"},{"@type":"Organization","@id":"https:\/\/eauto.si\/metron-shop\/#organization","name":"Metron institute","url":"https:\/\/eauto.si\/metron-shop\/","logo":{"@type":"ImageObject","inLanguage":"en-US","@id":"https:\/\/eauto.si\/metron-shop\/#\/schema\/logo\/image\/","url":"https:\/\/eauto.si\/metron-shop\/wp-content\/uploads\/LOGO-ENG.png","contentUrl":"https:\/\/eauto.si\/metron-shop\/wp-content\/uploads\/LOGO-ENG.png","width":590,"height":272,"caption":"Metron institute"},"image":{"@id":"https:\/\/eauto.si\/metron-shop\/#\/schema\/logo\/image\/"},"sameAs":["https:\/\/www.facebook.com\/MetronInstitut\/","https:\/\/www.youtube.com\/channel\/UCkD45nHDQdTv1poqTrWhWxA"]}]}},"_links":{"self":[{"href":"https:\/\/eauto.si\/metron-shop\/wp-json\/wp\/v2\/product\/22981","targetHints":{"allow":["GET"]}}],"collection":[{"href":"https:\/\/eauto.si\/metron-shop\/wp-json\/wp\/v2\/product"}],"about":[{"href":"https:\/\/eauto.si\/metron-shop\/wp-json\/wp\/v2\/types\/product"}],"replies":[{"embeddable":true,"href":"https:\/\/eauto.si\/metron-shop\/wp-json\/wp\/v2\/comments?post=22981"}],"wp:featuredmedia":[{"embeddable":true,"href":"https:\/\/eauto.si\/metron-shop\/wp-json\/wp\/v2\/media\/23954"}],"wp:attachment":[{"href":"https:\/\/eauto.si\/metron-shop\/wp-json\/wp\/v2\/media?parent=22981"}],"wp:term":[{"taxonomy":"product_brand","embeddable":true,"href":"https:\/\/eauto.si\/metron-shop\/wp-json\/wp\/v2\/product_brand?post=22981"},{"taxonomy":"product_cat","embeddable":true,"href":"https:\/\/eauto.si\/metron-shop\/wp-json\/wp\/v2\/product_cat?post=22981"},{"taxonomy":"product_tag","embeddable":true,"href":"https:\/\/eauto.si\/metron-shop\/wp-json\/wp\/v2\/product_tag?post=22981"}],"curies":[{"name":"wp","href":"https:\/\/api.w.org\/{rel}","templated":true}]}}