{"id":23070,"date":"2015-10-15T13:36:35","date_gmt":"2015-10-15T11:36:35","guid":{"rendered":"https:\/\/eauto.si\/metron-shop\/product\/cc06-tip-2-na-tip-2-32a-3-faze\/"},"modified":"2026-01-15T10:51:22","modified_gmt":"2026-01-15T09:51:22","slug":"cc06-tip-2-na-tip-2-32a-3-faze","status":"publish","type":"product","link":"https:\/\/eauto.si\/metron-shop\/product\/cc06-tip-2-na-tip-2-32a-3-faze\/?lang=sl","title":{"rendered":"[CC06] Tip 2 na Tip 2 (32A, 3-fazni)"},"content":{"rendered":"<p><strong>Glavne zna\u010dilnosti:<\/strong><\/p>\n<ul>\n<li>Narejen za <strong>3-fazno<\/strong> polnjenje EV s tokovi do <strong>3 x 32A (22 kW)<\/strong><\/li>\n<li><strong>Kabel, zasnovan za elektri\u010dna vozila,<\/strong> <strong>VRHUNSKA kakovost<\/strong> (narejeno v Nem\u010diji)<\/li>\n<li>Razli\u010dne dol\u017eine kablov od 3 m do 30 m (za dol\u017eine nad 20 m nas kontaktirajte za prilagojen predra\u010dun).<\/li>\n<li><strong>3-LETNA GARANCIJA<\/strong><\/li>\n<\/ul>\n<p><strong>Tehni\u010dne specifikacije:<span id=\"transmark\"><\/span><\/strong><\/p>\n<ul>\n<li>Vrsta vtika\u010da (na strani EV): Tip 2 (IEC 62196) \u017denski vtika\u010d<\/li>\n<li>Vrsta vtika\u010da (na strani polnilne postaje): Tip 2 (IEC 62196) Mo\u0161ki vtika\u010d<\/li>\n<li>Najve\u010dji polnilni tok: <strong>3x32A (3-fazno)<\/strong> ali 1x32A (1-fazno) <\/li>\n<li>Najve\u010dja polnilna mo\u010d: <strong>22 kW (3-fazno) ali<\/strong> 7.4 kW (1-fazno) <\/li>\n<li>Nazivna napetost: 400 V (3-fazno)<\/li>\n<li>Dol\u017eina kabla: po \u017eelji stranke<\/li>\n<li>Izolacija kabla z odpornostjo na UV \u017earke, olje in ogenj<\/li>\n<li>Temperaturno obmo\u010dje delovanja: -30 \u00b0C do +50 \u00b0C<\/li>\n<li>IP stopnja za\u0161\u010dite: IP44<\/li>\n<li>Barva kabla: oran\u017ena ali \u010drna<\/li>\n<li>Te\u017ea: odvisna od dol\u017eine kabla<\/li>\n<li><strong>100-odstotno zdru\u017eljiv z vsemi elektri\u010dnimi vozili, ki imajo evropske polnilne vti\u010dnice Tip 2<\/strong><\/li>\n<\/ul>\n","protected":false},"excerpt":{"rendered":"<div>\n<h4><strong>Ta Tip 2 &#8211; Tip 2 32 A, 3-fazni (22 kW) polnilni kabel se uporablja za polnjenje elektri\u010dnih vozil iz katere koli javne ali doma\u010de Mode 3 polnilne postaje.<\/strong><\/h4>\n<\/div>\n<p><a class=\"mb-button mb-style-traditional mb-size-default mb-corners-default mb-text-style-default \" style=\"background-color: #2ba3c4;\" href=\"https:\/\/eauto.si\/metron-shop\/wp-content\/uploads\/Metron_Charging-cable_CC_User_Manual_SLO.pdf\">&nbsp;<i class=\"fa fa-arrow-circle-o-down\"><\/i>&nbsp; Navodila za uporabo &#8211; SI<\/a><br \/>\n<a class=\"mb-button mb-style-traditional mb-size-default mb-corners-default mb-text-style-default \" style=\"background-color: #2ba3c4;\" href=\"https:\/\/eauto.si\/metron-shop\/wp-content\/uploads\/Metron_Charging-cable_CC_User_Manual_ENG.pdf\">&nbsp;<i class=\"fa fa-arrow-circle-o-down\"><\/i>&nbsp; User manual &#8211; ENG<\/a><br \/>\n<a class=\"mb-button mb-style-traditional mb-size-default mb-corners-default mb-text-style-default \" style=\"background-color: #2ba3c4;\" href=\"https:\/\/eauto.si\/metron-shop\/wp-content\/uploads\/Metron_Charging-cable_CC_User_Manual_DE.pdf\">&nbsp;<i class=\"fa fa-arrow-circle-o-down\"><\/i>&nbsp; Bedienungsanleitungen \u2013 DE<\/a><\/p>\n","protected":false},"featured_media":21871,"comment_status":"closed","ping_status":"closed","template":"","meta":{"ngg_post_thumbnail":0},"product_brand":[],"product_cat":[1028,1019,1021],"product_tag":[1038,1057,1092,1156],"class_list":{"0":"post-23070","1":"product","2":"type-product","3":"status-publish","4":"has-post-thumbnail","6":"product_cat-izdelki-za-elektricne-motocikle","7":"product_cat-kabli-za-polnjenje-ev","8":"product_cat-standardni-polnilni-kabli-za-ev","9":"product_tag-3-fazno","10":"product_tag-32-a-sl-2","11":"product_tag-polnilni-kabel-za-ev","12":"product_tag-tip-2-sl-2","13":"product_shipping_class-l-prod","15":"first","16":"instock","17":"taxable","18":"shipping-taxable","19":"purchasable","20":"product-type-variable"},"yoast_head":"<!-- This site is optimized with the Yoast SEO Premium plugin v27.4 (Yoast SEO v27.4) - https:\/\/yoast.com\/product\/yoast-seo-premium-wordpress\/ -->\n<title>[CC06] Tip 2 na Tip 2 (32A, 3-fazni) - Metron Shop<\/title>\n<meta name=\"description\" content=\"3-fazni 32A polnilni kabel Tip 2 na Tip 2, ki se uporablja za polnjenje elektri\u010dnih vozil iz katere koli javne ali doma\u010de Mode 3 polnilne postaje.\" \/>\n<meta name=\"robots\" content=\"index, follow, max-snippet:-1, max-image-preview:large, max-video-preview:-1\" \/>\n<link rel=\"canonical\" href=\"https:\/\/eauto.si\/metron-shop\/product\/cc06-tip-2-na-tip-2-32a-3-faze\/\" \/>\n<meta property=\"og:locale\" content=\"en_US\" \/>\n<meta property=\"og:type\" content=\"article\" \/>\n<meta property=\"og:title\" content=\"[CC06] Tip 2 na Tip 2 (32A, 3-fazni)\" \/>\n<meta property=\"og:description\" content=\"3-fazni 32A polnilni kabel Tip 2 na Tip 2, ki se uporablja za polnjenje elektri\u010dnih vozil iz katere koli javne ali doma\u010de Mode 3 polnilne postaje.\" \/>\n<meta property=\"og:url\" content=\"https:\/\/eauto.si\/metron-shop\/product\/cc06-tip-2-na-tip-2-32a-3-faze\/?lang=sl\" \/>\n<meta property=\"og:site_name\" content=\"Metron Shop\" \/>\n<meta property=\"article:publisher\" content=\"https:\/\/www.facebook.com\/MetronInstitut\/\" \/>\n<meta property=\"article:modified_time\" content=\"2026-01-15T09:51:22+00:00\" \/>\n<meta property=\"og:image\" content=\"https:\/\/eauto.si\/metron-shop\/wp-content\/uploads\/CC06_blk_web.jpg\" \/>\n\t<meta property=\"og:image:width\" content=\"1191\" \/>\n\t<meta property=\"og:image:height\" content=\"1191\" \/>\n\t<meta property=\"og:image:type\" content=\"image\/jpeg\" \/>\n<meta name=\"twitter:card\" content=\"summary_large_image\" \/>\n<meta name=\"twitter:label1\" content=\"Est. reading time\" \/>\n\t<meta name=\"twitter:data1\" content=\"1 minute\" \/>\n<script type=\"application\/ld+json\" class=\"yoast-schema-graph\">{\"@context\":\"https:\\\/\\\/schema.org\",\"@graph\":[{\"@type\":\"WebPage\",\"@id\":\"https:\\\/\\\/eauto.si\\\/metron-shop\\\/product\\\/cc06-tip-2-na-tip-2-32a-3-faze\\\/?lang=sl\",\"url\":\"https:\\\/\\\/eauto.si\\\/metron-shop\\\/product\\\/cc06-tip-2-na-tip-2-32a-3-faze\\\/?lang=sl\",\"name\":\"[CC06] Tip 2 na Tip 2 (32A, 3-fazni) - Metron Shop\",\"isPartOf\":{\"@id\":\"https:\\\/\\\/eauto.si\\\/metron-shop\\\/#website\"},\"primaryImageOfPage\":{\"@id\":\"https:\\\/\\\/eauto.si\\\/metron-shop\\\/product\\\/cc06-tip-2-na-tip-2-32a-3-faze\\\/?lang=sl#primaryimage\"},\"image\":{\"@id\":\"https:\\\/\\\/eauto.si\\\/metron-shop\\\/product\\\/cc06-tip-2-na-tip-2-32a-3-faze\\\/?lang=sl#primaryimage\"},\"thumbnailUrl\":\"https:\\\/\\\/eauto.si\\\/metron-shop\\\/wp-content\\\/uploads\\\/CC06_blk_web.jpg\",\"datePublished\":\"2015-10-15T11:36:35+00:00\",\"dateModified\":\"2026-01-15T09:51:22+00:00\",\"description\":\"3-fazni 32A polnilni kabel Tip 2 na Tip 2, ki se uporablja za polnjenje elektri\u010dnih vozil iz katere koli javne ali doma\u010de Mode 3 polnilne postaje.\",\"breadcrumb\":{\"@id\":\"https:\\\/\\\/eauto.si\\\/metron-shop\\\/product\\\/cc06-tip-2-na-tip-2-32a-3-faze\\\/?lang=sl#breadcrumb\"},\"inLanguage\":\"en-US\",\"potentialAction\":[{\"@type\":\"ReadAction\",\"target\":[\"https:\\\/\\\/eauto.si\\\/metron-shop\\\/product\\\/cc06-tip-2-na-tip-2-32a-3-faze\\\/?lang=sl\"]}]},{\"@type\":\"ImageObject\",\"inLanguage\":\"en-US\",\"@id\":\"https:\\\/\\\/eauto.si\\\/metron-shop\\\/product\\\/cc06-tip-2-na-tip-2-32a-3-faze\\\/?lang=sl#primaryimage\",\"url\":\"https:\\\/\\\/eauto.si\\\/metron-shop\\\/wp-content\\\/uploads\\\/CC06_blk_web.jpg\",\"contentUrl\":\"https:\\\/\\\/eauto.si\\\/metron-shop\\\/wp-content\\\/uploads\\\/CC06_blk_web.jpg\",\"width\":1191,\"height\":1191},{\"@type\":\"BreadcrumbList\",\"@id\":\"https:\\\/\\\/eauto.si\\\/metron-shop\\\/product\\\/cc06-tip-2-na-tip-2-32a-3-faze\\\/?lang=sl#breadcrumb\",\"itemListElement\":[{\"@type\":\"ListItem\",\"position\":1,\"name\":\"Home\",\"item\":\"https:\\\/\\\/eauto.si\\\/metron-shop\\\/\"},{\"@type\":\"ListItem\",\"position\":2,\"name\":\"Shop\",\"item\":\"https:\\\/\\\/eauto.si\\\/metron-shop\\\/\"},{\"@type\":\"ListItem\",\"position\":3,\"name\":\"[CC06] Tip 2 na Tip 2 (32A, 3-fazni)\"}]},{\"@type\":\"WebSite\",\"@id\":\"https:\\\/\\\/eauto.si\\\/metron-shop\\\/#website\",\"url\":\"https:\\\/\\\/eauto.si\\\/metron-shop\\\/\",\"name\":\"Metron Shop\",\"description\":\"EV charging cables and more ...\",\"publisher\":{\"@id\":\"https:\\\/\\\/eauto.si\\\/metron-shop\\\/#organization\"},\"potentialAction\":[{\"@type\":\"SearchAction\",\"target\":{\"@type\":\"EntryPoint\",\"urlTemplate\":\"https:\\\/\\\/eauto.si\\\/metron-shop\\\/?s={search_term_string}\"},\"query-input\":{\"@type\":\"PropertyValueSpecification\",\"valueRequired\":true,\"valueName\":\"search_term_string\"}}],\"inLanguage\":\"en-US\"},{\"@type\":\"Organization\",\"@id\":\"https:\\\/\\\/eauto.si\\\/metron-shop\\\/#organization\",\"name\":\"Metron institute\",\"url\":\"https:\\\/\\\/eauto.si\\\/metron-shop\\\/\",\"logo\":{\"@type\":\"ImageObject\",\"inLanguage\":\"en-US\",\"@id\":\"https:\\\/\\\/eauto.si\\\/metron-shop\\\/#\\\/schema\\\/logo\\\/image\\\/\",\"url\":\"https:\\\/\\\/eauto.si\\\/metron-shop\\\/wp-content\\\/uploads\\\/LOGO-ENG.png\",\"contentUrl\":\"https:\\\/\\\/eauto.si\\\/metron-shop\\\/wp-content\\\/uploads\\\/LOGO-ENG.png\",\"width\":590,\"height\":272,\"caption\":\"Metron institute\"},\"image\":{\"@id\":\"https:\\\/\\\/eauto.si\\\/metron-shop\\\/#\\\/schema\\\/logo\\\/image\\\/\"},\"sameAs\":[\"https:\\\/\\\/www.facebook.com\\\/MetronInstitut\\\/\",\"https:\\\/\\\/www.youtube.com\\\/channel\\\/UCkD45nHDQdTv1poqTrWhWxA\"]}]}<\/script>\n<!-- \/ Yoast SEO Premium plugin. -->","yoast_head_json":{"title":"[CC06] Tip 2 na Tip 2 (32A, 3-fazni) - Metron Shop","description":"3-fazni 32A polnilni kabel Tip 2 na Tip 2, ki se uporablja za polnjenje elektri\u010dnih vozil iz katere koli javne ali doma\u010de Mode 3 polnilne postaje.","robots":{"index":"index","follow":"follow","max-snippet":"max-snippet:-1","max-image-preview":"max-image-preview:large","max-video-preview":"max-video-preview:-1"},"canonical":"https:\/\/eauto.si\/metron-shop\/product\/cc06-tip-2-na-tip-2-32a-3-faze\/","og_locale":"en_US","og_type":"article","og_title":"[CC06] Tip 2 na Tip 2 (32A, 3-fazni)","og_description":"3-fazni 32A polnilni kabel Tip 2 na Tip 2, ki se uporablja za polnjenje elektri\u010dnih vozil iz katere koli javne ali doma\u010de Mode 3 polnilne postaje.","og_url":"https:\/\/eauto.si\/metron-shop\/product\/cc06-tip-2-na-tip-2-32a-3-faze\/?lang=sl","og_site_name":"Metron Shop","article_publisher":"https:\/\/www.facebook.com\/MetronInstitut\/","article_modified_time":"2026-01-15T09:51:22+00:00","og_image":[{"width":1191,"height":1191,"url":"https:\/\/eauto.si\/metron-shop\/wp-content\/uploads\/CC06_blk_web.jpg","type":"image\/jpeg"}],"twitter_card":"summary_large_image","twitter_misc":{"Est. reading time":"1 minute"},"schema":{"@context":"https:\/\/schema.org","@graph":[{"@type":"WebPage","@id":"https:\/\/eauto.si\/metron-shop\/product\/cc06-tip-2-na-tip-2-32a-3-faze\/?lang=sl","url":"https:\/\/eauto.si\/metron-shop\/product\/cc06-tip-2-na-tip-2-32a-3-faze\/?lang=sl","name":"[CC06] Tip 2 na Tip 2 (32A, 3-fazni) - Metron Shop","isPartOf":{"@id":"https:\/\/eauto.si\/metron-shop\/#website"},"primaryImageOfPage":{"@id":"https:\/\/eauto.si\/metron-shop\/product\/cc06-tip-2-na-tip-2-32a-3-faze\/?lang=sl#primaryimage"},"image":{"@id":"https:\/\/eauto.si\/metron-shop\/product\/cc06-tip-2-na-tip-2-32a-3-faze\/?lang=sl#primaryimage"},"thumbnailUrl":"https:\/\/eauto.si\/metron-shop\/wp-content\/uploads\/CC06_blk_web.jpg","datePublished":"2015-10-15T11:36:35+00:00","dateModified":"2026-01-15T09:51:22+00:00","description":"3-fazni 32A polnilni kabel Tip 2 na Tip 2, ki se uporablja za polnjenje elektri\u010dnih vozil iz katere koli javne ali doma\u010de Mode 3 polnilne postaje.","breadcrumb":{"@id":"https:\/\/eauto.si\/metron-shop\/product\/cc06-tip-2-na-tip-2-32a-3-faze\/?lang=sl#breadcrumb"},"inLanguage":"en-US","potentialAction":[{"@type":"ReadAction","target":["https:\/\/eauto.si\/metron-shop\/product\/cc06-tip-2-na-tip-2-32a-3-faze\/?lang=sl"]}]},{"@type":"ImageObject","inLanguage":"en-US","@id":"https:\/\/eauto.si\/metron-shop\/product\/cc06-tip-2-na-tip-2-32a-3-faze\/?lang=sl#primaryimage","url":"https:\/\/eauto.si\/metron-shop\/wp-content\/uploads\/CC06_blk_web.jpg","contentUrl":"https:\/\/eauto.si\/metron-shop\/wp-content\/uploads\/CC06_blk_web.jpg","width":1191,"height":1191},{"@type":"BreadcrumbList","@id":"https:\/\/eauto.si\/metron-shop\/product\/cc06-tip-2-na-tip-2-32a-3-faze\/?lang=sl#breadcrumb","itemListElement":[{"@type":"ListItem","position":1,"name":"Home","item":"https:\/\/eauto.si\/metron-shop\/"},{"@type":"ListItem","position":2,"name":"Shop","item":"https:\/\/eauto.si\/metron-shop\/"},{"@type":"ListItem","position":3,"name":"[CC06] Tip 2 na Tip 2 (32A, 3-fazni)"}]},{"@type":"WebSite","@id":"https:\/\/eauto.si\/metron-shop\/#website","url":"https:\/\/eauto.si\/metron-shop\/","name":"Metron Shop","description":"EV charging cables and more ...","publisher":{"@id":"https:\/\/eauto.si\/metron-shop\/#organization"},"potentialAction":[{"@type":"SearchAction","target":{"@type":"EntryPoint","urlTemplate":"https:\/\/eauto.si\/metron-shop\/?s={search_term_string}"},"query-input":{"@type":"PropertyValueSpecification","valueRequired":true,"valueName":"search_term_string"}}],"inLanguage":"en-US"},{"@type":"Organization","@id":"https:\/\/eauto.si\/metron-shop\/#organization","name":"Metron institute","url":"https:\/\/eauto.si\/metron-shop\/","logo":{"@type":"ImageObject","inLanguage":"en-US","@id":"https:\/\/eauto.si\/metron-shop\/#\/schema\/logo\/image\/","url":"https:\/\/eauto.si\/metron-shop\/wp-content\/uploads\/LOGO-ENG.png","contentUrl":"https:\/\/eauto.si\/metron-shop\/wp-content\/uploads\/LOGO-ENG.png","width":590,"height":272,"caption":"Metron institute"},"image":{"@id":"https:\/\/eauto.si\/metron-shop\/#\/schema\/logo\/image\/"},"sameAs":["https:\/\/www.facebook.com\/MetronInstitut\/","https:\/\/www.youtube.com\/channel\/UCkD45nHDQdTv1poqTrWhWxA"]}]}},"_links":{"self":[{"href":"https:\/\/eauto.si\/metron-shop\/wp-json\/wp\/v2\/product\/23070","targetHints":{"allow":["GET"]}}],"collection":[{"href":"https:\/\/eauto.si\/metron-shop\/wp-json\/wp\/v2\/product"}],"about":[{"href":"https:\/\/eauto.si\/metron-shop\/wp-json\/wp\/v2\/types\/product"}],"replies":[{"embeddable":true,"href":"https:\/\/eauto.si\/metron-shop\/wp-json\/wp\/v2\/comments?post=23070"}],"wp:featuredmedia":[{"embeddable":true,"href":"https:\/\/eauto.si\/metron-shop\/wp-json\/wp\/v2\/media\/21871"}],"wp:attachment":[{"href":"https:\/\/eauto.si\/metron-shop\/wp-json\/wp\/v2\/media?parent=23070"}],"wp:term":[{"taxonomy":"product_brand","embeddable":true,"href":"https:\/\/eauto.si\/metron-shop\/wp-json\/wp\/v2\/product_brand?post=23070"},{"taxonomy":"product_cat","embeddable":true,"href":"https:\/\/eauto.si\/metron-shop\/wp-json\/wp\/v2\/product_cat?post=23070"},{"taxonomy":"product_tag","embeddable":true,"href":"https:\/\/eauto.si\/metron-shop\/wp-json\/wp\/v2\/product_tag?post=23070"}],"curies":[{"name":"wp","href":"https:\/\/api.w.org\/{rel}","templated":true}]}}