{"id":23520,"date":"2020-03-12T08:07:23","date_gmt":"2020-03-12T07:07:23","guid":{"rendered":"https:\/\/eauto.si\/metron-shop\/product\/pc03a-16a-1-fazen\/"},"modified":"2026-01-27T18:07:18","modified_gmt":"2026-01-27T17:07:18","slug":"pc03a-16a-1-fazen","status":"publish","type":"product","link":"https:\/\/eauto.si\/metron-shop\/product\/pc03a-16a-1-fazen\/?lang=sl","title":{"rendered":"PC03A &#8211; 16A \/ 1-fazen"},"content":{"rendered":"<ul>\n<li>Kompaktna zasnova &#8211; brez velike \u0161katle na kablu<\/li>\n<li>100-odstotno lasten komunikacijski modul za vozila EVSE<\/li>\n<li>Zasnovan za 1-fazno polnjenje EV Mode 2<\/li>\n<li>Nastavljiv tok polnjenja (od 6 A do 16 A), tudi med polnjenjem<\/li>\n<li>Za\u0161\u010dita pred previsoko temperaturo s samodejno ponastavitvijo<\/li>\n<li>Visokokakovostni kabel EV<\/li>\n<li>Na voljo so razli\u010dne vrste vti\u010dev<\/li>\n<li>Na voljo so razli\u010dne dol\u017eine kablov<\/li>\n<li>Odporen proti de\u017eju<\/li>\n<li style=\"list-style-type: none;\">\n<ul>\n<li style=\"list-style-type: none;\">&nbsp;<\/li>\n<\/ul>\n<\/li>\n<\/ul>\n","protected":false},"excerpt":{"rendered":"<p style=\"text-align: justify;\"><strong>PRENOSNA POLNILNICA za polnjenje elektri\u010dnih vozil z vti\u010dnicami tipa 2 iz katere koli standardne doma\u010de ali javne vti\u010dnice (vir napajanja 230 V) &#8211; podpira polnjenje s tokovi do 16 A (mo\u010d polnjenja do 3,7 kW).<\/strong><\/p>\n<p style=\"text-align: justify;\"><span style=\"color: #000000;\"><strong>OPOMBA:  <\/strong><\/span><\/p>\n<ul>\n<li>\u010ce ste se odlo\u010dili za industrijski vti\u010d CEE, v opombah k naro\u010dilu (ob odjavi) navedite, katero vrsto vti\u010da \u017eelite (1-fazni ali 3-fazni vti\u010d).<\/li>\n<li><em>V primeru, da ste izbrali verzijo brez RCD, potem lahko kabel uporabljate le na vti\u010dnicah, ki so za\u0161\u010ditene z RCD.<\/em><\/li>\n<\/ul>\n","protected":false},"featured_media":22090,"comment_status":"closed","ping_status":"closed","template":"","meta":{"ngg_post_thumbnail":0},"product_brand":[],"product_cat":[1028,1295],"product_tag":[1035,1053,1092,1090,1156],"class_list":{"0":"post-23520","1":"product","2":"type-product","3":"status-publish","4":"has-post-thumbnail","6":"product_cat-izdelki-za-elektricne-motocikle","7":"product_cat-prenosne-polnilnice-za-ev","8":"product_tag-1-fazno","9":"product_tag-16-a-sl","10":"product_tag-polnilni-kabel-za-ev","11":"product_tag-prenosni-polnilec-za-ev","12":"product_tag-tip-2-sl-2","13":"product_shipping_class-ev-port-chargers","15":"first","16":"instock","17":"taxable","18":"shipping-taxable","19":"purchasable","20":"product-type-variable","21":"has-default-attributes"},"yoast_head":"<!-- This site is optimized with the Yoast SEO Premium plugin v27.6 (Yoast SEO v27.6) - https:\/\/yoast.com\/product\/yoast-seo-premium-wordpress\/ -->\n<title>PC03A - 16A \/ 1-fazen - Metron Shop<\/title>\n<meta name=\"robots\" content=\"index, follow, max-snippet:-1, max-image-preview:large, max-video-preview:-1\" \/>\n<link rel=\"canonical\" href=\"https:\/\/eauto.si\/metron-shop\/product\/pc03a-16a-1-fazen\/\" \/>\n<meta property=\"og:locale\" content=\"en_US\" \/>\n<meta property=\"og:type\" content=\"article\" \/>\n<meta property=\"og:title\" content=\"PC03A - 16A \/ 1-fazen\" \/>\n<meta property=\"og:description\" content=\"PRENOSNA POLNILNICA za polnjenje elektri\u010dnih vozil z vti\u010dnicami tipa 2 iz katere koli standardne doma\u010de ali javne vti\u010dnice (vir napajanja 230 V) - podpira polnjenje s tokovi do 16 A (mo\u010d polnjenja do 3,7 kW). OPOMBA:    \u010ce ste se odlo\u010dili za industrijski vti\u010d CEE, v opombah k naro\u010dilu (ob odjavi) navedite, katero vrsto vti\u010da \u017eelite (1-fazni ali 3-fazni vti\u010d).  V primeru, da ste izbrali verzijo brez RCD, potem lahko kabel uporabljate le na vti\u010dnicah, ki so za\u0161\u010ditene z RCD.\" \/>\n<meta property=\"og:url\" content=\"https:\/\/eauto.si\/metron-shop\/product\/pc03a-16a-1-fazen\/?lang=sl\" \/>\n<meta property=\"og:site_name\" content=\"Metron Shop\" \/>\n<meta property=\"article:publisher\" content=\"https:\/\/www.facebook.com\/MetronInstitut\/\" \/>\n<meta property=\"article:modified_time\" content=\"2026-01-27T17:07:18+00:00\" \/>\n<meta property=\"og:image\" content=\"https:\/\/eauto.si\/metron-shop\/wp-content\/uploads\/PC03_thumbnail.jpg\" \/>\n\t<meta property=\"og:image:width\" content=\"800\" \/>\n\t<meta property=\"og:image:height\" content=\"800\" \/>\n\t<meta property=\"og:image:type\" content=\"image\/jpeg\" \/>\n<meta name=\"twitter:card\" content=\"summary_large_image\" \/>\n<script type=\"application\/ld+json\" class=\"yoast-schema-graph\">{\"@context\":\"https:\\\/\\\/schema.org\",\"@graph\":[{\"@type\":\"WebPage\",\"@id\":\"https:\\\/\\\/eauto.si\\\/metron-shop\\\/product\\\/pc03a-16a-1-fazen\\\/?lang=sl\",\"url\":\"https:\\\/\\\/eauto.si\\\/metron-shop\\\/product\\\/pc03a-16a-1-fazen\\\/?lang=sl\",\"name\":\"PC03A - 16A \\\/ 1-fazen - Metron Shop\",\"isPartOf\":{\"@id\":\"https:\\\/\\\/eauto.si\\\/metron-shop\\\/#website\"},\"primaryImageOfPage\":{\"@id\":\"https:\\\/\\\/eauto.si\\\/metron-shop\\\/product\\\/pc03a-16a-1-fazen\\\/?lang=sl#primaryimage\"},\"image\":{\"@id\":\"https:\\\/\\\/eauto.si\\\/metron-shop\\\/product\\\/pc03a-16a-1-fazen\\\/?lang=sl#primaryimage\"},\"thumbnailUrl\":\"https:\\\/\\\/eauto.si\\\/metron-shop\\\/wp-content\\\/uploads\\\/PC03_thumbnail.jpg\",\"datePublished\":\"2020-03-12T07:07:23+00:00\",\"dateModified\":\"2026-01-27T17:07:18+00:00\",\"breadcrumb\":{\"@id\":\"https:\\\/\\\/eauto.si\\\/metron-shop\\\/product\\\/pc03a-16a-1-fazen\\\/?lang=sl#breadcrumb\"},\"inLanguage\":\"en-US\",\"potentialAction\":[{\"@type\":\"ReadAction\",\"target\":[\"https:\\\/\\\/eauto.si\\\/metron-shop\\\/product\\\/pc03a-16a-1-fazen\\\/?lang=sl\"]}]},{\"@type\":\"ImageObject\",\"inLanguage\":\"en-US\",\"@id\":\"https:\\\/\\\/eauto.si\\\/metron-shop\\\/product\\\/pc03a-16a-1-fazen\\\/?lang=sl#primaryimage\",\"url\":\"https:\\\/\\\/eauto.si\\\/metron-shop\\\/wp-content\\\/uploads\\\/PC03_thumbnail.jpg\",\"contentUrl\":\"https:\\\/\\\/eauto.si\\\/metron-shop\\\/wp-content\\\/uploads\\\/PC03_thumbnail.jpg\",\"width\":800,\"height\":800},{\"@type\":\"BreadcrumbList\",\"@id\":\"https:\\\/\\\/eauto.si\\\/metron-shop\\\/product\\\/pc03a-16a-1-fazen\\\/?lang=sl#breadcrumb\",\"itemListElement\":[{\"@type\":\"ListItem\",\"position\":1,\"name\":\"Home\",\"item\":\"https:\\\/\\\/eauto.si\\\/metron-shop\\\/\"},{\"@type\":\"ListItem\",\"position\":2,\"name\":\"Shop\",\"item\":\"https:\\\/\\\/eauto.si\\\/metron-shop\\\/\"},{\"@type\":\"ListItem\",\"position\":3,\"name\":\"PC03A &#8211; 16A \\\/ 1-fazen\"}]},{\"@type\":\"WebSite\",\"@id\":\"https:\\\/\\\/eauto.si\\\/metron-shop\\\/#website\",\"url\":\"https:\\\/\\\/eauto.si\\\/metron-shop\\\/\",\"name\":\"Metron Shop\",\"description\":\"EV charging cables and more ...\",\"publisher\":{\"@id\":\"https:\\\/\\\/eauto.si\\\/metron-shop\\\/#organization\"},\"potentialAction\":[{\"@type\":\"SearchAction\",\"target\":{\"@type\":\"EntryPoint\",\"urlTemplate\":\"https:\\\/\\\/eauto.si\\\/metron-shop\\\/?s={search_term_string}\"},\"query-input\":{\"@type\":\"PropertyValueSpecification\",\"valueRequired\":true,\"valueName\":\"search_term_string\"}}],\"inLanguage\":\"en-US\"},{\"@type\":\"Organization\",\"@id\":\"https:\\\/\\\/eauto.si\\\/metron-shop\\\/#organization\",\"name\":\"Metron institute\",\"url\":\"https:\\\/\\\/eauto.si\\\/metron-shop\\\/\",\"logo\":{\"@type\":\"ImageObject\",\"inLanguage\":\"en-US\",\"@id\":\"https:\\\/\\\/eauto.si\\\/metron-shop\\\/#\\\/schema\\\/logo\\\/image\\\/\",\"url\":\"https:\\\/\\\/eauto.si\\\/metron-shop\\\/wp-content\\\/uploads\\\/LOGO-ENG.png\",\"contentUrl\":\"https:\\\/\\\/eauto.si\\\/metron-shop\\\/wp-content\\\/uploads\\\/LOGO-ENG.png\",\"width\":590,\"height\":272,\"caption\":\"Metron institute\"},\"image\":{\"@id\":\"https:\\\/\\\/eauto.si\\\/metron-shop\\\/#\\\/schema\\\/logo\\\/image\\\/\"},\"sameAs\":[\"https:\\\/\\\/www.facebook.com\\\/MetronInstitut\\\/\",\"https:\\\/\\\/www.youtube.com\\\/channel\\\/UCkD45nHDQdTv1poqTrWhWxA\"]}]}<\/script>\n<!-- \/ Yoast SEO Premium plugin. -->","yoast_head_json":{"title":"PC03A - 16A \/ 1-fazen - Metron Shop","robots":{"index":"index","follow":"follow","max-snippet":"max-snippet:-1","max-image-preview":"max-image-preview:large","max-video-preview":"max-video-preview:-1"},"canonical":"https:\/\/eauto.si\/metron-shop\/product\/pc03a-16a-1-fazen\/","og_locale":"en_US","og_type":"article","og_title":"PC03A - 16A \/ 1-fazen","og_description":"PRENOSNA POLNILNICA za polnjenje elektri\u010dnih vozil z vti\u010dnicami tipa 2 iz katere koli standardne doma\u010de ali javne vti\u010dnice (vir napajanja 230 V) - podpira polnjenje s tokovi do 16 A (mo\u010d polnjenja do 3,7 kW). OPOMBA:    \u010ce ste se odlo\u010dili za industrijski vti\u010d CEE, v opombah k naro\u010dilu (ob odjavi) navedite, katero vrsto vti\u010da \u017eelite (1-fazni ali 3-fazni vti\u010d).  V primeru, da ste izbrali verzijo brez RCD, potem lahko kabel uporabljate le na vti\u010dnicah, ki so za\u0161\u010ditene z RCD.","og_url":"https:\/\/eauto.si\/metron-shop\/product\/pc03a-16a-1-fazen\/?lang=sl","og_site_name":"Metron Shop","article_publisher":"https:\/\/www.facebook.com\/MetronInstitut\/","article_modified_time":"2026-01-27T17:07:18+00:00","og_image":[{"width":800,"height":800,"url":"https:\/\/eauto.si\/metron-shop\/wp-content\/uploads\/PC03_thumbnail.jpg","type":"image\/jpeg"}],"twitter_card":"summary_large_image","schema":{"@context":"https:\/\/schema.org","@graph":[{"@type":"WebPage","@id":"https:\/\/eauto.si\/metron-shop\/product\/pc03a-16a-1-fazen\/?lang=sl","url":"https:\/\/eauto.si\/metron-shop\/product\/pc03a-16a-1-fazen\/?lang=sl","name":"PC03A - 16A \/ 1-fazen - Metron Shop","isPartOf":{"@id":"https:\/\/eauto.si\/metron-shop\/#website"},"primaryImageOfPage":{"@id":"https:\/\/eauto.si\/metron-shop\/product\/pc03a-16a-1-fazen\/?lang=sl#primaryimage"},"image":{"@id":"https:\/\/eauto.si\/metron-shop\/product\/pc03a-16a-1-fazen\/?lang=sl#primaryimage"},"thumbnailUrl":"https:\/\/eauto.si\/metron-shop\/wp-content\/uploads\/PC03_thumbnail.jpg","datePublished":"2020-03-12T07:07:23+00:00","dateModified":"2026-01-27T17:07:18+00:00","breadcrumb":{"@id":"https:\/\/eauto.si\/metron-shop\/product\/pc03a-16a-1-fazen\/?lang=sl#breadcrumb"},"inLanguage":"en-US","potentialAction":[{"@type":"ReadAction","target":["https:\/\/eauto.si\/metron-shop\/product\/pc03a-16a-1-fazen\/?lang=sl"]}]},{"@type":"ImageObject","inLanguage":"en-US","@id":"https:\/\/eauto.si\/metron-shop\/product\/pc03a-16a-1-fazen\/?lang=sl#primaryimage","url":"https:\/\/eauto.si\/metron-shop\/wp-content\/uploads\/PC03_thumbnail.jpg","contentUrl":"https:\/\/eauto.si\/metron-shop\/wp-content\/uploads\/PC03_thumbnail.jpg","width":800,"height":800},{"@type":"BreadcrumbList","@id":"https:\/\/eauto.si\/metron-shop\/product\/pc03a-16a-1-fazen\/?lang=sl#breadcrumb","itemListElement":[{"@type":"ListItem","position":1,"name":"Home","item":"https:\/\/eauto.si\/metron-shop\/"},{"@type":"ListItem","position":2,"name":"Shop","item":"https:\/\/eauto.si\/metron-shop\/"},{"@type":"ListItem","position":3,"name":"PC03A &#8211; 16A \/ 1-fazen"}]},{"@type":"WebSite","@id":"https:\/\/eauto.si\/metron-shop\/#website","url":"https:\/\/eauto.si\/metron-shop\/","name":"Metron Shop","description":"EV charging cables and more ...","publisher":{"@id":"https:\/\/eauto.si\/metron-shop\/#organization"},"potentialAction":[{"@type":"SearchAction","target":{"@type":"EntryPoint","urlTemplate":"https:\/\/eauto.si\/metron-shop\/?s={search_term_string}"},"query-input":{"@type":"PropertyValueSpecification","valueRequired":true,"valueName":"search_term_string"}}],"inLanguage":"en-US"},{"@type":"Organization","@id":"https:\/\/eauto.si\/metron-shop\/#organization","name":"Metron institute","url":"https:\/\/eauto.si\/metron-shop\/","logo":{"@type":"ImageObject","inLanguage":"en-US","@id":"https:\/\/eauto.si\/metron-shop\/#\/schema\/logo\/image\/","url":"https:\/\/eauto.si\/metron-shop\/wp-content\/uploads\/LOGO-ENG.png","contentUrl":"https:\/\/eauto.si\/metron-shop\/wp-content\/uploads\/LOGO-ENG.png","width":590,"height":272,"caption":"Metron institute"},"image":{"@id":"https:\/\/eauto.si\/metron-shop\/#\/schema\/logo\/image\/"},"sameAs":["https:\/\/www.facebook.com\/MetronInstitut\/","https:\/\/www.youtube.com\/channel\/UCkD45nHDQdTv1poqTrWhWxA"]}]}},"_links":{"self":[{"href":"https:\/\/eauto.si\/metron-shop\/wp-json\/wp\/v2\/product\/23520","targetHints":{"allow":["GET"]}}],"collection":[{"href":"https:\/\/eauto.si\/metron-shop\/wp-json\/wp\/v2\/product"}],"about":[{"href":"https:\/\/eauto.si\/metron-shop\/wp-json\/wp\/v2\/types\/product"}],"replies":[{"embeddable":true,"href":"https:\/\/eauto.si\/metron-shop\/wp-json\/wp\/v2\/comments?post=23520"}],"wp:featuredmedia":[{"embeddable":true,"href":"https:\/\/eauto.si\/metron-shop\/wp-json\/wp\/v2\/media\/22090"}],"wp:attachment":[{"href":"https:\/\/eauto.si\/metron-shop\/wp-json\/wp\/v2\/media?parent=23520"}],"wp:term":[{"taxonomy":"product_brand","embeddable":true,"href":"https:\/\/eauto.si\/metron-shop\/wp-json\/wp\/v2\/product_brand?post=23520"},{"taxonomy":"product_cat","embeddable":true,"href":"https:\/\/eauto.si\/metron-shop\/wp-json\/wp\/v2\/product_cat?post=23520"},{"taxonomy":"product_tag","embeddable":true,"href":"https:\/\/eauto.si\/metron-shop\/wp-json\/wp\/v2\/product_tag?post=23520"}],"curies":[{"name":"wp","href":"https:\/\/api.w.org\/{rel}","templated":true}]}}