{"id":23610,"date":"2019-12-06T08:23:49","date_gmt":"2019-12-06T07:23:49","guid":{"rendered":"https:\/\/eauto.si\/metron-shop\/product\/pc03t-16a-1-faza\/"},"modified":"2026-02-04T13:56:14","modified_gmt":"2026-02-04T12:56:14","slug":"pc03t-16a-1-faza","status":"publish","type":"product","link":"https:\/\/eauto.si\/metron-shop\/product\/pc03t-16a-1-faza\/?lang=sl","title":{"rendered":"PC03T &#8211; 16A \/ 1-faza"},"content":{"rendered":"<h3><strong>Glavne zna\u010dilnosti:<\/strong><\/h3>\n<ul>\n<li><strong>Zasnova ALL-IN-A PLUG &#8211; brez nerodne \u0161katle na kablu<\/strong><\/li>\n<li><strong>100% lasten Metronov komunikacijski modul EVSE z vsemi funkcijami<\/strong><\/li>\n<li>Narejen za <strong>1-fazno<\/strong> polnjenje EV v na\u010dinu 2 s tokovi do <strong>16A<\/strong><\/li>\n<li><strong>Prilagodljiv polnilni tok (od 6A do 16A)<\/strong><\/li>\n<li><strong>Vgrajena funkcija daljinskega odpiranja vrat polnilne vti\u010dnice in odklepanja polnilnega vtika\u010da na Teslinih vozilih<\/strong><\/li>\n<li>Vgrajena samodejna <strong>temperaturna za\u0161\u010dita z zmo\u017enostjo &#8220;mehkega&#8221; izklopa<\/strong><\/li>\n<li>Opcijska <strong>temperaturna za\u0161\u010dita s SOFT-OFF funkcijo<\/strong> in samodejno ponastavitvijo za \u0161uko vtika\u010d<\/li>\n<li><strong>Kabel, zasnovan za elektri\u010dna vozila,<\/strong> <strong>VRHUNSKA kakovost<\/strong> (narejeno v Nem\u010diji)<\/li>\n<li>Izberite vrsto vtika\u010da (stenska vti\u010dnica\/stran omre\u017eja)<\/li>\n<li>Izberite \u017eeleno dol\u017eino kabla od 5m do 12m, na zahtevo lahko tudi do 25m<\/li>\n<li><strong>ODPORNA NA DE\u017d<\/strong><strong><span style=\"color: #993366;\"><em><br \/>\n<\/em><\/span><\/strong><\/li>\n<\/ul>\n<h3><strong>Prikaz delovanja namenskega Tesla gumba:<\/strong><\/h3>\n<div style=\"width: 640px;\" class=\"wp-video\"><video class=\"wp-video-shortcode\" id=\"video-23610-1\" width=\"640\" height=\"360\" preload=\"metadata\" controls=\"controls\"><source type=\"video\/mp4\" src=\"https:\/\/eauto.si\/Video\/Metron-Tesla-EN.mp4?_=1\" \/><a href=\"https:\/\/eauto.si\/Video\/Metron-Tesla-EN.mp4\">https:\/\/eauto.si\/Video\/Metron-Tesla-EN.mp4<\/a><\/video><\/div>\n<h3><strong>Lastnosti kabla * :<\/strong><\/h3>\n<ul>\n<li>Odpornost na mikrobe, olje, prah in vodo<\/li>\n<li>Posebna zasnova kabla za dalj\u0161o \u017eivljenjsko dobo<\/li>\n<li>Pro\u017een pri nizkih temperaturah (popolnoma pro\u017een pri temperaturah od -25 \u00b0C do 80 \u00b0C)<\/li>\n<li>Odpornost na ve\u010dje mehanske obremenitve, zlasti na drgnjenje in drsenje.<\/li>\n<\/ul>\n<p><em>[<strong>*<\/strong>] Velja samo za izolirani del kabla, ne za elektroniko<\/em><\/p>\n<p><a class=\"mb-button mb-style-raised mb-size-small mb-corners-default mb-text-style-heavy \" style=\"background-color: #8a5189;\" href=\"https:\/\/eauto.si\/metron-shop\/wp-content\/uploads\/Declaration-of-conformity-PC15102020-CE-mark.pdf\"> <i class=\"fa fa-edit\"><\/i>IZJAVA O SKLADNOSTI EU<\/a><\/p>\n<h3> <a class=\"mb-button mb-style-raised mb-size-small mb-corners-default mb-text-style-heavy \" style=\"background-color: #8a5189;\" href=\"https:\/\/eauto.si\/metron-shop\/wp-content\/uploads\/SIQ-TEST-REPORT-IEC-61851-1-2017.pdf\"> <i class=\"fa fa-edit\"><\/i>PORO\u010cILO O PREIZKUSU SIQ &#8211; PREDOGLED<\/a><br \/>\n<strong>Tehni\u010dne specifikacije:<\/strong><\/h3>\n<ul>\n<li><strong>Vrsta vtika\u010da (na strani EV): Tip 2<\/strong> (IEC 62196) \u017eenski vtika\u010d<\/li>\n<li>Vrsta vtika\u010da (stenska vti\u010dnica\/stran omre\u017eja): po \u017eelji (\u0161uko &#8211; Tip F, CEE, Tip G, Tip H,&#8230;.)<\/li>\n<li>Najve\u010dji polnilni tok: 16A (1-fazno) <\/li>\n<li><strong>Prilagodljiv polnilni tok: 6A, 8A, 10A, 13A or 16A<\/strong><\/li>\n<li><strong>Izbrani polnilni tok ostane shranjen v notranjem spominu, tudi ko je postaja odklopljena od omre\u017eja<\/strong><\/li>\n<li>Najve\u010dja polnilna mo\u010d: 3.7kW <\/li>\n<li>Nazivna napetost: 230V (1-fazno)<\/li>\n<li>Obratovalna napetost: od 180V do 270V (50\/60Hz)<\/li>\n<li><strong>Micro EVSE<\/strong> v EV vtika\u010du &#8211; lasten Metron EVSE komunikacijski modul<\/li>\n<li><strong>Izredno natan\u010dna in temperaturno neodvisna kvar\u010dno krmiljena komunikacijska frekvenca<\/strong><\/li>\n<li>Informacije za uporabnika preko modre LED<\/li>\n<li><strong>Zaznava in javlja VSA normalna polnilna stanja <\/strong>(preko modre LED)<\/li>\n<li><strong>Zaznava in javlja VSE napake<\/strong> (preko modre LED)<\/li>\n<li><strong>Samodejna ponastavitev po ve\u010dini napak!<\/strong><\/li>\n<li>Dol\u017eina kabla: po \u017eelji stranke<\/li>\n<li>Izolacija kabla z odpornostjo na UV \u017earke, olje in ogenj<\/li>\n<li>Delovno temperaturno obmo\u010dje: -30 \u00b0C do 40 \u00b0C (pri polni izpostavljenosti soncu)<\/li>\n<li>Vgrajena samodejna temperaturna za\u0161\u010dita z zmo\u017enostjo &#8220;mehkega&#8221; izklopa<\/li>\n<li><strong>IP za\u0161\u010dita: IP54 (odporno proti de\u017eju)<\/strong><\/li>\n<li>Barva kabla: \u010drna ali oran\u017ena<\/li>\n<li>Te\u017ea: odvisna od dol\u017eine kabla<\/li>\n<li>Skladno z IEC 61851<\/li>\n<li>CE certifikat<\/li>\n<li><strong>Garancija<\/strong>: 2 leti<\/li>\n<\/ul>\n<p><strong>Dodatne mo\u017enosti:<span id=\"transmark\" style=\"width: 0px; height: 0px;\"><\/span><\/strong><\/p>\n<ul>\n<li style=\"text-align: justify;\"><strong>\u0160UKO vtika\u010d (Tip F) z vgrajeno TEMPERATURNO ZA\u0160\u010cITO<\/strong>\n<ul>\n<li>Zagotavlja VARNO polnjenje pri visokih tokovih (16A)<\/li>\n<li><strong>Deluje popolnoma samostojno<\/strong><\/li>\n<li><strong>V primeru pregrevanja prekine polnjenje<\/strong><\/li>\n<li><strong>Pregrevanje javi preko hitro utripajo\u010de modre LED na EV vtika\u010du<\/strong><\/li>\n<li><strong>Samodejno pri\u010dne s polnjenjem, ko se ohladi<a id=\"RCD-3\"><\/a><\/strong><\/li>\n<li>Kako deluje: v primeru slabe kakovosti stenske vti\u010dnice lahko pride do pregrevanja \u0161uko vtika\u010da, slednji to lahko zazna in prekine polnjenje V primeru pregrevanja pri\u010dne modra LED na EV vtika\u010du 5-krat utripati (ponavljajo\u010de). Ko se ohladi, se polnjenje samodejno pri\u010dne.<\/li>\n<\/ul>\n<\/li>\n<li style=\"text-align: justify;\">Naprava za <strong>za\u0161\u010dito pred napako ozemljitve<\/strong> &#8211; 30mA RCD (v primeru, da vti\u010dnica ni za\u0161\u010ditena s 30mA RCD)<\/li>\n<\/ul>\n<h3 style=\"text-align: justify;\">Skladnost:<\/h3>\n<p style=\"text-align: justify;\">Poleg evropskih verzij Tesla Model S, Model X in Model 3 ta prenosni polnilec deluje tudi z vsemi ostalimi elektri\u010dnimi avtomobili, ki imajo Tip 2 polnilno vti\u010dnico.<\/p>\n<h3 style=\"text-align: justify;\">Kaj je RCD in kako deluje?<\/h3>\n<p style=\"text-align: justify;\">RCD je kratica za Residual Current Device oz. za\u0161\u010dita na diferen\u010dni tok. Namen naprave je prepre\u010diti smrtno nevaren elektri\u010dni udar, \u010de se dotaknete dela pod napetostjo, na primer gole bakrene \u017eice pod visoko napetostjo. Odklopniki RCD zagotavljajo raven osebne za\u0161\u010dite, ki je obi\u010dajne varovalke ali odklopniki ne morejo zagotoviti. RCD stalno spremlja elektri\u010dni tok, ki te\u010de skozi enega ali ve\u010d tokokrogov, ki jih \u0161\u010diti. \u010ce zazna, da elektrika te\u010de po nena\u010drtovani poti, na primer prek osebe, ki se je dotaknila dela pod napetostjo, FID zelo hitro izklopi tokokrog, kar znatno zmanj\u0161a tveganje smrti ali resnih po\u0161kodb.<\/p>\n<h3 style=\"text-align: justify;\">Opomba:<\/h3>\n<p style=\"text-align: justify;\">Metron\u00ae na nikakr\u0161en na\u010din ni povezan s podjetjem Tesla. Nikakor ne navajamo ali namigujemo, da so proizvodi, ki jih prodaja Metron\u00ae odobreni s strani ali povezani s podjetjem Tesla. Vsa uporabljena proizvodna imena, simboli in opis na na\u0161ih slikah in besedilih se uporabljajo le v prepoznavne namene. Tesla Model S, Model X, Model 3, Supercharger in Destination charger so blagovne znamke podjetja Tesla.<\/p>\n","protected":false},"excerpt":{"rendered":"<p><strong>PRENOSNI EV POLNILEC za polnjenje elektri\u010dnih vozil TESLA s Tip 2 polnilno vti\u010dnico iz vsake doma\u010de ali industrijske stenske vti\u010dnice (230V napetost). Omogo\u010da 1-fazno polnjenje s tokovi do 16A (do 3,7 kW polnilne mo\u010di).<\/strong><\/p>\n<p><strong>Vgrajeni sta dve pomembni Tesla funkciji<\/strong> (enaki kot pri Tesla Supercharger in Destination charger)<strong>:<\/strong><\/p>\n<ol>\n<li><strong>Daljinsko odpiranje vrat polnilne vti\u010dnice<\/strong><\/li>\n<li><strong>Odklepanje zaklepa polnilnega kabla<\/strong><\/li>\n<\/ol>\n<p><strong>Zdru\u017eljiv z evropskimi razli\u010dicami elektri\u010dnih vozil TESLA.<br \/>\n<\/strong><\/p>\n<p><strong>OPOMBA:<\/strong> <strong><em> \u010ce ste izbrali razli\u010dico brez RCD, je uporaba te naprave dovoljena izklju\u010dno na omre\u017ejih, za\u0161\u010ditenih z RCD <sup><a href=\"#RCD-5\">[1]<\/a><\/sup>. \u010ce ste se odlo\u010dili za industrijski CEE vti\u010d, prosimo, da v opombah k naro\u010dilu (ob zaklju\u010dku naro\u010dila) navedete, kak\u0161en tip vti\u010da \u017eelite (1-fazni ali 3-fazni vti\u010d).<\/em><\/strong><\/p>\n<p> <a class=\"mb-button mb-style-traditional mb-size-default mb-corners-default mb-text-style-default \" style=\"background-color: #2ba3c4;\" href=\"https:\/\/eauto.si\/metron-shop\/wp-content\/uploads\/Metron_PC03_Navodila_za_uporabo_SLO.pdf\">&nbsp;<i class=\"fa fa-arrow-circle-o-down\"><\/i> Navodila za uporabo &#8211; SI<\/a> <a class=\"mb-button mb-style-traditional mb-size-default mb-corners-default mb-text-style-default \" style=\"background-color: #2ba3c4;\" href=\"https:\/\/eauto.si\/metron-shop\/wp-content\/uploads\/Metron_PC03_User_Manual_ENG.pdf\">&nbsp;<i class=\"fa fa-arrow-circle-o-down\"><\/i> User manual &#8211; ENG<\/a> <a class=\"mb-button mb-style-traditional mb-size-default mb-corners-default mb-text-style-default \" style=\"background-color: #2ba3c4;\" href=\"https:\/\/eauto.si\/metron-shop\/wp-content\/uploads\/Metron_PC03_User_Manual_DE.pdf\">&nbsp;<i class=\"fa fa-arrow-circle-o-down\"><\/i> Bedienungsanleitungen \u2013 DE<\/a><\/p>\n","protected":false},"featured_media":21736,"comment_status":"closed","ping_status":"closed","template":"","meta":{"ngg_post_thumbnail":0},"product_brand":[],"product_cat":[1006,1295],"product_tag":[1035,1053,1092,1090,1147,1149,1150,1156],"class_list":{"0":"post-23610","1":"product","2":"type-product","3":"status-publish","4":"has-post-thumbnail","6":"product_cat-dodatki-za-model-s-y-x-3","7":"product_cat-prenosne-polnilnice-za-ev","8":"product_tag-1-fazno","9":"product_tag-16-a-sl","10":"product_tag-polnilni-kabel-za-ev","11":"product_tag-prenosni-polnilec-za-ev","12":"product_tag-tesla-3-sl","13":"product_tag-tesla-s-sl","14":"product_tag-tesla-x-sl","15":"product_tag-tip-2-sl-2","16":"product_shipping_class-ev-port-chargers","18":"first","19":"instock","20":"taxable","21":"shipping-taxable","22":"purchasable","23":"product-type-variable","24":"has-default-attributes"},"yoast_head":"<!-- This site is optimized with the Yoast SEO Premium plugin v27.3 (Yoast SEO v27.3) - https:\/\/yoast.com\/product\/yoast-seo-premium-wordpress\/ -->\n<title>PC03T - 16A \/ 1-faza - Metron Shop<\/title>\n<meta name=\"description\" content=\"Prenosna polnilnica za polnjenje elektri\u010dnih vozil Tesla, s polnilno vti\u010dnico tipa 2, iz standardne doma\u010de vti\u010dnice (230 V), polnilni tok do 16 A.\" \/>\n<meta name=\"robots\" content=\"index, follow, max-snippet:-1, max-image-preview:large, max-video-preview:-1\" \/>\n<link rel=\"canonical\" href=\"https:\/\/eauto.si\/metron-shop\/product\/pc03t-16a-1-faza\/\" \/>\n<meta property=\"og:locale\" content=\"en_US\" \/>\n<meta property=\"og:type\" content=\"article\" \/>\n<meta property=\"og:title\" content=\"PC03T - 16A \/ 1-faza\" \/>\n<meta property=\"og:description\" content=\"Prenosna polnilnica za polnjenje elektri\u010dnih vozil Tesla, s polnilno vti\u010dnico tipa 2, iz standardne doma\u010de vti\u010dnice (230 V), polnilni tok do 16 A.\" \/>\n<meta property=\"og:url\" content=\"https:\/\/eauto.si\/metron-shop\/product\/pc03t-16a-1-faza\/?lang=sl\" \/>\n<meta property=\"og:site_name\" content=\"Metron Shop\" \/>\n<meta property=\"article:publisher\" content=\"https:\/\/www.facebook.com\/MetronInstitut\/\" \/>\n<meta property=\"article:modified_time\" content=\"2026-02-04T12:56:14+00:00\" \/>\n<meta property=\"og:image\" content=\"https:\/\/eauto.si\/metron-shop\/wp-content\/uploads\/PC03_2BL.png\" \/>\n\t<meta property=\"og:image:width\" content=\"800\" \/>\n\t<meta property=\"og:image:height\" content=\"800\" \/>\n\t<meta property=\"og:image:type\" content=\"image\/png\" \/>\n<meta name=\"twitter:card\" content=\"summary_large_image\" \/>\n<meta name=\"twitter:label1\" content=\"Est. reading time\" \/>\n\t<meta name=\"twitter:data1\" content=\"4 minutes\" \/>\n<script type=\"application\/ld+json\" class=\"yoast-schema-graph\">{\"@context\":\"https:\\\/\\\/schema.org\",\"@graph\":[{\"@type\":\"WebPage\",\"@id\":\"https:\\\/\\\/eauto.si\\\/metron-shop\\\/product\\\/pc03t-16a-1-faza\\\/?lang=sl\",\"url\":\"https:\\\/\\\/eauto.si\\\/metron-shop\\\/product\\\/pc03t-16a-1-faza\\\/?lang=sl\",\"name\":\"PC03T - 16A \\\/ 1-faza - Metron Shop\",\"isPartOf\":{\"@id\":\"https:\\\/\\\/eauto.si\\\/metron-shop\\\/#website\"},\"primaryImageOfPage\":{\"@id\":\"https:\\\/\\\/eauto.si\\\/metron-shop\\\/product\\\/pc03t-16a-1-faza\\\/?lang=sl#primaryimage\"},\"image\":{\"@id\":\"https:\\\/\\\/eauto.si\\\/metron-shop\\\/product\\\/pc03t-16a-1-faza\\\/?lang=sl#primaryimage\"},\"thumbnailUrl\":\"https:\\\/\\\/eauto.si\\\/metron-shop\\\/wp-content\\\/uploads\\\/PC03_2BL.png\",\"datePublished\":\"2019-12-06T07:23:49+00:00\",\"dateModified\":\"2026-02-04T12:56:14+00:00\",\"description\":\"Prenosna polnilnica za polnjenje elektri\u010dnih vozil Tesla, s polnilno vti\u010dnico tipa 2, iz standardne doma\u010de vti\u010dnice (230 V), polnilni tok do 16 A.\",\"breadcrumb\":{\"@id\":\"https:\\\/\\\/eauto.si\\\/metron-shop\\\/product\\\/pc03t-16a-1-faza\\\/?lang=sl#breadcrumb\"},\"inLanguage\":\"en-US\",\"potentialAction\":[{\"@type\":\"ReadAction\",\"target\":[\"https:\\\/\\\/eauto.si\\\/metron-shop\\\/product\\\/pc03t-16a-1-faza\\\/?lang=sl\"]}]},{\"@type\":\"ImageObject\",\"inLanguage\":\"en-US\",\"@id\":\"https:\\\/\\\/eauto.si\\\/metron-shop\\\/product\\\/pc03t-16a-1-faza\\\/?lang=sl#primaryimage\",\"url\":\"https:\\\/\\\/eauto.si\\\/metron-shop\\\/wp-content\\\/uploads\\\/PC03_2BL.png\",\"contentUrl\":\"https:\\\/\\\/eauto.si\\\/metron-shop\\\/wp-content\\\/uploads\\\/PC03_2BL.png\",\"width\":800,\"height\":800},{\"@type\":\"BreadcrumbList\",\"@id\":\"https:\\\/\\\/eauto.si\\\/metron-shop\\\/product\\\/pc03t-16a-1-faza\\\/?lang=sl#breadcrumb\",\"itemListElement\":[{\"@type\":\"ListItem\",\"position\":1,\"name\":\"Home\",\"item\":\"https:\\\/\\\/eauto.si\\\/metron-shop\\\/\"},{\"@type\":\"ListItem\",\"position\":2,\"name\":\"Shop\",\"item\":\"https:\\\/\\\/eauto.si\\\/metron-shop\\\/\"},{\"@type\":\"ListItem\",\"position\":3,\"name\":\"PC03T &#8211; 16A \\\/ 1-faza\"}]},{\"@type\":\"WebSite\",\"@id\":\"https:\\\/\\\/eauto.si\\\/metron-shop\\\/#website\",\"url\":\"https:\\\/\\\/eauto.si\\\/metron-shop\\\/\",\"name\":\"Metron Shop\",\"description\":\"EV charging cables and more ...\",\"publisher\":{\"@id\":\"https:\\\/\\\/eauto.si\\\/metron-shop\\\/#organization\"},\"potentialAction\":[{\"@type\":\"SearchAction\",\"target\":{\"@type\":\"EntryPoint\",\"urlTemplate\":\"https:\\\/\\\/eauto.si\\\/metron-shop\\\/?s={search_term_string}\"},\"query-input\":{\"@type\":\"PropertyValueSpecification\",\"valueRequired\":true,\"valueName\":\"search_term_string\"}}],\"inLanguage\":\"en-US\"},{\"@type\":\"Organization\",\"@id\":\"https:\\\/\\\/eauto.si\\\/metron-shop\\\/#organization\",\"name\":\"Metron institute\",\"url\":\"https:\\\/\\\/eauto.si\\\/metron-shop\\\/\",\"logo\":{\"@type\":\"ImageObject\",\"inLanguage\":\"en-US\",\"@id\":\"https:\\\/\\\/eauto.si\\\/metron-shop\\\/#\\\/schema\\\/logo\\\/image\\\/\",\"url\":\"https:\\\/\\\/eauto.si\\\/metron-shop\\\/wp-content\\\/uploads\\\/LOGO-ENG.png\",\"contentUrl\":\"https:\\\/\\\/eauto.si\\\/metron-shop\\\/wp-content\\\/uploads\\\/LOGO-ENG.png\",\"width\":590,\"height\":272,\"caption\":\"Metron institute\"},\"image\":{\"@id\":\"https:\\\/\\\/eauto.si\\\/metron-shop\\\/#\\\/schema\\\/logo\\\/image\\\/\"},\"sameAs\":[\"https:\\\/\\\/www.facebook.com\\\/MetronInstitut\\\/\",\"https:\\\/\\\/www.youtube.com\\\/channel\\\/UCkD45nHDQdTv1poqTrWhWxA\"]}]}<\/script>\n<!-- \/ Yoast SEO Premium plugin. -->","yoast_head_json":{"title":"PC03T - 16A \/ 1-faza - Metron Shop","description":"Prenosna polnilnica za polnjenje elektri\u010dnih vozil Tesla, s polnilno vti\u010dnico tipa 2, iz standardne doma\u010de vti\u010dnice (230 V), polnilni tok do 16 A.","robots":{"index":"index","follow":"follow","max-snippet":"max-snippet:-1","max-image-preview":"max-image-preview:large","max-video-preview":"max-video-preview:-1"},"canonical":"https:\/\/eauto.si\/metron-shop\/product\/pc03t-16a-1-faza\/","og_locale":"en_US","og_type":"article","og_title":"PC03T - 16A \/ 1-faza","og_description":"Prenosna polnilnica za polnjenje elektri\u010dnih vozil Tesla, s polnilno vti\u010dnico tipa 2, iz standardne doma\u010de vti\u010dnice (230 V), polnilni tok do 16 A.","og_url":"https:\/\/eauto.si\/metron-shop\/product\/pc03t-16a-1-faza\/?lang=sl","og_site_name":"Metron Shop","article_publisher":"https:\/\/www.facebook.com\/MetronInstitut\/","article_modified_time":"2026-02-04T12:56:14+00:00","og_image":[{"width":800,"height":800,"url":"https:\/\/eauto.si\/metron-shop\/wp-content\/uploads\/PC03_2BL.png","type":"image\/png"}],"twitter_card":"summary_large_image","twitter_misc":{"Est. reading time":"4 minutes"},"schema":{"@context":"https:\/\/schema.org","@graph":[{"@type":"WebPage","@id":"https:\/\/eauto.si\/metron-shop\/product\/pc03t-16a-1-faza\/?lang=sl","url":"https:\/\/eauto.si\/metron-shop\/product\/pc03t-16a-1-faza\/?lang=sl","name":"PC03T - 16A \/ 1-faza - Metron Shop","isPartOf":{"@id":"https:\/\/eauto.si\/metron-shop\/#website"},"primaryImageOfPage":{"@id":"https:\/\/eauto.si\/metron-shop\/product\/pc03t-16a-1-faza\/?lang=sl#primaryimage"},"image":{"@id":"https:\/\/eauto.si\/metron-shop\/product\/pc03t-16a-1-faza\/?lang=sl#primaryimage"},"thumbnailUrl":"https:\/\/eauto.si\/metron-shop\/wp-content\/uploads\/PC03_2BL.png","datePublished":"2019-12-06T07:23:49+00:00","dateModified":"2026-02-04T12:56:14+00:00","description":"Prenosna polnilnica za polnjenje elektri\u010dnih vozil Tesla, s polnilno vti\u010dnico tipa 2, iz standardne doma\u010de vti\u010dnice (230 V), polnilni tok do 16 A.","breadcrumb":{"@id":"https:\/\/eauto.si\/metron-shop\/product\/pc03t-16a-1-faza\/?lang=sl#breadcrumb"},"inLanguage":"en-US","potentialAction":[{"@type":"ReadAction","target":["https:\/\/eauto.si\/metron-shop\/product\/pc03t-16a-1-faza\/?lang=sl"]}]},{"@type":"ImageObject","inLanguage":"en-US","@id":"https:\/\/eauto.si\/metron-shop\/product\/pc03t-16a-1-faza\/?lang=sl#primaryimage","url":"https:\/\/eauto.si\/metron-shop\/wp-content\/uploads\/PC03_2BL.png","contentUrl":"https:\/\/eauto.si\/metron-shop\/wp-content\/uploads\/PC03_2BL.png","width":800,"height":800},{"@type":"BreadcrumbList","@id":"https:\/\/eauto.si\/metron-shop\/product\/pc03t-16a-1-faza\/?lang=sl#breadcrumb","itemListElement":[{"@type":"ListItem","position":1,"name":"Home","item":"https:\/\/eauto.si\/metron-shop\/"},{"@type":"ListItem","position":2,"name":"Shop","item":"https:\/\/eauto.si\/metron-shop\/"},{"@type":"ListItem","position":3,"name":"PC03T &#8211; 16A \/ 1-faza"}]},{"@type":"WebSite","@id":"https:\/\/eauto.si\/metron-shop\/#website","url":"https:\/\/eauto.si\/metron-shop\/","name":"Metron Shop","description":"EV charging cables and more ...","publisher":{"@id":"https:\/\/eauto.si\/metron-shop\/#organization"},"potentialAction":[{"@type":"SearchAction","target":{"@type":"EntryPoint","urlTemplate":"https:\/\/eauto.si\/metron-shop\/?s={search_term_string}"},"query-input":{"@type":"PropertyValueSpecification","valueRequired":true,"valueName":"search_term_string"}}],"inLanguage":"en-US"},{"@type":"Organization","@id":"https:\/\/eauto.si\/metron-shop\/#organization","name":"Metron institute","url":"https:\/\/eauto.si\/metron-shop\/","logo":{"@type":"ImageObject","inLanguage":"en-US","@id":"https:\/\/eauto.si\/metron-shop\/#\/schema\/logo\/image\/","url":"https:\/\/eauto.si\/metron-shop\/wp-content\/uploads\/LOGO-ENG.png","contentUrl":"https:\/\/eauto.si\/metron-shop\/wp-content\/uploads\/LOGO-ENG.png","width":590,"height":272,"caption":"Metron institute"},"image":{"@id":"https:\/\/eauto.si\/metron-shop\/#\/schema\/logo\/image\/"},"sameAs":["https:\/\/www.facebook.com\/MetronInstitut\/","https:\/\/www.youtube.com\/channel\/UCkD45nHDQdTv1poqTrWhWxA"]}]}},"_links":{"self":[{"href":"https:\/\/eauto.si\/metron-shop\/wp-json\/wp\/v2\/product\/23610","targetHints":{"allow":["GET"]}}],"collection":[{"href":"https:\/\/eauto.si\/metron-shop\/wp-json\/wp\/v2\/product"}],"about":[{"href":"https:\/\/eauto.si\/metron-shop\/wp-json\/wp\/v2\/types\/product"}],"replies":[{"embeddable":true,"href":"https:\/\/eauto.si\/metron-shop\/wp-json\/wp\/v2\/comments?post=23610"}],"wp:featuredmedia":[{"embeddable":true,"href":"https:\/\/eauto.si\/metron-shop\/wp-json\/wp\/v2\/media\/21736"}],"wp:attachment":[{"href":"https:\/\/eauto.si\/metron-shop\/wp-json\/wp\/v2\/media?parent=23610"}],"wp:term":[{"taxonomy":"product_brand","embeddable":true,"href":"https:\/\/eauto.si\/metron-shop\/wp-json\/wp\/v2\/product_brand?post=23610"},{"taxonomy":"product_cat","embeddable":true,"href":"https:\/\/eauto.si\/metron-shop\/wp-json\/wp\/v2\/product_cat?post=23610"},{"taxonomy":"product_tag","embeddable":true,"href":"https:\/\/eauto.si\/metron-shop\/wp-json\/wp\/v2\/product_tag?post=23610"}],"curies":[{"name":"wp","href":"https:\/\/api.w.org\/{rel}","templated":true}]}}