{"id":23654,"date":"2022-07-07T14:04:33","date_gmt":"2022-07-07T12:04:33","guid":{"rendered":"https:\/\/eauto.si\/metron-shop\/product\/pc04x-1x32a-1-faza-2\/"},"modified":"2026-01-26T11:54:32","modified_gmt":"2026-01-26T10:54:32","slug":"pc04x-1x32a-1-faza-2","status":"publish","type":"product","link":"https:\/\/eauto.si\/metron-shop\/product\/pc04x-1x32a-1-faza-2\/?lang=sl","title":{"rendered":"PC04X &#8211; 1x32A \/ 1-faza"},"content":{"rendered":"<h3><strong>Glavne zna\u010dilnosti:<\/strong><\/h3>\n<ul>\n<li><strong>Najmanj\u0161a in najla\u017eja prenosna EV polnilna postaja s tip 2 vti\u010dnico<\/strong><\/li>\n<li><strong>100% lasten Metron miniaturni komunikacijski modul EVSE<\/strong><\/li>\n<li>Narejena za <strong>1-fazno<\/strong> polnjenje EV v na\u010dinu 2 s tokovi do <strong>32A<\/strong><\/li>\n<li><strong>Prilagodljiv polnilni tok (od 6A do 32A)<\/strong><\/li>\n<li><b>Posrebreni mo\u010dnostni kontakti tip 2 vti\u010dnice <\/b>zagotavljajo minimalno pregrevanje<\/li>\n<li>Vgrajena samodejna <strong>temperaturna za\u0161\u010dita z zmo\u017enostjo &#8220;mehkega&#8221; izklopa<\/strong><\/li>\n<li>Vgrajeno za\u0161\u010ditno tokovno stikalo <b><strong>(RCD, 30mA AC + 6mA DC) s samodejnim testiranjem<\/strong><\/b><\/li>\n<li><strong>Odpornost na vse vremenske pogoje (IP67)<\/strong><strong><span style=\"color: #993366;\"><em><br \/>\n<\/em><\/span><\/strong><\/li>\n<\/ul>\n<div style=\"width: 640px;\" class=\"wp-video\"><video class=\"wp-video-shortcode\" id=\"video-23654-1\" width=\"640\" height=\"360\" preload=\"metadata\" controls=\"controls\"><source type=\"video\/mp4\" src=\"https:\/\/eauto.si\/Video\/Metron-Portable-Charging-EN.mp4?_=1\" \/><a href=\"https:\/\/eauto.si\/Video\/Metron-Portable-Charging-EN.mp4\">https:\/\/eauto.si\/Video\/Metron-Portable-Charging-EN.mp4<\/a><\/video><\/div>\n<h3><strong>Dodatne mo\u017enosti:<\/strong><\/h3>\n<ul>\n<li>Zaklep tip 2 ro\u010dke s klju\u010davnico &#8211; <a href=\"https:\/\/eauto.si\/metron-shop\/product\/lock-and-key\/\">https:\/\/eauto.si\/metron-shop\/product\/lock-and-key\/<\/a><\/li>\n<\/ul>\n<p><a class=\"mb-button mb-style-raised mb-size-small mb-corners-default mb-text-style-heavy \" style=\"background-color: #8a5189;\" href=\"https:\/\/eauto.si\/metron-shop\/wp-content\/uploads\/Declaration-of-conformity-PC15102020-CE-mark.pdf\"> <i class=\"fa fa-edit\"><\/i>IZJAVA O SKLADNOSTI EU<\/a><\/p>\n<h3> <a class=\"mb-button mb-style-raised mb-size-small mb-corners-default mb-text-style-heavy \" style=\"background-color: #8a5189;\" href=\"https:\/\/eauto.si\/metron-shop\/wp-content\/uploads\/SIQ-TEST-REPORT-IEC-61851-1-2017.pdf\"> <i class=\"fa fa-edit\"><\/i>PORO\u010cILO O PREIZKUSU SIQ &#8211; PREDOGLED<\/a><br \/>\n<strong>Tehni\u010dne specifikacije:<\/strong><\/h3>\n<ul>\n<li><strong>Tip polnilne vti\u010dnice (za EV): Tip 2<\/strong> (IEC 62196) \u017eenska vti\u010dnica<\/li>\n<li><strong>Vrsta stenskega vtika\u010da (stran omre\u017eja): CEE 32A (3-faze\/3P N E)<\/strong> ali kateri drug po \u017eelji<\/li>\n<li>Najve\u010dji polnilni tok: <strong>32A (1-fazno<\/strong>) <\/li>\n<li><strong>Prilagodljiv polnilni tok: 6A, 8A, 10A, 13A, 16A, 20A, 25A ali 32A<br \/>\n<\/strong><\/li>\n<li><strong>Izbrani polnilni tok ostane shranjen v notranjem spominu, tudi ko je postaja odklopljena od omre\u017eja<\/strong><\/li>\n<li>Najve\u010dja polnilna mo\u010d (1-fazno): 7,4 kW <\/li>\n<li>Nazivna napetost (1-fazno): 230Vac<\/li>\n<li>Obratovalna napetost (1-fazno): od 90V do 270V (50\/60Hz)<\/li>\n<li>Poraba v mirovanju: 3W<\/li>\n<li><strong>Micro EVSE 4 <\/strong> &#8211; vgrajen je lasten Metron miniaturni komunikacijski modul EVSE<\/li>\n<li>Informacije za uporabnika preko modre LED<\/li>\n<li><strong>Zaznava in javlja VSA normalna polnilna stanja <\/strong>(preko modre LED)<\/li>\n<li><strong>Zaznava in javlja VSE napake<\/strong> (preko modre LED)<\/li>\n<li><strong>Samodejno se povrne po vsaki napaki,<\/strong> razen po napaki ozemljitve<\/li>\n<li><b>Vgrajeno za\u0161\u010ditno tokovno stikalo (RCD, 30mA AC + 6mA DC) <\/b><\/li>\n<li><strong>Vgrajeno samodejno testiranje RCD<\/strong><\/li>\n<li><strong>Zaznava zvarjenega polnilnega kontakta (zelo mala verjetnost pojava zaradi posebne za\u0161\u010dite kontaktov)<\/strong><\/li>\n<li><strong>Stenski vtika\u010d z vgrajeno TEMPERATURNO ZA\u0160\u010cITO (na zahtevo)<\/strong><\/li>\n<li>Temperaturno obmo\u010dje delovanja: -30 \u00b0C do 50 \u00b0C (pri polni izpostavljenosti soncu)<\/li>\n<li>Vgrajena samodejna temperaturna za\u0161\u010dita z zmo\u017enostjo &#8220;mehkega&#8221; izklopa<\/li>\n<li><strong>IP stopnja za\u0161\u010dite: IP67<\/strong><\/li>\n<li><strong>IK stopnja za\u0161\u010dite: IK10 (odpornost na udarce) + protipovozna za\u0161\u010dita<\/strong><\/li>\n<li>UV odpornost<\/li>\n<li>Barva: \u010drna<\/li>\n<li>Masa: 1 kg<\/li>\n<li>Dol\u017eina \/ \u0160irina: 47 cm \/ 7 cm max.<\/li>\n<li>Skladno z IEC 61851<\/li>\n<li>CE certifikat<\/li>\n<li>Garancija: 2 leti<\/li>\n<\/ul>\n<h3><strong>Zelena proizvodnja<\/strong><\/h3>\n<p style=\"text-align: justify;\">Vsi na\u0161i izdelki so proizvedeni na oglji\u010dno nevtralen na\u010din z uporabo metode <a href=\"https:\/\/eauto.si\/en\/projects\/sustainable-energy-cycle\/\">&#8220;trajnostnega energetskega cikla&#8221;<\/a>. <a href=\"https:\/\/eauto.si\/en\/about-us\/sustainable-production\/\">Proizvodni obrat, v katerem izdelujemo polnilne kable<\/a> in prenosne polnilne postaje, je prvi popolnoma trajnostni proizvodni obrat za polnilne kable za elektri\u010dna vozila. Vso energijo, ki je potrebna za ogrevanje in hlajenje stavbe, proizvodni proces ter prevoz blaga in zaposlene (razen dostave te\u017ekih materialov s tovornjaki), proizvajata dve fotovoltai\u010dni elektrarni, shranjuje pa se v \u0161tirih baterijskih zalogovnikih. Da bi skraj\u0161ali dobavne poti in podprli lokalno gospodarstvo, so skoraj vse komponente, ki jih uporabljamo (kabli, vtika\u010di), proizvedene v EU. Z nakupom na\u0161ih izdelkov prispevate k razvoju trajnostnega gospodarstva.<\/p>\n<h3 style=\"text-align: justify;\"><strong>Skladnost:<\/strong><\/h3>\n<p style=\"text-align: justify;\">100% skladen z vsemi elektri\u010dnimi vozili.<\/p>\n<h3 style=\"text-align: justify;\"><strong>Kaj je RCD in kako deluje?<\/strong><\/h3>\n<p style=\"text-align: justify;\">RCD je kratica za Residual Current Device oz. za\u0161\u010dita na diferen\u010dni tok. Namen naprave je prepre\u010diti smrtno nevaren elektri\u010dni udar, \u010de se dotaknete dela pod napetostjo, na primer gole bakrene \u017eice pod visoko napetostjo. RCD odklopniki zagotavljajo raven osebne za\u0161\u010dite, ki jo obi\u010dajni<br \/>\nvarovalke\/odklopniki ne morejo zagotoviti. RCD stalno spremlja elektri\u010dni tok, ki te\u010de skozi enega ali ve\u010d tokokrogov, ki jih \u0161\u010diti. \u010ce zazna, da elektrika te\u010de po nena\u010drtovani poti, na primer prek osebe, ki se je dotaknila dela pod napetostjo, FID zelo hitro izklopi tokokrog, kar znatno zmanj\u0161a tveganje smrti ali resnih po\u0161kodb. Vsak prenosni polnilec ima vgrajen RCD tipa A 30 mA AC + 6 mA DC, ki zagotavlja najvi\u0161jo mo\u017eno raven osebne za\u0161\u010dite, saj uporabnike \u0161\u010diti pred izmeni\u010dnim, pulzirajo\u010dim enosmernim in \u010distim enosmernim uhajajo\u010dim tokom.<\/p>\n<h3 style=\"text-align: justify;\"><strong>Opombe za Renault ZOE:<\/strong><\/h3>\n<ol style=\"text-align: justify;\">\n<li>Ta prenosni polnilec (prenosna polnilna postaja) je zdru\u017eljiv tudi z <strong>Renault ZOE (podprte so vse razli\u010dice motorjev)<\/strong>, kar pomeni, da Renault ZOE ne bo po\u0161kodoval tega prenosnega polnilca \u2013 ne bo zvaril notranjih kontaktorjev!<\/li>\n<li>Pred za\u010detkom polnjenja interni polnilec v avtu preveri, ali je stenska vti\u010dnica, iz katere \u017eelite polniti avtomobil, pravilno priklju\u010dena na dobro elektri\u010dno omre\u017eje, sicer se ZOE ne bo za\u010del polniti. Stenska vti\u010dnica\/omre\u017eje mora imeti naslednje zna\u010dilnosti:<\/li>\n<\/ol>\n<ul>\n<li style=\"text-align: justify;\">Elektri\u010dno omre\u017eje stenske vti\u010dnice mora imeti nizko impedanco (kabli s preseki vodnikov morajo imeti vsaj 2,5 mm2).<\/li>\n<li style=\"text-align: justify;\">Ozemljitev: ozemljitvena upornost mora biti manj\u0161a od 100 ohmov<\/li>\n<li style=\"text-align: justify;\">Razlika napetosti med ni\u010dlo in zemljo mora biti zelo majhna (\u010de je to te\u017eava, jo lahko re\u0161i izku\u0161en elektri\u010dar pri na\u010dinu povezovanja ni\u010dle in zemlje v vti\u010dnici, \u010de v stavbi ni za\u0161\u010dite RCD ali pred <span id=\"transmark\"><\/span>za\u0161\u010ditno napravo RDC, \u010de obstaja)<a id=\"RCD-5\"><\/a><\/li>\n<li style=\"text-align: justify;\">Naprava RCD (za\u0161\u010dita pred zemeljskim udarom) v vti\u010dnici mora biti tipa A (30 mA) ali tipa A z dodanim 6 mA DC RCD ali tipa B ali pa brez, saj ima prenosna polnilna postaja vgrajen RCD (30mA AC + 6mA DC). RCD tipa AC (30 mA) ni primeren, ker ga lahko aktivira polnilni sistem Renault ZOE!<\/li>\n<li style=\"text-align: justify;\">Pri enofaznem polnjenju (z adapterjem CEE na schuko) je pomembno, da sta faza in ni\u010dla pravilno name\u0161\u010deni. \u010ce ne deluje, obrnite vtika\u010d (\u0161uko) za 180 stopinj in bo (najverjetneje) delovalo.<\/li>\n<\/ul>\n","protected":false},"excerpt":{"rendered":"<p class=\"ai-optimize-28\" style=\"text-align: justify;\"><strong>METRON PC04X je izjemno kompaktna in lahka 1-fazna \/ 7,4 kW prenosna polnilna postaja za elektri\u010dna vozila, zasnovana za polnjenje elektri\u010dnih vozil iz katere koli<\/strong> <strong>gospodinjske ali industrijske vti\u010dnice z uporabo standardnih polnilnih kablov Tip 2 &#8211; Tip 2 ali Tip 2 &#8211; Tip 1<\/strong>.<strong>PC04X pretvori katero koli elektri\u010dno v Tip 2 vti\u010dnico polnilne postaje, za elektri\u010dna vozila z najve\u010djimi varnostnimi funkcijami za uporabnike.<\/strong><\/p>\n<p class=\"ai-optimize-29\"><a class=\"mb-button mb-style-traditional mb-size-default mb-corners-default mb-text-style-default \" style=\"background-color: #2ba3c4;\" href=\"https:\/\/eauto.si\/metron-shop\/wp-content\/uploads\/Metron_PC03X_PC04X_PC05X_User_Manual_SLO.pdf\"><i class=\"fa fa-arrow-circle-o-down\"><\/i> Navodila za uporabnike &#8211; SI<\/a><\/p>\n<p class=\"ai-optimize-30\"><a class=\"mb-button mb-style-traditional mb-size-default mb-corners-default mb-text-style-default \" style=\"background-color: #2ba3c4;\" href=\"https:\/\/eauto.si\/metron-shop\/wp-content\/uploads\/Metron_PC03X_PC04X_PC05X_User_Manual_ENG.pdf\"><i class=\"fa fa-arrow-circle-o-down\"><\/i> User manual &#8211; ENG<\/a><\/p>\n<p class=\"ai-optimize-31\"><a class=\"mb-button mb-style-traditional mb-size-default mb-corners-default mb-text-style-default \" style=\"background-color: #2ba3c4;\" href=\"https:\/\/eauto.si\/metron-shop\/wp-content\/uploads\/Metron_PC03X_PC04X_PC05X_User_Manual_DE.pdf\">&nbsp;<i class=\"fa fa-arrow-circle-o-down\"><\/i> Bedienungsanleitung &#8211; DE<\/a><\/p>\n<p class=\"ai-optimize-32\"><a class=\"mb-button mb-style-traditional mb-size-default mb-corners-default mb-text-style-default \" style=\"background-color: #2ba3c4;\" href=\"https:\/\/eauto.si\/metron-shop\/wp-content\/uploads\/Metron_PC03X_PC04X_PC05X_User_Manual_FR.pdf\">&nbsp;<i class=\"fa fa-arrow-circle-o-down\"><\/i> Manuel d\u2019utilisation &#8211; FR<\/a><\/p>\n","protected":false},"featured_media":25027,"comment_status":"closed","ping_status":"closed","template":"","meta":{"ngg_post_thumbnail":0},"product_brand":[],"product_cat":[1295],"product_tag":[1035,1057,1171,1092,1090,1156],"class_list":{"0":"post-23654","1":"product","2":"type-product","3":"status-publish","4":"has-post-thumbnail","6":"product_cat-prenosne-polnilnice-za-ev","7":"product_tag-1-fazno","8":"product_tag-32-a-sl-2","9":"product_tag-podpira-zoe","10":"product_tag-polnilni-kabel-za-ev","11":"product_tag-prenosni-polnilec-za-ev","12":"product_tag-tip-2-sl-2","13":"product_shipping_class-ev-port-chargers","15":"first","16":"instock","17":"featured","18":"taxable","19":"shipping-taxable","20":"purchasable","21":"product-type-variable","22":"has-default-attributes"},"yoast_head":"<!-- This site is optimized with the Yoast SEO Premium plugin v27.5 (Yoast SEO v27.5) - https:\/\/yoast.com\/product\/yoast-seo-premium-wordpress\/ -->\n<title>PC04X - 1x32A \/ 1-faza - Metron Shop<\/title>\n<meta name=\"description\" content=\"PC04X je kompaktna in lahka 1-fazna \/ 7,4 kW prenosna mini polnilna postaja za elektri\u010dna vozila, zasnovana za polnjenje va\u0161ega elektri\u010dnega vozila iz gospodinjske ali industrijske vti\u010dnice.\" \/>\n<meta name=\"robots\" content=\"index, follow, max-snippet:-1, max-image-preview:large, max-video-preview:-1\" \/>\n<link rel=\"canonical\" href=\"https:\/\/eauto.si\/metron-shop\/product\/pc04x-1x32a-1-faza-2\/\" \/>\n<meta property=\"og:locale\" content=\"en_US\" \/>\n<meta property=\"og:type\" content=\"article\" \/>\n<meta property=\"og:title\" content=\"PC04X - 1x32A \/ 1-faza\" \/>\n<meta property=\"og:description\" content=\"PC04X je kompaktna in lahka 1-fazna \/ 7,4 kW prenosna mini polnilna postaja za elektri\u010dna vozila, zasnovana za polnjenje va\u0161ega elektri\u010dnega vozila iz gospodinjske ali industrijske vti\u010dnice.\" \/>\n<meta property=\"og:url\" content=\"https:\/\/eauto.si\/metron-shop\/product\/pc04x-1x32a-1-faza-2\/?lang=sl\" \/>\n<meta property=\"og:site_name\" content=\"Metron Shop\" \/>\n<meta property=\"article:publisher\" content=\"https:\/\/www.facebook.com\/MetronInstitut\/\" \/>\n<meta property=\"article:modified_time\" content=\"2026-01-26T10:54:32+00:00\" \/>\n<meta property=\"og:image\" content=\"https:\/\/eauto.si\/metron-shop\/wp-content\/uploads\/PC04X_2025_profile_.jpg\" \/>\n\t<meta property=\"og:image:width\" content=\"800\" \/>\n\t<meta property=\"og:image:height\" content=\"800\" \/>\n\t<meta property=\"og:image:type\" content=\"image\/jpeg\" \/>\n<meta name=\"twitter:card\" content=\"summary_large_image\" \/>\n<meta name=\"twitter:label1\" content=\"Est. reading time\" \/>\n\t<meta name=\"twitter:data1\" content=\"4 minutes\" \/>\n<script type=\"application\/ld+json\" class=\"yoast-schema-graph\">{\"@context\":\"https:\\\/\\\/schema.org\",\"@graph\":[{\"@type\":\"WebPage\",\"@id\":\"https:\\\/\\\/eauto.si\\\/metron-shop\\\/product\\\/pc04x-1x32a-1-faza-2\\\/?lang=sl\",\"url\":\"https:\\\/\\\/eauto.si\\\/metron-shop\\\/product\\\/pc04x-1x32a-1-faza-2\\\/?lang=sl\",\"name\":\"PC04X - 1x32A \\\/ 1-faza - Metron Shop\",\"isPartOf\":{\"@id\":\"https:\\\/\\\/eauto.si\\\/metron-shop\\\/#website\"},\"primaryImageOfPage\":{\"@id\":\"https:\\\/\\\/eauto.si\\\/metron-shop\\\/product\\\/pc04x-1x32a-1-faza-2\\\/?lang=sl#primaryimage\"},\"image\":{\"@id\":\"https:\\\/\\\/eauto.si\\\/metron-shop\\\/product\\\/pc04x-1x32a-1-faza-2\\\/?lang=sl#primaryimage\"},\"thumbnailUrl\":\"https:\\\/\\\/eauto.si\\\/metron-shop\\\/wp-content\\\/uploads\\\/PC04X_2025_profile_.jpg\",\"datePublished\":\"2022-07-07T12:04:33+00:00\",\"dateModified\":\"2026-01-26T10:54:32+00:00\",\"description\":\"PC04X je kompaktna in lahka 1-fazna \\\/ 7,4 kW prenosna mini polnilna postaja za elektri\u010dna vozila, zasnovana za polnjenje va\u0161ega elektri\u010dnega vozila iz gospodinjske ali industrijske vti\u010dnice.\",\"breadcrumb\":{\"@id\":\"https:\\\/\\\/eauto.si\\\/metron-shop\\\/product\\\/pc04x-1x32a-1-faza-2\\\/?lang=sl#breadcrumb\"},\"inLanguage\":\"en-US\",\"potentialAction\":[{\"@type\":\"ReadAction\",\"target\":[\"https:\\\/\\\/eauto.si\\\/metron-shop\\\/product\\\/pc04x-1x32a-1-faza-2\\\/?lang=sl\"]}]},{\"@type\":\"ImageObject\",\"inLanguage\":\"en-US\",\"@id\":\"https:\\\/\\\/eauto.si\\\/metron-shop\\\/product\\\/pc04x-1x32a-1-faza-2\\\/?lang=sl#primaryimage\",\"url\":\"https:\\\/\\\/eauto.si\\\/metron-shop\\\/wp-content\\\/uploads\\\/PC04X_2025_profile_.jpg\",\"contentUrl\":\"https:\\\/\\\/eauto.si\\\/metron-shop\\\/wp-content\\\/uploads\\\/PC04X_2025_profile_.jpg\",\"width\":800,\"height\":800},{\"@type\":\"BreadcrumbList\",\"@id\":\"https:\\\/\\\/eauto.si\\\/metron-shop\\\/product\\\/pc04x-1x32a-1-faza-2\\\/?lang=sl#breadcrumb\",\"itemListElement\":[{\"@type\":\"ListItem\",\"position\":1,\"name\":\"Home\",\"item\":\"https:\\\/\\\/eauto.si\\\/metron-shop\\\/\"},{\"@type\":\"ListItem\",\"position\":2,\"name\":\"Shop\",\"item\":\"https:\\\/\\\/eauto.si\\\/metron-shop\\\/\"},{\"@type\":\"ListItem\",\"position\":3,\"name\":\"PC04X &#8211; 1x32A \\\/ 1-faza\"}]},{\"@type\":\"WebSite\",\"@id\":\"https:\\\/\\\/eauto.si\\\/metron-shop\\\/#website\",\"url\":\"https:\\\/\\\/eauto.si\\\/metron-shop\\\/\",\"name\":\"Metron Shop\",\"description\":\"EV charging cables and more ...\",\"publisher\":{\"@id\":\"https:\\\/\\\/eauto.si\\\/metron-shop\\\/#organization\"},\"potentialAction\":[{\"@type\":\"SearchAction\",\"target\":{\"@type\":\"EntryPoint\",\"urlTemplate\":\"https:\\\/\\\/eauto.si\\\/metron-shop\\\/?s={search_term_string}\"},\"query-input\":{\"@type\":\"PropertyValueSpecification\",\"valueRequired\":true,\"valueName\":\"search_term_string\"}}],\"inLanguage\":\"en-US\"},{\"@type\":\"Organization\",\"@id\":\"https:\\\/\\\/eauto.si\\\/metron-shop\\\/#organization\",\"name\":\"Metron institute\",\"url\":\"https:\\\/\\\/eauto.si\\\/metron-shop\\\/\",\"logo\":{\"@type\":\"ImageObject\",\"inLanguage\":\"en-US\",\"@id\":\"https:\\\/\\\/eauto.si\\\/metron-shop\\\/#\\\/schema\\\/logo\\\/image\\\/\",\"url\":\"https:\\\/\\\/eauto.si\\\/metron-shop\\\/wp-content\\\/uploads\\\/LOGO-ENG.png\",\"contentUrl\":\"https:\\\/\\\/eauto.si\\\/metron-shop\\\/wp-content\\\/uploads\\\/LOGO-ENG.png\",\"width\":590,\"height\":272,\"caption\":\"Metron institute\"},\"image\":{\"@id\":\"https:\\\/\\\/eauto.si\\\/metron-shop\\\/#\\\/schema\\\/logo\\\/image\\\/\"},\"sameAs\":[\"https:\\\/\\\/www.facebook.com\\\/MetronInstitut\\\/\",\"https:\\\/\\\/www.youtube.com\\\/channel\\\/UCkD45nHDQdTv1poqTrWhWxA\"]}]}<\/script>\n<!-- \/ Yoast SEO Premium plugin. -->","yoast_head_json":{"title":"PC04X - 1x32A \/ 1-faza - Metron Shop","description":"PC04X je kompaktna in lahka 1-fazna \/ 7,4 kW prenosna mini polnilna postaja za elektri\u010dna vozila, zasnovana za polnjenje va\u0161ega elektri\u010dnega vozila iz gospodinjske ali industrijske vti\u010dnice.","robots":{"index":"index","follow":"follow","max-snippet":"max-snippet:-1","max-image-preview":"max-image-preview:large","max-video-preview":"max-video-preview:-1"},"canonical":"https:\/\/eauto.si\/metron-shop\/product\/pc04x-1x32a-1-faza-2\/","og_locale":"en_US","og_type":"article","og_title":"PC04X - 1x32A \/ 1-faza","og_description":"PC04X je kompaktna in lahka 1-fazna \/ 7,4 kW prenosna mini polnilna postaja za elektri\u010dna vozila, zasnovana za polnjenje va\u0161ega elektri\u010dnega vozila iz gospodinjske ali industrijske vti\u010dnice.","og_url":"https:\/\/eauto.si\/metron-shop\/product\/pc04x-1x32a-1-faza-2\/?lang=sl","og_site_name":"Metron Shop","article_publisher":"https:\/\/www.facebook.com\/MetronInstitut\/","article_modified_time":"2026-01-26T10:54:32+00:00","og_image":[{"width":800,"height":800,"url":"https:\/\/eauto.si\/metron-shop\/wp-content\/uploads\/PC04X_2025_profile_.jpg","type":"image\/jpeg"}],"twitter_card":"summary_large_image","twitter_misc":{"Est. reading time":"4 minutes"},"schema":{"@context":"https:\/\/schema.org","@graph":[{"@type":"WebPage","@id":"https:\/\/eauto.si\/metron-shop\/product\/pc04x-1x32a-1-faza-2\/?lang=sl","url":"https:\/\/eauto.si\/metron-shop\/product\/pc04x-1x32a-1-faza-2\/?lang=sl","name":"PC04X - 1x32A \/ 1-faza - Metron Shop","isPartOf":{"@id":"https:\/\/eauto.si\/metron-shop\/#website"},"primaryImageOfPage":{"@id":"https:\/\/eauto.si\/metron-shop\/product\/pc04x-1x32a-1-faza-2\/?lang=sl#primaryimage"},"image":{"@id":"https:\/\/eauto.si\/metron-shop\/product\/pc04x-1x32a-1-faza-2\/?lang=sl#primaryimage"},"thumbnailUrl":"https:\/\/eauto.si\/metron-shop\/wp-content\/uploads\/PC04X_2025_profile_.jpg","datePublished":"2022-07-07T12:04:33+00:00","dateModified":"2026-01-26T10:54:32+00:00","description":"PC04X je kompaktna in lahka 1-fazna \/ 7,4 kW prenosna mini polnilna postaja za elektri\u010dna vozila, zasnovana za polnjenje va\u0161ega elektri\u010dnega vozila iz gospodinjske ali industrijske vti\u010dnice.","breadcrumb":{"@id":"https:\/\/eauto.si\/metron-shop\/product\/pc04x-1x32a-1-faza-2\/?lang=sl#breadcrumb"},"inLanguage":"en-US","potentialAction":[{"@type":"ReadAction","target":["https:\/\/eauto.si\/metron-shop\/product\/pc04x-1x32a-1-faza-2\/?lang=sl"]}]},{"@type":"ImageObject","inLanguage":"en-US","@id":"https:\/\/eauto.si\/metron-shop\/product\/pc04x-1x32a-1-faza-2\/?lang=sl#primaryimage","url":"https:\/\/eauto.si\/metron-shop\/wp-content\/uploads\/PC04X_2025_profile_.jpg","contentUrl":"https:\/\/eauto.si\/metron-shop\/wp-content\/uploads\/PC04X_2025_profile_.jpg","width":800,"height":800},{"@type":"BreadcrumbList","@id":"https:\/\/eauto.si\/metron-shop\/product\/pc04x-1x32a-1-faza-2\/?lang=sl#breadcrumb","itemListElement":[{"@type":"ListItem","position":1,"name":"Home","item":"https:\/\/eauto.si\/metron-shop\/"},{"@type":"ListItem","position":2,"name":"Shop","item":"https:\/\/eauto.si\/metron-shop\/"},{"@type":"ListItem","position":3,"name":"PC04X &#8211; 1x32A \/ 1-faza"}]},{"@type":"WebSite","@id":"https:\/\/eauto.si\/metron-shop\/#website","url":"https:\/\/eauto.si\/metron-shop\/","name":"Metron Shop","description":"EV charging cables and more ...","publisher":{"@id":"https:\/\/eauto.si\/metron-shop\/#organization"},"potentialAction":[{"@type":"SearchAction","target":{"@type":"EntryPoint","urlTemplate":"https:\/\/eauto.si\/metron-shop\/?s={search_term_string}"},"query-input":{"@type":"PropertyValueSpecification","valueRequired":true,"valueName":"search_term_string"}}],"inLanguage":"en-US"},{"@type":"Organization","@id":"https:\/\/eauto.si\/metron-shop\/#organization","name":"Metron institute","url":"https:\/\/eauto.si\/metron-shop\/","logo":{"@type":"ImageObject","inLanguage":"en-US","@id":"https:\/\/eauto.si\/metron-shop\/#\/schema\/logo\/image\/","url":"https:\/\/eauto.si\/metron-shop\/wp-content\/uploads\/LOGO-ENG.png","contentUrl":"https:\/\/eauto.si\/metron-shop\/wp-content\/uploads\/LOGO-ENG.png","width":590,"height":272,"caption":"Metron institute"},"image":{"@id":"https:\/\/eauto.si\/metron-shop\/#\/schema\/logo\/image\/"},"sameAs":["https:\/\/www.facebook.com\/MetronInstitut\/","https:\/\/www.youtube.com\/channel\/UCkD45nHDQdTv1poqTrWhWxA"]}]}},"_links":{"self":[{"href":"https:\/\/eauto.si\/metron-shop\/wp-json\/wp\/v2\/product\/23654","targetHints":{"allow":["GET"]}}],"collection":[{"href":"https:\/\/eauto.si\/metron-shop\/wp-json\/wp\/v2\/product"}],"about":[{"href":"https:\/\/eauto.si\/metron-shop\/wp-json\/wp\/v2\/types\/product"}],"replies":[{"embeddable":true,"href":"https:\/\/eauto.si\/metron-shop\/wp-json\/wp\/v2\/comments?post=23654"}],"wp:featuredmedia":[{"embeddable":true,"href":"https:\/\/eauto.si\/metron-shop\/wp-json\/wp\/v2\/media\/25027"}],"wp:attachment":[{"href":"https:\/\/eauto.si\/metron-shop\/wp-json\/wp\/v2\/media?parent=23654"}],"wp:term":[{"taxonomy":"product_brand","embeddable":true,"href":"https:\/\/eauto.si\/metron-shop\/wp-json\/wp\/v2\/product_brand?post=23654"},{"taxonomy":"product_cat","embeddable":true,"href":"https:\/\/eauto.si\/metron-shop\/wp-json\/wp\/v2\/product_cat?post=23654"},{"taxonomy":"product_tag","embeddable":true,"href":"https:\/\/eauto.si\/metron-shop\/wp-json\/wp\/v2\/product_tag?post=23654"}],"curies":[{"name":"wp","href":"https:\/\/api.w.org\/{rel}","templated":true}]}}