{"id":23691,"date":"2024-03-04T14:10:50","date_gmt":"2024-03-04T13:10:50","guid":{"rendered":"https:\/\/eauto.si\/metron-shop\/product\/pc04yt-32a-1-faza-2\/"},"modified":"2026-01-26T11:20:32","modified_gmt":"2026-01-26T10:20:32","slug":"pc04yt-32a-1-faza-2","status":"publish","type":"product","link":"https:\/\/eauto.si\/metron-shop\/product\/pc04yt-32a-1-faza-2\/?lang=sl","title":{"rendered":"PC04YT 32A \/ 1-faza"},"content":{"rendered":"<h3><strong>Glavne zna\u010dilnosti:<\/strong><\/h3>\n<ul>\n<li><strong>Zasnova ALL-IN-A PLUG &#8211; brez nerodne \u0161katle na kablu<\/strong><\/li>\n<li><strong>100% lasten Metron miniaturni PAMETNI komunikacijski modul EVSE<\/strong><\/li>\n<li>Narejena za <strong>1-fazno<\/strong> polnjenje EV v na\u010dinu 2 s tokovi do <strong>32A<\/strong><\/li>\n<li><strong>Prilagodljiv polnilni tok (od 6A do 32A)<\/strong><\/li>\n<li>Vgrajena <strong>samodejna temperaturna za\u0161\u010dita<\/strong><\/li>\n<li>Vgrajeno za\u0161\u010ditno tokovno stikalo <b><strong>(RCD, 30mA AC + 6mA DC) s samodejnim testiranjem<\/strong><\/b><\/li>\n<li><strong>Kabel, zasnovan za elektri\u010dna vozila,<\/strong> <strong>VRHUNSKA kakovost<\/strong> (narejeno v Nem\u010diji)<\/li>\n<li>Mo\u017ena izbira dol\u017eine kabla od 3m do 30m<\/li>\n<li>Mo\u017enost izbire stenskega vtika\u010da (stenska vti\u010dnica\/stran omre\u017eja)<\/li>\n<li><strong>Odpornost na vse vremenske pogoje (IP67)<\/strong><\/li>\n<\/ul>\n<h3><strong>Prikaz delovanja namenskega Tesla gumba:<\/strong><\/h3>\n<div style=\"width: 640px;\" class=\"wp-video\"><video class=\"wp-video-shortcode\" id=\"video-23691-1\" width=\"640\" height=\"360\" preload=\"metadata\" controls=\"controls\"><source type=\"video\/mp4\" src=\"https:\/\/eauto.si\/Video\/Metron-Tesla-EN.mp4?_=1\" \/><a href=\"https:\/\/eauto.si\/Video\/Metron-Tesla-EN.mp4\">https:\/\/eauto.si\/Video\/Metron-Tesla-EN.mp4<\/a><\/video><\/div>\n<h3><strong>Lastnosti kabla * :<\/strong><\/h3>\n<ul>\n<li>Odpornost na mikrobe, olje, prah in vodo<\/li>\n<li>Posebna zasnova kabla za dalj\u0161o \u017eivljenjsko dobo<\/li>\n<li>Gibljiv pri nizkih temperaturah (temp. obmo\u010dje: -25\u00b0C do 80\u00b0C)<\/li>\n<li>Odpornost na ve\u010dje mehanske obremenitve, zlasti na drgnjenje in drsenje.<\/li>\n<\/ul>\n<p><em>[<strong>*<\/strong>] Velja samo za izolirani del kabla, ne za elektroniko<\/em><\/p>\n<p><a class=\"mb-button mb-style-raised mb-size-small mb-corners-default mb-text-style-heavy \" style=\"background-color: #8a5189;\" href=\"https:\/\/eauto.si\/metron-shop\/wp-content\/uploads\/Declaration-of-conformity-PC15102020-CE-mark.pdf\"> <i class=\"fa fa-edit\"><\/i>IZJAVA O SKLADNOSTI EU<\/a><\/p>\n<h3> <a class=\"mb-button mb-style-raised mb-size-small mb-corners-default mb-text-style-heavy \" style=\"background-color: #8a5189;\" href=\"https:\/\/eauto.si\/metron-shop\/wp-content\/uploads\/SIQ-TEST-REPORT-IEC-61851-1-2017.pdf\"> <i class=\"fa fa-edit\"><\/i>PORO\u010cILO O PREIZKUSU SIQ &#8211; PREDOGLED<\/a><br \/>\n<strong>Tehni\u010dne specifikacije:<\/strong><\/h3>\n<ul>\n<li><strong>Vrsta vtika\u010da (na strani EV): Tip 2<\/strong> (IEC 62196) \u017eenski vtika\u010d<\/li>\n<li><strong>Vrsta stenskega vtika\u010da (stran omre\u017eja):<\/strong> po \u017eelji stranke (CEE 32A (3-faze\/3P N E), CEE 32A (1-faza\/2P E),&#8230;.)<\/li>\n<li>Najve\u010dja Polnilni tok: 32A (enofazno) <\/li>\n<li><strong>Polnilni tok lahko nastavite preko tipke: 6A, 8A, 10A, 13A, 16A, 20A, 25A ali 32A (brez pametnega telefona)<\/strong><\/li>\n<li>Najve\u010dja polnilna mo\u010d: 7.4 kW <\/li>\n<li>Nazivna napetost: 230 V (1-fazno)<\/li>\n<li>Delovna napetost: od 90V do 270V (50\/60Hz)<\/li>\n<li>Poraba v mirovanju: 4W<\/li>\n<li>Vgrajen <strong>Micro EVSE<\/strong> \u2013 lasten Metronov komunikacijski modul EVSE z vsemi funkcijami<\/li>\n<li>Informacije za uporabnika prek dveh modrih LED (osnovna verzija) in Charge Control aplikacije (napredno)<\/li>\n<li>Zaznava in sporo\u010da vsa normalna stanja polnjenja (preko LED)<\/li>\n<li><strong>Zaznava\/javlja vse napake<\/strong> (prek LED)<\/li>\n<li><strong>Samodejno se povrne po vsaki napaki,<\/strong> razen po napaki ozemljitve<\/li>\n<li><b>Vgrajeno za\u0161\u010ditno tokovno stikalo (RCD, 30mA AC + 6mA DC) <\/b><\/li>\n<li><strong>Vgrajeno samodejno testiranje RCD<\/strong><\/li>\n<li><strong>Zaznava zvarjenega polnilnega kontakta (zelo mala verjetnost pojava zaradi posebne za\u0161\u010dite kontaktov)<\/strong><\/li>\n<li><strong>Stenski vtika\u010d z vgrajeno TEMPERATURNO ZA\u0160\u010cITO (na zahtevo)<\/strong><\/li>\n<li>Temperaturno obmo\u010dje delovanja: -30 \u00b0C do 50 \u00b0C (pri polni izpostavljenosti soncu)<\/li>\n<li>Vgrajena samodejna temperaturna za\u0161\u010dita z zmo\u017enostjo &#8220;mehkega&#8221; izklopa<\/li>\n<li><strong>IP stopnja za\u0161\u010dite: IP67<\/strong><\/li>\n<li><strong>IK stopnja za\u0161\u010dite: IK10 (odpornost na udarce) + protipovozna za\u0161\u010dita<\/strong><\/li>\n<li><strong>UV odpornost<\/strong><\/li>\n<li>Barva kabla: \u010drna ali oran\u017ena<\/li>\n<li>Dol\u017eina kabla: po \u017eelji stranke<\/li>\n<li>Te\u017ea: odvisna od dol\u017eine kabla<\/li>\n<li>Skladno z IEC 61851<\/li>\n<li>CE certifikat<\/li>\n<li>Garancija: 2 leti<\/li>\n<\/ul>\n<p style=\"text-align: justify;\"><strong><u><span style=\"color: #ff0000;\">TESLA MODEL S<\/span><\/u>:<\/strong> <strong><em>Odvisno od va\u0161ega polnilnika v vozilu, je polnjenje s to prenosno polnilno postajo lahko omejeno na 16A.<\/em><\/strong><\/p>\n<h3 style=\"text-align: justify;\"><strong>Zelena proizvodnja<\/strong><\/h3>\n<p style=\"text-align: justify;\">Vsi na\u0161i izdelki so proizvedeni na oglji\u010dno nevtralen na\u010din z uporabo metode <a href=\"https:\/\/eauto.si\/en\/projects\/sustainable-energy-cycle\/\">&#8220;trajnostnega energetskega cikla&#8221;<\/a>. <a href=\"https:\/\/eauto.si\/en\/about-us\/sustainable-production\/\">Proizvodni obrat, v katerem izdelujemo polnilne kable<\/a> in prenosne polnilne postaje, je prvi popolnoma trajnostni proizvodni obrat za polnilne kable za elektri\u010dna vozila. Vso energijo, ki je potrebna za ogrevanje in hlajenje stavbe, proizvodni proces ter prevoz blaga in zaposlene (razen dostave te\u017ekih materialov s tovornjaki), proizvajata dve fotovoltai\u010dni elektrarni, shranjuje pa se v \u0161tirih baterijskih zalogovnikih. Da bi skraj\u0161ali dobavne poti in podprli lokalno gospodarstvo, so skoraj vse komponente, ki jih uporabljamo (kabli, vtika\u010di), proizvedene v EU. Z nakupom na\u0161ih izdelkov prispevate k razvoju trajnostnega gospodarstva.<\/p>\n<h3 style=\"text-align: justify;\"><strong>Skladnost<\/strong><\/h3>\n<p style=\"text-align: justify;\">Poleg evropskih verzij vozil Tesla Model S, Model X, Model Y in Model 3 je ta prenosni polnilec skladen tudi z ostalimi elektri\u010dnimi vozili, ki imajo Tip 2 polnilno vti\u010dnico.<\/p>\n<h3 style=\"text-align: justify;\"><strong>Zelena proizvodnja<\/strong><\/h3>\n<p style=\"text-align: justify;\">Vsi na\u0161i izdelki so narejeni na oglji\u010dno nevtralen na\u010din s pomo\u010djo <a href=\"https:\/\/eauto.si\/en\/projects\/sustainable-energy-cycle\/\">\u201ctrajnostnega energetskega kroga\u201d<\/a>. <a href=\"https:\/\/eauto.si\/en\/about-us\/sustainable-production\/\">Proizvodni obrat, kjer izdelujemo polnilne kable<\/a> in prenosne polnilne postaje je prvi popolnoma trajnostni proizvodni obrat polnilnih kablov za elektri\u010dna vozila. Vso energijo, ki je potrebna za ogrevanje in hlajenje stavbe, proizvodni proces ter prevoz blaga in zaposlene (razen dostave te\u017ekih materialov s tovornjaki), proizvajata dve fotovoltai\u010dni elektrarni, shranjuje pa se v \u0161tirih baterijskih zalogovnikih. Da bi skraj\u0161ali dobavne poti in podprli lokalno gospodarstvo, so skoraj vse komponente, ki jih uporabljamo (kabli, vtika\u010di), proizvedene v EU. Z nakupom na\u0161ih izdelkov prispevate k razvoju trajnostnega gospodarstva.<\/p>\n<h3 style=\"text-align: justify;\"><strong>Opombe za Tesla Model 3 in Model Y:<\/strong><\/h3>\n<p style=\"text-align: justify;\"><a id=\"RCD-5\"><\/a><br \/>\nPolnilnik v vozilih Tesla Model 3 je ob\u010dutljiv na zaporedje faz, kar pomeni, da morajo biti faze stenske vti\u010dnice v pravilnem vrstnem redu. V nasprotnem primeru se vozilo ne bo polnilo. Za preverjanje faz lahko uporabite na\u0161o naprav <strong><a href=\"https:\/\/eauto.si\/metron-shop\/product\/tester-faz-in-polnilnih-postaj\/?lang=sl\">TESTER FAZ. <\/a><\/strong><\/p>\n<h3 style=\"text-align: justify;\"><strong>Kaj je RCD in kako deluje?<\/strong><\/h3>\n<p style=\"text-align: justify;\">RCD je kratica za residual current device oz. za za\u0161\u010ditno stikalo na diferen\u010dni tok. Namen naprave je prepre\u010diti smrtno nevaren elektri\u010dni udar, \u010de se dotaknete dela pod napetostjo, na primer gole bakrene \u017eice pod visoko napetostjo. Odklopniki RCD zagotavljajo raven osebne za\u0161\u010dite, ki je obi\u010dajne varovalke ali odklopniki ne morejo zagotoviti. RCD stalno spremlja elektri\u010dni tok, ki te\u010de skozi enega ali ve\u010d tokokrogov, ki jih \u0161\u010diti. \u010ce zazna, da elektrika te\u010de po nenamerni poti, na primer prek osebe, ki se je dotaknila dela pod napetostjo, RCD zelo hitro izklopi tokokrog, kar znatno zmanj\u0161a tveganje za smrt ali resne po\u0161kodbe.<br \/>\nPC04YT je opremljen z napravo Metron RCD tipa B, imenovano RCDB1-316CEE, ki predstavlja najvi\u0161jo mo\u017eno raven osebne za\u0161\u010dite, saj uporabnike \u0161\u010diti pred izmeni\u010dnim tokom, pulzirajo\u010dim enosmernim tokom, \u010distim enosmernim tokom in tudi visokofrekven\u010dnim izmeni\u010dnim uhajajo\u010dim tokom. Da smo lahko naredili prenosno polnilno postajo PC04YT brez vmesne \u0161katle, smo RCD vgradili v 3-fazni 32A CEE vtika\u010d in s tem zagotovili, da so v primerjavi z drugimi prenosnimi polnilnimi postajami, kjer je vsaj 30 cm neza\u0161\u010ditenih, vsi deli popolnoma varni.<\/p>\n<h3 style=\"text-align: justify;\"><strong>Opomba:<\/strong><\/h3>\n<p style=\"text-align: justify;\">Metron\u00ae na nikakr\u0161en na\u010din ni povezan s podjetjem Tesla. Nikakor ne navajamo ali namigujemo, da so proizvodi, ki jih prodaja Metron\u00ae odobreni s strani ali povezani s podjetjem Tesla. Vsa uporabljena proizvodna imena, simboli in opis na na\u0161ih slikah in besedilih se uporabljajo le v prepoznavne namene. Tesla Model S, Model X, Model 3, Supercharger in Destination charger so blagovne znamke podjetja Tesla.<\/p>\n<p>&nbsp;<\/p>\n","protected":false},"excerpt":{"rendered":"<p style=\"text-align: justify;\"><strong>METRON PC04YT je izredno kompaktna in lahka 1-fazna \/ 7,4 kW prenosna EV polnilna postaja za varno polnjenje elektri\u010dnih vozil iz vsake<\/strong> <strong>doma\u010de ali industrijske vti\u010dnice. <\/strong><\/p>\n<p style=\"text-align: justify;\"><strong>Vgrajeni sta dve pomembni Tesla funkciji <\/strong>(enako kot pri Tesla Supercharger in Destination charger)<strong>:<\/strong><\/p>\n<ol>\n<li><strong>Daljinsko odpiranje vrat polnilne vti\u010dnice<\/strong><\/li>\n<li><strong>Odklepanje zaklepa polnilnega kabla<\/strong><\/li>\n<\/ol>\n<p><strong>Skladna z vsemi evropskimi verzijami elektri\u010dnih vozil TESLA.<\/strong><\/p>\n<p><a class=\"mb-button mb-style-traditional mb-size-default mb-corners-default mb-text-style-default \" style=\"background-color: #2ba3c4;\" href=\"https:\/\/eauto.si\/metron-shop\/wp-content\/uploads\/Metron_PC02Y_PC04Y_PC04YT_PC05Y_PC05YT_User_Manual_SLO_web.pdf\">&nbsp;<i class=\"fa fa-arrow-circle-o-down\"><\/i>&nbsp; Navodila za uporabnike &#8211; SI<\/a><br \/>\n<a class=\"mb-button mb-style-traditional mb-size-default mb-corners-default mb-text-style-default \" style=\"background-color: #2ba3c4;\" href=\"https:\/\/eauto.si\/metron-shop\/wp-content\/uploads\/Metron_PC02Y_PC04Y_PC04YT_PC05Y_PC05YT_User_Manual_web.pdf\">&nbsp;<i class=\"fa fa-arrow-circle-o-down\"><\/i>&nbsp; User manual &#8211; ENG<\/a><br \/>\n<a class=\"mb-button mb-style-traditional mb-size-default mb-corners-default mb-text-style-default \" style=\"background-color: #2ba3c4;\" href=\"https:\/\/eauto.si\/metron-shop\/wp-content\/uploads\/Metron_PC02Y_PC04Y_PC04YT_PC05Y_PC05YT_User_Manual_DE_web.pdf\">&nbsp;<i class=\"fa fa-arrow-circle-o-down\"><\/i>&nbsp; Bedienungsanleitung &#8211; DE<\/a><\/p>\n<p>&nbsp;<\/p>\n","protected":false},"featured_media":22183,"comment_status":"closed","ping_status":"closed","template":"","meta":{"ngg_post_thumbnail":0},"product_brand":[],"product_cat":[1006,1295],"product_tag":[1035,1057,1092,1090,1146,1156],"class_list":{"0":"post-23691","1":"product","2":"type-product","3":"status-publish","4":"has-post-thumbnail","6":"product_cat-dodatki-za-model-s-y-x-3","7":"product_cat-prenosne-polnilnice-za-ev","8":"product_tag-1-fazno","9":"product_tag-32-a-sl-2","10":"product_tag-polnilni-kabel-za-ev","11":"product_tag-prenosni-polnilec-za-ev","12":"product_tag-tesla-sl","13":"product_tag-tip-2-sl-2","14":"product_shipping_class-ev-port-chargers","16":"first","17":"instock","18":"taxable","19":"shipping-taxable","20":"purchasable","21":"product-type-variable","22":"has-default-attributes"},"yoast_head":"<!-- This site is optimized with the Yoast SEO Premium plugin v27.4 (Yoast SEO v27.4) - https:\/\/yoast.com\/product\/yoast-seo-premium-wordpress\/ -->\n<title>PC04YT 32A \/ 1-faza - Metron Shop<\/title>\n<meta name=\"description\" content=\"PC04YT je 7,4 kW (1-fazni, 32 A) prenosni polnilec za elektri\u010dna vozila CEE tipa 2 z vgrajeno za\u0161\u010dito RCD in funkcijo odpiranja polnilnih vratic Tesla vozil.\" \/>\n<meta name=\"robots\" content=\"index, follow, max-snippet:-1, max-image-preview:large, max-video-preview:-1\" \/>\n<link rel=\"canonical\" href=\"https:\/\/eauto.si\/metron-shop\/product\/pc04yt-32a-1-faza-2\/\" \/>\n<meta property=\"og:locale\" content=\"en_US\" \/>\n<meta property=\"og:type\" content=\"article\" \/>\n<meta property=\"og:title\" content=\"PC04YT 32A \/ 1-faza\" \/>\n<meta property=\"og:description\" content=\"PC04YT je 7,4 kW (1-fazni, 32 A) prenosni polnilec za elektri\u010dna vozila CEE tipa 2 z vgrajeno za\u0161\u010dito RCD in funkcijo odpiranja polnilnih vratic Tesla vozil.\" \/>\n<meta property=\"og:url\" content=\"https:\/\/eauto.si\/metron-shop\/product\/pc04yt-32a-1-faza-2\/?lang=sl\" \/>\n<meta property=\"og:site_name\" content=\"Metron Shop\" \/>\n<meta property=\"article:publisher\" content=\"https:\/\/www.facebook.com\/MetronInstitut\/\" \/>\n<meta property=\"article:modified_time\" content=\"2026-01-26T10:20:32+00:00\" \/>\n<meta property=\"og:image\" content=\"https:\/\/eauto.si\/metron-shop\/wp-content\/uploads\/PC04YT_profile.jpg\" \/>\n\t<meta property=\"og:image:width\" content=\"800\" \/>\n\t<meta property=\"og:image:height\" content=\"800\" \/>\n\t<meta property=\"og:image:type\" content=\"image\/jpeg\" \/>\n<meta name=\"twitter:card\" content=\"summary_large_image\" \/>\n<meta name=\"twitter:label1\" content=\"Est. reading time\" \/>\n\t<meta name=\"twitter:data1\" content=\"5 minutes\" \/>\n<script type=\"application\/ld+json\" class=\"yoast-schema-graph\">{\"@context\":\"https:\\\/\\\/schema.org\",\"@graph\":[{\"@type\":\"WebPage\",\"@id\":\"https:\\\/\\\/eauto.si\\\/metron-shop\\\/product\\\/pc04yt-32a-1-faza-2\\\/?lang=sl\",\"url\":\"https:\\\/\\\/eauto.si\\\/metron-shop\\\/product\\\/pc04yt-32a-1-faza-2\\\/?lang=sl\",\"name\":\"PC04YT 32A \\\/ 1-faza - Metron Shop\",\"isPartOf\":{\"@id\":\"https:\\\/\\\/eauto.si\\\/metron-shop\\\/#website\"},\"primaryImageOfPage\":{\"@id\":\"https:\\\/\\\/eauto.si\\\/metron-shop\\\/product\\\/pc04yt-32a-1-faza-2\\\/?lang=sl#primaryimage\"},\"image\":{\"@id\":\"https:\\\/\\\/eauto.si\\\/metron-shop\\\/product\\\/pc04yt-32a-1-faza-2\\\/?lang=sl#primaryimage\"},\"thumbnailUrl\":\"https:\\\/\\\/eauto.si\\\/metron-shop\\\/wp-content\\\/uploads\\\/PC04YT_profile.jpg\",\"datePublished\":\"2024-03-04T13:10:50+00:00\",\"dateModified\":\"2026-01-26T10:20:32+00:00\",\"description\":\"PC04YT je 7,4 kW (1-fazni, 32 A) prenosni polnilec za elektri\u010dna vozila CEE tipa 2 z vgrajeno za\u0161\u010dito RCD in funkcijo odpiranja polnilnih vratic Tesla vozil.\",\"breadcrumb\":{\"@id\":\"https:\\\/\\\/eauto.si\\\/metron-shop\\\/product\\\/pc04yt-32a-1-faza-2\\\/?lang=sl#breadcrumb\"},\"inLanguage\":\"en-US\",\"potentialAction\":[{\"@type\":\"ReadAction\",\"target\":[\"https:\\\/\\\/eauto.si\\\/metron-shop\\\/product\\\/pc04yt-32a-1-faza-2\\\/?lang=sl\"]}]},{\"@type\":\"ImageObject\",\"inLanguage\":\"en-US\",\"@id\":\"https:\\\/\\\/eauto.si\\\/metron-shop\\\/product\\\/pc04yt-32a-1-faza-2\\\/?lang=sl#primaryimage\",\"url\":\"https:\\\/\\\/eauto.si\\\/metron-shop\\\/wp-content\\\/uploads\\\/PC04YT_profile.jpg\",\"contentUrl\":\"https:\\\/\\\/eauto.si\\\/metron-shop\\\/wp-content\\\/uploads\\\/PC04YT_profile.jpg\",\"width\":800,\"height\":800},{\"@type\":\"BreadcrumbList\",\"@id\":\"https:\\\/\\\/eauto.si\\\/metron-shop\\\/product\\\/pc04yt-32a-1-faza-2\\\/?lang=sl#breadcrumb\",\"itemListElement\":[{\"@type\":\"ListItem\",\"position\":1,\"name\":\"Home\",\"item\":\"https:\\\/\\\/eauto.si\\\/metron-shop\\\/\"},{\"@type\":\"ListItem\",\"position\":2,\"name\":\"Shop\",\"item\":\"https:\\\/\\\/eauto.si\\\/metron-shop\\\/\"},{\"@type\":\"ListItem\",\"position\":3,\"name\":\"PC04YT 32A \\\/ 1-faza\"}]},{\"@type\":\"WebSite\",\"@id\":\"https:\\\/\\\/eauto.si\\\/metron-shop\\\/#website\",\"url\":\"https:\\\/\\\/eauto.si\\\/metron-shop\\\/\",\"name\":\"Metron Shop\",\"description\":\"EV charging cables and more ...\",\"publisher\":{\"@id\":\"https:\\\/\\\/eauto.si\\\/metron-shop\\\/#organization\"},\"potentialAction\":[{\"@type\":\"SearchAction\",\"target\":{\"@type\":\"EntryPoint\",\"urlTemplate\":\"https:\\\/\\\/eauto.si\\\/metron-shop\\\/?s={search_term_string}\"},\"query-input\":{\"@type\":\"PropertyValueSpecification\",\"valueRequired\":true,\"valueName\":\"search_term_string\"}}],\"inLanguage\":\"en-US\"},{\"@type\":\"Organization\",\"@id\":\"https:\\\/\\\/eauto.si\\\/metron-shop\\\/#organization\",\"name\":\"Metron institute\",\"url\":\"https:\\\/\\\/eauto.si\\\/metron-shop\\\/\",\"logo\":{\"@type\":\"ImageObject\",\"inLanguage\":\"en-US\",\"@id\":\"https:\\\/\\\/eauto.si\\\/metron-shop\\\/#\\\/schema\\\/logo\\\/image\\\/\",\"url\":\"https:\\\/\\\/eauto.si\\\/metron-shop\\\/wp-content\\\/uploads\\\/LOGO-ENG.png\",\"contentUrl\":\"https:\\\/\\\/eauto.si\\\/metron-shop\\\/wp-content\\\/uploads\\\/LOGO-ENG.png\",\"width\":590,\"height\":272,\"caption\":\"Metron institute\"},\"image\":{\"@id\":\"https:\\\/\\\/eauto.si\\\/metron-shop\\\/#\\\/schema\\\/logo\\\/image\\\/\"},\"sameAs\":[\"https:\\\/\\\/www.facebook.com\\\/MetronInstitut\\\/\",\"https:\\\/\\\/www.youtube.com\\\/channel\\\/UCkD45nHDQdTv1poqTrWhWxA\"]}]}<\/script>\n<!-- \/ Yoast SEO Premium plugin. -->","yoast_head_json":{"title":"PC04YT 32A \/ 1-faza - Metron Shop","description":"PC04YT je 7,4 kW (1-fazni, 32 A) prenosni polnilec za elektri\u010dna vozila CEE tipa 2 z vgrajeno za\u0161\u010dito RCD in funkcijo odpiranja polnilnih vratic Tesla vozil.","robots":{"index":"index","follow":"follow","max-snippet":"max-snippet:-1","max-image-preview":"max-image-preview:large","max-video-preview":"max-video-preview:-1"},"canonical":"https:\/\/eauto.si\/metron-shop\/product\/pc04yt-32a-1-faza-2\/","og_locale":"en_US","og_type":"article","og_title":"PC04YT 32A \/ 1-faza","og_description":"PC04YT je 7,4 kW (1-fazni, 32 A) prenosni polnilec za elektri\u010dna vozila CEE tipa 2 z vgrajeno za\u0161\u010dito RCD in funkcijo odpiranja polnilnih vratic Tesla vozil.","og_url":"https:\/\/eauto.si\/metron-shop\/product\/pc04yt-32a-1-faza-2\/?lang=sl","og_site_name":"Metron Shop","article_publisher":"https:\/\/www.facebook.com\/MetronInstitut\/","article_modified_time":"2026-01-26T10:20:32+00:00","og_image":[{"width":800,"height":800,"url":"https:\/\/eauto.si\/metron-shop\/wp-content\/uploads\/PC04YT_profile.jpg","type":"image\/jpeg"}],"twitter_card":"summary_large_image","twitter_misc":{"Est. reading time":"5 minutes"},"schema":{"@context":"https:\/\/schema.org","@graph":[{"@type":"WebPage","@id":"https:\/\/eauto.si\/metron-shop\/product\/pc04yt-32a-1-faza-2\/?lang=sl","url":"https:\/\/eauto.si\/metron-shop\/product\/pc04yt-32a-1-faza-2\/?lang=sl","name":"PC04YT 32A \/ 1-faza - Metron Shop","isPartOf":{"@id":"https:\/\/eauto.si\/metron-shop\/#website"},"primaryImageOfPage":{"@id":"https:\/\/eauto.si\/metron-shop\/product\/pc04yt-32a-1-faza-2\/?lang=sl#primaryimage"},"image":{"@id":"https:\/\/eauto.si\/metron-shop\/product\/pc04yt-32a-1-faza-2\/?lang=sl#primaryimage"},"thumbnailUrl":"https:\/\/eauto.si\/metron-shop\/wp-content\/uploads\/PC04YT_profile.jpg","datePublished":"2024-03-04T13:10:50+00:00","dateModified":"2026-01-26T10:20:32+00:00","description":"PC04YT je 7,4 kW (1-fazni, 32 A) prenosni polnilec za elektri\u010dna vozila CEE tipa 2 z vgrajeno za\u0161\u010dito RCD in funkcijo odpiranja polnilnih vratic Tesla vozil.","breadcrumb":{"@id":"https:\/\/eauto.si\/metron-shop\/product\/pc04yt-32a-1-faza-2\/?lang=sl#breadcrumb"},"inLanguage":"en-US","potentialAction":[{"@type":"ReadAction","target":["https:\/\/eauto.si\/metron-shop\/product\/pc04yt-32a-1-faza-2\/?lang=sl"]}]},{"@type":"ImageObject","inLanguage":"en-US","@id":"https:\/\/eauto.si\/metron-shop\/product\/pc04yt-32a-1-faza-2\/?lang=sl#primaryimage","url":"https:\/\/eauto.si\/metron-shop\/wp-content\/uploads\/PC04YT_profile.jpg","contentUrl":"https:\/\/eauto.si\/metron-shop\/wp-content\/uploads\/PC04YT_profile.jpg","width":800,"height":800},{"@type":"BreadcrumbList","@id":"https:\/\/eauto.si\/metron-shop\/product\/pc04yt-32a-1-faza-2\/?lang=sl#breadcrumb","itemListElement":[{"@type":"ListItem","position":1,"name":"Home","item":"https:\/\/eauto.si\/metron-shop\/"},{"@type":"ListItem","position":2,"name":"Shop","item":"https:\/\/eauto.si\/metron-shop\/"},{"@type":"ListItem","position":3,"name":"PC04YT 32A \/ 1-faza"}]},{"@type":"WebSite","@id":"https:\/\/eauto.si\/metron-shop\/#website","url":"https:\/\/eauto.si\/metron-shop\/","name":"Metron Shop","description":"EV charging cables and more ...","publisher":{"@id":"https:\/\/eauto.si\/metron-shop\/#organization"},"potentialAction":[{"@type":"SearchAction","target":{"@type":"EntryPoint","urlTemplate":"https:\/\/eauto.si\/metron-shop\/?s={search_term_string}"},"query-input":{"@type":"PropertyValueSpecification","valueRequired":true,"valueName":"search_term_string"}}],"inLanguage":"en-US"},{"@type":"Organization","@id":"https:\/\/eauto.si\/metron-shop\/#organization","name":"Metron institute","url":"https:\/\/eauto.si\/metron-shop\/","logo":{"@type":"ImageObject","inLanguage":"en-US","@id":"https:\/\/eauto.si\/metron-shop\/#\/schema\/logo\/image\/","url":"https:\/\/eauto.si\/metron-shop\/wp-content\/uploads\/LOGO-ENG.png","contentUrl":"https:\/\/eauto.si\/metron-shop\/wp-content\/uploads\/LOGO-ENG.png","width":590,"height":272,"caption":"Metron institute"},"image":{"@id":"https:\/\/eauto.si\/metron-shop\/#\/schema\/logo\/image\/"},"sameAs":["https:\/\/www.facebook.com\/MetronInstitut\/","https:\/\/www.youtube.com\/channel\/UCkD45nHDQdTv1poqTrWhWxA"]}]}},"_links":{"self":[{"href":"https:\/\/eauto.si\/metron-shop\/wp-json\/wp\/v2\/product\/23691","targetHints":{"allow":["GET"]}}],"collection":[{"href":"https:\/\/eauto.si\/metron-shop\/wp-json\/wp\/v2\/product"}],"about":[{"href":"https:\/\/eauto.si\/metron-shop\/wp-json\/wp\/v2\/types\/product"}],"replies":[{"embeddable":true,"href":"https:\/\/eauto.si\/metron-shop\/wp-json\/wp\/v2\/comments?post=23691"}],"wp:featuredmedia":[{"embeddable":true,"href":"https:\/\/eauto.si\/metron-shop\/wp-json\/wp\/v2\/media\/22183"}],"wp:attachment":[{"href":"https:\/\/eauto.si\/metron-shop\/wp-json\/wp\/v2\/media?parent=23691"}],"wp:term":[{"taxonomy":"product_brand","embeddable":true,"href":"https:\/\/eauto.si\/metron-shop\/wp-json\/wp\/v2\/product_brand?post=23691"},{"taxonomy":"product_cat","embeddable":true,"href":"https:\/\/eauto.si\/metron-shop\/wp-json\/wp\/v2\/product_cat?post=23691"},{"taxonomy":"product_tag","embeddable":true,"href":"https:\/\/eauto.si\/metron-shop\/wp-json\/wp\/v2\/product_tag?post=23691"}],"curies":[{"name":"wp","href":"https:\/\/api.w.org\/{rel}","templated":true}]}}