{"id":23716,"date":"2020-03-11T10:36:47","date_gmt":"2020-03-11T09:36:47","guid":{"rendered":"https:\/\/eauto.si\/metron-shop\/product\/tip-1-pc01g-13a-1-faza\/"},"modified":"2026-01-26T12:01:45","modified_gmt":"2026-01-26T11:01:45","slug":"tip-1-pc01g-13a-1-faza","status":"publish","type":"product","link":"https:\/\/eauto.si\/metron-shop\/product\/tip-1-pc01g-13a-1-faza\/?lang=sl","title":{"rendered":"Tip 1 &#8211; PC01G &#8211; 13A \/ 1-faza"},"content":{"rendered":"<p style=\"text-align: justify;\"><strong>Glavne zna\u010dilnosti:<\/strong><\/p>\n<ul style=\"text-align: justify;\">\n<li><strong>Zasnova ALL-IN-A PLUG &#8211; brez nerodne \u0161katle na kablu<\/strong><\/li>\n<li><strong>100% lasten Metronov komunikacijski modul EVSE z vsemi funkcijami<\/strong><\/li>\n<li>Narejen za <strong>1-fazno<\/strong> polnjenje EV v na\u010dinu 2 s tokovi do <strong>13A<\/strong><\/li>\n<li><strong>Prilagodljiv polnilni tok (od 6A do 13A)<\/strong><\/li>\n<li><strong>Kabel, zasnovan za elektri\u010dna vozila,<\/strong> <strong>VRHUNSKA kakovost<\/strong> (narejeno v Nem\u010diji)<\/li>\n<li>Mo\u017enost izbire razli\u010dnih vrst vtika\u010dev z dodano RCD za\u0161\u010dito (stenska vti\u010dnica\/stran omre\u017eja)<\/li>\n<li>Razli\u010dne dol\u017eine kabla: od 5m do 12m<\/li>\n<li><strong>Odporen proti de\u017eju<\/strong><strong><span style=\"color: #993366;\"><em><br \/>\n<\/em><\/span><\/strong><\/li>\n<\/ul>\n<p style=\"text-align: justify;\"><strong>Lastnosti kabla * :<\/strong><\/p>\n<ul style=\"text-align: justify;\">\n<li>Odpornost na mikrobe, olje, prah in vodo<\/li>\n<li>Posebna zasnova kabla za dalj\u0161o \u017eivljenjsko dobo<\/li>\n<li>Gibljiv pri nizkih temperaturah (temp. obmo\u010dje: -25\u00b0C do 80\u00b0C)<\/li>\n<li>Odpornost na ve\u010dje mehanske obremenitve, zlasti na drgnjenje in drsenje.<\/li>\n<\/ul>\n<p style=\"text-align: justify;\"><em>[<strong>*<\/strong>] Velja samo za izolirani del kabla, ne za elektroniko<\/em><\/p>\n<p style=\"text-align: justify;\"><a class=\"mb-button mb-style-raised mb-size-small mb-corners-default mb-text-style-heavy \" style=\"background-color: #8a5189;\" href=\"https:\/\/eauto.si\/metron-shop\/wp-content\/uploads\/Declaration-of-conformity-PC15102020-CE-mark.pdf\"> <i class=\"fa fa-edit\"><\/i>IZJAVA O SKLADNOSTI EU<\/a><\/p>\n<p style=\"text-align: justify;\"><a class=\"mb-button mb-style-raised mb-size-small mb-corners-default mb-text-style-heavy \" style=\"background-color: #8a5189;\" href=\"https:\/\/eauto.si\/metron-shop\/wp-content\/uploads\/SIQ-TEST-REPORT-IEC-61851-1-2017.pdf\"> <i class=\"fa fa-edit\"><\/i>PORO\u010cILO O TESTIRANJU SIQ &#8211; PREDOGLED<\/a><br \/>\n<strong>Tehni\u010dne specifikacije:<\/strong><\/p>\n<ul>\n<li style=\"text-align: justify;\"><strong>Vrsta vtika\u010da (na strani EV): Tip 1<\/strong> (SAE J1772)<\/li>\n<li style=\"text-align: justify;\">Vrsta vtika\u010da (stenska vti\u010dnica\/stran omre\u017eja): po \u017eelji (tip G, tip F)<\/li>\n<li style=\"text-align: justify;\">Najvi\u0161ji polnilni tok: 13A (1-faza) <\/li>\n<li style=\"text-align: justify;\"><strong>Nastavljiv polnilni tok: 6A, 8A, 10A ali13A<\/strong><\/li>\n<li><strong>Izbrani polnilni tok ostane shranjen v notranjem spominu, tudi ko je postaja odklopljena od omre\u017eja<\/strong><\/li>\n<li>Najve\u010dja polnilna mo\u010d: 3.0 kW <\/li>\n<li>Nazivna napetost: 230 V (1-fazno)<\/li>\n<li>Obratovalna napetost: od 180V do 270V (50\/60Hz)<\/li>\n<li><strong>Micro EVSE<\/strong> v EV vtika\u010du &#8211; lasten Metron EVSE komunikacijski modul<\/li>\n<li><strong>Izredno natan\u010dna in temperaturno neodvisna komunikacijska frekvenca krmiljena s KVARCOM<\/strong><\/li>\n<li>Informacije za uporabnika preko modre LED<\/li>\n<li><strong>Zaznava in javlja VSA normalna polnilna stanja <\/strong>(preko modre LED)<\/li>\n<li><strong>Zaznava in javlja VSE napake<\/strong> (preko modre LED)<\/li>\n<li><strong>Samodejna ponastavitev po ve\u010dini napak!<\/strong><\/li>\n<li>Dol\u017eina kabla: po \u017eelji stranke<\/li>\n<li>Izolacija kabla z odpornostjo na UV \u017earke, olje in ogenj<\/li>\n<li><strong>Diferen\u010dna za\u0161\u010dita: RCD 30mA Type A<\/strong><\/li>\n<li>Temperaturno obmo\u010dje delovanja: -30 \u00b0C do 50 \u00b0C (pri polni izpostavljenosti soncu)<\/li>\n<li>Vgrajena samodejna temperaturna za\u0161\u010dita z zmo\u017enostjo &#8220;mehkega&#8221; izklopa<\/li>\n<li><strong>IP za\u0161\u010dita: IP54 (odporno proti de\u017eju)<\/strong><\/li>\n<li>Barva kabla: Oran\u017ena<\/li>\n<li>Te\u017ea: odvisna od dol\u017eine kabla<\/li>\n<li>100% skladen z vsemi elektri\u010dnimi vozili, ki imajo Tip 1 polnilno vti\u010dnico (na primer: <strong>Nissan Leaf, Kia Soul, Citroen C-zero, Peugeot Ion, Opel Ampera, Renault Kangoo Z.E. (2011), Renault Fluence Z.E., Ford Focus EV, Mitsubishi i-MiEV, Fisker Karma, Mitsubishi Outlander PHEV, Toyota Prius Plug-in, Nissan e-NV200 in mnogi drugi<\/strong>)<\/li>\n<li>Skladno z IEC 61851<\/li>\n<li>CE certifikat<\/li>\n<li><strong>Garancija<\/strong>: 2 leti<\/li>\n<\/ul>\n","protected":false},"excerpt":{"rendered":"<p style=\"text-align: justify;\"><strong>PRENOSNI EV POLNILEC za varno polnjenje elektri\u010dnih vozil s Tip 1 vti\u010dnico iz vsake doma\u010de ali industrijske vti\u010dnice (230V napetost) &#8211; omogo\u010da polnjenje s tokovi do 13A (do 3.0 kW polnilne mo\u010di).<\/strong><\/p>\n<p>&nbsp;<\/p>\n<p> <a class=\"mb-button mb-style-traditional mb-size-default mb-corners-default mb-text-style-default \" style=\"background-color: #2ba3c4;\" href=\"https:\/\/eauto.si\/metron-shop\/wp-content\/uploads\/Metron_PC01_PC02_User_Manual_rev.4_WEB.pdf\"><i class=\"fa fa-arrow-circle-o-down\"><\/i> User manual &#8211; ENG<\/a> <a class=\"mb-button mb-style-traditional mb-size-default mb-corners-default mb-text-style-default \" style=\"background-color: #2ba3c4;\" href=\"https:\/\/eauto.si\/metron-shop\/wp-content\/uploads\/Metron_Bedienungsanleitungen_PC01_PC02_rev.0_DE_WEB.pdf\"><i class=\"fa fa-arrow-circle-o-down\"><\/i> User manual &#8211; DE<\/a><br \/>\n <a class=\"mb-button mb-style-traditional mb-size-default mb-corners-default mb-text-style-default \" style=\"background-color: #2ba3c4;\" href=\"https:\/\/eauto.si\/metron-shop\/wp-content\/uploads\/Metron_PC01-in-PC02_Upute_za_uporabo_rev.0_WEB.pdf\"><i class=\"fa fa-arrow-circle-o-down\"><\/i> User manual &#8211; CRO<\/a> <a class=\"mb-button mb-style-traditional mb-size-default mb-corners-default mb-text-style-default \" style=\"background-color: #2ba3c4;\" href=\"https:\/\/eauto.si\/metron-shop\/wp-content\/uploads\/Metron_PC01-in-PC02_Istruzioni-duso_rev.2_WEB.pdf\"><i class=\"fa fa-arrow-circle-o-down\"><\/i> User manual &#8211; ITA<\/a><\/p>\n<p><span style=\"text-decoration: underline;\">Trenutno na voljo le v <strong>\u010drni <\/strong> barvi.<\/span><\/p>\n","protected":false},"featured_media":21894,"comment_status":"closed","ping_status":"closed","template":"","meta":{"ngg_post_thumbnail":0},"product_brand":[],"product_cat":[1295],"product_tag":[1035,1051,1092,1090,1154],"class_list":{"0":"post-23716","1":"product","2":"type-product","3":"status-publish","4":"has-post-thumbnail","6":"product_cat-prenosne-polnilnice-za-ev","7":"product_tag-1-fazno","8":"product_tag-13-a-sl","9":"product_tag-polnilni-kabel-za-ev","10":"product_tag-prenosni-polnilec-za-ev","11":"product_tag-tip-1","12":"product_shipping_class-ev-port-chargers","14":"first","15":"instock","16":"taxable","17":"shipping-taxable","18":"purchasable","19":"product-type-variable","20":"has-default-attributes"},"yoast_head":"<!-- This site is optimized with the Yoast SEO Premium plugin v27.6 (Yoast SEO v27.6) - https:\/\/yoast.com\/product\/yoast-seo-premium-wordpress\/ -->\n<title>Tip 1 - PC01G - 13A \/ 1-faza - Metron Shop<\/title>\n<meta name=\"robots\" content=\"index, follow, max-snippet:-1, max-image-preview:large, max-video-preview:-1\" \/>\n<link rel=\"canonical\" href=\"https:\/\/eauto.si\/metron-shop\/product\/tip-1-pc01g-13a-1-faza\/\" \/>\n<meta property=\"og:locale\" content=\"en_US\" \/>\n<meta property=\"og:type\" content=\"article\" \/>\n<meta property=\"og:title\" content=\"Tip 1 - PC01G - 13A \/ 1-faza\" \/>\n<meta property=\"og:description\" content=\"PRENOSNI EV POLNILEC za varno polnjenje elektri\u010dnih vozil s Tip 1 vti\u010dnico iz vsake doma\u010de ali industrijske vti\u010dnice (230V napetost) - omogo\u010da polnjenje s tokovi do 13A (do 3.0 kW polnilne mo\u010di). &nbsp;   User manual - ENG User manual - DE  User manual - CRO User manual - ITA  Trenutno na voljo le v \u010drni barvi.\" \/>\n<meta property=\"og:url\" content=\"https:\/\/eauto.si\/metron-shop\/product\/tip-1-pc01g-13a-1-faza\/?lang=sl\" \/>\n<meta property=\"og:site_name\" content=\"Metron Shop\" \/>\n<meta property=\"article:publisher\" content=\"https:\/\/www.facebook.com\/MetronInstitut\/\" \/>\n<meta property=\"article:modified_time\" content=\"2026-01-26T11:01:45+00:00\" \/>\n<meta property=\"og:image\" content=\"https:\/\/eauto.si\/metron-shop\/wp-content\/uploads\/PC01G_black_RCD.jpg\" \/>\n\t<meta property=\"og:image:width\" content=\"800\" \/>\n\t<meta property=\"og:image:height\" content=\"800\" \/>\n\t<meta property=\"og:image:type\" content=\"image\/jpeg\" \/>\n<meta name=\"twitter:card\" content=\"summary_large_image\" \/>\n<meta name=\"twitter:label1\" content=\"Est. reading time\" \/>\n\t<meta name=\"twitter:data1\" content=\"2 minutes\" \/>\n<script type=\"application\/ld+json\" class=\"yoast-schema-graph\">{\"@context\":\"https:\\\/\\\/schema.org\",\"@graph\":[{\"@type\":\"WebPage\",\"@id\":\"https:\\\/\\\/eauto.si\\\/metron-shop\\\/product\\\/tip-1-pc01g-13a-1-faza\\\/?lang=sl\",\"url\":\"https:\\\/\\\/eauto.si\\\/metron-shop\\\/product\\\/tip-1-pc01g-13a-1-faza\\\/?lang=sl\",\"name\":\"Tip 1 - PC01G - 13A \\\/ 1-faza - Metron Shop\",\"isPartOf\":{\"@id\":\"https:\\\/\\\/eauto.si\\\/metron-shop\\\/#website\"},\"primaryImageOfPage\":{\"@id\":\"https:\\\/\\\/eauto.si\\\/metron-shop\\\/product\\\/tip-1-pc01g-13a-1-faza\\\/?lang=sl#primaryimage\"},\"image\":{\"@id\":\"https:\\\/\\\/eauto.si\\\/metron-shop\\\/product\\\/tip-1-pc01g-13a-1-faza\\\/?lang=sl#primaryimage\"},\"thumbnailUrl\":\"https:\\\/\\\/eauto.si\\\/metron-shop\\\/wp-content\\\/uploads\\\/PC01G_black_RCD.jpg\",\"datePublished\":\"2020-03-11T09:36:47+00:00\",\"dateModified\":\"2026-01-26T11:01:45+00:00\",\"breadcrumb\":{\"@id\":\"https:\\\/\\\/eauto.si\\\/metron-shop\\\/product\\\/tip-1-pc01g-13a-1-faza\\\/?lang=sl#breadcrumb\"},\"inLanguage\":\"en-US\",\"potentialAction\":[{\"@type\":\"ReadAction\",\"target\":[\"https:\\\/\\\/eauto.si\\\/metron-shop\\\/product\\\/tip-1-pc01g-13a-1-faza\\\/?lang=sl\"]}]},{\"@type\":\"ImageObject\",\"inLanguage\":\"en-US\",\"@id\":\"https:\\\/\\\/eauto.si\\\/metron-shop\\\/product\\\/tip-1-pc01g-13a-1-faza\\\/?lang=sl#primaryimage\",\"url\":\"https:\\\/\\\/eauto.si\\\/metron-shop\\\/wp-content\\\/uploads\\\/PC01G_black_RCD.jpg\",\"contentUrl\":\"https:\\\/\\\/eauto.si\\\/metron-shop\\\/wp-content\\\/uploads\\\/PC01G_black_RCD.jpg\",\"width\":800,\"height\":800},{\"@type\":\"BreadcrumbList\",\"@id\":\"https:\\\/\\\/eauto.si\\\/metron-shop\\\/product\\\/tip-1-pc01g-13a-1-faza\\\/?lang=sl#breadcrumb\",\"itemListElement\":[{\"@type\":\"ListItem\",\"position\":1,\"name\":\"Home\",\"item\":\"https:\\\/\\\/eauto.si\\\/metron-shop\\\/\"},{\"@type\":\"ListItem\",\"position\":2,\"name\":\"Shop\",\"item\":\"https:\\\/\\\/eauto.si\\\/metron-shop\\\/\"},{\"@type\":\"ListItem\",\"position\":3,\"name\":\"Tip 1 &#8211; PC01G &#8211; 13A \\\/ 1-faza\"}]},{\"@type\":\"WebSite\",\"@id\":\"https:\\\/\\\/eauto.si\\\/metron-shop\\\/#website\",\"url\":\"https:\\\/\\\/eauto.si\\\/metron-shop\\\/\",\"name\":\"Metron Shop\",\"description\":\"EV charging cables and more ...\",\"publisher\":{\"@id\":\"https:\\\/\\\/eauto.si\\\/metron-shop\\\/#organization\"},\"potentialAction\":[{\"@type\":\"SearchAction\",\"target\":{\"@type\":\"EntryPoint\",\"urlTemplate\":\"https:\\\/\\\/eauto.si\\\/metron-shop\\\/?s={search_term_string}\"},\"query-input\":{\"@type\":\"PropertyValueSpecification\",\"valueRequired\":true,\"valueName\":\"search_term_string\"}}],\"inLanguage\":\"en-US\"},{\"@type\":\"Organization\",\"@id\":\"https:\\\/\\\/eauto.si\\\/metron-shop\\\/#organization\",\"name\":\"Metron institute\",\"url\":\"https:\\\/\\\/eauto.si\\\/metron-shop\\\/\",\"logo\":{\"@type\":\"ImageObject\",\"inLanguage\":\"en-US\",\"@id\":\"https:\\\/\\\/eauto.si\\\/metron-shop\\\/#\\\/schema\\\/logo\\\/image\\\/\",\"url\":\"https:\\\/\\\/eauto.si\\\/metron-shop\\\/wp-content\\\/uploads\\\/LOGO-ENG.png\",\"contentUrl\":\"https:\\\/\\\/eauto.si\\\/metron-shop\\\/wp-content\\\/uploads\\\/LOGO-ENG.png\",\"width\":590,\"height\":272,\"caption\":\"Metron institute\"},\"image\":{\"@id\":\"https:\\\/\\\/eauto.si\\\/metron-shop\\\/#\\\/schema\\\/logo\\\/image\\\/\"},\"sameAs\":[\"https:\\\/\\\/www.facebook.com\\\/MetronInstitut\\\/\",\"https:\\\/\\\/www.youtube.com\\\/channel\\\/UCkD45nHDQdTv1poqTrWhWxA\"]}]}<\/script>\n<!-- \/ Yoast SEO Premium plugin. -->","yoast_head_json":{"title":"Tip 1 - PC01G - 13A \/ 1-faza - Metron Shop","robots":{"index":"index","follow":"follow","max-snippet":"max-snippet:-1","max-image-preview":"max-image-preview:large","max-video-preview":"max-video-preview:-1"},"canonical":"https:\/\/eauto.si\/metron-shop\/product\/tip-1-pc01g-13a-1-faza\/","og_locale":"en_US","og_type":"article","og_title":"Tip 1 - PC01G - 13A \/ 1-faza","og_description":"PRENOSNI EV POLNILEC za varno polnjenje elektri\u010dnih vozil s Tip 1 vti\u010dnico iz vsake doma\u010de ali industrijske vti\u010dnice (230V napetost) - omogo\u010da polnjenje s tokovi do 13A (do 3.0 kW polnilne mo\u010di). &nbsp;   User manual - ENG User manual - DE  User manual - CRO User manual - ITA  Trenutno na voljo le v \u010drni barvi.","og_url":"https:\/\/eauto.si\/metron-shop\/product\/tip-1-pc01g-13a-1-faza\/?lang=sl","og_site_name":"Metron Shop","article_publisher":"https:\/\/www.facebook.com\/MetronInstitut\/","article_modified_time":"2026-01-26T11:01:45+00:00","og_image":[{"width":800,"height":800,"url":"https:\/\/eauto.si\/metron-shop\/wp-content\/uploads\/PC01G_black_RCD.jpg","type":"image\/jpeg"}],"twitter_card":"summary_large_image","twitter_misc":{"Est. reading time":"2 minutes"},"schema":{"@context":"https:\/\/schema.org","@graph":[{"@type":"WebPage","@id":"https:\/\/eauto.si\/metron-shop\/product\/tip-1-pc01g-13a-1-faza\/?lang=sl","url":"https:\/\/eauto.si\/metron-shop\/product\/tip-1-pc01g-13a-1-faza\/?lang=sl","name":"Tip 1 - PC01G - 13A \/ 1-faza - Metron Shop","isPartOf":{"@id":"https:\/\/eauto.si\/metron-shop\/#website"},"primaryImageOfPage":{"@id":"https:\/\/eauto.si\/metron-shop\/product\/tip-1-pc01g-13a-1-faza\/?lang=sl#primaryimage"},"image":{"@id":"https:\/\/eauto.si\/metron-shop\/product\/tip-1-pc01g-13a-1-faza\/?lang=sl#primaryimage"},"thumbnailUrl":"https:\/\/eauto.si\/metron-shop\/wp-content\/uploads\/PC01G_black_RCD.jpg","datePublished":"2020-03-11T09:36:47+00:00","dateModified":"2026-01-26T11:01:45+00:00","breadcrumb":{"@id":"https:\/\/eauto.si\/metron-shop\/product\/tip-1-pc01g-13a-1-faza\/?lang=sl#breadcrumb"},"inLanguage":"en-US","potentialAction":[{"@type":"ReadAction","target":["https:\/\/eauto.si\/metron-shop\/product\/tip-1-pc01g-13a-1-faza\/?lang=sl"]}]},{"@type":"ImageObject","inLanguage":"en-US","@id":"https:\/\/eauto.si\/metron-shop\/product\/tip-1-pc01g-13a-1-faza\/?lang=sl#primaryimage","url":"https:\/\/eauto.si\/metron-shop\/wp-content\/uploads\/PC01G_black_RCD.jpg","contentUrl":"https:\/\/eauto.si\/metron-shop\/wp-content\/uploads\/PC01G_black_RCD.jpg","width":800,"height":800},{"@type":"BreadcrumbList","@id":"https:\/\/eauto.si\/metron-shop\/product\/tip-1-pc01g-13a-1-faza\/?lang=sl#breadcrumb","itemListElement":[{"@type":"ListItem","position":1,"name":"Home","item":"https:\/\/eauto.si\/metron-shop\/"},{"@type":"ListItem","position":2,"name":"Shop","item":"https:\/\/eauto.si\/metron-shop\/"},{"@type":"ListItem","position":3,"name":"Tip 1 &#8211; PC01G &#8211; 13A \/ 1-faza"}]},{"@type":"WebSite","@id":"https:\/\/eauto.si\/metron-shop\/#website","url":"https:\/\/eauto.si\/metron-shop\/","name":"Metron Shop","description":"EV charging cables and more ...","publisher":{"@id":"https:\/\/eauto.si\/metron-shop\/#organization"},"potentialAction":[{"@type":"SearchAction","target":{"@type":"EntryPoint","urlTemplate":"https:\/\/eauto.si\/metron-shop\/?s={search_term_string}"},"query-input":{"@type":"PropertyValueSpecification","valueRequired":true,"valueName":"search_term_string"}}],"inLanguage":"en-US"},{"@type":"Organization","@id":"https:\/\/eauto.si\/metron-shop\/#organization","name":"Metron institute","url":"https:\/\/eauto.si\/metron-shop\/","logo":{"@type":"ImageObject","inLanguage":"en-US","@id":"https:\/\/eauto.si\/metron-shop\/#\/schema\/logo\/image\/","url":"https:\/\/eauto.si\/metron-shop\/wp-content\/uploads\/LOGO-ENG.png","contentUrl":"https:\/\/eauto.si\/metron-shop\/wp-content\/uploads\/LOGO-ENG.png","width":590,"height":272,"caption":"Metron institute"},"image":{"@id":"https:\/\/eauto.si\/metron-shop\/#\/schema\/logo\/image\/"},"sameAs":["https:\/\/www.facebook.com\/MetronInstitut\/","https:\/\/www.youtube.com\/channel\/UCkD45nHDQdTv1poqTrWhWxA"]}]}},"_links":{"self":[{"href":"https:\/\/eauto.si\/metron-shop\/wp-json\/wp\/v2\/product\/23716","targetHints":{"allow":["GET"]}}],"collection":[{"href":"https:\/\/eauto.si\/metron-shop\/wp-json\/wp\/v2\/product"}],"about":[{"href":"https:\/\/eauto.si\/metron-shop\/wp-json\/wp\/v2\/types\/product"}],"replies":[{"embeddable":true,"href":"https:\/\/eauto.si\/metron-shop\/wp-json\/wp\/v2\/comments?post=23716"}],"wp:featuredmedia":[{"embeddable":true,"href":"https:\/\/eauto.si\/metron-shop\/wp-json\/wp\/v2\/media\/21894"}],"wp:attachment":[{"href":"https:\/\/eauto.si\/metron-shop\/wp-json\/wp\/v2\/media?parent=23716"}],"wp:term":[{"taxonomy":"product_brand","embeddable":true,"href":"https:\/\/eauto.si\/metron-shop\/wp-json\/wp\/v2\/product_brand?post=23716"},{"taxonomy":"product_cat","embeddable":true,"href":"https:\/\/eauto.si\/metron-shop\/wp-json\/wp\/v2\/product_cat?post=23716"},{"taxonomy":"product_tag","embeddable":true,"href":"https:\/\/eauto.si\/metron-shop\/wp-json\/wp\/v2\/product_tag?post=23716"}],"curies":[{"name":"wp","href":"https:\/\/api.w.org\/{rel}","templated":true}]}}