{"id":23824,"date":"2016-02-19T11:04:07","date_gmt":"2016-02-19T10:04:07","guid":{"rendered":"https:\/\/eauto.si\/metron-shop\/product\/tester-faz-in-polnilnih-postaj\/"},"modified":"2024-06-10T07:20:54","modified_gmt":"2024-06-10T05:20:54","slug":"tester-faz-in-polnilnih-postaj","status":"publish","type":"product","link":"https:\/\/eauto.si\/metron-shop\/product\/tester-faz-in-polnilnih-postaj\/?lang=sl","title":{"rendered":"Tester faz polnilnih postaj"},"content":{"rendered":"<h3><strong>Tehni\u010dne specifikacije:<\/strong><\/h3>\n<ul>\n<li>Napajalna napetost: 380 &#8211; 415 V\/AC, 50 Hz, 3-fazno<\/li>\n<li>Prenapetostna kategorija: CAT III (doma\u010de napeljave)<\/li>\n<li>Poraba: &lt; 20 mA<\/li>\n<li>Vtika\u010d: Tip 2<\/li>\n<li>Dimenzije (dol\u017eina): 540 mm<\/li>\n<li>Masa: 340 g<\/li>\n<li><strong>Garancija: 2 leti<\/strong><\/li>\n<\/ul>\n","protected":false},"excerpt":{"rendered":"<p><strong>Adapter se uporablja za vklop in kontrolo napetosti faz na polnilnih postajah s tip 2 vti\u010dnico.<\/strong><\/p>\n<p><a class=\"mb-button mb-style-traditional mb-size-default mb-corners-default mb-text-style-default \" style=\"background-color: #2ba3c4;\" href=\"https:\/\/eauto.si\/metron-shop\/wp-content\/uploads\/Metron_Phase_and_Charging_Station_Tester_User_Manual_rev.0_ENG_WEB.pdf\">&nbsp;<i class=\"fa fa-arrow-circle-o-down\"><\/i>&nbsp; Uporabni\u0161ki priro\u010dnik &#8211; ANG<\/a><\/p>\n","protected":false},"featured_media":22069,"comment_status":"closed","ping_status":"closed","template":"","meta":{"ngg_post_thumbnail":0},"product_brand":[],"product_cat":[1005],"product_tag":[1053,1091,1076,1213,1219],"class_list":{"0":"post-23824","1":"product","2":"type-product","3":"status-publish","4":"has-post-thumbnail","6":"product_cat-dodatki","7":"product_tag-16-a-sl","8":"product_tag-adapterji-za-polnjenje-ev","9":"product_tag-cee-sl","10":"product_tag-tester-faz","11":"product_tag-tri-fazno","12":"product_shipping_class-ev-adapters","14":"first","15":"instock","16":"taxable","17":"shipping-taxable","18":"purchasable","19":"product-type-simple"},"yoast_head":"<!-- This site is optimized with the Yoast SEO Premium plugin v27.6 (Yoast SEO v27.6) - https:\/\/yoast.com\/product\/yoast-seo-premium-wordpress\/ -->\n<title>Tester faz polnilnih postaj - Metron Shop<\/title>\n<meta name=\"description\" content=\"To priro\u010dno orodje se uporablja za preizkus faz in njihovega zaporedja na polnilnih postajah ali prenosnih polnilcih za elektri\u010dna vozila. Lahko vklju\u010di in izkju\u010di vsako polnilno postajo (tudi tiste, ki imajo vgrajen polnilni kabel) ali prenosni polnileec, preveri napetost faz in zaporedje faz.\" \/>\n<meta name=\"robots\" content=\"index, follow, max-snippet:-1, max-image-preview:large, max-video-preview:-1\" \/>\n<link rel=\"canonical\" href=\"https:\/\/eauto.si\/metron-shop\/product\/tester-faz-in-polnilnih-postaj\/\" \/>\n<meta property=\"og:locale\" content=\"en_US\" \/>\n<meta property=\"og:type\" content=\"article\" \/>\n<meta property=\"og:title\" content=\"Tester faz polnilnih postaj\" \/>\n<meta property=\"og:description\" content=\"To priro\u010dno orodje se uporablja za preizkus faz in njihovega zaporedja na polnilnih postajah ali prenosnih polnilcih za elektri\u010dna vozila. Lahko vklju\u010di in izkju\u010di vsako polnilno postajo (tudi tiste, ki imajo vgrajen polnilni kabel) ali prenosni polnileec, preveri napetost faz in zaporedje faz.\" \/>\n<meta property=\"og:url\" content=\"https:\/\/eauto.si\/metron-shop\/product\/tester-faz-in-polnilnih-postaj\/?lang=sl\" \/>\n<meta property=\"og:site_name\" content=\"Metron Shop\" \/>\n<meta property=\"article:publisher\" content=\"https:\/\/www.facebook.com\/MetronInstitut\/\" \/>\n<meta property=\"article:modified_time\" content=\"2024-06-10T05:20:54+00:00\" \/>\n<meta property=\"og:image\" content=\"https:\/\/eauto.si\/metron-shop\/wp-content\/uploads\/Type_2_Phase-and-charging-station-tester_2_naslovna.jpg\" \/>\n\t<meta property=\"og:image:width\" content=\"800\" \/>\n\t<meta property=\"og:image:height\" content=\"800\" \/>\n\t<meta property=\"og:image:type\" content=\"image\/jpeg\" \/>\n<meta name=\"twitter:card\" content=\"summary_large_image\" \/>\n<script type=\"application\/ld+json\" class=\"yoast-schema-graph\">{\"@context\":\"https:\\\/\\\/schema.org\",\"@graph\":[{\"@type\":\"WebPage\",\"@id\":\"https:\\\/\\\/eauto.si\\\/metron-shop\\\/product\\\/tester-faz-in-polnilnih-postaj\\\/?lang=sl\",\"url\":\"https:\\\/\\\/eauto.si\\\/metron-shop\\\/product\\\/tester-faz-in-polnilnih-postaj\\\/?lang=sl\",\"name\":\"Tester faz polnilnih postaj - Metron Shop\",\"isPartOf\":{\"@id\":\"https:\\\/\\\/eauto.si\\\/metron-shop\\\/#website\"},\"primaryImageOfPage\":{\"@id\":\"https:\\\/\\\/eauto.si\\\/metron-shop\\\/product\\\/tester-faz-in-polnilnih-postaj\\\/?lang=sl#primaryimage\"},\"image\":{\"@id\":\"https:\\\/\\\/eauto.si\\\/metron-shop\\\/product\\\/tester-faz-in-polnilnih-postaj\\\/?lang=sl#primaryimage\"},\"thumbnailUrl\":\"https:\\\/\\\/eauto.si\\\/metron-shop\\\/wp-content\\\/uploads\\\/Type_2_Phase-and-charging-station-tester_2_naslovna.jpg\",\"datePublished\":\"2016-02-19T10:04:07+00:00\",\"dateModified\":\"2024-06-10T05:20:54+00:00\",\"description\":\"To priro\u010dno orodje se uporablja za preizkus faz in njihovega zaporedja na polnilnih postajah ali prenosnih polnilcih za elektri\u010dna vozila. Lahko vklju\u010di in izkju\u010di vsako polnilno postajo (tudi tiste, ki imajo vgrajen polnilni kabel) ali prenosni polnileec, preveri napetost faz in zaporedje faz.\",\"breadcrumb\":{\"@id\":\"https:\\\/\\\/eauto.si\\\/metron-shop\\\/product\\\/tester-faz-in-polnilnih-postaj\\\/?lang=sl#breadcrumb\"},\"inLanguage\":\"en-US\",\"potentialAction\":[{\"@type\":\"ReadAction\",\"target\":[\"https:\\\/\\\/eauto.si\\\/metron-shop\\\/product\\\/tester-faz-in-polnilnih-postaj\\\/?lang=sl\"]}]},{\"@type\":\"ImageObject\",\"inLanguage\":\"en-US\",\"@id\":\"https:\\\/\\\/eauto.si\\\/metron-shop\\\/product\\\/tester-faz-in-polnilnih-postaj\\\/?lang=sl#primaryimage\",\"url\":\"https:\\\/\\\/eauto.si\\\/metron-shop\\\/wp-content\\\/uploads\\\/Type_2_Phase-and-charging-station-tester_2_naslovna.jpg\",\"contentUrl\":\"https:\\\/\\\/eauto.si\\\/metron-shop\\\/wp-content\\\/uploads\\\/Type_2_Phase-and-charging-station-tester_2_naslovna.jpg\",\"width\":800,\"height\":800},{\"@type\":\"BreadcrumbList\",\"@id\":\"https:\\\/\\\/eauto.si\\\/metron-shop\\\/product\\\/tester-faz-in-polnilnih-postaj\\\/?lang=sl#breadcrumb\",\"itemListElement\":[{\"@type\":\"ListItem\",\"position\":1,\"name\":\"Home\",\"item\":\"https:\\\/\\\/eauto.si\\\/metron-shop\\\/\"},{\"@type\":\"ListItem\",\"position\":2,\"name\":\"Shop\",\"item\":\"https:\\\/\\\/eauto.si\\\/metron-shop\\\/\"},{\"@type\":\"ListItem\",\"position\":3,\"name\":\"Tester faz polnilnih postaj\"}]},{\"@type\":\"WebSite\",\"@id\":\"https:\\\/\\\/eauto.si\\\/metron-shop\\\/#website\",\"url\":\"https:\\\/\\\/eauto.si\\\/metron-shop\\\/\",\"name\":\"Metron Shop\",\"description\":\"EV charging cables and more ...\",\"publisher\":{\"@id\":\"https:\\\/\\\/eauto.si\\\/metron-shop\\\/#organization\"},\"potentialAction\":[{\"@type\":\"SearchAction\",\"target\":{\"@type\":\"EntryPoint\",\"urlTemplate\":\"https:\\\/\\\/eauto.si\\\/metron-shop\\\/?s={search_term_string}\"},\"query-input\":{\"@type\":\"PropertyValueSpecification\",\"valueRequired\":true,\"valueName\":\"search_term_string\"}}],\"inLanguage\":\"en-US\"},{\"@type\":\"Organization\",\"@id\":\"https:\\\/\\\/eauto.si\\\/metron-shop\\\/#organization\",\"name\":\"Metron institute\",\"url\":\"https:\\\/\\\/eauto.si\\\/metron-shop\\\/\",\"logo\":{\"@type\":\"ImageObject\",\"inLanguage\":\"en-US\",\"@id\":\"https:\\\/\\\/eauto.si\\\/metron-shop\\\/#\\\/schema\\\/logo\\\/image\\\/\",\"url\":\"https:\\\/\\\/eauto.si\\\/metron-shop\\\/wp-content\\\/uploads\\\/LOGO-ENG.png\",\"contentUrl\":\"https:\\\/\\\/eauto.si\\\/metron-shop\\\/wp-content\\\/uploads\\\/LOGO-ENG.png\",\"width\":590,\"height\":272,\"caption\":\"Metron institute\"},\"image\":{\"@id\":\"https:\\\/\\\/eauto.si\\\/metron-shop\\\/#\\\/schema\\\/logo\\\/image\\\/\"},\"sameAs\":[\"https:\\\/\\\/www.facebook.com\\\/MetronInstitut\\\/\",\"https:\\\/\\\/www.youtube.com\\\/channel\\\/UCkD45nHDQdTv1poqTrWhWxA\"]}]}<\/script>\n<!-- \/ Yoast SEO Premium plugin. -->","yoast_head_json":{"title":"Tester faz polnilnih postaj - Metron Shop","description":"To priro\u010dno orodje se uporablja za preizkus faz in njihovega zaporedja na polnilnih postajah ali prenosnih polnilcih za elektri\u010dna vozila. Lahko vklju\u010di in izkju\u010di vsako polnilno postajo (tudi tiste, ki imajo vgrajen polnilni kabel) ali prenosni polnileec, preveri napetost faz in zaporedje faz.","robots":{"index":"index","follow":"follow","max-snippet":"max-snippet:-1","max-image-preview":"max-image-preview:large","max-video-preview":"max-video-preview:-1"},"canonical":"https:\/\/eauto.si\/metron-shop\/product\/tester-faz-in-polnilnih-postaj\/","og_locale":"en_US","og_type":"article","og_title":"Tester faz polnilnih postaj","og_description":"To priro\u010dno orodje se uporablja za preizkus faz in njihovega zaporedja na polnilnih postajah ali prenosnih polnilcih za elektri\u010dna vozila. Lahko vklju\u010di in izkju\u010di vsako polnilno postajo (tudi tiste, ki imajo vgrajen polnilni kabel) ali prenosni polnileec, preveri napetost faz in zaporedje faz.","og_url":"https:\/\/eauto.si\/metron-shop\/product\/tester-faz-in-polnilnih-postaj\/?lang=sl","og_site_name":"Metron Shop","article_publisher":"https:\/\/www.facebook.com\/MetronInstitut\/","article_modified_time":"2024-06-10T05:20:54+00:00","og_image":[{"width":800,"height":800,"url":"https:\/\/eauto.si\/metron-shop\/wp-content\/uploads\/Type_2_Phase-and-charging-station-tester_2_naslovna.jpg","type":"image\/jpeg"}],"twitter_card":"summary_large_image","schema":{"@context":"https:\/\/schema.org","@graph":[{"@type":"WebPage","@id":"https:\/\/eauto.si\/metron-shop\/product\/tester-faz-in-polnilnih-postaj\/?lang=sl","url":"https:\/\/eauto.si\/metron-shop\/product\/tester-faz-in-polnilnih-postaj\/?lang=sl","name":"Tester faz polnilnih postaj - Metron Shop","isPartOf":{"@id":"https:\/\/eauto.si\/metron-shop\/#website"},"primaryImageOfPage":{"@id":"https:\/\/eauto.si\/metron-shop\/product\/tester-faz-in-polnilnih-postaj\/?lang=sl#primaryimage"},"image":{"@id":"https:\/\/eauto.si\/metron-shop\/product\/tester-faz-in-polnilnih-postaj\/?lang=sl#primaryimage"},"thumbnailUrl":"https:\/\/eauto.si\/metron-shop\/wp-content\/uploads\/Type_2_Phase-and-charging-station-tester_2_naslovna.jpg","datePublished":"2016-02-19T10:04:07+00:00","dateModified":"2024-06-10T05:20:54+00:00","description":"To priro\u010dno orodje se uporablja za preizkus faz in njihovega zaporedja na polnilnih postajah ali prenosnih polnilcih za elektri\u010dna vozila. Lahko vklju\u010di in izkju\u010di vsako polnilno postajo (tudi tiste, ki imajo vgrajen polnilni kabel) ali prenosni polnileec, preveri napetost faz in zaporedje faz.","breadcrumb":{"@id":"https:\/\/eauto.si\/metron-shop\/product\/tester-faz-in-polnilnih-postaj\/?lang=sl#breadcrumb"},"inLanguage":"en-US","potentialAction":[{"@type":"ReadAction","target":["https:\/\/eauto.si\/metron-shop\/product\/tester-faz-in-polnilnih-postaj\/?lang=sl"]}]},{"@type":"ImageObject","inLanguage":"en-US","@id":"https:\/\/eauto.si\/metron-shop\/product\/tester-faz-in-polnilnih-postaj\/?lang=sl#primaryimage","url":"https:\/\/eauto.si\/metron-shop\/wp-content\/uploads\/Type_2_Phase-and-charging-station-tester_2_naslovna.jpg","contentUrl":"https:\/\/eauto.si\/metron-shop\/wp-content\/uploads\/Type_2_Phase-and-charging-station-tester_2_naslovna.jpg","width":800,"height":800},{"@type":"BreadcrumbList","@id":"https:\/\/eauto.si\/metron-shop\/product\/tester-faz-in-polnilnih-postaj\/?lang=sl#breadcrumb","itemListElement":[{"@type":"ListItem","position":1,"name":"Home","item":"https:\/\/eauto.si\/metron-shop\/"},{"@type":"ListItem","position":2,"name":"Shop","item":"https:\/\/eauto.si\/metron-shop\/"},{"@type":"ListItem","position":3,"name":"Tester faz polnilnih postaj"}]},{"@type":"WebSite","@id":"https:\/\/eauto.si\/metron-shop\/#website","url":"https:\/\/eauto.si\/metron-shop\/","name":"Metron Shop","description":"EV charging cables and more ...","publisher":{"@id":"https:\/\/eauto.si\/metron-shop\/#organization"},"potentialAction":[{"@type":"SearchAction","target":{"@type":"EntryPoint","urlTemplate":"https:\/\/eauto.si\/metron-shop\/?s={search_term_string}"},"query-input":{"@type":"PropertyValueSpecification","valueRequired":true,"valueName":"search_term_string"}}],"inLanguage":"en-US"},{"@type":"Organization","@id":"https:\/\/eauto.si\/metron-shop\/#organization","name":"Metron institute","url":"https:\/\/eauto.si\/metron-shop\/","logo":{"@type":"ImageObject","inLanguage":"en-US","@id":"https:\/\/eauto.si\/metron-shop\/#\/schema\/logo\/image\/","url":"https:\/\/eauto.si\/metron-shop\/wp-content\/uploads\/LOGO-ENG.png","contentUrl":"https:\/\/eauto.si\/metron-shop\/wp-content\/uploads\/LOGO-ENG.png","width":590,"height":272,"caption":"Metron institute"},"image":{"@id":"https:\/\/eauto.si\/metron-shop\/#\/schema\/logo\/image\/"},"sameAs":["https:\/\/www.facebook.com\/MetronInstitut\/","https:\/\/www.youtube.com\/channel\/UCkD45nHDQdTv1poqTrWhWxA"]}]}},"_links":{"self":[{"href":"https:\/\/eauto.si\/metron-shop\/wp-json\/wp\/v2\/product\/23824","targetHints":{"allow":["GET"]}}],"collection":[{"href":"https:\/\/eauto.si\/metron-shop\/wp-json\/wp\/v2\/product"}],"about":[{"href":"https:\/\/eauto.si\/metron-shop\/wp-json\/wp\/v2\/types\/product"}],"replies":[{"embeddable":true,"href":"https:\/\/eauto.si\/metron-shop\/wp-json\/wp\/v2\/comments?post=23824"}],"wp:featuredmedia":[{"embeddable":true,"href":"https:\/\/eauto.si\/metron-shop\/wp-json\/wp\/v2\/media\/22069"}],"wp:attachment":[{"href":"https:\/\/eauto.si\/metron-shop\/wp-json\/wp\/v2\/media?parent=23824"}],"wp:term":[{"taxonomy":"product_brand","embeddable":true,"href":"https:\/\/eauto.si\/metron-shop\/wp-json\/wp\/v2\/product_brand?post=23824"},{"taxonomy":"product_cat","embeddable":true,"href":"https:\/\/eauto.si\/metron-shop\/wp-json\/wp\/v2\/product_cat?post=23824"},{"taxonomy":"product_tag","embeddable":true,"href":"https:\/\/eauto.si\/metron-shop\/wp-json\/wp\/v2\/product_tag?post=23824"}],"curies":[{"name":"wp","href":"https:\/\/api.w.org\/{rel}","templated":true}]}}