{"id":23834,"date":"2023-04-21T07:51:25","date_gmt":"2023-04-21T05:51:25","guid":{"rendered":"https:\/\/eauto.si\/metron-shop\/product\/servisni-vtikac\/"},"modified":"2023-04-21T07:51:25","modified_gmt":"2023-04-21T05:51:25","slug":"servisni-vtikac","status":"publish","type":"product","link":"https:\/\/eauto.si\/metron-shop\/product\/servisni-vtikac\/?lang=sl","title":{"rendered":"Servisni vtika\u010d"},"content":{"rendered":"<h3>Tehni\u010dni podatki:<\/h3>\n<ul>\n<li>Temperaturno obmo\u010dje delovanja (C\u00b0): od -40 do +70<\/li>\n<li>UV odpornost: DA<\/li>\n<li>Stopnja za\u0161\u010dite pred zunanjimi vplivi (IP): 67 (100 % vodotesnost)<\/li>\n<li>Dimenzije (\u03a6max \/ dol\u017eina): (70 mm \/ 230 mm)<\/li>\n<li>Te\u017ea: 500 g<\/li>\n<\/ul>\n","protected":false},"excerpt":{"rendered":"<p>Servisni vtika\u010d SP02 je varnostna naprava, ki vzdr\u017eevalnim ekipam (mehanikom, elektri\u010darjem, gasilcem itd.) omogo\u010da varno delo na elektri\u010dnem vozilu s tem, da blokira premikanje vozila. Elektri\u010dni avto je nesli\u0161en tudi, ko je pogon vklopljen, zato obstaja nevarnost, da ga kdo po pomoti premakne in s tem ogrozi okolico. Servisni vtika\u010d blokira elektri\u010dni pogon, brez da bi izklopil elektri\u010dni sistem avtomobila. Je 100% zanesljiv in deluje na vseh vozilih s polnilno vti\u010dnico TIP 2, s pomo\u010djo <a href=\"https:\/\/eauto.si\/metron-shop\/product\/ac06-tip-2-na-tip-1-1-x-32a\/?lang=sl\">adapterja AC06<\/a> pa tudi na vozilih z vti\u010dnico Tip 1.<\/p>\n<p>&nbsp;<br \/>\n<a class=\"mb-button mb-style-traditional mb-size-default mb-corners-default mb-text-style-default \" style=\"background-color: #2ba3c4\" href=\"https:\/\/eauto.si\/metron-shop\/wp-content\/uploads\/Service_plug_SP02_User_Manual_rev.0_SLO_web.pdf\">&nbsp;<i class=\"fa fa-arrow-circle-o-down\"><\/i>&nbsp; Uporabni\u0161ki priro\u010dnik &#8211; SI<\/a><\/p>\n","protected":false},"featured_media":19668,"comment_status":"closed","ping_status":"closed","template":"","meta":{"ngg_post_thumbnail":0},"product_brand":[],"product_cat":[1005],"product_tag":[1089,1139,1156],"class_list":{"0":"post-23834","1":"product","2":"type-product","3":"status-publish","4":"has-post-thumbnail","6":"product_cat-dodatki","7":"product_tag-ev-sl","8":"product_tag-storitev","9":"product_tag-tip-2-sl-2","10":"product_shipping_class-ev-adapters","12":"first","13":"instock","14":"taxable","15":"shipping-taxable","16":"purchasable","17":"product-type-simple"},"yoast_head":"<!-- This site is optimized with the Yoast SEO Premium plugin v27.6 (Yoast SEO v27.6) - https:\/\/yoast.com\/product\/yoast-seo-premium-wordpress\/ -->\n<title>Servisni vtika\u010d - Metron Shop<\/title>\n<meta name=\"description\" content=\"Servisni vtika\u010d SP02 je varnostna naprava, ki vzdr\u017eevalnim ekipam (mehanikom, elektri\u010darjem, gasilcem itd.) omogo\u010da varno delo na elektri\u010dnem vozilu. Upo\u0161tevajte, da naprava morda ne bo delovala na vseh elektri\u010dnih vozilih (vozila z vti\u010dnico Tip 1, nekateri priklju\u010dni hibridi in vozila kategorije L7e)!\" \/>\n<meta name=\"robots\" content=\"index, follow, max-snippet:-1, max-image-preview:large, max-video-preview:-1\" \/>\n<link rel=\"canonical\" href=\"https:\/\/eauto.si\/metron-shop\/product\/servisni-vtikac\/\" \/>\n<meta property=\"og:locale\" content=\"en_US\" \/>\n<meta property=\"og:type\" content=\"article\" \/>\n<meta property=\"og:title\" content=\"Servisni vtika\u010d\" \/>\n<meta property=\"og:description\" content=\"Servisni vtika\u010d SP02 je varnostna naprava, ki vzdr\u017eevalnim ekipam (mehanikom, elektri\u010darjem, gasilcem itd.) omogo\u010da varno delo na elektri\u010dnem vozilu. Upo\u0161tevajte, da naprava morda ne bo delovala na vseh elektri\u010dnih vozilih (vozila z vti\u010dnico Tip 1, nekateri priklju\u010dni hibridi in vozila kategorije L7e)!\" \/>\n<meta property=\"og:url\" content=\"https:\/\/eauto.si\/metron-shop\/product\/servisni-vtikac\/?lang=sl\" \/>\n<meta property=\"og:site_name\" content=\"Metron Shop\" \/>\n<meta property=\"article:publisher\" content=\"https:\/\/www.facebook.com\/MetronInstitut\/\" \/>\n<meta property=\"og:image\" content=\"https:\/\/eauto.si\/metron-shop\/wp-content\/uploads\/SP02_brez-napisa_naslovna.jpg\" \/>\n\t<meta property=\"og:image:width\" content=\"800\" \/>\n\t<meta property=\"og:image:height\" content=\"800\" \/>\n\t<meta property=\"og:image:type\" content=\"image\/jpeg\" \/>\n<meta name=\"twitter:card\" content=\"summary_large_image\" \/>\n<script type=\"application\/ld+json\" class=\"yoast-schema-graph\">{\"@context\":\"https:\\\/\\\/schema.org\",\"@graph\":[{\"@type\":\"WebPage\",\"@id\":\"https:\\\/\\\/eauto.si\\\/metron-shop\\\/product\\\/servisni-vtikac\\\/?lang=sl\",\"url\":\"https:\\\/\\\/eauto.si\\\/metron-shop\\\/product\\\/servisni-vtikac\\\/?lang=sl\",\"name\":\"Servisni vtika\u010d - Metron Shop\",\"isPartOf\":{\"@id\":\"https:\\\/\\\/eauto.si\\\/metron-shop\\\/#website\"},\"primaryImageOfPage\":{\"@id\":\"https:\\\/\\\/eauto.si\\\/metron-shop\\\/product\\\/servisni-vtikac\\\/?lang=sl#primaryimage\"},\"image\":{\"@id\":\"https:\\\/\\\/eauto.si\\\/metron-shop\\\/product\\\/servisni-vtikac\\\/?lang=sl#primaryimage\"},\"thumbnailUrl\":\"https:\\\/\\\/eauto.si\\\/metron-shop\\\/wp-content\\\/uploads\\\/SP02_brez-napisa_naslovna.jpg\",\"datePublished\":\"2023-04-21T05:51:25+00:00\",\"description\":\"Servisni vtika\u010d SP02 je varnostna naprava, ki vzdr\u017eevalnim ekipam (mehanikom, elektri\u010darjem, gasilcem itd.) omogo\u010da varno delo na elektri\u010dnem vozilu. Upo\u0161tevajte, da naprava morda ne bo delovala na vseh elektri\u010dnih vozilih (vozila z vti\u010dnico Tip 1, nekateri priklju\u010dni hibridi in vozila kategorije L7e)!\",\"breadcrumb\":{\"@id\":\"https:\\\/\\\/eauto.si\\\/metron-shop\\\/product\\\/servisni-vtikac\\\/?lang=sl#breadcrumb\"},\"inLanguage\":\"en-US\",\"potentialAction\":[{\"@type\":\"ReadAction\",\"target\":[\"https:\\\/\\\/eauto.si\\\/metron-shop\\\/product\\\/servisni-vtikac\\\/?lang=sl\"]}]},{\"@type\":\"ImageObject\",\"inLanguage\":\"en-US\",\"@id\":\"https:\\\/\\\/eauto.si\\\/metron-shop\\\/product\\\/servisni-vtikac\\\/?lang=sl#primaryimage\",\"url\":\"https:\\\/\\\/eauto.si\\\/metron-shop\\\/wp-content\\\/uploads\\\/SP02_brez-napisa_naslovna.jpg\",\"contentUrl\":\"https:\\\/\\\/eauto.si\\\/metron-shop\\\/wp-content\\\/uploads\\\/SP02_brez-napisa_naslovna.jpg\",\"width\":800,\"height\":800,\"caption\":\"Service plug\"},{\"@type\":\"BreadcrumbList\",\"@id\":\"https:\\\/\\\/eauto.si\\\/metron-shop\\\/product\\\/servisni-vtikac\\\/?lang=sl#breadcrumb\",\"itemListElement\":[{\"@type\":\"ListItem\",\"position\":1,\"name\":\"Home\",\"item\":\"https:\\\/\\\/eauto.si\\\/metron-shop\\\/\"},{\"@type\":\"ListItem\",\"position\":2,\"name\":\"Shop\",\"item\":\"https:\\\/\\\/eauto.si\\\/metron-shop\\\/\"},{\"@type\":\"ListItem\",\"position\":3,\"name\":\"Servisni vtika\u010d\"}]},{\"@type\":\"WebSite\",\"@id\":\"https:\\\/\\\/eauto.si\\\/metron-shop\\\/#website\",\"url\":\"https:\\\/\\\/eauto.si\\\/metron-shop\\\/\",\"name\":\"Metron Shop\",\"description\":\"EV charging cables and more ...\",\"publisher\":{\"@id\":\"https:\\\/\\\/eauto.si\\\/metron-shop\\\/#organization\"},\"potentialAction\":[{\"@type\":\"SearchAction\",\"target\":{\"@type\":\"EntryPoint\",\"urlTemplate\":\"https:\\\/\\\/eauto.si\\\/metron-shop\\\/?s={search_term_string}\"},\"query-input\":{\"@type\":\"PropertyValueSpecification\",\"valueRequired\":true,\"valueName\":\"search_term_string\"}}],\"inLanguage\":\"en-US\"},{\"@type\":\"Organization\",\"@id\":\"https:\\\/\\\/eauto.si\\\/metron-shop\\\/#organization\",\"name\":\"Metron institute\",\"url\":\"https:\\\/\\\/eauto.si\\\/metron-shop\\\/\",\"logo\":{\"@type\":\"ImageObject\",\"inLanguage\":\"en-US\",\"@id\":\"https:\\\/\\\/eauto.si\\\/metron-shop\\\/#\\\/schema\\\/logo\\\/image\\\/\",\"url\":\"https:\\\/\\\/eauto.si\\\/metron-shop\\\/wp-content\\\/uploads\\\/LOGO-ENG.png\",\"contentUrl\":\"https:\\\/\\\/eauto.si\\\/metron-shop\\\/wp-content\\\/uploads\\\/LOGO-ENG.png\",\"width\":590,\"height\":272,\"caption\":\"Metron institute\"},\"image\":{\"@id\":\"https:\\\/\\\/eauto.si\\\/metron-shop\\\/#\\\/schema\\\/logo\\\/image\\\/\"},\"sameAs\":[\"https:\\\/\\\/www.facebook.com\\\/MetronInstitut\\\/\",\"https:\\\/\\\/www.youtube.com\\\/channel\\\/UCkD45nHDQdTv1poqTrWhWxA\"]}]}<\/script>\n<!-- \/ Yoast SEO Premium plugin. -->","yoast_head_json":{"title":"Servisni vtika\u010d - Metron Shop","description":"Servisni vtika\u010d SP02 je varnostna naprava, ki vzdr\u017eevalnim ekipam (mehanikom, elektri\u010darjem, gasilcem itd.) omogo\u010da varno delo na elektri\u010dnem vozilu. Upo\u0161tevajte, da naprava morda ne bo delovala na vseh elektri\u010dnih vozilih (vozila z vti\u010dnico Tip 1, nekateri priklju\u010dni hibridi in vozila kategorije L7e)!","robots":{"index":"index","follow":"follow","max-snippet":"max-snippet:-1","max-image-preview":"max-image-preview:large","max-video-preview":"max-video-preview:-1"},"canonical":"https:\/\/eauto.si\/metron-shop\/product\/servisni-vtikac\/","og_locale":"en_US","og_type":"article","og_title":"Servisni vtika\u010d","og_description":"Servisni vtika\u010d SP02 je varnostna naprava, ki vzdr\u017eevalnim ekipam (mehanikom, elektri\u010darjem, gasilcem itd.) omogo\u010da varno delo na elektri\u010dnem vozilu. Upo\u0161tevajte, da naprava morda ne bo delovala na vseh elektri\u010dnih vozilih (vozila z vti\u010dnico Tip 1, nekateri priklju\u010dni hibridi in vozila kategorije L7e)!","og_url":"https:\/\/eauto.si\/metron-shop\/product\/servisni-vtikac\/?lang=sl","og_site_name":"Metron Shop","article_publisher":"https:\/\/www.facebook.com\/MetronInstitut\/","og_image":[{"width":800,"height":800,"url":"https:\/\/eauto.si\/metron-shop\/wp-content\/uploads\/SP02_brez-napisa_naslovna.jpg","type":"image\/jpeg"}],"twitter_card":"summary_large_image","schema":{"@context":"https:\/\/schema.org","@graph":[{"@type":"WebPage","@id":"https:\/\/eauto.si\/metron-shop\/product\/servisni-vtikac\/?lang=sl","url":"https:\/\/eauto.si\/metron-shop\/product\/servisni-vtikac\/?lang=sl","name":"Servisni vtika\u010d - Metron Shop","isPartOf":{"@id":"https:\/\/eauto.si\/metron-shop\/#website"},"primaryImageOfPage":{"@id":"https:\/\/eauto.si\/metron-shop\/product\/servisni-vtikac\/?lang=sl#primaryimage"},"image":{"@id":"https:\/\/eauto.si\/metron-shop\/product\/servisni-vtikac\/?lang=sl#primaryimage"},"thumbnailUrl":"https:\/\/eauto.si\/metron-shop\/wp-content\/uploads\/SP02_brez-napisa_naslovna.jpg","datePublished":"2023-04-21T05:51:25+00:00","description":"Servisni vtika\u010d SP02 je varnostna naprava, ki vzdr\u017eevalnim ekipam (mehanikom, elektri\u010darjem, gasilcem itd.) omogo\u010da varno delo na elektri\u010dnem vozilu. Upo\u0161tevajte, da naprava morda ne bo delovala na vseh elektri\u010dnih vozilih (vozila z vti\u010dnico Tip 1, nekateri priklju\u010dni hibridi in vozila kategorije L7e)!","breadcrumb":{"@id":"https:\/\/eauto.si\/metron-shop\/product\/servisni-vtikac\/?lang=sl#breadcrumb"},"inLanguage":"en-US","potentialAction":[{"@type":"ReadAction","target":["https:\/\/eauto.si\/metron-shop\/product\/servisni-vtikac\/?lang=sl"]}]},{"@type":"ImageObject","inLanguage":"en-US","@id":"https:\/\/eauto.si\/metron-shop\/product\/servisni-vtikac\/?lang=sl#primaryimage","url":"https:\/\/eauto.si\/metron-shop\/wp-content\/uploads\/SP02_brez-napisa_naslovna.jpg","contentUrl":"https:\/\/eauto.si\/metron-shop\/wp-content\/uploads\/SP02_brez-napisa_naslovna.jpg","width":800,"height":800,"caption":"Service plug"},{"@type":"BreadcrumbList","@id":"https:\/\/eauto.si\/metron-shop\/product\/servisni-vtikac\/?lang=sl#breadcrumb","itemListElement":[{"@type":"ListItem","position":1,"name":"Home","item":"https:\/\/eauto.si\/metron-shop\/"},{"@type":"ListItem","position":2,"name":"Shop","item":"https:\/\/eauto.si\/metron-shop\/"},{"@type":"ListItem","position":3,"name":"Servisni vtika\u010d"}]},{"@type":"WebSite","@id":"https:\/\/eauto.si\/metron-shop\/#website","url":"https:\/\/eauto.si\/metron-shop\/","name":"Metron Shop","description":"EV charging cables and more ...","publisher":{"@id":"https:\/\/eauto.si\/metron-shop\/#organization"},"potentialAction":[{"@type":"SearchAction","target":{"@type":"EntryPoint","urlTemplate":"https:\/\/eauto.si\/metron-shop\/?s={search_term_string}"},"query-input":{"@type":"PropertyValueSpecification","valueRequired":true,"valueName":"search_term_string"}}],"inLanguage":"en-US"},{"@type":"Organization","@id":"https:\/\/eauto.si\/metron-shop\/#organization","name":"Metron institute","url":"https:\/\/eauto.si\/metron-shop\/","logo":{"@type":"ImageObject","inLanguage":"en-US","@id":"https:\/\/eauto.si\/metron-shop\/#\/schema\/logo\/image\/","url":"https:\/\/eauto.si\/metron-shop\/wp-content\/uploads\/LOGO-ENG.png","contentUrl":"https:\/\/eauto.si\/metron-shop\/wp-content\/uploads\/LOGO-ENG.png","width":590,"height":272,"caption":"Metron institute"},"image":{"@id":"https:\/\/eauto.si\/metron-shop\/#\/schema\/logo\/image\/"},"sameAs":["https:\/\/www.facebook.com\/MetronInstitut\/","https:\/\/www.youtube.com\/channel\/UCkD45nHDQdTv1poqTrWhWxA"]}]}},"_links":{"self":[{"href":"https:\/\/eauto.si\/metron-shop\/wp-json\/wp\/v2\/product\/23834","targetHints":{"allow":["GET"]}}],"collection":[{"href":"https:\/\/eauto.si\/metron-shop\/wp-json\/wp\/v2\/product"}],"about":[{"href":"https:\/\/eauto.si\/metron-shop\/wp-json\/wp\/v2\/types\/product"}],"replies":[{"embeddable":true,"href":"https:\/\/eauto.si\/metron-shop\/wp-json\/wp\/v2\/comments?post=23834"}],"wp:featuredmedia":[{"embeddable":true,"href":"https:\/\/eauto.si\/metron-shop\/wp-json\/wp\/v2\/media\/19668"}],"wp:attachment":[{"href":"https:\/\/eauto.si\/metron-shop\/wp-json\/wp\/v2\/media?parent=23834"}],"wp:term":[{"taxonomy":"product_brand","embeddable":true,"href":"https:\/\/eauto.si\/metron-shop\/wp-json\/wp\/v2\/product_brand?post=23834"},{"taxonomy":"product_cat","embeddable":true,"href":"https:\/\/eauto.si\/metron-shop\/wp-json\/wp\/v2\/product_cat?post=23834"},{"taxonomy":"product_tag","embeddable":true,"href":"https:\/\/eauto.si\/metron-shop\/wp-json\/wp\/v2\/product_tag?post=23834"}],"curies":[{"name":"wp","href":"https:\/\/api.w.org\/{rel}","templated":true}]}}