{"id":23846,"date":"2023-04-21T12:15:33","date_gmt":"2023-04-21T10:15:33","guid":{"rendered":"https:\/\/eauto.si\/metron-shop\/product\/povozni-prag-za-polnilne-kable\/"},"modified":"2023-04-21T12:15:33","modified_gmt":"2023-04-21T10:15:33","slug":"povozni-prag-za-polnilne-kable","status":"publish","type":"product","link":"https:\/\/eauto.si\/metron-shop\/product\/povozni-prag-za-polnilne-kable\/?lang=sl","title":{"rendered":"Povozni prag za polnilne kable"},"content":{"rendered":"<h4>Tehni\u010dne specifikacije:<\/h4>\n<ul>\n<li>Kakovost: SBR guma<\/li>\n<li>Podpira 1 kabel<\/li>\n<li>Barva: \u010drna<\/li>\n<li>Dol\u017eina: 1.000 mm (1 meter)<\/li>\n<li>\u0160irina: 150 mm<\/li>\n<li>Debelina: 30 mm<\/li>\n<li>Te\u017ea: 2,6 kg<\/li>\n<li>Odprtina za kabel: 20 x 30 mm<\/li>\n<\/ul>\n<h4>Lastnosti:<\/h4>\n<ul>\n<li>Protizdrsna za\u0161\u010dita<\/li>\n<li>Trpe\u017een<\/li>\n<li>Odporen<\/li>\n<li>Enostaven za \u010di\u0161\u010denje<\/li>\n<\/ul>\n","protected":false},"excerpt":{"rendered":"<p>Polnite svoje elektri\u010dno vozilo brez strahu, da bi se spotaknili ob polnilne kable. Ta kabelski prag poleg za\u0161\u010dite kabla in mimoido\u010dih, \u0161\u010diti tudi pred ostrimi predmeti in omogo\u010da vo\u017enjo prek polnilnih kablov. Uporabljeni material je trpe\u017een in pro\u017een, zato ga je mogo\u010de uporabljati na vseh povr\u0161inah, tako v zaprtih prostorih kot na prostem.<\/p>\n","protected":false},"featured_media":22111,"comment_status":"closed","ping_status":"closed","template":"","meta":{"ngg_post_thumbnail":0},"product_brand":[],"product_cat":[1005],"product_tag":[1182],"class_list":{"0":"post-23846","1":"product","2":"type-product","3":"status-publish","4":"has-post-thumbnail","6":"product_cat-dodatki","7":"product_tag-povozni-prag-za-kable","8":"product_shipping_class-m-prod","10":"first","11":"instock","12":"taxable","13":"shipping-taxable","14":"purchasable","15":"product-type-simple"},"yoast_head":"<!-- This site is optimized with the Yoast SEO Premium plugin v27.6 (Yoast SEO v27.6) - https:\/\/yoast.com\/product\/yoast-seo-premium-wordpress\/ -->\n<title>Povozni prag za polnilne kable - Metron Shop<\/title>\n<meta name=\"description\" content=\"Povozni za\u0161\u010ditni prag za kable, ki varuje tako va\u0161 polnilni kabel kot mimoido\u010de pe\u0161ce, medtem ko polnite va\u0161e vozilo.\" \/>\n<meta name=\"robots\" content=\"index, follow, max-snippet:-1, max-image-preview:large, max-video-preview:-1\" \/>\n<link rel=\"canonical\" href=\"https:\/\/eauto.si\/metron-shop\/product\/povozni-prag-za-polnilne-kable\/\" \/>\n<meta property=\"og:locale\" content=\"en_US\" \/>\n<meta property=\"og:type\" content=\"article\" \/>\n<meta property=\"og:title\" content=\"Povozni prag za polnilne kable\" \/>\n<meta property=\"og:description\" content=\"Povozni za\u0161\u010ditni prag za kable, ki varuje tako va\u0161 polnilni kabel kot mimoido\u010de pe\u0161ce, medtem ko polnite va\u0161e vozilo.\" \/>\n<meta property=\"og:url\" content=\"https:\/\/eauto.si\/metron-shop\/product\/povozni-prag-za-polnilne-kable\/?lang=sl\" \/>\n<meta property=\"og:site_name\" content=\"Metron Shop\" \/>\n<meta property=\"article:publisher\" content=\"https:\/\/www.facebook.com\/MetronInstitut\/\" \/>\n<meta property=\"og:image\" content=\"https:\/\/eauto.si\/metron-shop\/wp-content\/uploads\/cable-threshold-for-EV-charging-cables.jpg\" \/>\n\t<meta property=\"og:image:width\" content=\"600\" \/>\n\t<meta property=\"og:image:height\" content=\"600\" \/>\n\t<meta property=\"og:image:type\" content=\"image\/jpeg\" \/>\n<meta name=\"twitter:card\" content=\"summary_large_image\" \/>\n<script type=\"application\/ld+json\" class=\"yoast-schema-graph\">{\"@context\":\"https:\\\/\\\/schema.org\",\"@graph\":[{\"@type\":\"WebPage\",\"@id\":\"https:\\\/\\\/eauto.si\\\/metron-shop\\\/product\\\/povozni-prag-za-polnilne-kable\\\/?lang=sl\",\"url\":\"https:\\\/\\\/eauto.si\\\/metron-shop\\\/product\\\/povozni-prag-za-polnilne-kable\\\/?lang=sl\",\"name\":\"Povozni prag za polnilne kable - Metron Shop\",\"isPartOf\":{\"@id\":\"https:\\\/\\\/eauto.si\\\/metron-shop\\\/#website\"},\"primaryImageOfPage\":{\"@id\":\"https:\\\/\\\/eauto.si\\\/metron-shop\\\/product\\\/povozni-prag-za-polnilne-kable\\\/?lang=sl#primaryimage\"},\"image\":{\"@id\":\"https:\\\/\\\/eauto.si\\\/metron-shop\\\/product\\\/povozni-prag-za-polnilne-kable\\\/?lang=sl#primaryimage\"},\"thumbnailUrl\":\"https:\\\/\\\/eauto.si\\\/metron-shop\\\/wp-content\\\/uploads\\\/cable-threshold-for-EV-charging-cables.jpg\",\"datePublished\":\"2023-04-21T10:15:33+00:00\",\"description\":\"Povozni za\u0161\u010ditni prag za kable, ki varuje tako va\u0161 polnilni kabel kot mimoido\u010de pe\u0161ce, medtem ko polnite va\u0161e vozilo.\",\"breadcrumb\":{\"@id\":\"https:\\\/\\\/eauto.si\\\/metron-shop\\\/product\\\/povozni-prag-za-polnilne-kable\\\/?lang=sl#breadcrumb\"},\"inLanguage\":\"en-US\",\"potentialAction\":[{\"@type\":\"ReadAction\",\"target\":[\"https:\\\/\\\/eauto.si\\\/metron-shop\\\/product\\\/povozni-prag-za-polnilne-kable\\\/?lang=sl\"]}]},{\"@type\":\"ImageObject\",\"inLanguage\":\"en-US\",\"@id\":\"https:\\\/\\\/eauto.si\\\/metron-shop\\\/product\\\/povozni-prag-za-polnilne-kable\\\/?lang=sl#primaryimage\",\"url\":\"https:\\\/\\\/eauto.si\\\/metron-shop\\\/wp-content\\\/uploads\\\/cable-threshold-for-EV-charging-cables.jpg\",\"contentUrl\":\"https:\\\/\\\/eauto.si\\\/metron-shop\\\/wp-content\\\/uploads\\\/cable-threshold-for-EV-charging-cables.jpg\",\"width\":600,\"height\":600},{\"@type\":\"BreadcrumbList\",\"@id\":\"https:\\\/\\\/eauto.si\\\/metron-shop\\\/product\\\/povozni-prag-za-polnilne-kable\\\/?lang=sl#breadcrumb\",\"itemListElement\":[{\"@type\":\"ListItem\",\"position\":1,\"name\":\"Home\",\"item\":\"https:\\\/\\\/eauto.si\\\/metron-shop\\\/\"},{\"@type\":\"ListItem\",\"position\":2,\"name\":\"Shop\",\"item\":\"https:\\\/\\\/eauto.si\\\/metron-shop\\\/\"},{\"@type\":\"ListItem\",\"position\":3,\"name\":\"Povozni prag za polnilne kable\"}]},{\"@type\":\"WebSite\",\"@id\":\"https:\\\/\\\/eauto.si\\\/metron-shop\\\/#website\",\"url\":\"https:\\\/\\\/eauto.si\\\/metron-shop\\\/\",\"name\":\"Metron Shop\",\"description\":\"EV charging cables and more ...\",\"publisher\":{\"@id\":\"https:\\\/\\\/eauto.si\\\/metron-shop\\\/#organization\"},\"potentialAction\":[{\"@type\":\"SearchAction\",\"target\":{\"@type\":\"EntryPoint\",\"urlTemplate\":\"https:\\\/\\\/eauto.si\\\/metron-shop\\\/?s={search_term_string}\"},\"query-input\":{\"@type\":\"PropertyValueSpecification\",\"valueRequired\":true,\"valueName\":\"search_term_string\"}}],\"inLanguage\":\"en-US\"},{\"@type\":\"Organization\",\"@id\":\"https:\\\/\\\/eauto.si\\\/metron-shop\\\/#organization\",\"name\":\"Metron institute\",\"url\":\"https:\\\/\\\/eauto.si\\\/metron-shop\\\/\",\"logo\":{\"@type\":\"ImageObject\",\"inLanguage\":\"en-US\",\"@id\":\"https:\\\/\\\/eauto.si\\\/metron-shop\\\/#\\\/schema\\\/logo\\\/image\\\/\",\"url\":\"https:\\\/\\\/eauto.si\\\/metron-shop\\\/wp-content\\\/uploads\\\/LOGO-ENG.png\",\"contentUrl\":\"https:\\\/\\\/eauto.si\\\/metron-shop\\\/wp-content\\\/uploads\\\/LOGO-ENG.png\",\"width\":590,\"height\":272,\"caption\":\"Metron institute\"},\"image\":{\"@id\":\"https:\\\/\\\/eauto.si\\\/metron-shop\\\/#\\\/schema\\\/logo\\\/image\\\/\"},\"sameAs\":[\"https:\\\/\\\/www.facebook.com\\\/MetronInstitut\\\/\",\"https:\\\/\\\/www.youtube.com\\\/channel\\\/UCkD45nHDQdTv1poqTrWhWxA\"]}]}<\/script>\n<!-- \/ Yoast SEO Premium plugin. -->","yoast_head_json":{"title":"Povozni prag za polnilne kable - Metron Shop","description":"Povozni za\u0161\u010ditni prag za kable, ki varuje tako va\u0161 polnilni kabel kot mimoido\u010de pe\u0161ce, medtem ko polnite va\u0161e vozilo.","robots":{"index":"index","follow":"follow","max-snippet":"max-snippet:-1","max-image-preview":"max-image-preview:large","max-video-preview":"max-video-preview:-1"},"canonical":"https:\/\/eauto.si\/metron-shop\/product\/povozni-prag-za-polnilne-kable\/","og_locale":"en_US","og_type":"article","og_title":"Povozni prag za polnilne kable","og_description":"Povozni za\u0161\u010ditni prag za kable, ki varuje tako va\u0161 polnilni kabel kot mimoido\u010de pe\u0161ce, medtem ko polnite va\u0161e vozilo.","og_url":"https:\/\/eauto.si\/metron-shop\/product\/povozni-prag-za-polnilne-kable\/?lang=sl","og_site_name":"Metron Shop","article_publisher":"https:\/\/www.facebook.com\/MetronInstitut\/","og_image":[{"width":600,"height":600,"url":"https:\/\/eauto.si\/metron-shop\/wp-content\/uploads\/cable-threshold-for-EV-charging-cables.jpg","type":"image\/jpeg"}],"twitter_card":"summary_large_image","schema":{"@context":"https:\/\/schema.org","@graph":[{"@type":"WebPage","@id":"https:\/\/eauto.si\/metron-shop\/product\/povozni-prag-za-polnilne-kable\/?lang=sl","url":"https:\/\/eauto.si\/metron-shop\/product\/povozni-prag-za-polnilne-kable\/?lang=sl","name":"Povozni prag za polnilne kable - Metron Shop","isPartOf":{"@id":"https:\/\/eauto.si\/metron-shop\/#website"},"primaryImageOfPage":{"@id":"https:\/\/eauto.si\/metron-shop\/product\/povozni-prag-za-polnilne-kable\/?lang=sl#primaryimage"},"image":{"@id":"https:\/\/eauto.si\/metron-shop\/product\/povozni-prag-za-polnilne-kable\/?lang=sl#primaryimage"},"thumbnailUrl":"https:\/\/eauto.si\/metron-shop\/wp-content\/uploads\/cable-threshold-for-EV-charging-cables.jpg","datePublished":"2023-04-21T10:15:33+00:00","description":"Povozni za\u0161\u010ditni prag za kable, ki varuje tako va\u0161 polnilni kabel kot mimoido\u010de pe\u0161ce, medtem ko polnite va\u0161e vozilo.","breadcrumb":{"@id":"https:\/\/eauto.si\/metron-shop\/product\/povozni-prag-za-polnilne-kable\/?lang=sl#breadcrumb"},"inLanguage":"en-US","potentialAction":[{"@type":"ReadAction","target":["https:\/\/eauto.si\/metron-shop\/product\/povozni-prag-za-polnilne-kable\/?lang=sl"]}]},{"@type":"ImageObject","inLanguage":"en-US","@id":"https:\/\/eauto.si\/metron-shop\/product\/povozni-prag-za-polnilne-kable\/?lang=sl#primaryimage","url":"https:\/\/eauto.si\/metron-shop\/wp-content\/uploads\/cable-threshold-for-EV-charging-cables.jpg","contentUrl":"https:\/\/eauto.si\/metron-shop\/wp-content\/uploads\/cable-threshold-for-EV-charging-cables.jpg","width":600,"height":600},{"@type":"BreadcrumbList","@id":"https:\/\/eauto.si\/metron-shop\/product\/povozni-prag-za-polnilne-kable\/?lang=sl#breadcrumb","itemListElement":[{"@type":"ListItem","position":1,"name":"Home","item":"https:\/\/eauto.si\/metron-shop\/"},{"@type":"ListItem","position":2,"name":"Shop","item":"https:\/\/eauto.si\/metron-shop\/"},{"@type":"ListItem","position":3,"name":"Povozni prag za polnilne kable"}]},{"@type":"WebSite","@id":"https:\/\/eauto.si\/metron-shop\/#website","url":"https:\/\/eauto.si\/metron-shop\/","name":"Metron Shop","description":"EV charging cables and more ...","publisher":{"@id":"https:\/\/eauto.si\/metron-shop\/#organization"},"potentialAction":[{"@type":"SearchAction","target":{"@type":"EntryPoint","urlTemplate":"https:\/\/eauto.si\/metron-shop\/?s={search_term_string}"},"query-input":{"@type":"PropertyValueSpecification","valueRequired":true,"valueName":"search_term_string"}}],"inLanguage":"en-US"},{"@type":"Organization","@id":"https:\/\/eauto.si\/metron-shop\/#organization","name":"Metron institute","url":"https:\/\/eauto.si\/metron-shop\/","logo":{"@type":"ImageObject","inLanguage":"en-US","@id":"https:\/\/eauto.si\/metron-shop\/#\/schema\/logo\/image\/","url":"https:\/\/eauto.si\/metron-shop\/wp-content\/uploads\/LOGO-ENG.png","contentUrl":"https:\/\/eauto.si\/metron-shop\/wp-content\/uploads\/LOGO-ENG.png","width":590,"height":272,"caption":"Metron institute"},"image":{"@id":"https:\/\/eauto.si\/metron-shop\/#\/schema\/logo\/image\/"},"sameAs":["https:\/\/www.facebook.com\/MetronInstitut\/","https:\/\/www.youtube.com\/channel\/UCkD45nHDQdTv1poqTrWhWxA"]}]}},"_links":{"self":[{"href":"https:\/\/eauto.si\/metron-shop\/wp-json\/wp\/v2\/product\/23846","targetHints":{"allow":["GET"]}}],"collection":[{"href":"https:\/\/eauto.si\/metron-shop\/wp-json\/wp\/v2\/product"}],"about":[{"href":"https:\/\/eauto.si\/metron-shop\/wp-json\/wp\/v2\/types\/product"}],"replies":[{"embeddable":true,"href":"https:\/\/eauto.si\/metron-shop\/wp-json\/wp\/v2\/comments?post=23846"}],"wp:featuredmedia":[{"embeddable":true,"href":"https:\/\/eauto.si\/metron-shop\/wp-json\/wp\/v2\/media\/22111"}],"wp:attachment":[{"href":"https:\/\/eauto.si\/metron-shop\/wp-json\/wp\/v2\/media?parent=23846"}],"wp:term":[{"taxonomy":"product_brand","embeddable":true,"href":"https:\/\/eauto.si\/metron-shop\/wp-json\/wp\/v2\/product_brand?post=23846"},{"taxonomy":"product_cat","embeddable":true,"href":"https:\/\/eauto.si\/metron-shop\/wp-json\/wp\/v2\/product_cat?post=23846"},{"taxonomy":"product_tag","embeddable":true,"href":"https:\/\/eauto.si\/metron-shop\/wp-json\/wp\/v2\/product_tag?post=23846"}],"curies":[{"name":"wp","href":"https:\/\/api.w.org\/{rel}","templated":true}]}}