{"id":23859,"date":"2017-04-14T10:50:59","date_gmt":"2017-04-14T08:50:59","guid":{"rendered":"https:\/\/eauto.si\/metron-shop\/product\/tester-prenosnih-polnilnih-postaj\/"},"modified":"2025-10-09T11:20:23","modified_gmt":"2025-10-09T09:20:23","slug":"tester-prenosnih-polnilnih-postaj","status":"publish","type":"product","link":"https:\/\/eauto.si\/metron-shop\/product\/tester-prenosnih-polnilnih-postaj\/?lang=sl","title":{"rendered":"Tester prenosnih polnilnih postaj"},"content":{"rendered":"<p>Komplet za testiranje prenosnih polnilnih postaj se uporablja za testiranje stanja polnilnih postaj, prenosnih polnilcev in polnilnih kablov, ki jih proizvaja podjetje Metron. Sprednja plo\u0161\u010da je opremljena z vti\u010dnicami Tip 1 in Tip 2, prikazovalniki fazne napetosti, stikali za emulacijo vozila kako tudi industrijsko vti\u010dnico CEE in doma\u010do vti\u010dnico Tip F za testiranje pod bremenom. <\/p>\n<p>TEHNI\u010cNE SPECIFIKACIJE<\/p>\n<ul>\n<li>Vrste vhodnih vti\u010dnic: Tip 1 (JAE S1772), Tip 2 (IEC 62196)<\/li>\n<li>Vrste izhodnih vti\u010dnic: Tip F (Schuko), CEE 16 A<\/li>\n<li>Dimenzije (V x \u0160 x G): 400 mm x 320 mm x 170 mm<\/li>\n<li>Te\u017ea: 3600 g<\/li>\n<\/ul>\n","protected":false},"excerpt":{"rendered":"<p>Kot \u017ee ime pove, se tester prenosnih polnilnih postaj uporablja za preizku\u0161anje delovanja prenosnih polnilnic serije PC ali podobnih izdelkov drugih blagovnih znamk. Ta tester lahko, skupaj s PC05X ali stensko polnilno postajo, uporabljate tudi za testiranje polnilnih kablov (CC serija). Sprednja plo\u0161\u010da je opremljena z vti\u010dnicami <strong>Tip 1<\/strong> in <strong>Tip 2<\/strong> za polnilne kable<span id=\"transmark\" style=\"width: 0px;height: 0px\"><\/span>, LED indikatorji faze, stikalom za emulacijo vozila in industrijsko CEE vti\u010dnico ter doma\u010do &#8220;\u0161uko&#8221; vti\u010dnico za testiranje pod bremenom.<\/p>\n<p><a class=\"mb-button mb-style-traditional mb-size-default mb-corners-default mb-text-style-default \" style=\"background-color: #2ba3c4\" href=\"https:\/\/eauto.si\/metron-shop\/wp-content\/uploads\/PORTABLE-CHARGER-TESTING-KIT_Rev.0_ENG_web.pdf\">&nbsp;<i class=\"fa fa-arrow-circle-o-down\"><\/i>&nbsp; User manual &#8211; ENG<\/a><\/p>\n","protected":false},"featured_media":22197,"comment_status":"closed","ping_status":"closed","template":"","meta":{"ngg_post_thumbnail":0},"product_brand":[],"product_cat":[1005],"product_tag":[1191,1203,1093,1262,1154,1156],"class_list":{"0":"post-23859","1":"product","2":"type-product","3":"status-publish","4":"has-post-thumbnail","6":"product_cat-dodatki","7":"product_tag-domaca-vticnica","8":"product_tag-industrijska-cee-vticnica","9":"product_tag-tester-polnilnih-kablov-za-ev","10":"product_tag-tester-polnilnih-postaj-za-ev","11":"product_tag-tip-1","12":"product_tag-tip-2-sl-2","13":"product_shipping_class-m-prod","15":"first","16":"outofstock","17":"taxable","18":"shipping-taxable","19":"purchasable","20":"product-type-simple"},"yoast_head":"<!-- This site is optimized with the Yoast SEO Premium plugin v27.6 (Yoast SEO v27.6) - https:\/\/yoast.com\/product\/yoast-seo-premium-wordpress\/ -->\n<title>Tester prenosnih polnilnih postaj - Metron Shop<\/title>\n<meta name=\"description\" content=\"Komplet za testiranje prenosnih polnilcev za elektri\u010dna vozila se uporablja za testiranje stanja Metronovih polnilnih postaj, prenosnih polnilnih postaj in polnilnih kablov za elektri\u010dna vozila.\" \/>\n<meta name=\"robots\" content=\"index, follow, max-snippet:-1, max-image-preview:large, max-video-preview:-1\" \/>\n<link rel=\"canonical\" href=\"https:\/\/eauto.si\/metron-shop\/product\/tester-prenosnih-polnilnih-postaj\/\" \/>\n<meta property=\"og:locale\" content=\"en_US\" \/>\n<meta property=\"og:type\" content=\"article\" \/>\n<meta property=\"og:title\" content=\"Tester prenosnih polnilnih postaj\" \/>\n<meta property=\"og:description\" content=\"Komplet za testiranje prenosnih polnilcev za elektri\u010dna vozila se uporablja za testiranje stanja Metronovih polnilnih postaj, prenosnih polnilnih postaj in polnilnih kablov za elektri\u010dna vozila.\" \/>\n<meta property=\"og:url\" content=\"https:\/\/eauto.si\/metron-shop\/product\/tester-prenosnih-polnilnih-postaj\/?lang=sl\" \/>\n<meta property=\"og:site_name\" content=\"Metron Shop\" \/>\n<meta property=\"article:publisher\" content=\"https:\/\/www.facebook.com\/MetronInstitut\/\" \/>\n<meta property=\"article:modified_time\" content=\"2025-10-09T09:20:23+00:00\" \/>\n<meta property=\"og:image\" content=\"https:\/\/eauto.si\/metron-shop\/wp-content\/uploads\/profile-portable-charging-station-tester_1.jpg\" \/>\n\t<meta property=\"og:image:width\" content=\"800\" \/>\n\t<meta property=\"og:image:height\" content=\"800\" \/>\n\t<meta property=\"og:image:type\" content=\"image\/jpeg\" \/>\n<meta name=\"twitter:card\" content=\"summary_large_image\" \/>\n<script type=\"application\/ld+json\" class=\"yoast-schema-graph\">{\"@context\":\"https:\\\/\\\/schema.org\",\"@graph\":[{\"@type\":\"WebPage\",\"@id\":\"https:\\\/\\\/eauto.si\\\/metron-shop\\\/product\\\/tester-prenosnih-polnilnih-postaj\\\/?lang=sl\",\"url\":\"https:\\\/\\\/eauto.si\\\/metron-shop\\\/product\\\/tester-prenosnih-polnilnih-postaj\\\/?lang=sl\",\"name\":\"Tester prenosnih polnilnih postaj - Metron Shop\",\"isPartOf\":{\"@id\":\"https:\\\/\\\/eauto.si\\\/metron-shop\\\/#website\"},\"primaryImageOfPage\":{\"@id\":\"https:\\\/\\\/eauto.si\\\/metron-shop\\\/product\\\/tester-prenosnih-polnilnih-postaj\\\/?lang=sl#primaryimage\"},\"image\":{\"@id\":\"https:\\\/\\\/eauto.si\\\/metron-shop\\\/product\\\/tester-prenosnih-polnilnih-postaj\\\/?lang=sl#primaryimage\"},\"thumbnailUrl\":\"https:\\\/\\\/eauto.si\\\/metron-shop\\\/wp-content\\\/uploads\\\/profile-portable-charging-station-tester_1.jpg\",\"datePublished\":\"2017-04-14T08:50:59+00:00\",\"dateModified\":\"2025-10-09T09:20:23+00:00\",\"description\":\"Komplet za testiranje prenosnih polnilcev za elektri\u010dna vozila se uporablja za testiranje stanja Metronovih polnilnih postaj, prenosnih polnilnih postaj in polnilnih kablov za elektri\u010dna vozila.\",\"breadcrumb\":{\"@id\":\"https:\\\/\\\/eauto.si\\\/metron-shop\\\/product\\\/tester-prenosnih-polnilnih-postaj\\\/?lang=sl#breadcrumb\"},\"inLanguage\":\"en-US\",\"potentialAction\":[{\"@type\":\"ReadAction\",\"target\":[\"https:\\\/\\\/eauto.si\\\/metron-shop\\\/product\\\/tester-prenosnih-polnilnih-postaj\\\/?lang=sl\"]}]},{\"@type\":\"ImageObject\",\"inLanguage\":\"en-US\",\"@id\":\"https:\\\/\\\/eauto.si\\\/metron-shop\\\/product\\\/tester-prenosnih-polnilnih-postaj\\\/?lang=sl#primaryimage\",\"url\":\"https:\\\/\\\/eauto.si\\\/metron-shop\\\/wp-content\\\/uploads\\\/profile-portable-charging-station-tester_1.jpg\",\"contentUrl\":\"https:\\\/\\\/eauto.si\\\/metron-shop\\\/wp-content\\\/uploads\\\/profile-portable-charging-station-tester_1.jpg\",\"width\":800,\"height\":800},{\"@type\":\"BreadcrumbList\",\"@id\":\"https:\\\/\\\/eauto.si\\\/metron-shop\\\/product\\\/tester-prenosnih-polnilnih-postaj\\\/?lang=sl#breadcrumb\",\"itemListElement\":[{\"@type\":\"ListItem\",\"position\":1,\"name\":\"Home\",\"item\":\"https:\\\/\\\/eauto.si\\\/metron-shop\\\/\"},{\"@type\":\"ListItem\",\"position\":2,\"name\":\"Shop\",\"item\":\"https:\\\/\\\/eauto.si\\\/metron-shop\\\/\"},{\"@type\":\"ListItem\",\"position\":3,\"name\":\"Tester prenosnih polnilnih postaj\"}]},{\"@type\":\"WebSite\",\"@id\":\"https:\\\/\\\/eauto.si\\\/metron-shop\\\/#website\",\"url\":\"https:\\\/\\\/eauto.si\\\/metron-shop\\\/\",\"name\":\"Metron Shop\",\"description\":\"EV charging cables and more ...\",\"publisher\":{\"@id\":\"https:\\\/\\\/eauto.si\\\/metron-shop\\\/#organization\"},\"potentialAction\":[{\"@type\":\"SearchAction\",\"target\":{\"@type\":\"EntryPoint\",\"urlTemplate\":\"https:\\\/\\\/eauto.si\\\/metron-shop\\\/?s={search_term_string}\"},\"query-input\":{\"@type\":\"PropertyValueSpecification\",\"valueRequired\":true,\"valueName\":\"search_term_string\"}}],\"inLanguage\":\"en-US\"},{\"@type\":\"Organization\",\"@id\":\"https:\\\/\\\/eauto.si\\\/metron-shop\\\/#organization\",\"name\":\"Metron institute\",\"url\":\"https:\\\/\\\/eauto.si\\\/metron-shop\\\/\",\"logo\":{\"@type\":\"ImageObject\",\"inLanguage\":\"en-US\",\"@id\":\"https:\\\/\\\/eauto.si\\\/metron-shop\\\/#\\\/schema\\\/logo\\\/image\\\/\",\"url\":\"https:\\\/\\\/eauto.si\\\/metron-shop\\\/wp-content\\\/uploads\\\/LOGO-ENG.png\",\"contentUrl\":\"https:\\\/\\\/eauto.si\\\/metron-shop\\\/wp-content\\\/uploads\\\/LOGO-ENG.png\",\"width\":590,\"height\":272,\"caption\":\"Metron institute\"},\"image\":{\"@id\":\"https:\\\/\\\/eauto.si\\\/metron-shop\\\/#\\\/schema\\\/logo\\\/image\\\/\"},\"sameAs\":[\"https:\\\/\\\/www.facebook.com\\\/MetronInstitut\\\/\",\"https:\\\/\\\/www.youtube.com\\\/channel\\\/UCkD45nHDQdTv1poqTrWhWxA\"]}]}<\/script>\n<!-- \/ Yoast SEO Premium plugin. -->","yoast_head_json":{"title":"Tester prenosnih polnilnih postaj - Metron Shop","description":"Komplet za testiranje prenosnih polnilcev za elektri\u010dna vozila se uporablja za testiranje stanja Metronovih polnilnih postaj, prenosnih polnilnih postaj in polnilnih kablov za elektri\u010dna vozila.","robots":{"index":"index","follow":"follow","max-snippet":"max-snippet:-1","max-image-preview":"max-image-preview:large","max-video-preview":"max-video-preview:-1"},"canonical":"https:\/\/eauto.si\/metron-shop\/product\/tester-prenosnih-polnilnih-postaj\/","og_locale":"en_US","og_type":"article","og_title":"Tester prenosnih polnilnih postaj","og_description":"Komplet za testiranje prenosnih polnilcev za elektri\u010dna vozila se uporablja za testiranje stanja Metronovih polnilnih postaj, prenosnih polnilnih postaj in polnilnih kablov za elektri\u010dna vozila.","og_url":"https:\/\/eauto.si\/metron-shop\/product\/tester-prenosnih-polnilnih-postaj\/?lang=sl","og_site_name":"Metron Shop","article_publisher":"https:\/\/www.facebook.com\/MetronInstitut\/","article_modified_time":"2025-10-09T09:20:23+00:00","og_image":[{"width":800,"height":800,"url":"https:\/\/eauto.si\/metron-shop\/wp-content\/uploads\/profile-portable-charging-station-tester_1.jpg","type":"image\/jpeg"}],"twitter_card":"summary_large_image","schema":{"@context":"https:\/\/schema.org","@graph":[{"@type":"WebPage","@id":"https:\/\/eauto.si\/metron-shop\/product\/tester-prenosnih-polnilnih-postaj\/?lang=sl","url":"https:\/\/eauto.si\/metron-shop\/product\/tester-prenosnih-polnilnih-postaj\/?lang=sl","name":"Tester prenosnih polnilnih postaj - Metron Shop","isPartOf":{"@id":"https:\/\/eauto.si\/metron-shop\/#website"},"primaryImageOfPage":{"@id":"https:\/\/eauto.si\/metron-shop\/product\/tester-prenosnih-polnilnih-postaj\/?lang=sl#primaryimage"},"image":{"@id":"https:\/\/eauto.si\/metron-shop\/product\/tester-prenosnih-polnilnih-postaj\/?lang=sl#primaryimage"},"thumbnailUrl":"https:\/\/eauto.si\/metron-shop\/wp-content\/uploads\/profile-portable-charging-station-tester_1.jpg","datePublished":"2017-04-14T08:50:59+00:00","dateModified":"2025-10-09T09:20:23+00:00","description":"Komplet za testiranje prenosnih polnilcev za elektri\u010dna vozila se uporablja za testiranje stanja Metronovih polnilnih postaj, prenosnih polnilnih postaj in polnilnih kablov za elektri\u010dna vozila.","breadcrumb":{"@id":"https:\/\/eauto.si\/metron-shop\/product\/tester-prenosnih-polnilnih-postaj\/?lang=sl#breadcrumb"},"inLanguage":"en-US","potentialAction":[{"@type":"ReadAction","target":["https:\/\/eauto.si\/metron-shop\/product\/tester-prenosnih-polnilnih-postaj\/?lang=sl"]}]},{"@type":"ImageObject","inLanguage":"en-US","@id":"https:\/\/eauto.si\/metron-shop\/product\/tester-prenosnih-polnilnih-postaj\/?lang=sl#primaryimage","url":"https:\/\/eauto.si\/metron-shop\/wp-content\/uploads\/profile-portable-charging-station-tester_1.jpg","contentUrl":"https:\/\/eauto.si\/metron-shop\/wp-content\/uploads\/profile-portable-charging-station-tester_1.jpg","width":800,"height":800},{"@type":"BreadcrumbList","@id":"https:\/\/eauto.si\/metron-shop\/product\/tester-prenosnih-polnilnih-postaj\/?lang=sl#breadcrumb","itemListElement":[{"@type":"ListItem","position":1,"name":"Home","item":"https:\/\/eauto.si\/metron-shop\/"},{"@type":"ListItem","position":2,"name":"Shop","item":"https:\/\/eauto.si\/metron-shop\/"},{"@type":"ListItem","position":3,"name":"Tester prenosnih polnilnih postaj"}]},{"@type":"WebSite","@id":"https:\/\/eauto.si\/metron-shop\/#website","url":"https:\/\/eauto.si\/metron-shop\/","name":"Metron Shop","description":"EV charging cables and more ...","publisher":{"@id":"https:\/\/eauto.si\/metron-shop\/#organization"},"potentialAction":[{"@type":"SearchAction","target":{"@type":"EntryPoint","urlTemplate":"https:\/\/eauto.si\/metron-shop\/?s={search_term_string}"},"query-input":{"@type":"PropertyValueSpecification","valueRequired":true,"valueName":"search_term_string"}}],"inLanguage":"en-US"},{"@type":"Organization","@id":"https:\/\/eauto.si\/metron-shop\/#organization","name":"Metron institute","url":"https:\/\/eauto.si\/metron-shop\/","logo":{"@type":"ImageObject","inLanguage":"en-US","@id":"https:\/\/eauto.si\/metron-shop\/#\/schema\/logo\/image\/","url":"https:\/\/eauto.si\/metron-shop\/wp-content\/uploads\/LOGO-ENG.png","contentUrl":"https:\/\/eauto.si\/metron-shop\/wp-content\/uploads\/LOGO-ENG.png","width":590,"height":272,"caption":"Metron institute"},"image":{"@id":"https:\/\/eauto.si\/metron-shop\/#\/schema\/logo\/image\/"},"sameAs":["https:\/\/www.facebook.com\/MetronInstitut\/","https:\/\/www.youtube.com\/channel\/UCkD45nHDQdTv1poqTrWhWxA"]}]}},"_links":{"self":[{"href":"https:\/\/eauto.si\/metron-shop\/wp-json\/wp\/v2\/product\/23859","targetHints":{"allow":["GET"]}}],"collection":[{"href":"https:\/\/eauto.si\/metron-shop\/wp-json\/wp\/v2\/product"}],"about":[{"href":"https:\/\/eauto.si\/metron-shop\/wp-json\/wp\/v2\/types\/product"}],"replies":[{"embeddable":true,"href":"https:\/\/eauto.si\/metron-shop\/wp-json\/wp\/v2\/comments?post=23859"}],"wp:featuredmedia":[{"embeddable":true,"href":"https:\/\/eauto.si\/metron-shop\/wp-json\/wp\/v2\/media\/22197"}],"wp:attachment":[{"href":"https:\/\/eauto.si\/metron-shop\/wp-json\/wp\/v2\/media?parent=23859"}],"wp:term":[{"taxonomy":"product_brand","embeddable":true,"href":"https:\/\/eauto.si\/metron-shop\/wp-json\/wp\/v2\/product_brand?post=23859"},{"taxonomy":"product_cat","embeddable":true,"href":"https:\/\/eauto.si\/metron-shop\/wp-json\/wp\/v2\/product_cat?post=23859"},{"taxonomy":"product_tag","embeddable":true,"href":"https:\/\/eauto.si\/metron-shop\/wp-json\/wp\/v2\/product_tag?post=23859"}],"curies":[{"name":"wp","href":"https:\/\/api.w.org\/{rel}","templated":true}]}}