{"id":24187,"date":"2017-02-17T10:28:17","date_gmt":"2017-02-17T09:28:17","guid":{"rendered":"https:\/\/eauto.si\/metron-shop\/product\/tower-standard-polnilna-postaja-za-ev\/"},"modified":"2026-02-12T09:45:03","modified_gmt":"2026-02-12T08:45:03","slug":"tower-standard-polnilna-postaja-za-ev","status":"publish","type":"product","link":"https:\/\/eauto.si\/metron-shop\/product\/tower-standard-polnilna-postaja-za-ev\/?lang=sl","title":{"rendered":"&#8220;Tower STANDARD&#8221; polnilna postaja za EV"},"content":{"rendered":"<h3><strong>Cene:<\/strong><\/h3>\n<p>Prikazana <span style=\"text-decoration: underline;\"><span style=\"color: #ff0000; text-decoration: underline;\">cena<\/span><\/span> je za <span style=\"text-decoration: underline; color: #ff0000;\">osnovni model<\/span> brez dodatnih funkcij. Za pravilno ceno enote s funkcijami, ki jih potrebujete, se obrnite na nas z zahtevo za ponudbo.<\/p>\n<h3><strong>Glavne zna\u010dilnosti:<\/strong><\/h3>\n<ul>\n<li>Ohi\u0161je iz pra\u0161no barvanega nerjave\u010dega jekla in kaljenega stekla<\/li>\n<li>Prilagodljiv polnilni tok (od 6A do 32A)<\/li>\n<li>Polnilni tok lahko spreminjate tudi med polnjenjem<\/li>\n<li><strong>Aplikacije za upravljanje in nadzor:<\/strong>\n<ul>\n<li style=\"list-style-type: none;\">\n<ul>\n<li><strong>METRON CHARGE CONTROL<\/strong>&nbsp;\u2013 deluje na spletnem stre\u017eniku Wi-Fi, vgrajenem v polnilec (internetna povezava ni potrebna).<\/li>\n<li><strong>METRON DEVICE ACCESS<\/strong>&nbsp;\u2013 deluje v oblaku (Metron HUB) in uporabniku omogo\u010da dostop do polnilca prek interneta (potrebna je internetna povezava prek Wi-Fi).<\/li>\n<\/ul>\n<\/li>\n<\/ul>\n<\/li>\n<li><strong>OTA<\/strong>&nbsp;(over-the-air) posodobitve programske opreme prek aplikacije Metron Device Access ali lokalno prek aplikacije Charge Control<\/li>\n<li><strong>Dinami\u010dni nadzor polnjenja (DLM)&nbsp;<\/strong>(opcijsko, o\u017ei\u010deno ali brez\u017ei\u010dno prek dodatne 3FD-3 enote za brez\u017ei\u010dno dinami\u010dno polnjenje): za\u0161\u010dita glavnih hi\u0161nih varovalk, dodajanje energije son\u010dne elektrarne za pove\u010danje mo\u010di\/hitrosti polnjenja in &#8220;zeleno&#8221; polnjenje s prese\u017eki son\u010dne energije.<\/li>\n<li><strong>Preklop med 1-faznim in 3-faznim polnjenjem<\/strong> (opcijsko za 3-fazne verzije polnilnic)<\/li>\n<li><strong>Vgrajeno za\u0161\u010ditno tokovno stikalo RCD 30 mA \/ 6 mA DC in samodejna varovalka<\/strong> &#8211; obe s kratkosti\u010dno odklopno zmogljivostjo 10.000 A za zagotavljanje najvi\u0161je &nbsp;mo\u017ene ravni varnosti za uporabnika<\/li>\n<li><strong>Vgrajen glavni polnilni kontaktor <\/strong>z nazivno tokovno zmogljivostjo 63 A za &nbsp;zagotovitev dolgotrajnega delovanja<\/li>\n<li><strong>Modularna zasnova<\/strong> zagotavlja mo\u017enost nadgradnje in popravil <span style=\"text-decoration: underline;\">na lokaciji<\/span>.<\/li>\n<li><strong>OCPP 1.6J<\/strong> komunikacija za komercialno tr\u017eenje in zara\u010dunavanje storitev polnjenja (opcijsko)<\/li>\n<li>MID certificiran \u0161tevec energije (opcijsko)<\/li>\n<li><strong>ISO 15118<\/strong> komunikacijski modul z AutoCharge &nbsp; samodejnim poobla\u0161\u010danjem vozila za polnjenje ter ter predpripravo na V2G (opcijsko)<\/li>\n<li><strong>RFID bralnik<\/strong> za MIFARE kartice\/\u017eetone zdru\u017eljive z ISO\/IEC 14443A standardom (opcijsko)<\/li>\n<li><strong>LED zaslon<\/strong> odporen na visoke temperature in direktno son\u010dno obsevanje (opcijsko)<\/li>\n<li><strong>MODBUS TCP\/IP<\/strong> komunikacija za spremljanje in nadzor &#8211; zdru\u017eljivost z zunanjimi sistemi za avtomatizacijo<\/li>\n<li><strong>Odpornost na de\u017e<\/strong><\/li>\n<li><strong>Izdelava po meri (opcijsko):<\/strong> lasersko graviranje na sprednjo plo\u0161\u010do (na primer logotip podjetja itd.) in ohi\u0161je se lahko prema\u017ee z izbrano barvo (pri ve\u010djih naro\u010dilih)<\/li>\n<\/ul>\n<h3><strong>Tehni\u010dne specifikacije:<\/strong><\/h3>\n<ul>\n<li>\u2022 Vrsta vti\u010dnice: Tip 2 (IEC 62196) z ali brez zaklepnega mehanizma<\/li>\n<li>Najve\u010dji polnilni tok:&nbsp;3 x 32A (3-fazno) ali 1 x 32A (1-fazno) <\/li>\n<li>Polnilni tok se lahko prilagodi s sprednjim gumbom: 6A, 8A, 10A, 13A, 16A, 20A, 25A ali 32A.<\/li>\n<li>Polnilni tok se lahko bolj natan\u010dno prilagodi tudi v aplikaciji Charge Control od 6A do 32A <\/li>\n<li>Najve\u010dja polnilna mo\u010d (1-fazna\/3-fazna): 7,4 kW\/22 kW <\/li>\n<li>Nazivna napetost (1-fazna\/3-fazna): 230\/400V<\/li>\n<li>Obratovalna napetost: od 180 V do 270 V (fazna napetost) \/ 50 Hz<\/li>\n<li>Micro EVSE \u2013 modul za komunikacijo z vozilom<\/li>\n<li>Informacije za uporabnika prek modre LED lu\u010di in (opcijsko) LED zaslona<\/li>\n<li>Dve aplikaciji za spremljanje in nadzor<\/li>\n<li>Predpriprava za brez\u017ei\u010dno upravljanje dinami\u010dne obremenitve (DYNAMIC LOAD MANAGEMENT \u2013 DLM)<\/li>\n<li>Podpora Modbus TCP\/IP<\/li>\n<li>OTA (over-the-air) posodobitve programske opreme<\/li>\n<li>Podprti Wi-Fi standardi: IEEE 802.11b\/g\/n<\/li>\n<li>Wi-Fi hitrost: do 150 Mbit\/s<\/li>\n<li>Wi-Fi varnost: WPA2<\/li>\n<li>Domet Wi-Fi signala: do 20 m<\/li>\n<li><strong>Za\u0161\u010dita pred prekomernim tokom:<\/strong> 1 ali 3-fazni odklopnik C20A ali C40A (kratkosti\u010dna odklopna zmogljivost 10 kA), vklju\u010dno z dodatno neodvisno numeri\u010dno (programsko) nadtokovno za\u0161\u010dito (deluje na polnilni kontaktor)<\/li>\n<li><strong>Za\u0161\u010ditna naprava na diferen\u010dni tok (RCD):<\/strong> RCCB tipa A 30 mA AC + 6 mA DC ali RCCB tipa B (kratkosti\u010dna odklopna zmogljivost 10 kA)<\/li>\n<li>Zaznava in sporo\u010da vsa normalna stanja in napake polnjenja (preko LED)<\/li>\n<li>Temperaturno obmo\u010dje delovanja: -30 \u00b0C do +50 \u00b0C<\/li>\n<li>IP stopnja: IP54<\/li>\n<li>IK stopnja: IK10<\/li>\n<li>Dimenzije (V x \u0160 x G) ohi\u0161ja iz nerjave\u010dega jekla: 1400 mm x 200 mm x 150 mm<\/li>\n<li>Masa: pribli\u017eno 20 kg<\/li>\n<li>Skladno z IEC 61851<\/li>\n<li>CE certifikat<\/li>\n<li>Garancija: 3 leta<\/li>\n<\/ul>\n<p><a class=\"mb-button mb-style-glass mb-size-default mb-corners-default mb-text-style-default \" style=\"background-color: #06a7d1;\" href=\"https:\/\/eauto.si\/metron-shop\/kontaktni-obrazec\/?lang=sl\">Kontaktirajte nas za ve\u010d informacij<\/a><\/p>\n<hr>\n<p><iframe loading=\"lazy\" title=\"Metron - Smart EV Charging Solutions\" width=\"980\" height=\"551\" src=\"https:\/\/www.youtube.com\/embed\/B3m5ZjZk0os?feature=oembed\" frameborder=\"0\" allow=\"accelerometer; autoplay; clipboard-write; encrypted-media; gyroscope; picture-in-picture; web-share\" referrerpolicy=\"strict-origin-when-cross-origin\" allowfullscreen><\/iframe><\/p>\n<hr>\n<h3><strong>Modbus TCP\/IP komunikacija:<\/strong><\/h3>\n<p>Polnilnice podpirajo komunikacijski protokol Modbus TCP\/IP, ki omogo\u010da spremljanje in nadzor vsakega prenosnega polnilca, povezanega z lokalnim omre\u017ejem Wi-Fi, s sistemi za avtomatizacijo doma. Naprava Modbus MASTER lahko s prenosnega polnilca v realnem \u010dasu prebere podatke o mo\u010di, toku, napetosti in energiji polnjenja ter lahko tudi nastavi tok polnjenja. Potrebna Metronova tabela MODBUS TCP\/IP REGISTER je na voljo za prenos tukaj:  &nbsp;<a href=\"https:\/\/eauto.si\/metron-shop\/wp-content\/uploads\/Metron_MODBUS_register_table.pdf\">Metron MODBUS TCP\/IP REGISTER TABLE<\/a><\/p>\n<h3><strong>Over-the-air (OTA) posodobitev programske opreme:<\/strong><\/h3>\n<p>Posodobitev OTA lahko izvede vsak uporabnik prek interneta z uporabo aplikacije Metron Device Access. Postopek posodabljanja je popolnoma avtomatiziran in zahteva, da ima prenosni polnilec dostop do interneta prek omre\u017eja Wi-Fi. <\/p>\n<p><span style=\"color: #ff0000;\"><strong><u>POZOR<\/u><\/strong><\/span><strong>:<\/strong>&nbsp;Starej\u0161e razli\u010dice polnilnic lahko tudi lokalno nadgradite prek omre\u017eja Wi-Fi in pridobite vse najnovej\u0161e funkcije. Lahko nas &nbsp;<a href=\"https:\/\/eauto.si\/metron-shop\/contact\/\">kontaktirate<\/a>&nbsp;za nadaljna navodila.<\/p>\n<h3><strong>Zelena proizvodnja<\/strong><\/h3>\n<p>Vsi na\u0161i izdelki so proizvedeni na oglji\u010dno nevtralen na\u010din z uporabo&nbsp;metode&nbsp;<a href=\"https:\/\/www.metron.si\/o-nas\/trajnostni-energetski-cikel\/\">\u201ctrajnostnega energetskega cikla\u201d<\/a>.&nbsp;<a href=\"https:\/\/www.metron.si\/o-nas\/trajnostna-proizvodnja\/\">Proizvodni obrat, v katerem izdelujemo polnilnice<\/a>, je prvi popolnoma trajnostni proizvodni obrat za polnilne kable za elektri\u010dna vozila. Vso energijo, ki je potrebna za ogrevanje in hlajenje stavbe, proizvodni proces ter prevoz blaga in zaposlene (razen dostave te\u017ekih materialov s tovornjaki), proizvajata dve fotovoltai\u010dni elektrarni, shranjuje pa se v \u0161tirih baterijskih zalogovnikih. Da bi skraj\u0161ali dobavne poti in podprli lokalno gospodarstvo, so skoraj vse komponente proizvedene v EU.   Z nakupom na\u0161ih izdelkov prispevate k razvoju trajnostnega gospodarstva.<\/p>\n<h3><strong>Skladnost:<\/strong><\/h3>\n<p>100% skladen z vsemi elektri\u010dnimi vozili.<\/p>\n<h3><strong>KAJ JE RCD IN KAKO DELUJE?<\/strong><\/h3>\n<p>RCD je kratica za residual current device oz. za za\u0161\u010ditno stikalo na diferen\u010dni tok. Namen naprave je prepre\u010diti smrtno nevaren elektri\u010dni udar, \u010de se dotaknete dela pod napetostjo, na primer gole bakrene \u017eice pod visoko napetostjo. Odklopniki RCD zagotavljajo raven osebne za\u0161\u010dite, ki je obi\u010dajne varovalke ali odklopniki ne morejo zagotoviti. RCD stalno spremlja elektri\u010dni tok, ki te\u010de skozi enega ali ve\u010d tokokrogov, ki jih \u0161\u010diti. \u010ce zazna, da elektrika te\u010de po nena\u010drtovani poti, na primer prek osebe, ki se je dotaknila dela pod napetostjo, FID zelo hitro izklopi tokokrog, kar znatno zmanj\u0161a tveganje smrti ali resnih po\u0161kodb. Vsaka polnilna postaja ima vgrajen RCD tipa A 30 mA AC + 6 mA DC &nbsp;ali RCD tipa B, ki zagotavlja najvi\u0161jo mo\u017eno raven osebne za\u0161\u010dite, saj uporabnike \u0161\u010diti pred izmeni\u010dnim tokom, pulzirajo\u010dim enosmernim tokom in \u010distim enosmernim uhajajo\u010dim tokom.<\/p>\n","protected":false},"excerpt":{"rendered":"<p>SMART polnilna postaja, zasnovana za 1-fazno ali 3-fazno polnjenje elektri\u010dnih vozil s tokom do 3 x 32 A (22 kW).<\/p>\n<p><a class=\"mb-button mb-style-glass mb-size-default mb-corners-default mb-text-style-default \" style=\"background-color: #24a7d6;\" href=\"https:\/\/eauto.si\/metron-shop\/wp-content\/uploads\/Metron_STANDARD_DUO_QUATTRO_TOWER_Navodila-za-uporabo_SLO.pdf\">&nbsp;<i class=\"fa fa-info-circle\"><\/i>&nbsp; User manual &#8211; ENG<\/a><\/p>\n<p><a class=\"mb-button mb-style-glass mb-size-default mb-corners-default mb-text-style-default \" style=\"background-color: #24a7d6;\" href=\"https:\/\/eauto.si\/metron-shop\/wp-content\/uploads\/Metron_CHARGING_STATION_WiFi-QUICK_INSTALLATION_GUIDE_SLO.pdf\">Navodila za monta\u017eo<\/a><\/p>\n<p><a class=\"mb-button mb-style-glass mb-size-default mb-corners-default mb-text-style-default \" style=\"background-color: #24a7d6;\" href=\"https:\/\/eauto.si\/metron-shop\/wp-content\/uploads\/Metron-EVCS_samostojece_Brosura_SLO.pdf\">Bro\u0161ura &#8211; ENG<\/a><\/p>\n<p><a class=\"mb-button mb-style-glass mb-size-default mb-corners-default mb-text-style-default \" style=\"background-color: #24a7d6;\" href=\"https:\/\/eauto.si\/metron-shop\/zahtevek-za-ponudbo\/?lang=sl\">&nbsp;<i class=\"fa fa-pencil-square-o\"><\/i>&nbsp;  Zahtevajte ponudbo<\/a><\/p>\n","protected":false},"featured_media":22227,"comment_status":"closed","ping_status":"closed","template":"","meta":{"ngg_post_thumbnail":0},"product_brand":[],"product_cat":[1025],"product_tag":[1035,1056,1040,1038,1138,1156],"class_list":{"0":"post-24187","1":"product","2":"type-product","3":"status-publish","4":"has-post-thumbnail","6":"product_cat-polnilne-postaje-za-ev-samostojece","7":"product_tag-1-fazno","8":"product_tag-22-kw-sl","9":"product_tag-3-x-32a-sl","10":"product_tag-3-fazno","11":"product_tag-suko-sl","12":"product_tag-tip-2-sl-2","13":"product_shipping_class-h-prod","15":"first","16":"outofstock","17":"featured","18":"taxable","19":"shipping-taxable","20":"purchasable","21":"product-type-simple"},"yoast_head":"<!-- This site is optimized with the Yoast SEO Premium plugin v27.6 (Yoast SEO v27.6) - https:\/\/yoast.com\/product\/yoast-seo-premium-wordpress\/ -->\n<title>&quot;Tower STANDARD&quot; polnilna postaja za EV - Metron Shop<\/title>\n<meta name=\"description\" content=\"METRON samostoje\u010de polnilne postaje TOWER STANDARD, so izjemno trpe\u017ene, jeklene in modularne, zasnovane za dolgotrajno delovanje z najvi\u0161jo stopnjo varnosti za uporabnike.\" \/>\n<meta name=\"robots\" content=\"index, follow, max-snippet:-1, max-image-preview:large, max-video-preview:-1\" \/>\n<link rel=\"canonical\" href=\"https:\/\/eauto.si\/metron-shop\/product\/tower-standard-polnilna-postaja-za-ev\/\" \/>\n<meta property=\"og:locale\" content=\"en_US\" \/>\n<meta property=\"og:type\" content=\"article\" \/>\n<meta property=\"og:title\" content=\"&quot;Tower STANDARD&quot; polnilna postaja za EV\" \/>\n<meta property=\"og:description\" content=\"METRON samostoje\u010de polnilne postaje TOWER STANDARD, so izjemno trpe\u017ene, jeklene in modularne, zasnovane za dolgotrajno delovanje z najvi\u0161jo stopnjo varnosti za uporabnike.\" \/>\n<meta property=\"og:url\" content=\"https:\/\/eauto.si\/metron-shop\/product\/tower-standard-polnilna-postaja-za-ev\/?lang=sl\" \/>\n<meta property=\"og:site_name\" content=\"Metron Shop\" \/>\n<meta property=\"article:publisher\" content=\"https:\/\/www.facebook.com\/MetronInstitut\/\" \/>\n<meta property=\"article:modified_time\" content=\"2026-02-12T08:45:03+00:00\" \/>\n<meta property=\"og:image\" content=\"https:\/\/eauto.si\/metron-shop\/wp-content\/uploads\/Tower-Standard_socket_profile.jpg\" \/>\n\t<meta property=\"og:image:width\" content=\"800\" \/>\n\t<meta property=\"og:image:height\" content=\"800\" \/>\n\t<meta property=\"og:image:type\" content=\"image\/jpeg\" \/>\n<meta name=\"twitter:card\" content=\"summary_large_image\" \/>\n<meta name=\"twitter:label1\" content=\"Est. reading time\" \/>\n\t<meta name=\"twitter:data1\" content=\"2 minutes\" \/>\n<script type=\"application\/ld+json\" class=\"yoast-schema-graph\">{\"@context\":\"https:\\\/\\\/schema.org\",\"@graph\":[{\"@type\":\"WebPage\",\"@id\":\"https:\\\/\\\/eauto.si\\\/metron-shop\\\/product\\\/tower-standard-polnilna-postaja-za-ev\\\/?lang=sl\",\"url\":\"https:\\\/\\\/eauto.si\\\/metron-shop\\\/product\\\/tower-standard-polnilna-postaja-za-ev\\\/?lang=sl\",\"name\":\"\\\"Tower STANDARD\\\" polnilna postaja za EV - Metron Shop\",\"isPartOf\":{\"@id\":\"https:\\\/\\\/eauto.si\\\/metron-shop\\\/#website\"},\"primaryImageOfPage\":{\"@id\":\"https:\\\/\\\/eauto.si\\\/metron-shop\\\/product\\\/tower-standard-polnilna-postaja-za-ev\\\/?lang=sl#primaryimage\"},\"image\":{\"@id\":\"https:\\\/\\\/eauto.si\\\/metron-shop\\\/product\\\/tower-standard-polnilna-postaja-za-ev\\\/?lang=sl#primaryimage\"},\"thumbnailUrl\":\"https:\\\/\\\/eauto.si\\\/metron-shop\\\/wp-content\\\/uploads\\\/Tower-Standard_socket_profile.jpg\",\"datePublished\":\"2017-02-17T09:28:17+00:00\",\"dateModified\":\"2026-02-12T08:45:03+00:00\",\"description\":\"METRON samostoje\u010de polnilne postaje TOWER STANDARD, so izjemno trpe\u017ene, jeklene in modularne, zasnovane za dolgotrajno delovanje z najvi\u0161jo stopnjo varnosti za uporabnike.\",\"breadcrumb\":{\"@id\":\"https:\\\/\\\/eauto.si\\\/metron-shop\\\/product\\\/tower-standard-polnilna-postaja-za-ev\\\/?lang=sl#breadcrumb\"},\"inLanguage\":\"en-US\",\"potentialAction\":[{\"@type\":\"ReadAction\",\"target\":[\"https:\\\/\\\/eauto.si\\\/metron-shop\\\/product\\\/tower-standard-polnilna-postaja-za-ev\\\/?lang=sl\"]}]},{\"@type\":\"ImageObject\",\"inLanguage\":\"en-US\",\"@id\":\"https:\\\/\\\/eauto.si\\\/metron-shop\\\/product\\\/tower-standard-polnilna-postaja-za-ev\\\/?lang=sl#primaryimage\",\"url\":\"https:\\\/\\\/eauto.si\\\/metron-shop\\\/wp-content\\\/uploads\\\/Tower-Standard_socket_profile.jpg\",\"contentUrl\":\"https:\\\/\\\/eauto.si\\\/metron-shop\\\/wp-content\\\/uploads\\\/Tower-Standard_socket_profile.jpg\",\"width\":800,\"height\":800,\"caption\":\"TOWER STANDARD charging station\"},{\"@type\":\"BreadcrumbList\",\"@id\":\"https:\\\/\\\/eauto.si\\\/metron-shop\\\/product\\\/tower-standard-polnilna-postaja-za-ev\\\/?lang=sl#breadcrumb\",\"itemListElement\":[{\"@type\":\"ListItem\",\"position\":1,\"name\":\"Home\",\"item\":\"https:\\\/\\\/eauto.si\\\/metron-shop\\\/\"},{\"@type\":\"ListItem\",\"position\":2,\"name\":\"Shop\",\"item\":\"https:\\\/\\\/eauto.si\\\/metron-shop\\\/\"},{\"@type\":\"ListItem\",\"position\":3,\"name\":\"&#8220;Tower STANDARD&#8221; polnilna postaja za EV\"}]},{\"@type\":\"WebSite\",\"@id\":\"https:\\\/\\\/eauto.si\\\/metron-shop\\\/#website\",\"url\":\"https:\\\/\\\/eauto.si\\\/metron-shop\\\/\",\"name\":\"Metron Shop\",\"description\":\"EV charging cables and more ...\",\"publisher\":{\"@id\":\"https:\\\/\\\/eauto.si\\\/metron-shop\\\/#organization\"},\"potentialAction\":[{\"@type\":\"SearchAction\",\"target\":{\"@type\":\"EntryPoint\",\"urlTemplate\":\"https:\\\/\\\/eauto.si\\\/metron-shop\\\/?s={search_term_string}\"},\"query-input\":{\"@type\":\"PropertyValueSpecification\",\"valueRequired\":true,\"valueName\":\"search_term_string\"}}],\"inLanguage\":\"en-US\"},{\"@type\":\"Organization\",\"@id\":\"https:\\\/\\\/eauto.si\\\/metron-shop\\\/#organization\",\"name\":\"Metron institute\",\"url\":\"https:\\\/\\\/eauto.si\\\/metron-shop\\\/\",\"logo\":{\"@type\":\"ImageObject\",\"inLanguage\":\"en-US\",\"@id\":\"https:\\\/\\\/eauto.si\\\/metron-shop\\\/#\\\/schema\\\/logo\\\/image\\\/\",\"url\":\"https:\\\/\\\/eauto.si\\\/metron-shop\\\/wp-content\\\/uploads\\\/LOGO-ENG.png\",\"contentUrl\":\"https:\\\/\\\/eauto.si\\\/metron-shop\\\/wp-content\\\/uploads\\\/LOGO-ENG.png\",\"width\":590,\"height\":272,\"caption\":\"Metron institute\"},\"image\":{\"@id\":\"https:\\\/\\\/eauto.si\\\/metron-shop\\\/#\\\/schema\\\/logo\\\/image\\\/\"},\"sameAs\":[\"https:\\\/\\\/www.facebook.com\\\/MetronInstitut\\\/\",\"https:\\\/\\\/www.youtube.com\\\/channel\\\/UCkD45nHDQdTv1poqTrWhWxA\"]}]}<\/script>\n<!-- \/ Yoast SEO Premium plugin. -->","yoast_head_json":{"title":"\"Tower STANDARD\" polnilna postaja za EV - Metron Shop","description":"METRON samostoje\u010de polnilne postaje TOWER STANDARD, so izjemno trpe\u017ene, jeklene in modularne, zasnovane za dolgotrajno delovanje z najvi\u0161jo stopnjo varnosti za uporabnike.","robots":{"index":"index","follow":"follow","max-snippet":"max-snippet:-1","max-image-preview":"max-image-preview:large","max-video-preview":"max-video-preview:-1"},"canonical":"https:\/\/eauto.si\/metron-shop\/product\/tower-standard-polnilna-postaja-za-ev\/","og_locale":"en_US","og_type":"article","og_title":"\"Tower STANDARD\" polnilna postaja za EV","og_description":"METRON samostoje\u010de polnilne postaje TOWER STANDARD, so izjemno trpe\u017ene, jeklene in modularne, zasnovane za dolgotrajno delovanje z najvi\u0161jo stopnjo varnosti za uporabnike.","og_url":"https:\/\/eauto.si\/metron-shop\/product\/tower-standard-polnilna-postaja-za-ev\/?lang=sl","og_site_name":"Metron Shop","article_publisher":"https:\/\/www.facebook.com\/MetronInstitut\/","article_modified_time":"2026-02-12T08:45:03+00:00","og_image":[{"width":800,"height":800,"url":"https:\/\/eauto.si\/metron-shop\/wp-content\/uploads\/Tower-Standard_socket_profile.jpg","type":"image\/jpeg"}],"twitter_card":"summary_large_image","twitter_misc":{"Est. reading time":"2 minutes"},"schema":{"@context":"https:\/\/schema.org","@graph":[{"@type":"WebPage","@id":"https:\/\/eauto.si\/metron-shop\/product\/tower-standard-polnilna-postaja-za-ev\/?lang=sl","url":"https:\/\/eauto.si\/metron-shop\/product\/tower-standard-polnilna-postaja-za-ev\/?lang=sl","name":"\"Tower STANDARD\" polnilna postaja za EV - Metron Shop","isPartOf":{"@id":"https:\/\/eauto.si\/metron-shop\/#website"},"primaryImageOfPage":{"@id":"https:\/\/eauto.si\/metron-shop\/product\/tower-standard-polnilna-postaja-za-ev\/?lang=sl#primaryimage"},"image":{"@id":"https:\/\/eauto.si\/metron-shop\/product\/tower-standard-polnilna-postaja-za-ev\/?lang=sl#primaryimage"},"thumbnailUrl":"https:\/\/eauto.si\/metron-shop\/wp-content\/uploads\/Tower-Standard_socket_profile.jpg","datePublished":"2017-02-17T09:28:17+00:00","dateModified":"2026-02-12T08:45:03+00:00","description":"METRON samostoje\u010de polnilne postaje TOWER STANDARD, so izjemno trpe\u017ene, jeklene in modularne, zasnovane za dolgotrajno delovanje z najvi\u0161jo stopnjo varnosti za uporabnike.","breadcrumb":{"@id":"https:\/\/eauto.si\/metron-shop\/product\/tower-standard-polnilna-postaja-za-ev\/?lang=sl#breadcrumb"},"inLanguage":"en-US","potentialAction":[{"@type":"ReadAction","target":["https:\/\/eauto.si\/metron-shop\/product\/tower-standard-polnilna-postaja-za-ev\/?lang=sl"]}]},{"@type":"ImageObject","inLanguage":"en-US","@id":"https:\/\/eauto.si\/metron-shop\/product\/tower-standard-polnilna-postaja-za-ev\/?lang=sl#primaryimage","url":"https:\/\/eauto.si\/metron-shop\/wp-content\/uploads\/Tower-Standard_socket_profile.jpg","contentUrl":"https:\/\/eauto.si\/metron-shop\/wp-content\/uploads\/Tower-Standard_socket_profile.jpg","width":800,"height":800,"caption":"TOWER STANDARD charging station"},{"@type":"BreadcrumbList","@id":"https:\/\/eauto.si\/metron-shop\/product\/tower-standard-polnilna-postaja-za-ev\/?lang=sl#breadcrumb","itemListElement":[{"@type":"ListItem","position":1,"name":"Home","item":"https:\/\/eauto.si\/metron-shop\/"},{"@type":"ListItem","position":2,"name":"Shop","item":"https:\/\/eauto.si\/metron-shop\/"},{"@type":"ListItem","position":3,"name":"&#8220;Tower STANDARD&#8221; polnilna postaja za EV"}]},{"@type":"WebSite","@id":"https:\/\/eauto.si\/metron-shop\/#website","url":"https:\/\/eauto.si\/metron-shop\/","name":"Metron Shop","description":"EV charging cables and more ...","publisher":{"@id":"https:\/\/eauto.si\/metron-shop\/#organization"},"potentialAction":[{"@type":"SearchAction","target":{"@type":"EntryPoint","urlTemplate":"https:\/\/eauto.si\/metron-shop\/?s={search_term_string}"},"query-input":{"@type":"PropertyValueSpecification","valueRequired":true,"valueName":"search_term_string"}}],"inLanguage":"en-US"},{"@type":"Organization","@id":"https:\/\/eauto.si\/metron-shop\/#organization","name":"Metron institute","url":"https:\/\/eauto.si\/metron-shop\/","logo":{"@type":"ImageObject","inLanguage":"en-US","@id":"https:\/\/eauto.si\/metron-shop\/#\/schema\/logo\/image\/","url":"https:\/\/eauto.si\/metron-shop\/wp-content\/uploads\/LOGO-ENG.png","contentUrl":"https:\/\/eauto.si\/metron-shop\/wp-content\/uploads\/LOGO-ENG.png","width":590,"height":272,"caption":"Metron institute"},"image":{"@id":"https:\/\/eauto.si\/metron-shop\/#\/schema\/logo\/image\/"},"sameAs":["https:\/\/www.facebook.com\/MetronInstitut\/","https:\/\/www.youtube.com\/channel\/UCkD45nHDQdTv1poqTrWhWxA"]}]}},"_links":{"self":[{"href":"https:\/\/eauto.si\/metron-shop\/wp-json\/wp\/v2\/product\/24187","targetHints":{"allow":["GET"]}}],"collection":[{"href":"https:\/\/eauto.si\/metron-shop\/wp-json\/wp\/v2\/product"}],"about":[{"href":"https:\/\/eauto.si\/metron-shop\/wp-json\/wp\/v2\/types\/product"}],"replies":[{"embeddable":true,"href":"https:\/\/eauto.si\/metron-shop\/wp-json\/wp\/v2\/comments?post=24187"}],"wp:featuredmedia":[{"embeddable":true,"href":"https:\/\/eauto.si\/metron-shop\/wp-json\/wp\/v2\/media\/22227"}],"wp:attachment":[{"href":"https:\/\/eauto.si\/metron-shop\/wp-json\/wp\/v2\/media?parent=24187"}],"wp:term":[{"taxonomy":"product_brand","embeddable":true,"href":"https:\/\/eauto.si\/metron-shop\/wp-json\/wp\/v2\/product_brand?post=24187"},{"taxonomy":"product_cat","embeddable":true,"href":"https:\/\/eauto.si\/metron-shop\/wp-json\/wp\/v2\/product_cat?post=24187"},{"taxonomy":"product_tag","embeddable":true,"href":"https:\/\/eauto.si\/metron-shop\/wp-json\/wp\/v2\/product_tag?post=24187"}],"curies":[{"name":"wp","href":"https:\/\/api.w.org\/{rel}","templated":true}]}}