{"id":25593,"date":"2025-12-04T14:48:47","date_gmt":"2025-12-04T13:48:47","guid":{"rendered":"https:\/\/eauto.si\/metron-shop\/?post_type=product&#038;p=25593"},"modified":"2025-12-04T14:48:48","modified_gmt":"2025-12-04T13:48:48","slug":"cc05-tip-2-na-tip-2-20a-3-fazni-xtra","status":"publish","type":"product","link":"https:\/\/eauto.si\/metron-shop\/product\/cc05-tip-2-na-tip-2-20a-3-fazni-xtra\/?lang=sl","title":{"rendered":"[CC05] Tip 2 na Tip 2 (20A, 3-fazni)"},"content":{"rendered":"<p><strong>Glavne zna\u010dilnosti:<\/strong><\/p>\n<ul>\n<li>Zasnovan za <strong>3-fazno<\/strong> polnjenje elektri\u010dnih vozil s tokovi do <strong>3 x 20 A (13,8 kW)<\/strong><\/li>\n<li><strong>Kabel vrhunske kakovosti, zasnovan za elektri\u010dna vozila,<\/strong> (narejeno v Nem\u010diji)<strong><span style=\"color: #993366;\"><em><br \/>\n<\/em><\/span><\/strong><\/li>\n<li><strong>3-LETNA GARANCIJA<\/strong><\/li>\n<\/ul>\n<p><strong>Tehni\u010dne specifikacije:<span id=\"transmark\" style=\"width: 0px; height: 0px;\"><\/span><\/strong><\/p>\n<ul>\n<li>Vrsta vtika\u010da (na strani EV): Tip 2 (IEC 62196) \u017denski vti\u010d<\/li>\n<li>Vrsta vtika\u010da (na strani polnilne postaje): Tip 2 (IEC 62196) Mo\u0161ki vti\u010d<\/li>\n<li>Najve\u010dji Polnilni tok: <strong>3x20A (3-fazni) <\/strong> ali 1x20A (1-fazni)<\/li>\n<li>Najve\u010dja polnilna mo\u010d: <strong>13,8 kW (3-fazno)<\/strong> ali 4,6 kW (1-fazno)<\/li>\n<li>Nazivna napetost: 400 V (3-fazna)<\/li>\n<li>Dol\u017eina kabla: <strong>6 m<\/strong><\/li>\n<li>Izolacija kabla z odpornostjo na UV \u017earke, olje in ogenj<\/li>\n<li>Temperaturno obmocje delovanja: -30 \u00b0C to +50 \u00b0C<\/li>\n<li>IP stopnja za\u0161cite: IP44<\/li>\n<li>Barva kabla: <strong>oran\u017ena<\/strong><\/li>\n<li>Te\u017ea: 1,7 kg<\/li>\n<li><strong>100-odstotno zdru\u017eljiv z vsemi elektri\u010dnimi vozili, ki imajo evropske polnilne vti\u010dnice Tip 2<\/strong><\/li>\n<\/ul>\n<h3><strong>Zelena proizvodnja<\/strong><\/h3>\n<p>Vsi na\u0161i izdelki so proizvedeni na oglji\u010dno nevtralen na\u010din z uporabo metode <a href=\"https:\/\/www.metron.si\/o-nas\/trajnostni-energetski-cikel\/\">&#8220;trajnostnega energetskega cikla&#8221;<\/a>. <a href=\"https:\/\/www.metron.si\/o-nas\/trajnostna-proizvodnja\/\">Proizvodni obrat, v katerem izdelujemo polnilne kable<\/a> in prenosne polnilce, je prvi popolnoma trajnostni proizvodni obrat za polnilne kable za elektri\u010dna vozila. Vso energijo, ki je potrebna za ogrevanje in hlajenje stavbe, proizvodni proces ter prevoz blaga in zaposlene (razen dostave te\u017ekih materialov s tovornjaki), proizvajata dve fotovoltai\u010dni elektrarni, shranjuje pa se v \u0161tirih baterijskih zalogovnikih. Da bi skraj\u0161ali dobavne poti in podprli lokalno gospodarstvo, so skoraj vse sestavine, ki jih uporabljamo (kabli, vti\u010di), proizvedene v EU. Z nakupom na\u0161ih izdelkov prispevate k razvoju trajnostnega gospodarstva.<\/p>\n","protected":false},"excerpt":{"rendered":"<div>\n<h4><strong>Ta polnilni kabel se uporablja za 3-fazno (11 kW) polnjenje elektri\u010dnih vozil s katere koli javne ali doma\u010de polnilne postaje Mode 3 s Tip 2 polnilno vti\u010dnico.<\/strong><\/h4>\n<\/div>\n","protected":false},"featured_media":22062,"comment_status":"closed","ping_status":"closed","template":"","meta":{"ngg_post_thumbnail":0},"product_brand":[],"product_cat":[1290],"product_tag":[1052,1038,1092,1153],"class_list":{"0":"post-25593","1":"product","2":"type-product","3":"status-publish","4":"has-post-thumbnail","6":"product_cat-posebna-ponudba","7":"product_tag-16-a-en-sl","8":"product_tag-3-fazno","9":"product_tag-polnilni-kabel-za-ev","10":"product_tag-tip-2-sl","11":"product_shipping_class-l-prod","13":"first","14":"instock","15":"sale","16":"taxable","17":"shipping-taxable","18":"purchasable","19":"product-type-simple"},"yoast_head":"<!-- This site is optimized with the Yoast SEO Premium plugin v27.6 (Yoast SEO v27.6) - https:\/\/yoast.com\/product\/yoast-seo-premium-wordpress\/ -->\n<title>[CC05] Tip 2 na Tip 2 (20A, 3-fazni) - Metron Shop<\/title>\n<meta name=\"description\" content=\"CC05 polnilni kabel se uporablja za 3-fazno polnjenje elektri\u010dnih vozil na javnih ali zasebnih polnilnih postajah, opremljenih z vti\u010dnicami Tip 2.\" \/>\n<meta name=\"robots\" content=\"index, follow, max-snippet:-1, max-image-preview:large, max-video-preview:-1\" \/>\n<link rel=\"canonical\" href=\"https:\/\/eauto.si\/metron-shop\/product\/cc05-tip-2-na-tip-2-20a-3-fazni-xtra\/\" \/>\n<meta property=\"og:locale\" content=\"en_US\" \/>\n<meta property=\"og:type\" content=\"article\" \/>\n<meta property=\"og:title\" content=\"[CC05] Tip 2 na Tip 2 (20A, 3-fazni)\" \/>\n<meta property=\"og:description\" content=\"CC05 polnilni kabel se uporablja za 3-fazno polnjenje elektri\u010dnih vozil na javnih ali zasebnih polnilnih postajah, opremljenih z vti\u010dnicami Tip 2.\" \/>\n<meta property=\"og:url\" content=\"https:\/\/eauto.si\/metron-shop\/product\/cc05-tip-2-na-tip-2-20a-3-fazni-xtra\/?lang=sl\" \/>\n<meta property=\"og:site_name\" content=\"Metron Shop\" \/>\n<meta property=\"article:publisher\" content=\"https:\/\/www.facebook.com\/MetronInstitut\/\" \/>\n<meta property=\"article:modified_time\" content=\"2025-12-04T13:48:48+00:00\" \/>\n<meta property=\"og:image\" content=\"https:\/\/eauto.si\/metron-shop\/wp-content\/uploads\/CC05_orng_web-1.jpg\" \/>\n\t<meta property=\"og:image:width\" content=\"1191\" \/>\n\t<meta property=\"og:image:height\" content=\"1191\" \/>\n\t<meta property=\"og:image:type\" content=\"image\/jpeg\" \/>\n<meta name=\"twitter:card\" content=\"summary_large_image\" \/>\n<meta name=\"twitter:label1\" content=\"Est. reading time\" \/>\n\t<meta name=\"twitter:data1\" content=\"2 minutes\" \/>\n<script type=\"application\/ld+json\" class=\"yoast-schema-graph\">{\"@context\":\"https:\\\/\\\/schema.org\",\"@graph\":[{\"@type\":\"WebPage\",\"@id\":\"https:\\\/\\\/eauto.si\\\/metron-shop\\\/product\\\/cc05-tip-2-na-tip-2-20a-3-fazni-xtra\\\/?lang=sl\",\"url\":\"https:\\\/\\\/eauto.si\\\/metron-shop\\\/product\\\/cc05-tip-2-na-tip-2-20a-3-fazni-xtra\\\/?lang=sl\",\"name\":\"[CC05] Tip 2 na Tip 2 (20A, 3-fazni) - Metron Shop\",\"isPartOf\":{\"@id\":\"https:\\\/\\\/eauto.si\\\/metron-shop\\\/#website\"},\"primaryImageOfPage\":{\"@id\":\"https:\\\/\\\/eauto.si\\\/metron-shop\\\/product\\\/cc05-tip-2-na-tip-2-20a-3-fazni-xtra\\\/?lang=sl#primaryimage\"},\"image\":{\"@id\":\"https:\\\/\\\/eauto.si\\\/metron-shop\\\/product\\\/cc05-tip-2-na-tip-2-20a-3-fazni-xtra\\\/?lang=sl#primaryimage\"},\"thumbnailUrl\":\"https:\\\/\\\/eauto.si\\\/metron-shop\\\/wp-content\\\/uploads\\\/CC05_orng_web-1.jpg\",\"datePublished\":\"2025-12-04T13:48:47+00:00\",\"dateModified\":\"2025-12-04T13:48:48+00:00\",\"description\":\"CC05 polnilni kabel se uporablja za 3-fazno polnjenje elektri\u010dnih vozil na javnih ali zasebnih polnilnih postajah, opremljenih z vti\u010dnicami Tip 2.\",\"breadcrumb\":{\"@id\":\"https:\\\/\\\/eauto.si\\\/metron-shop\\\/product\\\/cc05-tip-2-na-tip-2-20a-3-fazni-xtra\\\/?lang=sl#breadcrumb\"},\"inLanguage\":\"en-US\",\"potentialAction\":[{\"@type\":\"ReadAction\",\"target\":[\"https:\\\/\\\/eauto.si\\\/metron-shop\\\/product\\\/cc05-tip-2-na-tip-2-20a-3-fazni-xtra\\\/?lang=sl\"]}]},{\"@type\":\"ImageObject\",\"inLanguage\":\"en-US\",\"@id\":\"https:\\\/\\\/eauto.si\\\/metron-shop\\\/product\\\/cc05-tip-2-na-tip-2-20a-3-fazni-xtra\\\/?lang=sl#primaryimage\",\"url\":\"https:\\\/\\\/eauto.si\\\/metron-shop\\\/wp-content\\\/uploads\\\/CC05_orng_web-1.jpg\",\"contentUrl\":\"https:\\\/\\\/eauto.si\\\/metron-shop\\\/wp-content\\\/uploads\\\/CC05_orng_web-1.jpg\",\"width\":1191,\"height\":1191},{\"@type\":\"BreadcrumbList\",\"@id\":\"https:\\\/\\\/eauto.si\\\/metron-shop\\\/product\\\/cc05-tip-2-na-tip-2-20a-3-fazni-xtra\\\/?lang=sl#breadcrumb\",\"itemListElement\":[{\"@type\":\"ListItem\",\"position\":1,\"name\":\"Home\",\"item\":\"https:\\\/\\\/eauto.si\\\/metron-shop\\\/\"},{\"@type\":\"ListItem\",\"position\":2,\"name\":\"Shop\",\"item\":\"https:\\\/\\\/eauto.si\\\/metron-shop\\\/\"},{\"@type\":\"ListItem\",\"position\":3,\"name\":\"[CC05] Tip 2 na Tip 2 (20A, 3-fazni)\"}]},{\"@type\":\"WebSite\",\"@id\":\"https:\\\/\\\/eauto.si\\\/metron-shop\\\/#website\",\"url\":\"https:\\\/\\\/eauto.si\\\/metron-shop\\\/\",\"name\":\"Metron Shop\",\"description\":\"EV charging cables and more ...\",\"publisher\":{\"@id\":\"https:\\\/\\\/eauto.si\\\/metron-shop\\\/#organization\"},\"potentialAction\":[{\"@type\":\"SearchAction\",\"target\":{\"@type\":\"EntryPoint\",\"urlTemplate\":\"https:\\\/\\\/eauto.si\\\/metron-shop\\\/?s={search_term_string}\"},\"query-input\":{\"@type\":\"PropertyValueSpecification\",\"valueRequired\":true,\"valueName\":\"search_term_string\"}}],\"inLanguage\":\"en-US\"},{\"@type\":\"Organization\",\"@id\":\"https:\\\/\\\/eauto.si\\\/metron-shop\\\/#organization\",\"name\":\"Metron institute\",\"url\":\"https:\\\/\\\/eauto.si\\\/metron-shop\\\/\",\"logo\":{\"@type\":\"ImageObject\",\"inLanguage\":\"en-US\",\"@id\":\"https:\\\/\\\/eauto.si\\\/metron-shop\\\/#\\\/schema\\\/logo\\\/image\\\/\",\"url\":\"https:\\\/\\\/eauto.si\\\/metron-shop\\\/wp-content\\\/uploads\\\/LOGO-ENG.png\",\"contentUrl\":\"https:\\\/\\\/eauto.si\\\/metron-shop\\\/wp-content\\\/uploads\\\/LOGO-ENG.png\",\"width\":590,\"height\":272,\"caption\":\"Metron institute\"},\"image\":{\"@id\":\"https:\\\/\\\/eauto.si\\\/metron-shop\\\/#\\\/schema\\\/logo\\\/image\\\/\"},\"sameAs\":[\"https:\\\/\\\/www.facebook.com\\\/MetronInstitut\\\/\",\"https:\\\/\\\/www.youtube.com\\\/channel\\\/UCkD45nHDQdTv1poqTrWhWxA\"]}]}<\/script>\n<!-- \/ Yoast SEO Premium plugin. -->","yoast_head_json":{"title":"[CC05] Tip 2 na Tip 2 (20A, 3-fazni) - Metron Shop","description":"CC05 polnilni kabel se uporablja za 3-fazno polnjenje elektri\u010dnih vozil na javnih ali zasebnih polnilnih postajah, opremljenih z vti\u010dnicami Tip 2.","robots":{"index":"index","follow":"follow","max-snippet":"max-snippet:-1","max-image-preview":"max-image-preview:large","max-video-preview":"max-video-preview:-1"},"canonical":"https:\/\/eauto.si\/metron-shop\/product\/cc05-tip-2-na-tip-2-20a-3-fazni-xtra\/","og_locale":"en_US","og_type":"article","og_title":"[CC05] Tip 2 na Tip 2 (20A, 3-fazni)","og_description":"CC05 polnilni kabel se uporablja za 3-fazno polnjenje elektri\u010dnih vozil na javnih ali zasebnih polnilnih postajah, opremljenih z vti\u010dnicami Tip 2.","og_url":"https:\/\/eauto.si\/metron-shop\/product\/cc05-tip-2-na-tip-2-20a-3-fazni-xtra\/?lang=sl","og_site_name":"Metron Shop","article_publisher":"https:\/\/www.facebook.com\/MetronInstitut\/","article_modified_time":"2025-12-04T13:48:48+00:00","og_image":[{"width":1191,"height":1191,"url":"https:\/\/eauto.si\/metron-shop\/wp-content\/uploads\/CC05_orng_web-1.jpg","type":"image\/jpeg"}],"twitter_card":"summary_large_image","twitter_misc":{"Est. reading time":"2 minutes"},"schema":{"@context":"https:\/\/schema.org","@graph":[{"@type":"WebPage","@id":"https:\/\/eauto.si\/metron-shop\/product\/cc05-tip-2-na-tip-2-20a-3-fazni-xtra\/?lang=sl","url":"https:\/\/eauto.si\/metron-shop\/product\/cc05-tip-2-na-tip-2-20a-3-fazni-xtra\/?lang=sl","name":"[CC05] Tip 2 na Tip 2 (20A, 3-fazni) - Metron Shop","isPartOf":{"@id":"https:\/\/eauto.si\/metron-shop\/#website"},"primaryImageOfPage":{"@id":"https:\/\/eauto.si\/metron-shop\/product\/cc05-tip-2-na-tip-2-20a-3-fazni-xtra\/?lang=sl#primaryimage"},"image":{"@id":"https:\/\/eauto.si\/metron-shop\/product\/cc05-tip-2-na-tip-2-20a-3-fazni-xtra\/?lang=sl#primaryimage"},"thumbnailUrl":"https:\/\/eauto.si\/metron-shop\/wp-content\/uploads\/CC05_orng_web-1.jpg","datePublished":"2025-12-04T13:48:47+00:00","dateModified":"2025-12-04T13:48:48+00:00","description":"CC05 polnilni kabel se uporablja za 3-fazno polnjenje elektri\u010dnih vozil na javnih ali zasebnih polnilnih postajah, opremljenih z vti\u010dnicami Tip 2.","breadcrumb":{"@id":"https:\/\/eauto.si\/metron-shop\/product\/cc05-tip-2-na-tip-2-20a-3-fazni-xtra\/?lang=sl#breadcrumb"},"inLanguage":"en-US","potentialAction":[{"@type":"ReadAction","target":["https:\/\/eauto.si\/metron-shop\/product\/cc05-tip-2-na-tip-2-20a-3-fazni-xtra\/?lang=sl"]}]},{"@type":"ImageObject","inLanguage":"en-US","@id":"https:\/\/eauto.si\/metron-shop\/product\/cc05-tip-2-na-tip-2-20a-3-fazni-xtra\/?lang=sl#primaryimage","url":"https:\/\/eauto.si\/metron-shop\/wp-content\/uploads\/CC05_orng_web-1.jpg","contentUrl":"https:\/\/eauto.si\/metron-shop\/wp-content\/uploads\/CC05_orng_web-1.jpg","width":1191,"height":1191},{"@type":"BreadcrumbList","@id":"https:\/\/eauto.si\/metron-shop\/product\/cc05-tip-2-na-tip-2-20a-3-fazni-xtra\/?lang=sl#breadcrumb","itemListElement":[{"@type":"ListItem","position":1,"name":"Home","item":"https:\/\/eauto.si\/metron-shop\/"},{"@type":"ListItem","position":2,"name":"Shop","item":"https:\/\/eauto.si\/metron-shop\/"},{"@type":"ListItem","position":3,"name":"[CC05] Tip 2 na Tip 2 (20A, 3-fazni)"}]},{"@type":"WebSite","@id":"https:\/\/eauto.si\/metron-shop\/#website","url":"https:\/\/eauto.si\/metron-shop\/","name":"Metron Shop","description":"EV charging cables and more ...","publisher":{"@id":"https:\/\/eauto.si\/metron-shop\/#organization"},"potentialAction":[{"@type":"SearchAction","target":{"@type":"EntryPoint","urlTemplate":"https:\/\/eauto.si\/metron-shop\/?s={search_term_string}"},"query-input":{"@type":"PropertyValueSpecification","valueRequired":true,"valueName":"search_term_string"}}],"inLanguage":"en-US"},{"@type":"Organization","@id":"https:\/\/eauto.si\/metron-shop\/#organization","name":"Metron institute","url":"https:\/\/eauto.si\/metron-shop\/","logo":{"@type":"ImageObject","inLanguage":"en-US","@id":"https:\/\/eauto.si\/metron-shop\/#\/schema\/logo\/image\/","url":"https:\/\/eauto.si\/metron-shop\/wp-content\/uploads\/LOGO-ENG.png","contentUrl":"https:\/\/eauto.si\/metron-shop\/wp-content\/uploads\/LOGO-ENG.png","width":590,"height":272,"caption":"Metron institute"},"image":{"@id":"https:\/\/eauto.si\/metron-shop\/#\/schema\/logo\/image\/"},"sameAs":["https:\/\/www.facebook.com\/MetronInstitut\/","https:\/\/www.youtube.com\/channel\/UCkD45nHDQdTv1poqTrWhWxA"]}]}},"_links":{"self":[{"href":"https:\/\/eauto.si\/metron-shop\/wp-json\/wp\/v2\/product\/25593","targetHints":{"allow":["GET"]}}],"collection":[{"href":"https:\/\/eauto.si\/metron-shop\/wp-json\/wp\/v2\/product"}],"about":[{"href":"https:\/\/eauto.si\/metron-shop\/wp-json\/wp\/v2\/types\/product"}],"replies":[{"embeddable":true,"href":"https:\/\/eauto.si\/metron-shop\/wp-json\/wp\/v2\/comments?post=25593"}],"wp:featuredmedia":[{"embeddable":true,"href":"https:\/\/eauto.si\/metron-shop\/wp-json\/wp\/v2\/media\/22062"}],"wp:attachment":[{"href":"https:\/\/eauto.si\/metron-shop\/wp-json\/wp\/v2\/media?parent=25593"}],"wp:term":[{"taxonomy":"product_brand","embeddable":true,"href":"https:\/\/eauto.si\/metron-shop\/wp-json\/wp\/v2\/product_brand?post=25593"},{"taxonomy":"product_cat","embeddable":true,"href":"https:\/\/eauto.si\/metron-shop\/wp-json\/wp\/v2\/product_cat?post=25593"},{"taxonomy":"product_tag","embeddable":true,"href":"https:\/\/eauto.si\/metron-shop\/wp-json\/wp\/v2\/product_tag?post=25593"}],"curies":[{"name":"wp","href":"https:\/\/api.w.org\/{rel}","templated":true}]}}