{"id":25815,"date":"2015-06-05T12:20:17","date_gmt":"2015-06-05T10:20:17","guid":{"rendered":"https:\/\/eauto.si\/metron-shop\/product\/akumulatorski-paket-lfp-15-kwh-za-hibridno-plovilo-greenline-33-40\/"},"modified":"2015-06-05T12:20:17","modified_gmt":"2015-06-05T10:20:17","slug":"akumulatorski-paket-lfp-15-kwh-za-hibridno-plovilo-greenline-33-40","status":"publish","type":"product","link":"https:\/\/eauto.si\/metron-shop\/product\/akumulatorski-paket-lfp-15-kwh-za-hibridno-plovilo-greenline-33-40\/?lang=sl","title":{"rendered":"Akumulatorski paket LFP 15 kWh za hibridno plovilo Greenline 33 \/ 40"},"content":{"rendered":"<h3><span style=\"color: #027a9f;\"><strong>Povezave:<\/strong><\/span><\/h3>\n<ul>\n<li>plus terminal akumulatorja M10<\/li>\n<li>minus terminal akumulatorja M10<\/li>\n<li>Victronov razsmernik\/polnilnik in komunikacija CAN za Victron Cerbo GX<\/li>\n<li>RS-485 za povezavo z BMS<span id=\"transmark\" style=\"width: 0px; height: 0px;\"><\/span><\/li>\n<li>stikalo za BMS (vklop\/izklop)<\/li>\n<\/ul>\n<h3><span style=\"color: #027a9f;\"><strong>Tehni\u010dni podatki:<\/strong><\/span><\/h3>\n<table width=\"102%\">\n<tbody>\n<tr>\n<td width=\"39%\"><strong>Vrsta celice<\/strong><\/td>\n<td width=\"60%\">314Ah, 3.2 V<\/td>\n<\/tr>\n<tr>\n<td width=\"39%\"><strong>\u0160tevilo celic:<\/strong><\/td>\n<td width=\"60%\">15 LFP<\/td>\n<\/tr>\n<tr>\n<td width=\"39%\"><strong>Shranjena energija [kWh]:<\/strong><\/td>\n<td width=\"60%\">15,1<\/td>\n<\/tr>\n<tr>\n<td width=\"39%\"><strong>Skupna te\u017ea [kg]:<\/strong><\/td>\n<td width=\"60%\">90<\/td>\n<\/tr>\n<tr>\n<td width=\"39%\"><strong>Dol\u017eina [mm]:<\/strong><\/td>\n<td width=\"60%\">1100<\/td>\n<\/tr>\n<tr>\n<td width=\"39%\"><strong>\u0160irina [mm]:<\/strong><\/td>\n<td width=\"60%\">428<\/td>\n<\/tr>\n<tr>\n<td width=\"39%\"><strong>Vi\u0161ina [mm]:<\/strong><\/td>\n<td width=\"60%\">273<\/td>\n<\/tr>\n<\/tbody>\n<\/table>\n<p>&nbsp;<\/p>\n<p><strong><span style=\"color: #027a9f;\">Garancija:<\/span> 2 leti<\/strong><\/p>\n","protected":false},"excerpt":{"rendered":"<p>Ponujamo nadomestni paket baterij za <em><strong>hibridno plovilo Greenline 33 \/ 40,<\/strong><\/em> sestavljen iz celic LiFePO4.<\/p>\n<p>Originalni baterijski paket s celicami NMC je na voljo samo pri proizvajalcu plovil SVP Avio oz. Greenline Yachts!<\/p>\n<p>Baterijski paket LiFePO4 je zasnovan s podobnimi dimenzijami kot originalni baterijski paket. Sestavljen je iz 15 celic <sub>LiFePo4<\/sub> 314 Ah, sistema BMS, glavnega kontaktorja, tokovnega merilnika, varovalke in priklju\u010dkov (napajanje, krmiljenje polnilnika, nadzor solarnega razsmernika, priklju\u010dek BMS, stikalo za izklop\/vklop BMS). Zato je baterija za\u0161\u010ditena pred previsoko in prenizko napetostjo, prevelikim tokom in pregrevanjem. Na vsaki strani ima ro\u010daj <br \/>za prena\u0161anje.   <\/p>\n<p><span style=\"text-decoration: underline;\"><strong>Samo za hibridna plovila Greenline 33 in 40.<\/strong><\/span><\/p>\n<p><strong>Dostava je mogo\u010da samo v EU<\/strong><strong>!<\/strong><\/p>\n<h4><span style=\"color: #9855a1;\"><strong><em>Izdelano po naro\u010dilu.<\/em><\/strong><\/span><\/h4>\n<p>&nbsp;<\/p>\n","protected":false},"featured_media":21798,"comment_status":"closed","ping_status":"closed","template":"","meta":{"ngg_post_thumbnail":0},"product_brand":[],"product_cat":[1010],"product_tag":[1178,1096,1099,1202,1110],"class_list":{"0":"post-25815","1":"product","2":"type-product","3":"status-publish","4":"has-post-thumbnail","6":"product_cat-baterijski-paketi","7":"product_tag-baterijski-paket-sl","8":"product_tag-gl33-sl","9":"product_tag-greenline-sl","10":"product_tag-hibridni-colni","11":"product_tag-lifepo4-sl","12":"product_shipping_class-h-prod","14":"first","15":"instock","16":"downloadable","17":"taxable","18":"shipping-taxable","19":"purchasable","20":"product-type-simple"},"yoast_head":"<!-- This site is optimized with the Yoast SEO Premium plugin v27.5 (Yoast SEO v27.5) - https:\/\/yoast.com\/product\/yoast-seo-premium-wordpress\/ -->\n<title>Akumulatorski paket LFP 15 kWh za hibridno plovilo Greenline 33 \/ 40 - Metron Shop<\/title>\n<meta name=\"description\" content=\"Nadomestna baterija za hibridno plovilo Greenline 33\/40, sestavljena iz baterijskih celic LiFePO4. Vklju\u010den je BMS (sistem za upravljanje baterije).\" \/>\n<meta name=\"robots\" content=\"index, follow, max-snippet:-1, max-image-preview:large, max-video-preview:-1\" \/>\n<link rel=\"canonical\" href=\"https:\/\/eauto.si\/metron-shop\/product\/akumulatorski-paket-lfp-15-kwh-za-hibridno-plovilo-greenline-33-40\/\" \/>\n<meta property=\"og:locale\" content=\"en_US\" \/>\n<meta property=\"og:type\" content=\"article\" \/>\n<meta property=\"og:title\" content=\"Akumulatorski paket LFP 15 kWh za hibridno plovilo Greenline 33 \/ 40\" \/>\n<meta property=\"og:description\" content=\"Nadomestna baterija za hibridno plovilo Greenline 33\/40, sestavljena iz baterijskih celic LiFePO4. Vklju\u010den je BMS (sistem za upravljanje baterije).\" \/>\n<meta property=\"og:url\" content=\"https:\/\/eauto.si\/metron-shop\/product\/akumulatorski-paket-lfp-15-kwh-za-hibridno-plovilo-greenline-33-40\/?lang=sl\" \/>\n<meta property=\"og:site_name\" content=\"Metron Shop\" \/>\n<meta property=\"article:publisher\" content=\"https:\/\/www.facebook.com\/MetronInstitut\/\" \/>\n<meta property=\"og:image\" content=\"https:\/\/eauto.si\/metron-shop\/wp-content\/uploads\/Greenline-LiPo.jpg\" \/>\n\t<meta property=\"og:image:width\" content=\"800\" \/>\n\t<meta property=\"og:image:height\" content=\"800\" \/>\n\t<meta property=\"og:image:type\" content=\"image\/jpeg\" \/>\n<meta name=\"twitter:card\" content=\"summary_large_image\" \/>\n<script type=\"application\/ld+json\" class=\"yoast-schema-graph\">{\"@context\":\"https:\\\/\\\/schema.org\",\"@graph\":[{\"@type\":\"WebPage\",\"@id\":\"https:\\\/\\\/eauto.si\\\/metron-shop\\\/product\\\/akumulatorski-paket-lfp-15-kwh-za-hibridno-plovilo-greenline-33-40\\\/?lang=sl\",\"url\":\"https:\\\/\\\/eauto.si\\\/metron-shop\\\/product\\\/akumulatorski-paket-lfp-15-kwh-za-hibridno-plovilo-greenline-33-40\\\/?lang=sl\",\"name\":\"Akumulatorski paket LFP 15 kWh za hibridno plovilo Greenline 33 \\\/ 40 - Metron Shop\",\"isPartOf\":{\"@id\":\"https:\\\/\\\/eauto.si\\\/metron-shop\\\/#website\"},\"primaryImageOfPage\":{\"@id\":\"https:\\\/\\\/eauto.si\\\/metron-shop\\\/product\\\/akumulatorski-paket-lfp-15-kwh-za-hibridno-plovilo-greenline-33-40\\\/?lang=sl#primaryimage\"},\"image\":{\"@id\":\"https:\\\/\\\/eauto.si\\\/metron-shop\\\/product\\\/akumulatorski-paket-lfp-15-kwh-za-hibridno-plovilo-greenline-33-40\\\/?lang=sl#primaryimage\"},\"thumbnailUrl\":\"https:\\\/\\\/eauto.si\\\/metron-shop\\\/wp-content\\\/uploads\\\/Greenline-LiPo.jpg\",\"datePublished\":\"2015-06-05T10:20:17+00:00\",\"description\":\"Nadomestna baterija za hibridno plovilo Greenline 33\\\/40, sestavljena iz baterijskih celic LiFePO4. Vklju\u010den je BMS (sistem za upravljanje baterije).\",\"breadcrumb\":{\"@id\":\"https:\\\/\\\/eauto.si\\\/metron-shop\\\/product\\\/akumulatorski-paket-lfp-15-kwh-za-hibridno-plovilo-greenline-33-40\\\/?lang=sl#breadcrumb\"},\"inLanguage\":\"en-US\",\"potentialAction\":[{\"@type\":\"ReadAction\",\"target\":[\"https:\\\/\\\/eauto.si\\\/metron-shop\\\/product\\\/akumulatorski-paket-lfp-15-kwh-za-hibridno-plovilo-greenline-33-40\\\/?lang=sl\"]}]},{\"@type\":\"ImageObject\",\"inLanguage\":\"en-US\",\"@id\":\"https:\\\/\\\/eauto.si\\\/metron-shop\\\/product\\\/akumulatorski-paket-lfp-15-kwh-za-hibridno-plovilo-greenline-33-40\\\/?lang=sl#primaryimage\",\"url\":\"https:\\\/\\\/eauto.si\\\/metron-shop\\\/wp-content\\\/uploads\\\/Greenline-LiPo.jpg\",\"contentUrl\":\"https:\\\/\\\/eauto.si\\\/metron-shop\\\/wp-content\\\/uploads\\\/Greenline-LiPo.jpg\",\"width\":800,\"height\":800},{\"@type\":\"BreadcrumbList\",\"@id\":\"https:\\\/\\\/eauto.si\\\/metron-shop\\\/product\\\/akumulatorski-paket-lfp-15-kwh-za-hibridno-plovilo-greenline-33-40\\\/?lang=sl#breadcrumb\",\"itemListElement\":[{\"@type\":\"ListItem\",\"position\":1,\"name\":\"Home\",\"item\":\"https:\\\/\\\/eauto.si\\\/metron-shop\\\/\"},{\"@type\":\"ListItem\",\"position\":2,\"name\":\"Shop\",\"item\":\"https:\\\/\\\/eauto.si\\\/metron-shop\\\/\"},{\"@type\":\"ListItem\",\"position\":3,\"name\":\"Akumulatorski paket LFP 15 kWh za hibridno plovilo Greenline 33 \\\/ 40\"}]},{\"@type\":\"WebSite\",\"@id\":\"https:\\\/\\\/eauto.si\\\/metron-shop\\\/#website\",\"url\":\"https:\\\/\\\/eauto.si\\\/metron-shop\\\/\",\"name\":\"Metron Shop\",\"description\":\"EV charging cables and more ...\",\"publisher\":{\"@id\":\"https:\\\/\\\/eauto.si\\\/metron-shop\\\/#organization\"},\"potentialAction\":[{\"@type\":\"SearchAction\",\"target\":{\"@type\":\"EntryPoint\",\"urlTemplate\":\"https:\\\/\\\/eauto.si\\\/metron-shop\\\/?s={search_term_string}\"},\"query-input\":{\"@type\":\"PropertyValueSpecification\",\"valueRequired\":true,\"valueName\":\"search_term_string\"}}],\"inLanguage\":\"en-US\"},{\"@type\":\"Organization\",\"@id\":\"https:\\\/\\\/eauto.si\\\/metron-shop\\\/#organization\",\"name\":\"Metron institute\",\"url\":\"https:\\\/\\\/eauto.si\\\/metron-shop\\\/\",\"logo\":{\"@type\":\"ImageObject\",\"inLanguage\":\"en-US\",\"@id\":\"https:\\\/\\\/eauto.si\\\/metron-shop\\\/#\\\/schema\\\/logo\\\/image\\\/\",\"url\":\"https:\\\/\\\/eauto.si\\\/metron-shop\\\/wp-content\\\/uploads\\\/LOGO-ENG.png\",\"contentUrl\":\"https:\\\/\\\/eauto.si\\\/metron-shop\\\/wp-content\\\/uploads\\\/LOGO-ENG.png\",\"width\":590,\"height\":272,\"caption\":\"Metron institute\"},\"image\":{\"@id\":\"https:\\\/\\\/eauto.si\\\/metron-shop\\\/#\\\/schema\\\/logo\\\/image\\\/\"},\"sameAs\":[\"https:\\\/\\\/www.facebook.com\\\/MetronInstitut\\\/\",\"https:\\\/\\\/www.youtube.com\\\/channel\\\/UCkD45nHDQdTv1poqTrWhWxA\"]}]}<\/script>\n<!-- \/ Yoast SEO Premium plugin. -->","yoast_head_json":{"title":"Akumulatorski paket LFP 15 kWh za hibridno plovilo Greenline 33 \/ 40 - Metron Shop","description":"Nadomestna baterija za hibridno plovilo Greenline 33\/40, sestavljena iz baterijskih celic LiFePO4. Vklju\u010den je BMS (sistem za upravljanje baterije).","robots":{"index":"index","follow":"follow","max-snippet":"max-snippet:-1","max-image-preview":"max-image-preview:large","max-video-preview":"max-video-preview:-1"},"canonical":"https:\/\/eauto.si\/metron-shop\/product\/akumulatorski-paket-lfp-15-kwh-za-hibridno-plovilo-greenline-33-40\/","og_locale":"en_US","og_type":"article","og_title":"Akumulatorski paket LFP 15 kWh za hibridno plovilo Greenline 33 \/ 40","og_description":"Nadomestna baterija za hibridno plovilo Greenline 33\/40, sestavljena iz baterijskih celic LiFePO4. Vklju\u010den je BMS (sistem za upravljanje baterije).","og_url":"https:\/\/eauto.si\/metron-shop\/product\/akumulatorski-paket-lfp-15-kwh-za-hibridno-plovilo-greenline-33-40\/?lang=sl","og_site_name":"Metron Shop","article_publisher":"https:\/\/www.facebook.com\/MetronInstitut\/","og_image":[{"width":800,"height":800,"url":"https:\/\/eauto.si\/metron-shop\/wp-content\/uploads\/Greenline-LiPo.jpg","type":"image\/jpeg"}],"twitter_card":"summary_large_image","schema":{"@context":"https:\/\/schema.org","@graph":[{"@type":"WebPage","@id":"https:\/\/eauto.si\/metron-shop\/product\/akumulatorski-paket-lfp-15-kwh-za-hibridno-plovilo-greenline-33-40\/?lang=sl","url":"https:\/\/eauto.si\/metron-shop\/product\/akumulatorski-paket-lfp-15-kwh-za-hibridno-plovilo-greenline-33-40\/?lang=sl","name":"Akumulatorski paket LFP 15 kWh za hibridno plovilo Greenline 33 \/ 40 - Metron Shop","isPartOf":{"@id":"https:\/\/eauto.si\/metron-shop\/#website"},"primaryImageOfPage":{"@id":"https:\/\/eauto.si\/metron-shop\/product\/akumulatorski-paket-lfp-15-kwh-za-hibridno-plovilo-greenline-33-40\/?lang=sl#primaryimage"},"image":{"@id":"https:\/\/eauto.si\/metron-shop\/product\/akumulatorski-paket-lfp-15-kwh-za-hibridno-plovilo-greenline-33-40\/?lang=sl#primaryimage"},"thumbnailUrl":"https:\/\/eauto.si\/metron-shop\/wp-content\/uploads\/Greenline-LiPo.jpg","datePublished":"2015-06-05T10:20:17+00:00","description":"Nadomestna baterija za hibridno plovilo Greenline 33\/40, sestavljena iz baterijskih celic LiFePO4. Vklju\u010den je BMS (sistem za upravljanje baterije).","breadcrumb":{"@id":"https:\/\/eauto.si\/metron-shop\/product\/akumulatorski-paket-lfp-15-kwh-za-hibridno-plovilo-greenline-33-40\/?lang=sl#breadcrumb"},"inLanguage":"en-US","potentialAction":[{"@type":"ReadAction","target":["https:\/\/eauto.si\/metron-shop\/product\/akumulatorski-paket-lfp-15-kwh-za-hibridno-plovilo-greenline-33-40\/?lang=sl"]}]},{"@type":"ImageObject","inLanguage":"en-US","@id":"https:\/\/eauto.si\/metron-shop\/product\/akumulatorski-paket-lfp-15-kwh-za-hibridno-plovilo-greenline-33-40\/?lang=sl#primaryimage","url":"https:\/\/eauto.si\/metron-shop\/wp-content\/uploads\/Greenline-LiPo.jpg","contentUrl":"https:\/\/eauto.si\/metron-shop\/wp-content\/uploads\/Greenline-LiPo.jpg","width":800,"height":800},{"@type":"BreadcrumbList","@id":"https:\/\/eauto.si\/metron-shop\/product\/akumulatorski-paket-lfp-15-kwh-za-hibridno-plovilo-greenline-33-40\/?lang=sl#breadcrumb","itemListElement":[{"@type":"ListItem","position":1,"name":"Home","item":"https:\/\/eauto.si\/metron-shop\/"},{"@type":"ListItem","position":2,"name":"Shop","item":"https:\/\/eauto.si\/metron-shop\/"},{"@type":"ListItem","position":3,"name":"Akumulatorski paket LFP 15 kWh za hibridno plovilo Greenline 33 \/ 40"}]},{"@type":"WebSite","@id":"https:\/\/eauto.si\/metron-shop\/#website","url":"https:\/\/eauto.si\/metron-shop\/","name":"Metron Shop","description":"EV charging cables and more ...","publisher":{"@id":"https:\/\/eauto.si\/metron-shop\/#organization"},"potentialAction":[{"@type":"SearchAction","target":{"@type":"EntryPoint","urlTemplate":"https:\/\/eauto.si\/metron-shop\/?s={search_term_string}"},"query-input":{"@type":"PropertyValueSpecification","valueRequired":true,"valueName":"search_term_string"}}],"inLanguage":"en-US"},{"@type":"Organization","@id":"https:\/\/eauto.si\/metron-shop\/#organization","name":"Metron institute","url":"https:\/\/eauto.si\/metron-shop\/","logo":{"@type":"ImageObject","inLanguage":"en-US","@id":"https:\/\/eauto.si\/metron-shop\/#\/schema\/logo\/image\/","url":"https:\/\/eauto.si\/metron-shop\/wp-content\/uploads\/LOGO-ENG.png","contentUrl":"https:\/\/eauto.si\/metron-shop\/wp-content\/uploads\/LOGO-ENG.png","width":590,"height":272,"caption":"Metron institute"},"image":{"@id":"https:\/\/eauto.si\/metron-shop\/#\/schema\/logo\/image\/"},"sameAs":["https:\/\/www.facebook.com\/MetronInstitut\/","https:\/\/www.youtube.com\/channel\/UCkD45nHDQdTv1poqTrWhWxA"]}]}},"_links":{"self":[{"href":"https:\/\/eauto.si\/metron-shop\/wp-json\/wp\/v2\/product\/25815","targetHints":{"allow":["GET"]}}],"collection":[{"href":"https:\/\/eauto.si\/metron-shop\/wp-json\/wp\/v2\/product"}],"about":[{"href":"https:\/\/eauto.si\/metron-shop\/wp-json\/wp\/v2\/types\/product"}],"replies":[{"embeddable":true,"href":"https:\/\/eauto.si\/metron-shop\/wp-json\/wp\/v2\/comments?post=25815"}],"wp:featuredmedia":[{"embeddable":true,"href":"https:\/\/eauto.si\/metron-shop\/wp-json\/wp\/v2\/media\/21798"}],"wp:attachment":[{"href":"https:\/\/eauto.si\/metron-shop\/wp-json\/wp\/v2\/media?parent=25815"}],"wp:term":[{"taxonomy":"product_brand","embeddable":true,"href":"https:\/\/eauto.si\/metron-shop\/wp-json\/wp\/v2\/product_brand?post=25815"},{"taxonomy":"product_cat","embeddable":true,"href":"https:\/\/eauto.si\/metron-shop\/wp-json\/wp\/v2\/product_cat?post=25815"},{"taxonomy":"product_tag","embeddable":true,"href":"https:\/\/eauto.si\/metron-shop\/wp-json\/wp\/v2\/product_tag?post=25815"}],"curies":[{"name":"wp","href":"https:\/\/api.w.org\/{rel}","templated":true}]}}