{"id":25966,"date":"2026-03-06T10:46:09","date_gmt":"2026-03-06T09:46:09","guid":{"rendered":"https:\/\/eauto.si\/metron-shop\/product\/v2l-ge-vehicle-to-load-v2l-adapter-za-elektricna-vozila-smart-geely\/"},"modified":"2026-04-18T20:59:10","modified_gmt":"2026-04-18T18:59:10","slug":"v2l-ge-vehicle-to-load-v2l-adapter-za-elektricna-vozila-smart-geely","status":"publish","type":"product","link":"https:\/\/eauto.si\/metron-shop\/product\/v2l-ge-vehicle-to-load-v2l-adapter-za-elektricna-vozila-smart-geely\/?lang=sl","title":{"rendered":"[V2L-GE] vehicle-to-load (V2L) adapter za elektri\u010dna vozila Zeekr, Geely in Smart (od 2025)"},"content":{"rendered":"<h3><strong>Glavne zna\u010dilnosti:<\/strong><\/h3>\n<ul>\n<li><strong>KOMPAKTNA ALL-IN-A PLUG oblika &#8211; BREZ kabla med vozilom in izhodno vti\u010dnico<\/strong><\/li>\n<li><strong>Najve\u010dja izhodna mo\u010d do 2.5 kW<\/strong> (odvisno od izhodne vti\u010dnice)<\/li>\n<li><strong>Uporaba V2L-GE v kombinaciji z Metron prenosno polnilnico, omogo\u010da da iz svojega avtomobila Zeekr, Smart ali Geely polnite tudi kateri koli drug elektri\u010dni avtomobil.<\/strong><\/li>\n<li>Odporen na vse vremenske pogoje<\/li>\n<\/ul>\n<h3><strong>Tehni\u010dne specifikacije:<\/strong><\/h3>\n<ul>\n<li><strong>Tip vti\u010dnice (stran vozila): Tip\u00a0 2<\/strong> (IEC 62196) \u017eenski vtika\u010d<\/li>\n<li><strong>Vrste izhodne vti\u010dnice (stran porabnika): tip F<\/strong> (\u0161uko) ali <strong>tip G<\/strong> (UK) ali ostale na zahtevo<\/li>\n<li>Najvi\u0161ji stalni izhodni tok: <strong>13 A <\/strong><\/li>\n<li>Najve\u010dja izhodna mo\u010d (1-fazno): 3,7 kW<\/li>\n<li>Nazivna napetost (1-fazna): 230 V<\/li>\n<li>Barva: \u010crna (pri ve\u010djih koli\u010dinah lahko ponudimo tudi druge barve)<\/li>\n<li>UV odpornost<\/li>\n<li>Temperaturno obmo\u010dje delovanja: -40 \u00b0C do 50 \u00b0C (izpostavljeno soncu)<\/li>\n<li>IP stopnja za\u0161\u010dite: IP44<\/li>\n<li>Dimenzije [max. premer \/ dol\u017eina]: 70 mm \/ 280 mm<\/li>\n<li>Masa: 420 g<\/li>\n<li>Skladno z IEC 61851<\/li>\n<li>CE certifikat<\/li>\n<li>Garancija: 3 leta<\/li>\n<\/ul>\n<h3><a class=\"mb-button mb-style-raised mb-size-small mb-corners-default mb-text-style-heavy \" style=\"background-color: #8a5189\" href=\"https:\/\/eauto.si\/metron-shop\/wp-content\/uploads\/Declaration-of-conformity-V2L19102023-CE-mark.pdf\"><i class=\"fa fa-edit\"><\/i>IZJAVA O SKLADNOSTI EU<\/a><\/h3>\n<h3><strong>Skladnost<\/strong><\/h3>\n<p>Adapter deluje samo z elektri\u010dnimi vozili Zeekr, Smart in Geely. Smart ima V2L\u00a0 od modelnega leta 2025 naprej. Adapter ne bo deloval pri ostalih elektri\u010dnih vozilih!<\/p>\n<h3><strong>Zelena proizvodnja<\/strong><\/h3>\n<p>Vsi na\u0161i izdelki so narejeni na oglji\u010dno nevtralen na\u010din s pomo\u010djo <a href=\"https:\/\/www.metron.si\/o-nas\/trajnostni-energetski-cikel\/\">\u201ctrajnostnega energetskega kroga\u201d<\/a>. <a href=\"https:\/\/www.metron.si\/o-nas\/trajnostna-proizvodnja\/\">Proizvodni obrat, kjer izdelujemo polnilne kable<\/a> in prenosne polnilne postaje je prvi popolnoma trajnostni proizvodni obrat polnilnih kablov za elektri\u010dna vozila. Vso energijo, ki je potrebna za ogrevanje in hlajenje stavbe, proizvodni proces ter prevoz blaga in zaposlene (razen dostave te\u017ekih materialov s tovornjaki), proizvajata dve fotovoltai\u010dni elektrarni, shranjuje pa se v \u0161tirih baterijskih zalogovnikih. Da bi skraj\u0161ali dobavne poti in podprli lokalno gospodarstvo, so skoraj vse komponente, ki jih uporabljamo (kabli, vtika\u010di), proizvedene v EU. Z nakupom na\u0161ih izdelkov prispevate k razvoju trajnostnega gospodarstva.<\/p>\n<h3><strong>OPOZORILO:<\/strong><\/h3>\n<p>Metron\u00ae na nikakr\u0161en na\u010din ni povezan s podjetjem Geely Auto Group. Nikakor ne navajamo ali namigujemo, da so proizvodi, ki jih prodaja Metron\u00ae odobreni s strani ali povezani s podjetjem Geely Auto Group. Vsa uporabljena proizvodna imena, simboli in opis na na\u0161ih slikah in besedilih se uporabljajo le v prepoznavne namene.<\/p>\n","protected":false},"excerpt":{"rendered":"<p class=\"ai-optimize-13\">V2L-GE adapter je zasnovan za napajanje razli\u010dnih standardnih 230 V AC elektri\u010dnih naprav s standardnimi gospodinjskimi vti\u010dnicami (elektri\u010dna orodja, kuhalniki, pe\u010dice, hladilniki, svetila, ra\u010dunalniki, polnjenje elektri\u010dnih koles\/skuterjev\/itd. in drugih elektri\u010dnih naprav) iz elektri\u010dnih vozil Smart (Geely), ki imajo vgrajen sistem V2L (vehicle-to-load).<\/p>\n<p class=\"ai-optimize-14\"><a class=\"mb-button mb-style-traditional mb-size-default mb-corners-default mb-text-style-default \" style=\"background-color: #2ba3c4\" href=\"https:\/\/eauto.si\/metron-shop\/wp-content\/uploads\/Metron_Adapter_V2L-GE_Navodila-za-uporabo_SLO.pdf\">\u00a0<i class=\"fa fa-arrow-circle-o-down\"><\/i>\u00a0 Navodila za uporabo \u2013 SI<\/a><br \/>\n<a class=\"mb-button mb-style-traditional mb-size-default mb-corners-default mb-text-style-default \" style=\"background-color: #2ba3c4\" href=\"https:\/\/eauto.si\/metron-shop\/wp-content\/uploads\/Metron_Adapter_V2L-GE_User_Manual_ENG.pdf\">\u00a0<i class=\"fa fa-arrow-circle-o-down\"><\/i>\u00a0 User manual &#8211; ENG<\/a><\/p>\n","protected":false},"featured_media":25160,"comment_status":"closed","ping_status":"closed","template":"","meta":{"ngg_post_thumbnail":0},"product_brand":[],"product_cat":[1031],"product_tag":[1034,1054,1305,1306,1167,1304,1156,1160,1161],"class_list":{"0":"post-25966","1":"product","2":"type-product","3":"status-publish","4":"has-post-thumbnail","6":"product_cat-napajanje-iz-vozila","7":"product_tag-1-x-suko","8":"product_tag-16a-sl","9":"product_tag-geely","10":"product_tag-my2025","11":"product_tag-napajanje-iz-vozila","12":"product_tag-smart","13":"product_tag-tip-2-sl-2","14":"product_tag-tip-e","15":"product_tag-tip-f","16":"product_shipping_class-ev-adapters","18":"first","19":"instock","20":"taxable","21":"shipping-taxable","22":"purchasable","23":"product-type-variable"},"yoast_head":"<!-- This site is optimized with the Yoast SEO Premium plugin v27.5 (Yoast SEO v27.5) - https:\/\/yoast.com\/product\/yoast-seo-premium-wordpress\/ -->\n<title>[V2L-GE] vehicle-to-load (V2L) adapter za elektri\u010dna vozila Zeekr, Geely in Smart (od 2025) - Metron Shop<\/title>\n<meta name=\"description\" content=\"V2L-GE adapter je zasnovan za napajanje razli\u010dnih elektri\u010dnih naprav s standardnimi gospodinjskimi vti\u010dnicami iz elektri\u010dnega vozila Smart (Geely) z vgrajenim sistemom vehicle-to-load (V2L).\" \/>\n<meta name=\"robots\" content=\"index, follow, max-snippet:-1, max-image-preview:large, max-video-preview:-1\" \/>\n<link rel=\"canonical\" href=\"https:\/\/eauto.si\/metron-shop\/product\/v2l-ge-vehicle-to-load-v2l-adapter-za-elektricna-vozila-smart-geely\/\" \/>\n<meta property=\"og:locale\" content=\"en_US\" \/>\n<meta property=\"og:type\" content=\"article\" \/>\n<meta property=\"og:title\" content=\"[V2L-GE] vehicle-to-load (V2L) adapter za elektri\u010dna vozila Zeekr, Geely in Smart (od 2025)\" \/>\n<meta property=\"og:description\" content=\"V2L-GE adapter je zasnovan za napajanje razli\u010dnih elektri\u010dnih naprav s standardnimi gospodinjskimi vti\u010dnicami iz elektri\u010dnega vozila Smart (Geely) z vgrajenim sistemom vehicle-to-load (V2L).\" \/>\n<meta property=\"og:url\" content=\"https:\/\/eauto.si\/metron-shop\/product\/v2l-ge-vehicle-to-load-v2l-adapter-za-elektricna-vozila-smart-geely\/?lang=sl\" \/>\n<meta property=\"og:site_name\" content=\"Metron Shop\" \/>\n<meta property=\"article:publisher\" content=\"https:\/\/www.facebook.com\/MetronInstitut\/\" \/>\n<meta property=\"article:modified_time\" content=\"2026-04-18T18:59:10+00:00\" \/>\n<meta property=\"og:image\" content=\"https:\/\/eauto.si\/metron-shop\/wp-content\/uploads\/V2L-XP-2.jpg\" \/>\n\t<meta property=\"og:image:width\" content=\"800\" \/>\n\t<meta property=\"og:image:height\" content=\"800\" \/>\n\t<meta property=\"og:image:type\" content=\"image\/jpeg\" \/>\n<meta name=\"twitter:card\" content=\"summary_large_image\" \/>\n<meta name=\"twitter:label1\" content=\"Est. reading time\" \/>\n\t<meta name=\"twitter:data1\" content=\"2 minutes\" \/>\n<script type=\"application\/ld+json\" class=\"yoast-schema-graph\">{\"@context\":\"https:\\\/\\\/schema.org\",\"@graph\":[{\"@type\":\"WebPage\",\"@id\":\"https:\\\/\\\/eauto.si\\\/metron-shop\\\/product\\\/v2l-ge-vehicle-to-load-v2l-adapter-za-elektricna-vozila-smart-geely\\\/?lang=sl\",\"url\":\"https:\\\/\\\/eauto.si\\\/metron-shop\\\/product\\\/v2l-ge-vehicle-to-load-v2l-adapter-za-elektricna-vozila-smart-geely\\\/?lang=sl\",\"name\":\"[V2L-GE] vehicle-to-load (V2L) adapter za elektri\u010dna vozila Zeekr, Geely in Smart (od 2025) - Metron Shop\",\"isPartOf\":{\"@id\":\"https:\\\/\\\/eauto.si\\\/metron-shop\\\/#website\"},\"primaryImageOfPage\":{\"@id\":\"https:\\\/\\\/eauto.si\\\/metron-shop\\\/product\\\/v2l-ge-vehicle-to-load-v2l-adapter-za-elektricna-vozila-smart-geely\\\/?lang=sl#primaryimage\"},\"image\":{\"@id\":\"https:\\\/\\\/eauto.si\\\/metron-shop\\\/product\\\/v2l-ge-vehicle-to-load-v2l-adapter-za-elektricna-vozila-smart-geely\\\/?lang=sl#primaryimage\"},\"thumbnailUrl\":\"https:\\\/\\\/eauto.si\\\/metron-shop\\\/wp-content\\\/uploads\\\/V2L-XP-2.jpg\",\"datePublished\":\"2026-03-06T09:46:09+00:00\",\"dateModified\":\"2026-04-18T18:59:10+00:00\",\"description\":\"V2L-GE adapter je zasnovan za napajanje razli\u010dnih elektri\u010dnih naprav s standardnimi gospodinjskimi vti\u010dnicami iz elektri\u010dnega vozila Smart (Geely) z vgrajenim sistemom vehicle-to-load (V2L).\",\"breadcrumb\":{\"@id\":\"https:\\\/\\\/eauto.si\\\/metron-shop\\\/product\\\/v2l-ge-vehicle-to-load-v2l-adapter-za-elektricna-vozila-smart-geely\\\/?lang=sl#breadcrumb\"},\"inLanguage\":\"en-US\",\"potentialAction\":[{\"@type\":\"ReadAction\",\"target\":[\"https:\\\/\\\/eauto.si\\\/metron-shop\\\/product\\\/v2l-ge-vehicle-to-load-v2l-adapter-za-elektricna-vozila-smart-geely\\\/?lang=sl\"]}]},{\"@type\":\"ImageObject\",\"inLanguage\":\"en-US\",\"@id\":\"https:\\\/\\\/eauto.si\\\/metron-shop\\\/product\\\/v2l-ge-vehicle-to-load-v2l-adapter-za-elektricna-vozila-smart-geely\\\/?lang=sl#primaryimage\",\"url\":\"https:\\\/\\\/eauto.si\\\/metron-shop\\\/wp-content\\\/uploads\\\/V2L-XP-2.jpg\",\"contentUrl\":\"https:\\\/\\\/eauto.si\\\/metron-shop\\\/wp-content\\\/uploads\\\/V2L-XP-2.jpg\",\"width\":800,\"height\":800},{\"@type\":\"BreadcrumbList\",\"@id\":\"https:\\\/\\\/eauto.si\\\/metron-shop\\\/product\\\/v2l-ge-vehicle-to-load-v2l-adapter-za-elektricna-vozila-smart-geely\\\/?lang=sl#breadcrumb\",\"itemListElement\":[{\"@type\":\"ListItem\",\"position\":1,\"name\":\"Home\",\"item\":\"https:\\\/\\\/eauto.si\\\/metron-shop\\\/\"},{\"@type\":\"ListItem\",\"position\":2,\"name\":\"Shop\",\"item\":\"https:\\\/\\\/eauto.si\\\/metron-shop\\\/\"},{\"@type\":\"ListItem\",\"position\":3,\"name\":\"[V2L-GE] vehicle-to-load (V2L) adapter za elektri\u010dna vozila Zeekr, Geely in Smart (od 2025)\"}]},{\"@type\":\"WebSite\",\"@id\":\"https:\\\/\\\/eauto.si\\\/metron-shop\\\/#website\",\"url\":\"https:\\\/\\\/eauto.si\\\/metron-shop\\\/\",\"name\":\"Metron Shop\",\"description\":\"EV charging cables and more ...\",\"publisher\":{\"@id\":\"https:\\\/\\\/eauto.si\\\/metron-shop\\\/#organization\"},\"potentialAction\":[{\"@type\":\"SearchAction\",\"target\":{\"@type\":\"EntryPoint\",\"urlTemplate\":\"https:\\\/\\\/eauto.si\\\/metron-shop\\\/?s={search_term_string}\"},\"query-input\":{\"@type\":\"PropertyValueSpecification\",\"valueRequired\":true,\"valueName\":\"search_term_string\"}}],\"inLanguage\":\"en-US\"},{\"@type\":\"Organization\",\"@id\":\"https:\\\/\\\/eauto.si\\\/metron-shop\\\/#organization\",\"name\":\"Metron institute\",\"url\":\"https:\\\/\\\/eauto.si\\\/metron-shop\\\/\",\"logo\":{\"@type\":\"ImageObject\",\"inLanguage\":\"en-US\",\"@id\":\"https:\\\/\\\/eauto.si\\\/metron-shop\\\/#\\\/schema\\\/logo\\\/image\\\/\",\"url\":\"https:\\\/\\\/eauto.si\\\/metron-shop\\\/wp-content\\\/uploads\\\/LOGO-ENG.png\",\"contentUrl\":\"https:\\\/\\\/eauto.si\\\/metron-shop\\\/wp-content\\\/uploads\\\/LOGO-ENG.png\",\"width\":590,\"height\":272,\"caption\":\"Metron institute\"},\"image\":{\"@id\":\"https:\\\/\\\/eauto.si\\\/metron-shop\\\/#\\\/schema\\\/logo\\\/image\\\/\"},\"sameAs\":[\"https:\\\/\\\/www.facebook.com\\\/MetronInstitut\\\/\",\"https:\\\/\\\/www.youtube.com\\\/channel\\\/UCkD45nHDQdTv1poqTrWhWxA\"]}]}<\/script>\n<!-- \/ Yoast SEO Premium plugin. -->","yoast_head_json":{"title":"[V2L-GE] vehicle-to-load (V2L) adapter za elektri\u010dna vozila Zeekr, Geely in Smart (od 2025) - Metron Shop","description":"V2L-GE adapter je zasnovan za napajanje razli\u010dnih elektri\u010dnih naprav s standardnimi gospodinjskimi vti\u010dnicami iz elektri\u010dnega vozila Smart (Geely) z vgrajenim sistemom vehicle-to-load (V2L).","robots":{"index":"index","follow":"follow","max-snippet":"max-snippet:-1","max-image-preview":"max-image-preview:large","max-video-preview":"max-video-preview:-1"},"canonical":"https:\/\/eauto.si\/metron-shop\/product\/v2l-ge-vehicle-to-load-v2l-adapter-za-elektricna-vozila-smart-geely\/","og_locale":"en_US","og_type":"article","og_title":"[V2L-GE] vehicle-to-load (V2L) adapter za elektri\u010dna vozila Zeekr, Geely in Smart (od 2025)","og_description":"V2L-GE adapter je zasnovan za napajanje razli\u010dnih elektri\u010dnih naprav s standardnimi gospodinjskimi vti\u010dnicami iz elektri\u010dnega vozila Smart (Geely) z vgrajenim sistemom vehicle-to-load (V2L).","og_url":"https:\/\/eauto.si\/metron-shop\/product\/v2l-ge-vehicle-to-load-v2l-adapter-za-elektricna-vozila-smart-geely\/?lang=sl","og_site_name":"Metron Shop","article_publisher":"https:\/\/www.facebook.com\/MetronInstitut\/","article_modified_time":"2026-04-18T18:59:10+00:00","og_image":[{"width":800,"height":800,"url":"https:\/\/eauto.si\/metron-shop\/wp-content\/uploads\/V2L-XP-2.jpg","type":"image\/jpeg"}],"twitter_card":"summary_large_image","twitter_misc":{"Est. reading time":"2 minutes"},"schema":{"@context":"https:\/\/schema.org","@graph":[{"@type":"WebPage","@id":"https:\/\/eauto.si\/metron-shop\/product\/v2l-ge-vehicle-to-load-v2l-adapter-za-elektricna-vozila-smart-geely\/?lang=sl","url":"https:\/\/eauto.si\/metron-shop\/product\/v2l-ge-vehicle-to-load-v2l-adapter-za-elektricna-vozila-smart-geely\/?lang=sl","name":"[V2L-GE] vehicle-to-load (V2L) adapter za elektri\u010dna vozila Zeekr, Geely in Smart (od 2025) - Metron Shop","isPartOf":{"@id":"https:\/\/eauto.si\/metron-shop\/#website"},"primaryImageOfPage":{"@id":"https:\/\/eauto.si\/metron-shop\/product\/v2l-ge-vehicle-to-load-v2l-adapter-za-elektricna-vozila-smart-geely\/?lang=sl#primaryimage"},"image":{"@id":"https:\/\/eauto.si\/metron-shop\/product\/v2l-ge-vehicle-to-load-v2l-adapter-za-elektricna-vozila-smart-geely\/?lang=sl#primaryimage"},"thumbnailUrl":"https:\/\/eauto.si\/metron-shop\/wp-content\/uploads\/V2L-XP-2.jpg","datePublished":"2026-03-06T09:46:09+00:00","dateModified":"2026-04-18T18:59:10+00:00","description":"V2L-GE adapter je zasnovan za napajanje razli\u010dnih elektri\u010dnih naprav s standardnimi gospodinjskimi vti\u010dnicami iz elektri\u010dnega vozila Smart (Geely) z vgrajenim sistemom vehicle-to-load (V2L).","breadcrumb":{"@id":"https:\/\/eauto.si\/metron-shop\/product\/v2l-ge-vehicle-to-load-v2l-adapter-za-elektricna-vozila-smart-geely\/?lang=sl#breadcrumb"},"inLanguage":"en-US","potentialAction":[{"@type":"ReadAction","target":["https:\/\/eauto.si\/metron-shop\/product\/v2l-ge-vehicle-to-load-v2l-adapter-za-elektricna-vozila-smart-geely\/?lang=sl"]}]},{"@type":"ImageObject","inLanguage":"en-US","@id":"https:\/\/eauto.si\/metron-shop\/product\/v2l-ge-vehicle-to-load-v2l-adapter-za-elektricna-vozila-smart-geely\/?lang=sl#primaryimage","url":"https:\/\/eauto.si\/metron-shop\/wp-content\/uploads\/V2L-XP-2.jpg","contentUrl":"https:\/\/eauto.si\/metron-shop\/wp-content\/uploads\/V2L-XP-2.jpg","width":800,"height":800},{"@type":"BreadcrumbList","@id":"https:\/\/eauto.si\/metron-shop\/product\/v2l-ge-vehicle-to-load-v2l-adapter-za-elektricna-vozila-smart-geely\/?lang=sl#breadcrumb","itemListElement":[{"@type":"ListItem","position":1,"name":"Home","item":"https:\/\/eauto.si\/metron-shop\/"},{"@type":"ListItem","position":2,"name":"Shop","item":"https:\/\/eauto.si\/metron-shop\/"},{"@type":"ListItem","position":3,"name":"[V2L-GE] vehicle-to-load (V2L) adapter za elektri\u010dna vozila Zeekr, Geely in Smart (od 2025)"}]},{"@type":"WebSite","@id":"https:\/\/eauto.si\/metron-shop\/#website","url":"https:\/\/eauto.si\/metron-shop\/","name":"Metron Shop","description":"EV charging cables and more ...","publisher":{"@id":"https:\/\/eauto.si\/metron-shop\/#organization"},"potentialAction":[{"@type":"SearchAction","target":{"@type":"EntryPoint","urlTemplate":"https:\/\/eauto.si\/metron-shop\/?s={search_term_string}"},"query-input":{"@type":"PropertyValueSpecification","valueRequired":true,"valueName":"search_term_string"}}],"inLanguage":"en-US"},{"@type":"Organization","@id":"https:\/\/eauto.si\/metron-shop\/#organization","name":"Metron institute","url":"https:\/\/eauto.si\/metron-shop\/","logo":{"@type":"ImageObject","inLanguage":"en-US","@id":"https:\/\/eauto.si\/metron-shop\/#\/schema\/logo\/image\/","url":"https:\/\/eauto.si\/metron-shop\/wp-content\/uploads\/LOGO-ENG.png","contentUrl":"https:\/\/eauto.si\/metron-shop\/wp-content\/uploads\/LOGO-ENG.png","width":590,"height":272,"caption":"Metron institute"},"image":{"@id":"https:\/\/eauto.si\/metron-shop\/#\/schema\/logo\/image\/"},"sameAs":["https:\/\/www.facebook.com\/MetronInstitut\/","https:\/\/www.youtube.com\/channel\/UCkD45nHDQdTv1poqTrWhWxA"]}]}},"_links":{"self":[{"href":"https:\/\/eauto.si\/metron-shop\/wp-json\/wp\/v2\/product\/25966","targetHints":{"allow":["GET"]}}],"collection":[{"href":"https:\/\/eauto.si\/metron-shop\/wp-json\/wp\/v2\/product"}],"about":[{"href":"https:\/\/eauto.si\/metron-shop\/wp-json\/wp\/v2\/types\/product"}],"replies":[{"embeddable":true,"href":"https:\/\/eauto.si\/metron-shop\/wp-json\/wp\/v2\/comments?post=25966"}],"wp:featuredmedia":[{"embeddable":true,"href":"https:\/\/eauto.si\/metron-shop\/wp-json\/wp\/v2\/media\/25160"}],"wp:attachment":[{"href":"https:\/\/eauto.si\/metron-shop\/wp-json\/wp\/v2\/media?parent=25966"}],"wp:term":[{"taxonomy":"product_brand","embeddable":true,"href":"https:\/\/eauto.si\/metron-shop\/wp-json\/wp\/v2\/product_brand?post=25966"},{"taxonomy":"product_cat","embeddable":true,"href":"https:\/\/eauto.si\/metron-shop\/wp-json\/wp\/v2\/product_cat?post=25966"},{"taxonomy":"product_tag","embeddable":true,"href":"https:\/\/eauto.si\/metron-shop\/wp-json\/wp\/v2\/product_tag?post=25966"}],"curies":[{"name":"wp","href":"https:\/\/api.w.org\/{rel}","templated":true}]}}