{"id":26279,"date":"2026-04-22T09:14:45","date_gmt":"2026-04-22T07:14:45","guid":{"rendered":"https:\/\/eauto.si\/metron-shop\/?post_type=product&#038;p=26279"},"modified":"2026-04-22T11:38:42","modified_gmt":"2026-04-22T09:38:42","slug":"cc05t-tip-2-na-tip-2-20a-3-fazni-copy","status":"publish","type":"product","link":"https:\/\/eauto.si\/metron-shop\/product\/cc05t-tip-2-na-tip-2-20a-3-fazni-copy\/?lang=sl","title":{"rendered":"[CC05TU] Tip 2 na Tip 2 (20A, 3-fazni)"},"content":{"rendered":"<h3><strong>Glavne zna\u010dilnosti:<\/strong><\/h3>\n<ul>\n<li>Zasnovan za <strong>3-fazno<\/strong> polnjenje elektri\u010dnih vozil s tokovi do <strong>3 x 20 A (13,8 kW)<\/strong><\/li>\n<li><strong>Vgrajena funkcija daljinskega odklepanja polnilnega vtika\u010da na Teslinih vozilih<\/strong><\/li>\n<li><strong>Kabel, zasnovan za elektri\u010dna vozila,<\/strong> <strong>VRHUNSKA kakovost<\/strong> (narejeno v Nem\u010diji)<\/li>\n<li>Razli\u010dne dol\u017eine kablov od 3 m do 30 m (za dol\u017eine nad 20 m nas kontaktirajte za prilagojen predra\u010dun).<\/li>\n<li><strong>3-LETNA GARANCIJA<\/strong><\/li>\n<\/ul>\n<h3><strong>Prikaz delovanja namenskega Tesla gumba:<\/strong><\/h3>\n<div style=\"width: 640px;\" class=\"wp-video\"><video class=\"wp-video-shortcode\" id=\"video-26279-1\" width=\"640\" height=\"360\" preload=\"metadata\" controls=\"controls\"><source type=\"video\/mp4\" src=\"https:\/\/eauto.si\/Video\/Metron-Tesla-EN.mp4?_=1\" \/><a href=\"https:\/\/eauto.si\/Video\/Metron-Tesla-EN.mp4\">https:\/\/eauto.si\/Video\/Metron-Tesla-EN.mp4<\/a><\/video><\/div>\n<h3><strong>Tehni\u010dne specifikacije:<span id=\"transmark\" style=\"width: 0px; height: 0px;\"><\/span><\/strong><\/h3>\n<ul>\n<li>Vrsta vtika\u010da (na strani EV): Tip 2 (IEC 62196) \u017denski vtika\u010d<\/li>\n<li>Vrsta vtika\u010da (na strani polnilne postaje): Tip 2 (IEC 62196) Mo\u0161ki vtika\u010d<\/li>\n<li>Najve\u010dji polnilni tok: 3 x 20A (3-fazni) <\/li>\n<li>Najve\u010dja Polnilna mo\u010d: 13,8 kW (3-fazno) <\/li>\n<li>Nazivna napetost: 400 V (3-fazno)<\/li>\n<li>Dol\u017eina kabla: po \u017eelji stranke<\/li>\n<li>Izolacija kabla z odpornostjo na UV \u017earke, olje in ogenj<\/li>\n<li>Temperaturno obmo\u010dje delovanja: -30 \u00b0C do +50 \u00b0C<\/li>\n<li>IP stopnja za\u0161\u010dite: IP44<\/li>\n<li>Barva kabla: \u010drna ali oran\u017ena<\/li>\n<li>Te\u017ea: odvisna od dol\u017eine kabla<\/li>\n<li>Posebej razvito za polnjenje evropskih razli\u010dic elektri\u010dnih vozil Tesla, ki imajo polnilne vti\u010dnice Tip 2, vgrajene 3-fazne polnilce in odpiranje vrat polnilne vti\u010dnice na dotikr (Model 3, Model Y, Modeli S in X od 2021 naprej)<\/li>\n<li>Zdru\u017eljiv je tudi z vsemi elektri\u010dnimi vozili, ki imajo polnilne vti\u010dnice Tip 2 in 1-fazne ali 3-fazne vgrajene polnilce, vendar polnilna mo\u010d v nobenem primeru ne bo ve\u010dja od 4,6 kW (20 A\/1-faza) ali 13,8 kW (20 A\/3-faza).<\/li>\n<li>Deluje <strong>brez baterije<\/strong><\/li>\n<\/ul>\n<h3><strong>Zelena proizvodnja<\/strong><\/h3>\n<p>Vsi na\u0161i izdelki so proizvedeni na oglji\u010dno nevtralen na\u010din z uporabo metode <a href=\"https:\/\/www.metron.si\/o-nas\/trajnostni-energetski-cikel\/\">&#8220;trajnostnega energetskega cikla&#8221;<\/a>. <a href=\"https:\/\/www.metron.si\/o-nas\/trajnostna-proizvodnja\/\">Proizvodni obrat, v katerem izdelujemo polnilne kable<\/a> in prenosne polnilne postaje, je prvi popolnoma trajnostni proizvodni obrat za polnilne kable za elektri\u010dna vozila.  Vso energijo, ki je potrebna za ogrevanje in hlajenje stavbe, proizvodni proces ter prevoz blaga in zaposlene (razen dostave te\u017ekih materialov s tovornjaki), proizvajata dve fotovoltai\u010dni elektrarni, shranjuje pa se v \u0161tirih baterijskih zalogovnikih. Da bi skraj\u0161ali dobavne poti in podprli lokalno gospodarstvo, so skoraj vse komponente, ki jih uporabljamo (kabli, vtika\u010di), proizvedene v EU. Z nakupom na\u0161ih izdelkov prispevate k razvoju trajnostnega gospodarstva.<\/p>\n","protected":false},"excerpt":{"rendered":"<p>Ta polnilni kabel je namenjen polnjenju elektri\u010dnih vozil Tesla s priklju\u010dkom tipa 2 na kateri koli javni ali doma\u010di polnilni postaji Mode 3. Opremljen je z vgrajenim gumbom, posebej prilagojenim za vozila Tesla, ki omogo\u010da odklep polnilnega vtika\u010da, podobno kot pri polnilnicah Tesla Supercharger in Destination Charger. <\/p>\n<p>Posebej razvit za Model 3 in Model Y (standardne razli\u010dice iz modelnega leta 2026), ki nimata daljinskega odpiranja pokrov\u010dka polnilne vti\u010dnice. Zdru\u017eljiv je z vsemi evropskimi vozili Tesla. <\/p>\n<p>\u010ceprav gumb pri vseh modelih Tesle deluje kot mehanizem za odklepanje vtika\u010da polnilnega kabla, pa ne odpre vti\u010dnice za polnjenje. Pri modelih Model 3 in Model Y je potrebno vti\u010dnico za polnjenje odpreti ro\u010dno, tako da se dotaknete pokrov\u010dka vti\u010dnice. <\/p>\n<h4>Za vozila Tesla priporo\u010damo vsaj 7 metrov dolg kabel.<\/h4>\n<p><a class=\"mb-button mb-style-traditional mb-size-default mb-corners-default mb-text-style-default \" style=\"background-color: #2ba3c4;\" href=\"https:\/\/eauto.si\/metron-shop\/wp-content\/uploads\/Metron_Charging-cable_CC_User_Manual_SLO.pdf\">&nbsp;<i class=\"fa fa-arrow-circle-o-down\"><\/i>&nbsp; Navodila za uporabo &#8211; SI<\/a><br \/>\n<a class=\"mb-button mb-style-traditional mb-size-default mb-corners-default mb-text-style-default \" style=\"background-color: #2ba3c4;\" href=\"https:\/\/eauto.si\/metron-shop\/wp-content\/uploads\/Metron_Charging-cable_CC_User_Manual_ENG.pdf\">&nbsp;<i class=\"fa fa-arrow-circle-o-down\"><\/i>&nbsp; User manual &#8211; ENG<\/a><br \/>\n<a class=\"mb-button mb-style-traditional mb-size-default mb-corners-default mb-text-style-default \" style=\"background-color: #2ba3c4;\" href=\"https:\/\/eauto.si\/metron-shop\/wp-content\/uploads\/Metron_Charging-cable_CC_User_Manual_DE.pdf\">&nbsp;<i class=\"fa fa-arrow-circle-o-down\"><\/i>&nbsp; Bedienungsanleitungen \u2013 DE<\/a><\/p>\n","protected":false},"featured_media":22251,"comment_status":"closed","ping_status":"closed","template":"","meta":{"ngg_post_thumbnail":0},"product_brand":[],"product_cat":[1006,1019,1021],"product_tag":[1053,1038,1092,1146,1156],"class_list":{"0":"post-26279","1":"product","2":"type-product","3":"status-publish","4":"has-post-thumbnail","6":"product_cat-dodatki-za-model-s-y-x-3","7":"product_cat-kabli-za-polnjenje-ev","8":"product_cat-standardni-polnilni-kabli-za-ev","9":"product_tag-16-a-sl","10":"product_tag-3-fazno","11":"product_tag-polnilni-kabel-za-ev","12":"product_tag-tesla-sl","13":"product_tag-tip-2-sl-2","14":"product_shipping_class-l-prod","16":"first","17":"instock","18":"taxable","19":"shipping-taxable","20":"purchasable","21":"product-type-variable","22":"has-default-attributes"},"yoast_head":"<!-- This site is optimized with the Yoast SEO Premium plugin v27.4 (Yoast SEO v27.4) - https:\/\/yoast.com\/product\/yoast-seo-premium-wordpress\/ -->\n<title>[CC05TU] Tip 2 na Tip 2 (20A, 3-fazni) - Metron Shop<\/title>\n<meta name=\"description\" content=\"Trifazni 16A Tip 2 polnilni kabel se uporablja za polnjenje elektri\u010dnih vozil TESLA s polnilno vti\u010dnico Tip 2, na kateri koli javni ali doma\u010di Mode 3 polnilni postaji.\" \/>\n<meta name=\"robots\" content=\"index, follow, max-snippet:-1, max-image-preview:large, max-video-preview:-1\" \/>\n<link rel=\"canonical\" href=\"https:\/\/eauto.si\/metron-shop\/product\/cc05t-tip-2-na-tip-2-20a-3-fazni-copy\/\" \/>\n<meta property=\"og:locale\" content=\"en_US\" \/>\n<meta property=\"og:type\" content=\"article\" \/>\n<meta property=\"og:title\" content=\"[CC05TU] Tip 2 na Tip 2 (20A, 3-fazni)\" \/>\n<meta property=\"og:description\" content=\"Trifazni 16A Tip 2 polnilni kabel se uporablja za polnjenje elektri\u010dnih vozil TESLA s polnilno vti\u010dnico Tip 2, na kateri koli javni ali doma\u010di Mode 3 polnilni postaji.\" \/>\n<meta property=\"og:url\" content=\"https:\/\/eauto.si\/metron-shop\/product\/cc05t-tip-2-na-tip-2-20a-3-fazni-copy\/?lang=sl\" \/>\n<meta property=\"og:site_name\" content=\"Metron Shop\" \/>\n<meta property=\"article:publisher\" content=\"https:\/\/www.facebook.com\/MetronInstitut\/\" \/>\n<meta property=\"article:modified_time\" content=\"2026-04-22T09:38:42+00:00\" \/>\n<meta property=\"og:image\" content=\"https:\/\/eauto.si\/metron-shop\/wp-content\/uploads\/CC05T_2024__profile.jpg\" \/>\n\t<meta property=\"og:image:width\" content=\"800\" \/>\n\t<meta property=\"og:image:height\" content=\"800\" \/>\n\t<meta property=\"og:image:type\" content=\"image\/jpeg\" \/>\n<meta name=\"twitter:card\" content=\"summary_large_image\" \/>\n<meta name=\"twitter:label1\" content=\"Est. reading time\" \/>\n\t<meta name=\"twitter:data1\" content=\"2 minutes\" \/>\n<script type=\"application\/ld+json\" class=\"yoast-schema-graph\">{\"@context\":\"https:\\\/\\\/schema.org\",\"@graph\":[{\"@type\":\"WebPage\",\"@id\":\"https:\\\/\\\/eauto.si\\\/metron-shop\\\/product\\\/cc05t-tip-2-na-tip-2-20a-3-fazni-copy\\\/?lang=sl\",\"url\":\"https:\\\/\\\/eauto.si\\\/metron-shop\\\/product\\\/cc05t-tip-2-na-tip-2-20a-3-fazni-copy\\\/?lang=sl\",\"name\":\"[CC05TU] Tip 2 na Tip 2 (20A, 3-fazni) - Metron Shop\",\"isPartOf\":{\"@id\":\"https:\\\/\\\/eauto.si\\\/metron-shop\\\/#website\"},\"primaryImageOfPage\":{\"@id\":\"https:\\\/\\\/eauto.si\\\/metron-shop\\\/product\\\/cc05t-tip-2-na-tip-2-20a-3-fazni-copy\\\/?lang=sl#primaryimage\"},\"image\":{\"@id\":\"https:\\\/\\\/eauto.si\\\/metron-shop\\\/product\\\/cc05t-tip-2-na-tip-2-20a-3-fazni-copy\\\/?lang=sl#primaryimage\"},\"thumbnailUrl\":\"https:\\\/\\\/eauto.si\\\/metron-shop\\\/wp-content\\\/uploads\\\/CC05T_2024__profile.jpg\",\"datePublished\":\"2026-04-22T07:14:45+00:00\",\"dateModified\":\"2026-04-22T09:38:42+00:00\",\"description\":\"Trifazni 16A Tip 2 polnilni kabel se uporablja za polnjenje elektri\u010dnih vozil TESLA s polnilno vti\u010dnico Tip 2, na kateri koli javni ali doma\u010di Mode 3 polnilni postaji.\",\"breadcrumb\":{\"@id\":\"https:\\\/\\\/eauto.si\\\/metron-shop\\\/product\\\/cc05t-tip-2-na-tip-2-20a-3-fazni-copy\\\/?lang=sl#breadcrumb\"},\"inLanguage\":\"en-US\",\"potentialAction\":[{\"@type\":\"ReadAction\",\"target\":[\"https:\\\/\\\/eauto.si\\\/metron-shop\\\/product\\\/cc05t-tip-2-na-tip-2-20a-3-fazni-copy\\\/?lang=sl\"]}]},{\"@type\":\"ImageObject\",\"inLanguage\":\"en-US\",\"@id\":\"https:\\\/\\\/eauto.si\\\/metron-shop\\\/product\\\/cc05t-tip-2-na-tip-2-20a-3-fazni-copy\\\/?lang=sl#primaryimage\",\"url\":\"https:\\\/\\\/eauto.si\\\/metron-shop\\\/wp-content\\\/uploads\\\/CC05T_2024__profile.jpg\",\"contentUrl\":\"https:\\\/\\\/eauto.si\\\/metron-shop\\\/wp-content\\\/uploads\\\/CC05T_2024__profile.jpg\",\"width\":800,\"height\":800},{\"@type\":\"BreadcrumbList\",\"@id\":\"https:\\\/\\\/eauto.si\\\/metron-shop\\\/product\\\/cc05t-tip-2-na-tip-2-20a-3-fazni-copy\\\/?lang=sl#breadcrumb\",\"itemListElement\":[{\"@type\":\"ListItem\",\"position\":1,\"name\":\"Home\",\"item\":\"https:\\\/\\\/eauto.si\\\/metron-shop\\\/\"},{\"@type\":\"ListItem\",\"position\":2,\"name\":\"Shop\",\"item\":\"https:\\\/\\\/eauto.si\\\/metron-shop\\\/\"},{\"@type\":\"ListItem\",\"position\":3,\"name\":\"[CC05TU] Tip 2 na Tip 2 (20A, 3-fazni)\"}]},{\"@type\":\"WebSite\",\"@id\":\"https:\\\/\\\/eauto.si\\\/metron-shop\\\/#website\",\"url\":\"https:\\\/\\\/eauto.si\\\/metron-shop\\\/\",\"name\":\"Metron Shop\",\"description\":\"EV charging cables and more ...\",\"publisher\":{\"@id\":\"https:\\\/\\\/eauto.si\\\/metron-shop\\\/#organization\"},\"potentialAction\":[{\"@type\":\"SearchAction\",\"target\":{\"@type\":\"EntryPoint\",\"urlTemplate\":\"https:\\\/\\\/eauto.si\\\/metron-shop\\\/?s={search_term_string}\"},\"query-input\":{\"@type\":\"PropertyValueSpecification\",\"valueRequired\":true,\"valueName\":\"search_term_string\"}}],\"inLanguage\":\"en-US\"},{\"@type\":\"Organization\",\"@id\":\"https:\\\/\\\/eauto.si\\\/metron-shop\\\/#organization\",\"name\":\"Metron institute\",\"url\":\"https:\\\/\\\/eauto.si\\\/metron-shop\\\/\",\"logo\":{\"@type\":\"ImageObject\",\"inLanguage\":\"en-US\",\"@id\":\"https:\\\/\\\/eauto.si\\\/metron-shop\\\/#\\\/schema\\\/logo\\\/image\\\/\",\"url\":\"https:\\\/\\\/eauto.si\\\/metron-shop\\\/wp-content\\\/uploads\\\/LOGO-ENG.png\",\"contentUrl\":\"https:\\\/\\\/eauto.si\\\/metron-shop\\\/wp-content\\\/uploads\\\/LOGO-ENG.png\",\"width\":590,\"height\":272,\"caption\":\"Metron institute\"},\"image\":{\"@id\":\"https:\\\/\\\/eauto.si\\\/metron-shop\\\/#\\\/schema\\\/logo\\\/image\\\/\"},\"sameAs\":[\"https:\\\/\\\/www.facebook.com\\\/MetronInstitut\\\/\",\"https:\\\/\\\/www.youtube.com\\\/channel\\\/UCkD45nHDQdTv1poqTrWhWxA\"]}]}<\/script>\n<!-- \/ Yoast SEO Premium plugin. -->","yoast_head_json":{"title":"[CC05TU] Tip 2 na Tip 2 (20A, 3-fazni) - Metron Shop","description":"Trifazni 16A Tip 2 polnilni kabel se uporablja za polnjenje elektri\u010dnih vozil TESLA s polnilno vti\u010dnico Tip 2, na kateri koli javni ali doma\u010di Mode 3 polnilni postaji.","robots":{"index":"index","follow":"follow","max-snippet":"max-snippet:-1","max-image-preview":"max-image-preview:large","max-video-preview":"max-video-preview:-1"},"canonical":"https:\/\/eauto.si\/metron-shop\/product\/cc05t-tip-2-na-tip-2-20a-3-fazni-copy\/","og_locale":"en_US","og_type":"article","og_title":"[CC05TU] Tip 2 na Tip 2 (20A, 3-fazni)","og_description":"Trifazni 16A Tip 2 polnilni kabel se uporablja za polnjenje elektri\u010dnih vozil TESLA s polnilno vti\u010dnico Tip 2, na kateri koli javni ali doma\u010di Mode 3 polnilni postaji.","og_url":"https:\/\/eauto.si\/metron-shop\/product\/cc05t-tip-2-na-tip-2-20a-3-fazni-copy\/?lang=sl","og_site_name":"Metron Shop","article_publisher":"https:\/\/www.facebook.com\/MetronInstitut\/","article_modified_time":"2026-04-22T09:38:42+00:00","og_image":[{"width":800,"height":800,"url":"https:\/\/eauto.si\/metron-shop\/wp-content\/uploads\/CC05T_2024__profile.jpg","type":"image\/jpeg"}],"twitter_card":"summary_large_image","twitter_misc":{"Est. reading time":"2 minutes"},"schema":{"@context":"https:\/\/schema.org","@graph":[{"@type":"WebPage","@id":"https:\/\/eauto.si\/metron-shop\/product\/cc05t-tip-2-na-tip-2-20a-3-fazni-copy\/?lang=sl","url":"https:\/\/eauto.si\/metron-shop\/product\/cc05t-tip-2-na-tip-2-20a-3-fazni-copy\/?lang=sl","name":"[CC05TU] Tip 2 na Tip 2 (20A, 3-fazni) - Metron Shop","isPartOf":{"@id":"https:\/\/eauto.si\/metron-shop\/#website"},"primaryImageOfPage":{"@id":"https:\/\/eauto.si\/metron-shop\/product\/cc05t-tip-2-na-tip-2-20a-3-fazni-copy\/?lang=sl#primaryimage"},"image":{"@id":"https:\/\/eauto.si\/metron-shop\/product\/cc05t-tip-2-na-tip-2-20a-3-fazni-copy\/?lang=sl#primaryimage"},"thumbnailUrl":"https:\/\/eauto.si\/metron-shop\/wp-content\/uploads\/CC05T_2024__profile.jpg","datePublished":"2026-04-22T07:14:45+00:00","dateModified":"2026-04-22T09:38:42+00:00","description":"Trifazni 16A Tip 2 polnilni kabel se uporablja za polnjenje elektri\u010dnih vozil TESLA s polnilno vti\u010dnico Tip 2, na kateri koli javni ali doma\u010di Mode 3 polnilni postaji.","breadcrumb":{"@id":"https:\/\/eauto.si\/metron-shop\/product\/cc05t-tip-2-na-tip-2-20a-3-fazni-copy\/?lang=sl#breadcrumb"},"inLanguage":"en-US","potentialAction":[{"@type":"ReadAction","target":["https:\/\/eauto.si\/metron-shop\/product\/cc05t-tip-2-na-tip-2-20a-3-fazni-copy\/?lang=sl"]}]},{"@type":"ImageObject","inLanguage":"en-US","@id":"https:\/\/eauto.si\/metron-shop\/product\/cc05t-tip-2-na-tip-2-20a-3-fazni-copy\/?lang=sl#primaryimage","url":"https:\/\/eauto.si\/metron-shop\/wp-content\/uploads\/CC05T_2024__profile.jpg","contentUrl":"https:\/\/eauto.si\/metron-shop\/wp-content\/uploads\/CC05T_2024__profile.jpg","width":800,"height":800},{"@type":"BreadcrumbList","@id":"https:\/\/eauto.si\/metron-shop\/product\/cc05t-tip-2-na-tip-2-20a-3-fazni-copy\/?lang=sl#breadcrumb","itemListElement":[{"@type":"ListItem","position":1,"name":"Home","item":"https:\/\/eauto.si\/metron-shop\/"},{"@type":"ListItem","position":2,"name":"Shop","item":"https:\/\/eauto.si\/metron-shop\/"},{"@type":"ListItem","position":3,"name":"[CC05TU] Tip 2 na Tip 2 (20A, 3-fazni)"}]},{"@type":"WebSite","@id":"https:\/\/eauto.si\/metron-shop\/#website","url":"https:\/\/eauto.si\/metron-shop\/","name":"Metron Shop","description":"EV charging cables and more ...","publisher":{"@id":"https:\/\/eauto.si\/metron-shop\/#organization"},"potentialAction":[{"@type":"SearchAction","target":{"@type":"EntryPoint","urlTemplate":"https:\/\/eauto.si\/metron-shop\/?s={search_term_string}"},"query-input":{"@type":"PropertyValueSpecification","valueRequired":true,"valueName":"search_term_string"}}],"inLanguage":"en-US"},{"@type":"Organization","@id":"https:\/\/eauto.si\/metron-shop\/#organization","name":"Metron institute","url":"https:\/\/eauto.si\/metron-shop\/","logo":{"@type":"ImageObject","inLanguage":"en-US","@id":"https:\/\/eauto.si\/metron-shop\/#\/schema\/logo\/image\/","url":"https:\/\/eauto.si\/metron-shop\/wp-content\/uploads\/LOGO-ENG.png","contentUrl":"https:\/\/eauto.si\/metron-shop\/wp-content\/uploads\/LOGO-ENG.png","width":590,"height":272,"caption":"Metron institute"},"image":{"@id":"https:\/\/eauto.si\/metron-shop\/#\/schema\/logo\/image\/"},"sameAs":["https:\/\/www.facebook.com\/MetronInstitut\/","https:\/\/www.youtube.com\/channel\/UCkD45nHDQdTv1poqTrWhWxA"]}]}},"_links":{"self":[{"href":"https:\/\/eauto.si\/metron-shop\/wp-json\/wp\/v2\/product\/26279","targetHints":{"allow":["GET"]}}],"collection":[{"href":"https:\/\/eauto.si\/metron-shop\/wp-json\/wp\/v2\/product"}],"about":[{"href":"https:\/\/eauto.si\/metron-shop\/wp-json\/wp\/v2\/types\/product"}],"replies":[{"embeddable":true,"href":"https:\/\/eauto.si\/metron-shop\/wp-json\/wp\/v2\/comments?post=26279"}],"wp:featuredmedia":[{"embeddable":true,"href":"https:\/\/eauto.si\/metron-shop\/wp-json\/wp\/v2\/media\/22251"}],"wp:attachment":[{"href":"https:\/\/eauto.si\/metron-shop\/wp-json\/wp\/v2\/media?parent=26279"}],"wp:term":[{"taxonomy":"product_brand","embeddable":true,"href":"https:\/\/eauto.si\/metron-shop\/wp-json\/wp\/v2\/product_brand?post=26279"},{"taxonomy":"product_cat","embeddable":true,"href":"https:\/\/eauto.si\/metron-shop\/wp-json\/wp\/v2\/product_cat?post=26279"},{"taxonomy":"product_tag","embeddable":true,"href":"https:\/\/eauto.si\/metron-shop\/wp-json\/wp\/v2\/product_tag?post=26279"}],"curies":[{"name":"wp","href":"https:\/\/api.w.org\/{rel}","templated":true}]}}